{"id":9689,"date":"2024-10-28T11:12:37","date_gmt":"2024-10-28T11:12:37","guid":{"rendered":"https:\/\/puregrowshop.com\/hydro-vega-b-dura-5-lt-canna\/"},"modified":"2025-12-27T20:01:05","modified_gmt":"2025-12-27T20:01:05","slug":"hydro-vega-b-dura-5-lt-canna","status":"publish","type":"product","link":"https:\/\/puregrowshop.com\/fr\/hydro-vega-b-dura-5-lt-canna\/","title":{"rendered":"Hydro Vega B Dura 5 lt. Canna"},"content":{"rendered":"<p>Presentamos &quot;Hydro Vega B Dura 5 lt. Canna&quot;, una soluci\u00f3n profesional para el cultivo hidrop\u00f3nico que garantiza un crecimiento \u00f3ptimo y saludable de sus plantas. Dise\u00f1ado para satisfacer las exigencias de los cultivadores m\u00e1s exigentes, este fertilizante es la elecci\u00f3n ideal para maximizar el potencial de sus cultivos.<\/p>\n<ul>\n<li>Peso: 6 kg<\/li>\n<li>Categor\u00eda: Fertilizantes<\/li>\n<li>Formato: L\u00edquido<\/li>\n<li>Volumen: 5 litros<\/li>\n<li>Utilizaci\u00f3n: Cultivo hidrop\u00f3nico<\/li>\n<\/ul>\n<p>Beneficios y Usos: Hydro Vega B Dura est\u00e1 formulado espec\u00edficamente para proporcionar todos los nutrientes esenciales que sus plantas necesitan durante la fase de crecimiento. Mejora la absorci\u00f3n de minerales y promueve un desarrollo robusto y vigoroso de las ra\u00edces y el follaje, asegurando plantas sanas y fuertes.<\/p>\n<p>Composici\u00f3n: Contiene una mezcla balanceada de macro y micronutrientes, incluyendo nitr\u00f3geno, f\u00f3sforo, potasio y oligoelementos esenciales, que se disuelven f\u00e1cilmente en agua para una absorci\u00f3n efectiva.<\/p>\n<p>Instrucciones de uso y dosificaci\u00f3n: Diluir 2 ml de Hydro Vega B por cada litro de agua en su sistema hidrop\u00f3nico. Aplicar durante la fase de crecimiento siguiendo un r\u00e9gimen regular para obtener resultados \u00f3ptimos. Ajustar la dosificaci\u00f3n seg\u00fan las necesidades espec\u00edficas de sus plantas y condiciones de cultivo.<\/p>\n","protected":false},"excerpt":{"rendered":"<p><P>La disponibilidad inmediata y una composici\u00f3n correcta de nutrientes son elementos cruciales durante la fase de floraci\u00f3n de la planta. Hydro Flores estimula la fructificaci\u00f3n y contiene todos los nutrientes que la planta necesita durante esta fase. Durante la fase de floraci\u00f3n se requiere bastante menos nitr\u00f3geno, por ejemplo, pero aumenta la necesidad de potasio y f\u00f3sforo.<\/P><br \/><P>Adem\u00e1s, la f\u00f3rmula \u00fanica de Hydro Flores es rica en oligoelementos quelatados en una forma directamente absorbible. Esto se traduce en una floraci\u00f3n exuberante.<\/P><\/p>\n","protected":false},"featured_media":9688,"comment_status":"open","ping_status":"closed","template":"","meta":{"_bst_post_transparent":"","_bst_post_title":"","_bst_post_layout":"","_bst_post_sidebar_id":"","_bst_post_content_style":"","_bst_post_vertical_padding":"","_bst_post_feature":"","_bst_post_feature_position":"","_bst_post_header":false,"_bst_post_footer":false},"pwb-brand":[132],"product_brand":[],"product_cat":[39],"product_tag":[],"class_list":{"0":"post-9689","1":"product","2":"type-product","3":"status-publish","4":"has-post-thumbnail","6":"pwb-brand-canna","7":"product_cat-fertilizantes","8":"product_shipping_class-entre-5-kg-y-10-kg","10":"first","11":"instock","12":"sale","13":"taxable","14":"shipping-taxable","15":"purchasable","16":"product-type-simple","17":"entry","18":"content-bg","19":"loop-entry"},"brands":[{"id":132,"name":"Canna","slug":"canna"}],"_links":{"self":[{"href":"https:\/\/puregrowshop.com\/fr\/wp-json\/wp\/v2\/product\/9689","targetHints":{"allow":["GET"]}}],"collection":[{"href":"https:\/\/puregrowshop.com\/fr\/wp-json\/wp\/v2\/product"}],"about":[{"href":"https:\/\/puregrowshop.com\/fr\/wp-json\/wp\/v2\/types\/product"}],"replies":[{"embeddable":true,"href":"https:\/\/puregrowshop.com\/fr\/wp-json\/wp\/v2\/comments?post=9689"}],"wp:featuredmedia":[{"embeddable":true,"href":"https:\/\/puregrowshop.com\/fr\/wp-json\/wp\/v2\/media\/9688"}],"wp:attachment":[{"href":"https:\/\/puregrowshop.com\/fr\/wp-json\/wp\/v2\/media?parent=9689"}],"wp:term":[{"taxonomy":"pwb-brand","embeddable":true,"href":"https:\/\/puregrowshop.com\/fr\/wp-json\/wp\/v2\/pwb-brand?post=9689"},{"taxonomy":"product_brand","embeddable":true,"href":"https:\/\/puregrowshop.com\/fr\/wp-json\/wp\/v2\/product_brand?post=9689"},{"taxonomy":"product_cat","embeddable":true,"href":"https:\/\/puregrowshop.com\/fr\/wp-json\/wp\/v2\/product_cat?post=9689"},{"taxonomy":"product_tag","embeddable":true,"href":"https:\/\/puregrowshop.com\/fr\/wp-json\/wp\/v2\/product_tag?post=9689"}],"curies":[{"name":"wp","href":"https:\/\/api.w.org\/{rel}","templated":true}]}}