{"id":9685,"date":"2024-10-28T11:12:36","date_gmt":"2024-10-28T11:12:36","guid":{"rendered":"https:\/\/puregrowshop.com\/hydro-vega-a-dura-5-lt-canna\/"},"modified":"2025-12-27T20:01:05","modified_gmt":"2025-12-27T20:01:05","slug":"hydro-vega-a-dura-5-lt-canna","status":"publish","type":"product","link":"https:\/\/puregrowshop.com\/fr\/hydro-vega-a-dura-5-lt-canna\/","title":{"rendered":"Hydro Vega A Dura 5 lt. Canna"},"content":{"rendered":"<p>Presentamos Hydro Vega A Dura 5 lt. de Canna, un fertilizante de alta calidad dise\u00f1ado espec\u00edficamente para satisfacer las necesidades nutricionales de las plantas en sistemas de cultivo hidrop\u00f3nico. Este producto garantiza un crecimiento vigoroso y saludable, maximizando el potencial de tus cultivos.<\/p>\n<ul>\n<li>Peso: 6 kg<\/li>\n<li>Categor\u00eda: Fertilizantes<\/li>\n<li>Volumen: 5 litros<\/li>\n<li>Especialmente formulado para sistemas hidrop\u00f3nicos con agua dura<\/li>\n<li>Proporciona todos los nutrientes esenciales para la fase de crecimiento<\/li>\n<\/ul>\n<p>Hydro Vega A Dura ofrece numerosos beneficios, incluyendo un crecimiento \u00f3ptimo de las plantas gracias a su f\u00f3rmula equilibrada que favorece la absorci\u00f3n de nutrientes. Ideal para aquellos cultivadores que buscan resultados profesionales, este fertilizante mejora la estructura del suelo hidrop\u00f3nico, promoviendo un desarrollo radicular fuerte y saludable.<\/p>\n<p>Composici\u00f3n: Contiene una mezcla cuidadosamente equilibrada de macro y micronutrientes que aseguran el desarrollo adecuado de las plantas en su fase vegetativa.<\/p>\n<p>Instrucciones de uso y dosificaci\u00f3n: Agitar bien antes de usar. Mezclar 40 ml de Hydro Vega A Dura por cada 10 litros de agua. Aplicar la soluci\u00f3n nutritiva de manera regular, asegur\u00e1ndose de mantener un pH adecuado en el rango de 5.2 a 6.2 para obtener los mejores resultados.<\/p>\n","protected":false},"excerpt":{"rendered":"<p><P>La disponibilidad inmediata y una composici\u00f3n correcta de nutrientes son elementos cruciales durante la fase de floraci\u00f3n de la planta. Hydro Flores estimula la fructificaci\u00f3n y contiene todos los nutrientes que la planta necesita durante esta fase. Durante la fase de floraci\u00f3n se requiere bastante menos nitr\u00f3geno, por ejemplo, pero aumenta la necesidad de potasio y f\u00f3sforo.<\/P><br \/><P>Adem\u00e1s, la f\u00f3rmula \u00fanica de Hydro Flores es rica en oligoelementos quelatados en una forma directamente absorbible. Esto se traduce en una floraci\u00f3n exuberante.<\/P><\/p>\n","protected":false},"featured_media":9684,"comment_status":"open","ping_status":"closed","template":"","meta":{"_bst_post_transparent":"","_bst_post_title":"","_bst_post_layout":"","_bst_post_sidebar_id":"","_bst_post_content_style":"","_bst_post_vertical_padding":"","_bst_post_feature":"","_bst_post_feature_position":"","_bst_post_header":false,"_bst_post_footer":false},"pwb-brand":[132],"product_brand":[],"product_cat":[39],"product_tag":[],"class_list":{"0":"post-9685","1":"product","2":"type-product","3":"status-publish","4":"has-post-thumbnail","6":"pwb-brand-canna","7":"product_cat-fertilizantes","8":"product_shipping_class-entre-5-kg-y-10-kg","10":"first","11":"instock","12":"sale","13":"taxable","14":"shipping-taxable","15":"purchasable","16":"product-type-simple","17":"entry","18":"content-bg","19":"loop-entry"},"brands":[{"id":132,"name":"Canna","slug":"canna"}],"_links":{"self":[{"href":"https:\/\/puregrowshop.com\/fr\/wp-json\/wp\/v2\/product\/9685","targetHints":{"allow":["GET"]}}],"collection":[{"href":"https:\/\/puregrowshop.com\/fr\/wp-json\/wp\/v2\/product"}],"about":[{"href":"https:\/\/puregrowshop.com\/fr\/wp-json\/wp\/v2\/types\/product"}],"replies":[{"embeddable":true,"href":"https:\/\/puregrowshop.com\/fr\/wp-json\/wp\/v2\/comments?post=9685"}],"wp:featuredmedia":[{"embeddable":true,"href":"https:\/\/puregrowshop.com\/fr\/wp-json\/wp\/v2\/media\/9684"}],"wp:attachment":[{"href":"https:\/\/puregrowshop.com\/fr\/wp-json\/wp\/v2\/media?parent=9685"}],"wp:term":[{"taxonomy":"pwb-brand","embeddable":true,"href":"https:\/\/puregrowshop.com\/fr\/wp-json\/wp\/v2\/pwb-brand?post=9685"},{"taxonomy":"product_brand","embeddable":true,"href":"https:\/\/puregrowshop.com\/fr\/wp-json\/wp\/v2\/product_brand?post=9685"},{"taxonomy":"product_cat","embeddable":true,"href":"https:\/\/puregrowshop.com\/fr\/wp-json\/wp\/v2\/product_cat?post=9685"},{"taxonomy":"product_tag","embeddable":true,"href":"https:\/\/puregrowshop.com\/fr\/wp-json\/wp\/v2\/product_tag?post=9685"}],"curies":[{"name":"wp","href":"https:\/\/api.w.org\/{rel}","templated":true}]}}