{"id":9681,"date":"2024-10-28T11:12:36","date_gmt":"2024-10-28T11:12:36","guid":{"rendered":"https:\/\/puregrowshop.com\/hydro-flores-b-dura-5-lt-canna\/"},"modified":"2025-12-27T20:01:05","modified_gmt":"2025-12-27T20:01:05","slug":"hydro-flores-b-dura-5-lt-canna","status":"publish","type":"product","link":"https:\/\/puregrowshop.com\/fr\/hydro-flores-b-dura-5-lt-canna\/","title":{"rendered":"Hydro Flores B Dura 5 lt. Canna"},"content":{"rendered":"<p>Presentamos Hydro Flores B Dura 5 lt. de Canna, un fertilizante de alta calidad dise\u00f1ado espec\u00edficamente para maximizar el rendimiento de tus cultivos hidrop\u00f3nicos. Este producto garantiza que tus plantas reciban todos los nutrientes esenciales necesarios para un crecimiento \u00f3ptimo durante la fase de floraci\u00f3n.<\/p>\n<ul>\n<li>Capacidad: 5 litros<\/li>\n<li>Peso: 6 kg<\/li>\n<li>Categor\u00eda: Fertilizantes hidrop\u00f3nicos<\/li>\n<li>F\u00f3rmula equilibrada para la fase de floraci\u00f3n<\/li>\n<\/ul>\n<p>Hydro Flores B Dura es ideal para potenciar la producci\u00f3n de flores y frutos, asegurando un desarrollo robusto y saludable. Su f\u00f3rmula avanzada promueve una absorci\u00f3n eficiente de nutrientes, mejorando tanto el tama\u00f1o como la calidad de la cosecha. Adem\u00e1s, este fertilizante est\u00e1 dise\u00f1ado para evitar la acumulaci\u00f3n de sales, beneficiando la salud general de las plantas.<\/p>\n<p>La composici\u00f3n de Hydro Flores B Dura incluye macro y micronutrientes esenciales, adaptados espec\u00edficamente para la fase de floraci\u00f3n, garantizando que tus plantas reciban exactamente lo que necesitan.<\/p>\n<p>Para obtener los mejores resultados, mezclar 0.5 ml de Hydro Flores B Dura por cada litro de agua. Utilizar esta soluci\u00f3n regularmente durante la fase de floraci\u00f3n para asegurar que tus plantas prosperen en un entorno hidrop\u00f3nico.<\/p>\n","protected":false},"excerpt":{"rendered":"<p><P>La disponibilidad inmediata y una composici\u00f3n correcta de nutrientes son elementos cruciales durante la fase de floraci\u00f3n de la planta. Hydro Flores estimula la fructificaci\u00f3n y contiene todos los nutrientes que la planta necesita durante esta fase. Durante la fase de floraci\u00f3n se requiere bastante menos nitr\u00f3geno, por ejemplo, pero aumenta la necesidad de potasio y f\u00f3sforo.<\/P><br \/><P>Adem\u00e1s, la f\u00f3rmula \u00fanica de Hydro Flores es rica en oligoelementos quelatados en una forma directamente absorbible. Esto se traduce en una floraci\u00f3n exuberante.<\/P><\/p>\n","protected":false},"featured_media":9680,"comment_status":"open","ping_status":"closed","template":"","meta":{"_bst_post_transparent":"","_bst_post_title":"","_bst_post_layout":"","_bst_post_sidebar_id":"","_bst_post_content_style":"","_bst_post_vertical_padding":"","_bst_post_feature":"","_bst_post_feature_position":"","_bst_post_header":false,"_bst_post_footer":false},"pwb-brand":[132],"product_brand":[],"product_cat":[39],"product_tag":[],"class_list":{"0":"post-9681","1":"product","2":"type-product","3":"status-publish","4":"has-post-thumbnail","6":"pwb-brand-canna","7":"product_cat-fertilizantes","8":"product_shipping_class-entre-5-kg-y-10-kg","10":"first","11":"instock","12":"sale","13":"taxable","14":"shipping-taxable","15":"purchasable","16":"product-type-simple","17":"entry","18":"content-bg","19":"loop-entry"},"brands":[{"id":132,"name":"Canna","slug":"canna"}],"_links":{"self":[{"href":"https:\/\/puregrowshop.com\/fr\/wp-json\/wp\/v2\/product\/9681","targetHints":{"allow":["GET"]}}],"collection":[{"href":"https:\/\/puregrowshop.com\/fr\/wp-json\/wp\/v2\/product"}],"about":[{"href":"https:\/\/puregrowshop.com\/fr\/wp-json\/wp\/v2\/types\/product"}],"replies":[{"embeddable":true,"href":"https:\/\/puregrowshop.com\/fr\/wp-json\/wp\/v2\/comments?post=9681"}],"wp:featuredmedia":[{"embeddable":true,"href":"https:\/\/puregrowshop.com\/fr\/wp-json\/wp\/v2\/media\/9680"}],"wp:attachment":[{"href":"https:\/\/puregrowshop.com\/fr\/wp-json\/wp\/v2\/media?parent=9681"}],"wp:term":[{"taxonomy":"pwb-brand","embeddable":true,"href":"https:\/\/puregrowshop.com\/fr\/wp-json\/wp\/v2\/pwb-brand?post=9681"},{"taxonomy":"product_brand","embeddable":true,"href":"https:\/\/puregrowshop.com\/fr\/wp-json\/wp\/v2\/product_brand?post=9681"},{"taxonomy":"product_cat","embeddable":true,"href":"https:\/\/puregrowshop.com\/fr\/wp-json\/wp\/v2\/product_cat?post=9681"},{"taxonomy":"product_tag","embeddable":true,"href":"https:\/\/puregrowshop.com\/fr\/wp-json\/wp\/v2\/product_tag?post=9681"}],"curies":[{"name":"wp","href":"https:\/\/api.w.org\/{rel}","templated":true}]}}