{"id":9679,"date":"2024-10-28T11:12:35","date_gmt":"2024-10-28T11:12:35","guid":{"rendered":"https:\/\/puregrowshop.com\/hydro-flores-b-blanda-1-lt-canna\/"},"modified":"2025-12-27T20:01:05","modified_gmt":"2025-12-27T20:01:05","slug":"hydro-flores-b-blanda-1-lt-canna","status":"publish","type":"product","link":"https:\/\/puregrowshop.com\/fr\/hydro-flores-b-blanda-1-lt-canna\/","title":{"rendered":"Hydro Flores B Blanda 1 lt. Canna"},"content":{"rendered":"<p>Presentamos el &quot;Hydro Flores B Blanda 1 lt. Canna&quot;, un fertilizante de alta calidad dise\u00f1ado espec\u00edficamente para potenciar el crecimiento de tus plantas en sistemas hidrop\u00f3nicos. Este producto es ideal para quienes buscan maximizar el rendimiento y la salud de sus cultivos, proporcionando todos los nutrientes esenciales en la fase de floraci\u00f3n.<\/p>\n<ul>\n<li>Peso: 1.2 kg<\/li>\n<li>Categor\u00eda: Fertilizantes<\/li>\n<li>Volumen: 1 litro<\/li>\n<li>Compatible con sistemas hidrop\u00f3nicos<\/li>\n<\/ul>\n<p>Beneficios y Usos: &quot;Hydro Flores B Blanda&quot; asegura que tus plantas reciban el equilibrio perfecto de nutrientes durante la fase cr\u00edtica de floraci\u00f3n. Esto se traduce en un mayor rendimiento y una mejor calidad de los cultivos. Su f\u00f3rmula especializada ayuda a prevenir deficiencias nutricionales, promoviendo un crecimiento vigoroso y flores m\u00e1s abundantes y robustas.<\/p>\n<p>Composici\u00f3n: Este fertilizante incluye una mezcla cuidadosamente equilibrada de minerales esenciales y oligoelementos, optimizados para satisfacer las necesidades espec\u00edficas de las plantas en fase de floraci\u00f3n.<\/p>\n<p>Instrucciones de uso y dosificaci\u00f3n: Agita bien antes de usar. Mezcla 5 ml de Hydro Flores B por cada litro de agua. Aplica la soluci\u00f3n directamente al sistema hidrop\u00f3nico y ajusta seg\u00fan las necesidades espec\u00edficas de tus plantas. Repite el proceso con cada ciclo de riego.<\/p>\n","protected":false},"excerpt":{"rendered":"<p><P>La disponibilidad inmediata y una composici\u00f3n correcta de nutrientes son elementos cruciales durante la fase de floraci\u00f3n de la planta. Hydro Flores estimula la fructificaci\u00f3n y contiene todos los nutrientes que la planta necesita durante esta fase. Durante la fase de floraci\u00f3n se requiere bastante menos nitr\u00f3geno, por ejemplo, pero aumenta la necesidad de potasio y f\u00f3sforo.<\/P><br \/><P>Adem\u00e1s, la f\u00f3rmula \u00fanica de Hydro Flores es rica en oligoelementos quelatados en una forma directamente absorbible. Esto se traduce en una floraci\u00f3n exuberante.<\/P><\/p>\n","protected":false},"featured_media":9678,"comment_status":"open","ping_status":"closed","template":"","meta":{"_bst_post_transparent":"","_bst_post_title":"","_bst_post_layout":"","_bst_post_sidebar_id":"","_bst_post_content_style":"","_bst_post_vertical_padding":"","_bst_post_feature":"","_bst_post_feature_position":"","_bst_post_header":false,"_bst_post_footer":false},"pwb-brand":[132],"product_brand":[],"product_cat":[39],"product_tag":[],"class_list":{"0":"post-9679","1":"product","2":"type-product","3":"status-publish","4":"has-post-thumbnail","6":"pwb-brand-canna","7":"product_cat-fertilizantes","9":"first","10":"instock","11":"sale","12":"taxable","13":"shipping-taxable","14":"purchasable","15":"product-type-simple","16":"entry","17":"content-bg","18":"loop-entry"},"brands":[{"id":132,"name":"Canna","slug":"canna"}],"_links":{"self":[{"href":"https:\/\/puregrowshop.com\/fr\/wp-json\/wp\/v2\/product\/9679","targetHints":{"allow":["GET"]}}],"collection":[{"href":"https:\/\/puregrowshop.com\/fr\/wp-json\/wp\/v2\/product"}],"about":[{"href":"https:\/\/puregrowshop.com\/fr\/wp-json\/wp\/v2\/types\/product"}],"replies":[{"embeddable":true,"href":"https:\/\/puregrowshop.com\/fr\/wp-json\/wp\/v2\/comments?post=9679"}],"wp:featuredmedia":[{"embeddable":true,"href":"https:\/\/puregrowshop.com\/fr\/wp-json\/wp\/v2\/media\/9678"}],"wp:attachment":[{"href":"https:\/\/puregrowshop.com\/fr\/wp-json\/wp\/v2\/media?parent=9679"}],"wp:term":[{"taxonomy":"pwb-brand","embeddable":true,"href":"https:\/\/puregrowshop.com\/fr\/wp-json\/wp\/v2\/pwb-brand?post=9679"},{"taxonomy":"product_brand","embeddable":true,"href":"https:\/\/puregrowshop.com\/fr\/wp-json\/wp\/v2\/product_brand?post=9679"},{"taxonomy":"product_cat","embeddable":true,"href":"https:\/\/puregrowshop.com\/fr\/wp-json\/wp\/v2\/product_cat?post=9679"},{"taxonomy":"product_tag","embeddable":true,"href":"https:\/\/puregrowshop.com\/fr\/wp-json\/wp\/v2\/product_tag?post=9679"}],"curies":[{"name":"wp","href":"https:\/\/api.w.org\/{rel}","templated":true}]}}