{"id":9675,"date":"2024-10-28T11:12:35","date_gmt":"2024-10-28T11:12:35","guid":{"rendered":"https:\/\/puregrowshop.com\/hydro-flores-a-blanda1-lt-canna\/"},"modified":"2025-12-27T20:00:57","modified_gmt":"2025-12-27T20:00:57","slug":"hydro-flores-a-blanda1-lt-canna","status":"publish","type":"product","link":"https:\/\/puregrowshop.com\/fr\/hydro-flores-a-blanda1-lt-canna\/","title":{"rendered":"Hydro Flores A Blanda1 lt. Canna"},"content":{"rendered":"<p>Presentamos &quot;Hydro Flores A Blanda 1 lt. Canna&quot;, un fertilizante de alta calidad dise\u00f1ado espec\u00edficamente para el cultivo en sistemas hidrop\u00f3nicos. Este producto asegura que sus plantas reciban los nutrientes esenciales para un crecimiento \u00f3ptimo y floraci\u00f3n exuberante.<\/p>\n<ul>\n<li>Peso: 1.2 kg<\/li>\n<li>Categor\u00eda: Fertilizantes<\/li>\n<li>Dise\u00f1ado para sistemas hidrop\u00f3nicos<\/li>\n<\/ul>\n<p>Hydro Flores A Blanda es la elecci\u00f3n ideal para cultivadores que buscan maximizar el rendimiento de sus cosechas. Este fertilizante proporciona un equilibrio preciso de nutrientes adaptados a las necesidades espec\u00edficas de las plantas durante la fase de floraci\u00f3n. Adem\u00e1s, asegura el desarrollo \u00f3ptimo de los frutos y mejora la calidad global de la cosecha.<\/p>\n<p>Composici\u00f3n:<\/p>\n<p>Formulado con macro y micronutrientes esenciales, Hydro Flores A Blanda garantiza la disponibilidad de los elementos necesarios para una floraci\u00f3n saludable.<\/p>\n<p>Instrucciones de uso y dosificaci\u00f3n:<\/p>\n<p>Agitar bien antes de usar. Mezclar 5 ml de Hydro Flores por litro de agua. Aplicar la soluci\u00f3n de nutrientes en cada riego durante la fase de floraci\u00f3n. Aseg\u00farese de mantener el pH entre 5.2 y 6.2 para resultados \u00f3ptimos. Ajuste la dosis seg\u00fan las necesidades espec\u00edficas de sus plantas y condiciones de cultivo.<\/p>\n","protected":false},"excerpt":{"rendered":"<p><P>La disponibilidad inmediata y una composici\u00f3n correcta de nutrientes son elementos cruciales durante la fase de floraci\u00f3n de la planta. Hydro Flores estimula la fructificaci\u00f3n y contiene todos los nutrientes que la planta necesita durante esta fase. Durante la fase de floraci\u00f3n se requiere bastante menos nitr\u00f3geno, por ejemplo, pero aumenta la necesidad de potasio y f\u00f3sforo.<\/P><br \/><P>Adem\u00e1s, la f\u00f3rmula \u00fanica de Hydro Flores es rica en oligoelementos quelatados en una forma directamente absorbible. Esto se traduce en una floraci\u00f3n exuberante.<\/P><\/p>\n","protected":false},"featured_media":9674,"comment_status":"open","ping_status":"closed","template":"","meta":{"_bst_post_transparent":"","_bst_post_title":"","_bst_post_layout":"","_bst_post_sidebar_id":"","_bst_post_content_style":"","_bst_post_vertical_padding":"","_bst_post_feature":"","_bst_post_feature_position":"","_bst_post_header":false,"_bst_post_footer":false},"pwb-brand":[132],"product_brand":[],"product_cat":[39],"product_tag":[],"class_list":{"0":"post-9675","1":"product","2":"type-product","3":"status-publish","4":"has-post-thumbnail","6":"pwb-brand-canna","7":"product_cat-fertilizantes","9":"first","10":"instock","11":"sale","12":"taxable","13":"shipping-taxable","14":"purchasable","15":"product-type-simple","16":"entry","17":"content-bg","18":"loop-entry"},"brands":[{"id":132,"name":"Canna","slug":"canna"}],"_links":{"self":[{"href":"https:\/\/puregrowshop.com\/fr\/wp-json\/wp\/v2\/product\/9675","targetHints":{"allow":["GET"]}}],"collection":[{"href":"https:\/\/puregrowshop.com\/fr\/wp-json\/wp\/v2\/product"}],"about":[{"href":"https:\/\/puregrowshop.com\/fr\/wp-json\/wp\/v2\/types\/product"}],"replies":[{"embeddable":true,"href":"https:\/\/puregrowshop.com\/fr\/wp-json\/wp\/v2\/comments?post=9675"}],"wp:featuredmedia":[{"embeddable":true,"href":"https:\/\/puregrowshop.com\/fr\/wp-json\/wp\/v2\/media\/9674"}],"wp:attachment":[{"href":"https:\/\/puregrowshop.com\/fr\/wp-json\/wp\/v2\/media?parent=9675"}],"wp:term":[{"taxonomy":"pwb-brand","embeddable":true,"href":"https:\/\/puregrowshop.com\/fr\/wp-json\/wp\/v2\/pwb-brand?post=9675"},{"taxonomy":"product_brand","embeddable":true,"href":"https:\/\/puregrowshop.com\/fr\/wp-json\/wp\/v2\/product_brand?post=9675"},{"taxonomy":"product_cat","embeddable":true,"href":"https:\/\/puregrowshop.com\/fr\/wp-json\/wp\/v2\/product_cat?post=9675"},{"taxonomy":"product_tag","embeddable":true,"href":"https:\/\/puregrowshop.com\/fr\/wp-json\/wp\/v2\/product_tag?post=9675"}],"curies":[{"name":"wp","href":"https:\/\/api.w.org\/{rel}","templated":true}]}}