{"id":9669,"date":"2024-10-28T11:12:34","date_gmt":"2024-10-28T11:12:34","guid":{"rendered":"https:\/\/puregrowshop.com\/cogr-vega-b-5-lt-canna\/"},"modified":"2025-12-27T20:00:57","modified_gmt":"2025-12-27T20:00:57","slug":"cogr-vega-b-5-lt-canna","status":"publish","type":"product","link":"https:\/\/puregrowshop.com\/fr\/cogr-vega-b-5-lt-canna\/","title":{"rendered":"Cogr Vega B &#8211; 5 lt. Canna"},"content":{"rendered":"<p>Descubre el COGR Vega B &#8211; 5 lt. de Canna, un fertilizante especialmente formulado para proporcionar a tus plantas el equilibrio perfecto de nutrientes durante la fase de crecimiento. Dise\u00f1ado para cultivadores exigentes que buscan maximizar el desarrollo y salud de sus cultivos hidrop\u00f3nicos.<\/p>\n<ul>\n<li>Peso: 5.5 kg<\/li>\n<li>Categor\u00eda: Fertilizantes<\/li>\n<li>Volumen: 5 litros<\/li>\n<li>Combinaci\u00f3n \u00f3ptima de nutrientes esenciales<\/li>\n<li>Compatible con sustratos COGR<\/li>\n<li>F\u00e1cil de usar y aplicar<\/li>\n<\/ul>\n<p>El COGR Vega B est\u00e1 dise\u00f1ado para fomentar un crecimiento vigoroso, asegurando tallos fuertes y hojas saludables. Gracias a su f\u00f3rmula avanzada, ayuda a prevenir deficiencias nutricionales, promoviendo un desarrollo uniforme y una absorci\u00f3n eficiente de nutrientes. Ideal para quienes desean obtener resultados excepcionales en sus cultivos.<\/p>\n<p>Composici\u00f3n: Contiene una mezcla precisa de minerales y micronutrientes esenciales para el crecimiento.<\/p>\n<p>Instrucciones de uso y dosificaci\u00f3n: Mezclar bien antes de usar. Usar en combinaci\u00f3n con COGR Vega A. A\u00f1adir 2 ml de COGR Vega B por cada litro de agua. Ajustar el pH y comprobar la EC para obtener mejores resultados. Aplicar durante la fase de crecimiento hasta el inicio de la floraci\u00f3n.<\/p>\n","protected":false},"excerpt":{"rendered":"<p><P>COGr Vega es un fertilizante completo de efecto r\u00e1pido para plantas de cannabis que contiene todos los nutrientes necesarios para un crecimiento \u00f3ptimo. COGr la soluci\u00f3n nutritiva contiene adem\u00e1s estabilizadores del valor pH, silicio, \u00e1cidos h\u00famicos y f\u00falvicos.<\/P><br \/><P>En combinaci\u00f3n con las planchas de substrato COGr , COGr es el fertilizante id\u00f3neo para el cultivador experimentado y exigente.<\/P><br \/><P>COGr VEGA es la sustancia nutritiva que se ha de utilizar en el periodo de crecimiento.<\/P><br \/><P>Este producto hace que las plantas se desarrollen sanas y fuertes con grandes brotes de gran vitalidad.<\/P><\/p>\n","protected":false},"featured_media":9668,"comment_status":"open","ping_status":"closed","template":"","meta":{"_bst_post_transparent":"","_bst_post_title":"","_bst_post_layout":"","_bst_post_sidebar_id":"","_bst_post_content_style":"","_bst_post_vertical_padding":"","_bst_post_feature":"","_bst_post_feature_position":"","_bst_post_header":false,"_bst_post_footer":false},"pwb-brand":[132],"product_brand":[],"product_cat":[39],"product_tag":[],"class_list":{"0":"post-9669","1":"product","2":"type-product","3":"status-publish","4":"has-post-thumbnail","6":"pwb-brand-canna","7":"product_cat-fertilizantes","9":"first","10":"outofstock","11":"sale","12":"taxable","13":"shipping-taxable","14":"purchasable","15":"product-type-simple","16":"entry","17":"content-bg","18":"loop-entry"},"brands":[{"id":132,"name":"Canna","slug":"canna"}],"_links":{"self":[{"href":"https:\/\/puregrowshop.com\/fr\/wp-json\/wp\/v2\/product\/9669","targetHints":{"allow":["GET"]}}],"collection":[{"href":"https:\/\/puregrowshop.com\/fr\/wp-json\/wp\/v2\/product"}],"about":[{"href":"https:\/\/puregrowshop.com\/fr\/wp-json\/wp\/v2\/types\/product"}],"replies":[{"embeddable":true,"href":"https:\/\/puregrowshop.com\/fr\/wp-json\/wp\/v2\/comments?post=9669"}],"wp:featuredmedia":[{"embeddable":true,"href":"https:\/\/puregrowshop.com\/fr\/wp-json\/wp\/v2\/media\/9668"}],"wp:attachment":[{"href":"https:\/\/puregrowshop.com\/fr\/wp-json\/wp\/v2\/media?parent=9669"}],"wp:term":[{"taxonomy":"pwb-brand","embeddable":true,"href":"https:\/\/puregrowshop.com\/fr\/wp-json\/wp\/v2\/pwb-brand?post=9669"},{"taxonomy":"product_brand","embeddable":true,"href":"https:\/\/puregrowshop.com\/fr\/wp-json\/wp\/v2\/product_brand?post=9669"},{"taxonomy":"product_cat","embeddable":true,"href":"https:\/\/puregrowshop.com\/fr\/wp-json\/wp\/v2\/product_cat?post=9669"},{"taxonomy":"product_tag","embeddable":true,"href":"https:\/\/puregrowshop.com\/fr\/wp-json\/wp\/v2\/product_tag?post=9669"}],"curies":[{"name":"wp","href":"https:\/\/api.w.org\/{rel}","templated":true}]}}