{"id":9665,"date":"2024-10-28T11:12:33","date_gmt":"2024-10-28T11:12:33","guid":{"rendered":"https:\/\/puregrowshop.com\/cogr-vega-a-5-lt-canna\/"},"modified":"2025-12-27T20:00:57","modified_gmt":"2025-12-27T20:00:57","slug":"cogr-vega-a-5-lt-canna","status":"publish","type":"product","link":"https:\/\/puregrowshop.com\/fr\/cogr-vega-a-5-lt-canna\/","title":{"rendered":"Cogr Vega A &#8211; 5 lt. Canna"},"content":{"rendered":"<p>Presentamos el Cogr Vega A &#8211; 5 lt. de Canna, un fertilizante de alta calidad dise\u00f1ado para proporcionar a sus plantas los nutrientes esenciales durante la fase de crecimiento. Especialmente formulado para optimizar el desarrollo en medios de cultivo de coco, este producto asegura un crecimiento vigoroso y saludable.<\/p>\n<ul>\n<li>Peso: 5.5 kg<\/li>\n<li>Categor\u00edas: Fertilizantes<\/li>\n<li>Volumen: 5 litros<\/li>\n<li>Especialmente dise\u00f1ado para medios de cultivo de coco<\/li>\n<li>Proporciona macro y micronutrientes esenciales<\/li>\n<\/ul>\n<p>Con el uso de Cogr Vega A, sus plantas experimentar\u00e1n un crecimiento m\u00e1s robusto, con una absorci\u00f3n \u00f3ptima de nutrientes que resulta en tallos fuertes y un sistema radicular bien desarrollado. Ideal para horticultores que buscan maximizar el potencial de sus cultivos en coco, su f\u00f3rmula equilibrada garantiza un desarrollo uniforme y saludable.<\/p>\n<p>Composici\u00f3n: Este fertilizante contiene los elementos esenciales como nitr\u00f3geno, potasio y f\u00f3sforo, adem\u00e1s de oligoelementos que son cruciales para el desarrollo de las plantas.<\/p>\n<p>Instrucciones de uso y dosificaci\u00f3n: Agite bien antes de usar. Mezcle 4 ml de Cogr Vega A por litro de agua. Para obtener los mejores resultados, util\u00edcelo en combinaci\u00f3n con Cogr Vega B y ajuste el pH a 5.5-6.2. Aseg\u00farese de seguir las instrucciones de dosificaci\u00f3n para maximizar los beneficios.<\/p>\n","protected":false},"excerpt":{"rendered":"<p><P>COGr Vega es un fertilizante completo de efecto r\u00e1pido para plantas de cannabis que contiene todos los nutrientes necesarios para un crecimiento \u00f3ptimo. COGr la soluci\u00f3n nutritiva contiene adem\u00e1s estabilizadores del valor pH, silicio, \u00e1cidos h\u00famicos y f\u00falvicos.<\/P><br \/><P>En combinaci\u00f3n con las planchas de substrato COGr , COGr es el fertilizante id\u00f3neo para el cultivador experimentado y exigente.<\/P><br \/><P>COGr VEGA es la sustancia nutritiva que se ha de utilizar en el periodo de crecimiento.<\/P><br \/><P>Este producto hace que las plantas se desarrollen sanas y fuertes con grandes brotes de gran vitalidad.<\/P><\/p>\n","protected":false},"featured_media":9664,"comment_status":"open","ping_status":"closed","template":"","meta":{"_bst_post_transparent":"","_bst_post_title":"","_bst_post_layout":"","_bst_post_sidebar_id":"","_bst_post_content_style":"","_bst_post_vertical_padding":"","_bst_post_feature":"","_bst_post_feature_position":"","_bst_post_header":false,"_bst_post_footer":false},"pwb-brand":[132],"product_brand":[],"product_cat":[39],"product_tag":[],"class_list":{"0":"post-9665","1":"product","2":"type-product","3":"status-publish","4":"has-post-thumbnail","6":"pwb-brand-canna","7":"product_cat-fertilizantes","9":"first","10":"outofstock","11":"sale","12":"taxable","13":"shipping-taxable","14":"purchasable","15":"product-type-simple","16":"entry","17":"content-bg","18":"loop-entry"},"brands":[{"id":132,"name":"Canna","slug":"canna"}],"_links":{"self":[{"href":"https:\/\/puregrowshop.com\/fr\/wp-json\/wp\/v2\/product\/9665","targetHints":{"allow":["GET"]}}],"collection":[{"href":"https:\/\/puregrowshop.com\/fr\/wp-json\/wp\/v2\/product"}],"about":[{"href":"https:\/\/puregrowshop.com\/fr\/wp-json\/wp\/v2\/types\/product"}],"replies":[{"embeddable":true,"href":"https:\/\/puregrowshop.com\/fr\/wp-json\/wp\/v2\/comments?post=9665"}],"wp:featuredmedia":[{"embeddable":true,"href":"https:\/\/puregrowshop.com\/fr\/wp-json\/wp\/v2\/media\/9664"}],"wp:attachment":[{"href":"https:\/\/puregrowshop.com\/fr\/wp-json\/wp\/v2\/media?parent=9665"}],"wp:term":[{"taxonomy":"pwb-brand","embeddable":true,"href":"https:\/\/puregrowshop.com\/fr\/wp-json\/wp\/v2\/pwb-brand?post=9665"},{"taxonomy":"product_brand","embeddable":true,"href":"https:\/\/puregrowshop.com\/fr\/wp-json\/wp\/v2\/product_brand?post=9665"},{"taxonomy":"product_cat","embeddable":true,"href":"https:\/\/puregrowshop.com\/fr\/wp-json\/wp\/v2\/product_cat?post=9665"},{"taxonomy":"product_tag","embeddable":true,"href":"https:\/\/puregrowshop.com\/fr\/wp-json\/wp\/v2\/product_tag?post=9665"}],"curies":[{"name":"wp","href":"https:\/\/api.w.org\/{rel}","templated":true}]}}