{"id":9653,"date":"2024-10-28T11:12:31","date_gmt":"2024-10-28T11:12:31","guid":{"rendered":"https:\/\/puregrowshop.com\/cannazym-5-lt-canna\/"},"modified":"2025-12-27T20:00:57","modified_gmt":"2025-12-27T20:00:57","slug":"cannazym-5-lt-canna","status":"publish","type":"product","link":"https:\/\/puregrowshop.com\/fr\/cannazym-5-lt-canna\/","title":{"rendered":"Cannazym  5 lt. Canna"},"content":{"rendered":"<p>Cannazym 5 lt. de Canna es un fertilizante enzim\u00e1tico de alta calidad dise\u00f1ado espec\u00edficamente para mejorar la salud y productividad de tus plantas. Ideal para cultivadores que buscan maximizar el rendimiento de sus cultivos, Cannazym descompone eficazmente los restos de ra\u00edces muertas y mejora la absorci\u00f3n de nutrientes.<\/p>\n<ul>\n<li>Peso: 5.5 kg<\/li>\n<li>Categor\u00eda: Fertilizantes<\/li>\n<li>Formato l\u00edquido para f\u00e1cil aplicaci\u00f3n<\/li>\n<li>Contiene m\u00e1s de 12 enzimas activas<\/li>\n<li>Incluye vitaminas y extractos de plantas<\/li>\n<\/ul>\n<p>Beneficios y Usos: Cannazym acelera la descomposici\u00f3n de materia muerta en el sustrato, transform\u00e1ndola en nutrientes f\u00e1cilmente absorbibles. Esto no solo mejora la salud del sistema radicular, sino que tambi\u00e9n previene enfermedades y promueve un entorno de crecimiento m\u00e1s limpio y eficiente. Al fortalecer las ra\u00edces, las plantas pueden absorber nutrientes y agua m\u00e1s eficazmente, resultando en un crecimiento m\u00e1s vigoroso.<\/p>\n<p>Composici\u00f3n: Cannazym est\u00e1 formulado con un complejo de enzimas, vitaminas esenciales y extractos de plantas cuidadosamente seleccionados para mejorar la actividad microbiana y la salud del sustrato.<\/p>\n<p>Instrucciones de uso y dosificaci\u00f3n: Agitar bien antes de usar. A\u00f1adir 25 ml de Cannazym por cada 10 litros de agua. Aplicar la soluci\u00f3n al sustrato durante cada riego para obtener resultados \u00f3ptimos. Aseg\u00farese de seguir las instrucciones de dosificaci\u00f3n para maximizar los beneficios sin desperdiciar el producto.<\/p>\n","protected":false},"excerpt":{"rendered":"<p><P>CANNAZYM es la enmienda del suelo que mejora la resistencia de la planta. Este producto extremamente popular es un preparado enzim\u00e1tico de alta calidad que se encarga de la descomposici\u00f3n de las ra\u00edces muertas, evitando de esta forma que se pudran. Aparte de ello crea m\u00e1s espacio libre para el resto de las ra\u00edces que de esta forma recibir\u00e1n suficiente ox\u00edgeno.<\/P><br \/><P>CANNAZYM contiene, adem\u00e1s, vitaminas que estimulan el desarrollo de la planta. Esto permite una mejor absorci\u00f3n de las sustancias nutritivas e incrementa la resistencia contra agentes pat\u00f3genos.<\/P><\/p>\n","protected":false},"featured_media":9652,"comment_status":"open","ping_status":"closed","template":"","meta":{"_bst_post_transparent":"","_bst_post_title":"","_bst_post_layout":"","_bst_post_sidebar_id":"","_bst_post_content_style":"","_bst_post_vertical_padding":"","_bst_post_feature":"","_bst_post_feature_position":"","_bst_post_header":false,"_bst_post_footer":false},"pwb-brand":[132],"product_brand":[],"product_cat":[39],"product_tag":[],"class_list":{"0":"post-9653","1":"product","2":"type-product","3":"status-publish","4":"has-post-thumbnail","6":"pwb-brand-canna","7":"product_cat-fertilizantes","9":"first","10":"instock","11":"sale","12":"taxable","13":"shipping-taxable","14":"purchasable","15":"product-type-simple","16":"entry","17":"content-bg","18":"loop-entry"},"brands":[{"id":132,"name":"Canna","slug":"canna"}],"_links":{"self":[{"href":"https:\/\/puregrowshop.com\/fr\/wp-json\/wp\/v2\/product\/9653","targetHints":{"allow":["GET"]}}],"collection":[{"href":"https:\/\/puregrowshop.com\/fr\/wp-json\/wp\/v2\/product"}],"about":[{"href":"https:\/\/puregrowshop.com\/fr\/wp-json\/wp\/v2\/types\/product"}],"replies":[{"embeddable":true,"href":"https:\/\/puregrowshop.com\/fr\/wp-json\/wp\/v2\/comments?post=9653"}],"wp:featuredmedia":[{"embeddable":true,"href":"https:\/\/puregrowshop.com\/fr\/wp-json\/wp\/v2\/media\/9652"}],"wp:attachment":[{"href":"https:\/\/puregrowshop.com\/fr\/wp-json\/wp\/v2\/media?parent=9653"}],"wp:term":[{"taxonomy":"pwb-brand","embeddable":true,"href":"https:\/\/puregrowshop.com\/fr\/wp-json\/wp\/v2\/pwb-brand?post=9653"},{"taxonomy":"product_brand","embeddable":true,"href":"https:\/\/puregrowshop.com\/fr\/wp-json\/wp\/v2\/product_brand?post=9653"},{"taxonomy":"product_cat","embeddable":true,"href":"https:\/\/puregrowshop.com\/fr\/wp-json\/wp\/v2\/product_cat?post=9653"},{"taxonomy":"product_tag","embeddable":true,"href":"https:\/\/puregrowshop.com\/fr\/wp-json\/wp\/v2\/product_tag?post=9653"}],"curies":[{"name":"wp","href":"https:\/\/api.w.org\/{rel}","templated":true}]}}