{"id":9651,"date":"2024-10-28T11:12:31","date_gmt":"2024-10-28T11:12:31","guid":{"rendered":"https:\/\/puregrowshop.com\/cannazym-250-ml-canna\/"},"modified":"2025-12-27T20:00:57","modified_gmt":"2025-12-27T20:00:57","slug":"cannazym-250-ml-canna","status":"publish","type":"product","link":"https:\/\/puregrowshop.com\/fr\/cannazym-250-ml-canna\/","title":{"rendered":"Cannazym   250 ml. Canna"},"content":{"rendered":"<p>Presentamos Cannazym 250 ml de Canna, un fertilizante enzim\u00e1tico de alta calidad dise\u00f1ado para mejorar la salud y el rendimiento de sus plantas. Este producto es esencial para cualquier cultivador que busque maximizar la absorci\u00f3n de nutrientes y optimizar el crecimiento de sus plantas.<\/p>\n<ul>\n<li>Peso: 0.3 kg<\/li>\n<li>Categor\u00eda: Fertilizantes<\/li>\n<li>Volumen: 250 ml<\/li>\n<li>Tipo: Enzim\u00e1tico<\/li>\n<\/ul>\n<p>Cannazym realiza funciones cruciales en el ciclo de vida de sus plantas. Al descomponer las ra\u00edces muertas, promueve un entorno radicular saludable y reduce el riesgo de enfermedades. Esto permite que las nuevas ra\u00edces crezcan m\u00e1s r\u00e1pido y absorban nutrientes de manera m\u00e1s eficiente, potenciando el crecimiento y la floraci\u00f3n.<\/p>\n<p>La composici\u00f3n de Cannazym incluye m\u00e1s de 12 tipos de enzimas diferentes, enriquecidas con vitaminas y extractos de plantas del desierto, que aseguran la descomposici\u00f3n r\u00e1pida de la materia org\u00e1nica y la mejora de la estructura del suelo.<\/p>\n<p>Para obtener los mejores resultados, diluya 25 ml de Cannazym en 10 litros de agua. Use esta soluci\u00f3n cada vez que riegue sus plantas, asegur\u00e1ndose de que el producto penetre en el suelo. Ideal para todo tipo de cultivos, tanto en interiores como exteriores, Cannazym es su aliado en el cultivo saludable y exitoso.<\/p>\n","protected":false},"excerpt":{"rendered":"<p><P>CANNAZYM es la enmienda del suelo que mejora la resistencia de la planta. Este producto extremamente popular es un preparado enzim\u00e1tico de alta calidad que se encarga de la descomposici\u00f3n de las ra\u00edces muertas, evitando de esta forma que se pudran. Aparte de ello crea m\u00e1s espacio libre para el resto de las ra\u00edces que de esta forma recibir\u00e1n suficiente ox\u00edgeno.<\/P><br \/><P>CANNAZYM contiene, adem\u00e1s, vitaminas que estimulan el desarrollo de la planta. Esto permite una mejor absorci\u00f3n de las sustancias nutritivas e incrementa la resistencia contra agentes pat\u00f3genos.<\/P><\/p>\n","protected":false},"featured_media":9650,"comment_status":"open","ping_status":"closed","template":"","meta":{"_bst_post_transparent":"","_bst_post_title":"","_bst_post_layout":"","_bst_post_sidebar_id":"","_bst_post_content_style":"","_bst_post_vertical_padding":"","_bst_post_feature":"","_bst_post_feature_position":"","_bst_post_header":false,"_bst_post_footer":false},"pwb-brand":[132],"product_brand":[],"product_cat":[39],"product_tag":[],"class_list":{"0":"post-9651","1":"product","2":"type-product","3":"status-publish","4":"has-post-thumbnail","6":"pwb-brand-canna","7":"product_cat-fertilizantes","9":"first","10":"instock","11":"sale","12":"taxable","13":"shipping-taxable","14":"purchasable","15":"product-type-simple","16":"entry","17":"content-bg","18":"loop-entry"},"brands":[{"id":132,"name":"Canna","slug":"canna"}],"_links":{"self":[{"href":"https:\/\/puregrowshop.com\/fr\/wp-json\/wp\/v2\/product\/9651","targetHints":{"allow":["GET"]}}],"collection":[{"href":"https:\/\/puregrowshop.com\/fr\/wp-json\/wp\/v2\/product"}],"about":[{"href":"https:\/\/puregrowshop.com\/fr\/wp-json\/wp\/v2\/types\/product"}],"replies":[{"embeddable":true,"href":"https:\/\/puregrowshop.com\/fr\/wp-json\/wp\/v2\/comments?post=9651"}],"wp:featuredmedia":[{"embeddable":true,"href":"https:\/\/puregrowshop.com\/fr\/wp-json\/wp\/v2\/media\/9650"}],"wp:attachment":[{"href":"https:\/\/puregrowshop.com\/fr\/wp-json\/wp\/v2\/media?parent=9651"}],"wp:term":[{"taxonomy":"pwb-brand","embeddable":true,"href":"https:\/\/puregrowshop.com\/fr\/wp-json\/wp\/v2\/pwb-brand?post=9651"},{"taxonomy":"product_brand","embeddable":true,"href":"https:\/\/puregrowshop.com\/fr\/wp-json\/wp\/v2\/product_brand?post=9651"},{"taxonomy":"product_cat","embeddable":true,"href":"https:\/\/puregrowshop.com\/fr\/wp-json\/wp\/v2\/product_cat?post=9651"},{"taxonomy":"product_tag","embeddable":true,"href":"https:\/\/puregrowshop.com\/fr\/wp-json\/wp\/v2\/product_tag?post=9651"}],"curies":[{"name":"wp","href":"https:\/\/api.w.org\/{rel}","templated":true}]}}