{"id":9649,"date":"2024-10-28T11:12:30","date_gmt":"2024-10-28T11:12:30","guid":{"rendered":"https:\/\/puregrowshop.com\/cannazym-1-lt-canna\/"},"modified":"2025-12-27T20:00:57","modified_gmt":"2025-12-27T20:00:57","slug":"cannazym-1-lt-canna","status":"publish","type":"product","link":"https:\/\/puregrowshop.com\/fr\/cannazym-1-lt-canna\/","title":{"rendered":"Cannazym  1 lt. Canna"},"content":{"rendered":"<p>Descubre Cannazym 1 lt. de Canna, la soluci\u00f3n avanzada para mejorar la salud y el rendimiento de tus plantas. Este fertilizante enzim\u00e1tico profesional est\u00e1 dise\u00f1ado para descomponer residuos de ra\u00edces y optimizar la absorci\u00f3n de nutrientes, asegurando un crecimiento vigoroso y saludable.<\/p>\n<ul>\n<li>Peso: 1.2 kg<\/li>\n<li>Categor\u00eda: Fertilizantes<\/li>\n<li>Contenido: 1 litro<\/li>\n<li>Mejora la absorci\u00f3n de nutrientes<\/li>\n<li>Facilita la descomposici\u00f3n de residuos de ra\u00edces<\/li>\n<\/ul>\n<p>Cannazym es indispensable para cualquier cultivador que busque maximizar el potencial de sus plantas. Al acelerar la descomposici\u00f3n de los residuos de ra\u00edces, este producto previene enfermedades y mejora la estructura del suelo. Adem\u00e1s, promueve un desarrollo radicular m\u00e1s saludable y eficiente, lo que se traduce en plantas m\u00e1s vigorosas y productivas.<\/p>\n<p>Elaborado a partir de una mezcla concentrada de enzimas, Cannazym es 100% seguro y eficiente. Su f\u00f3rmula \u00fanica asegura que las enzimas act\u00faen r\u00e1pidamente, transformando los materiales muertos en nutrientes esenciales.<\/p>\n<p>Para obtener los mejores resultados, mezcla 2.5 ml de Cannazym por litro de agua y apl\u00edcalo cada semana durante el ciclo de cultivo. Compatible con cualquier sistema de cultivo, este producto es el aliado perfecto para mantener tus plantas en \u00f3ptimas condiciones.<\/p>\n","protected":false},"excerpt":{"rendered":"<p><P>CANNAZYM es la enmienda del suelo que mejora la resistencia de la planta. Este producto extremamente popular es un preparado enzim\u00e1tico de alta calidad que se encarga de la descomposici\u00f3n de las ra\u00edces muertas, evitando de esta forma que se pudran. Aparte de ello crea m\u00e1s espacio libre para el resto de las ra\u00edces que de esta forma recibir\u00e1n suficiente ox\u00edgeno.<\/P><br \/><P>CANNAZYM contiene, adem\u00e1s, vitaminas que estimulan el desarrollo de la planta. Esto permite una mejor absorci\u00f3n de las sustancias nutritivas e incrementa la resistencia contra agentes pat\u00f3genos.<\/P><\/p>\n","protected":false},"featured_media":9648,"comment_status":"open","ping_status":"closed","template":"","meta":{"_bst_post_transparent":"","_bst_post_title":"","_bst_post_layout":"","_bst_post_sidebar_id":"","_bst_post_content_style":"","_bst_post_vertical_padding":"","_bst_post_feature":"","_bst_post_feature_position":"","_bst_post_header":false,"_bst_post_footer":false},"pwb-brand":[132],"product_brand":[],"product_cat":[39],"product_tag":[],"class_list":{"0":"post-9649","1":"product","2":"type-product","3":"status-publish","4":"has-post-thumbnail","6":"pwb-brand-canna","7":"product_cat-fertilizantes","9":"first","10":"instock","11":"sale","12":"taxable","13":"shipping-taxable","14":"purchasable","15":"product-type-simple","16":"entry","17":"content-bg","18":"loop-entry"},"brands":[{"id":132,"name":"Canna","slug":"canna"}],"_links":{"self":[{"href":"https:\/\/puregrowshop.com\/fr\/wp-json\/wp\/v2\/product\/9649","targetHints":{"allow":["GET"]}}],"collection":[{"href":"https:\/\/puregrowshop.com\/fr\/wp-json\/wp\/v2\/product"}],"about":[{"href":"https:\/\/puregrowshop.com\/fr\/wp-json\/wp\/v2\/types\/product"}],"replies":[{"embeddable":true,"href":"https:\/\/puregrowshop.com\/fr\/wp-json\/wp\/v2\/comments?post=9649"}],"wp:featuredmedia":[{"embeddable":true,"href":"https:\/\/puregrowshop.com\/fr\/wp-json\/wp\/v2\/media\/9648"}],"wp:attachment":[{"href":"https:\/\/puregrowshop.com\/fr\/wp-json\/wp\/v2\/media?parent=9649"}],"wp:term":[{"taxonomy":"pwb-brand","embeddable":true,"href":"https:\/\/puregrowshop.com\/fr\/wp-json\/wp\/v2\/pwb-brand?post=9649"},{"taxonomy":"product_brand","embeddable":true,"href":"https:\/\/puregrowshop.com\/fr\/wp-json\/wp\/v2\/product_brand?post=9649"},{"taxonomy":"product_cat","embeddable":true,"href":"https:\/\/puregrowshop.com\/fr\/wp-json\/wp\/v2\/product_cat?post=9649"},{"taxonomy":"product_tag","embeddable":true,"href":"https:\/\/puregrowshop.com\/fr\/wp-json\/wp\/v2\/product_tag?post=9649"}],"curies":[{"name":"wp","href":"https:\/\/api.w.org\/{rel}","templated":true}]}}