{"id":9647,"date":"2024-10-28T11:12:30","date_gmt":"2024-10-28T11:12:30","guid":{"rendered":"https:\/\/puregrowshop.com\/cannazym-500-ml-canna\/"},"modified":"2026-04-22T03:17:13","modified_gmt":"2026-04-22T03:17:13","slug":"cannazym-500-ml-canna","status":"publish","type":"product","link":"https:\/\/puregrowshop.com\/fr\/cannazym-500-ml-canna\/","title":{"rendered":"Cannazym   500 ml. Canna"},"content":{"rendered":"<p>Descubra el poder de &quot;Cannazym 500 ml. Canna&quot;, un fertilizante de alta calidad dise\u00f1ado para optimizar el crecimiento y la salud de sus plantas. Este producto es ideal para quienes buscan mejorar la estructura del suelo y maximizar la absorci\u00f3n de nutrientes, asegurando un desarrollo vegetal vigoroso.<\/p>\n<ul>\n<li>Peso: 0.6 kg<\/li>\n<li>Categor\u00edas: Fertilizantes<\/li>\n<li>Contiene m\u00e1s de 12 tipos de enzimas distintas<\/li>\n<li>Incluye vitaminas y extractos vegetales<\/li>\n<\/ul>\n<p>Cannazym mejora la descomposici\u00f3n de ra\u00edces muertas, transform\u00e1ndolas en nutrientes valiosos que promueven un entorno saludable para las ra\u00edces nuevas. Su uso regular fortalece la estructura del suelo, previene enfermedades y fomenta un crecimiento m\u00e1s r\u00e1pido y robusto.<\/p>\n<p>El producto est\u00e1 compuesto por una mezcla de enzimas naturales, vitaminas y extractos de plantas que trabajan en sinergia para descomponer materia org\u00e1nica y liberar nutrientes vitales.<\/p>\n<h4>Instrucciones de uso<\/h4>\n<ul>\n<li>Agitar bien antes de usar.<\/li>\n<li>Diluir 2.5 ml de Cannazym en 10 litros de agua.<\/li>\n<li>Aplicar esta soluci\u00f3n en el suelo una vez a la semana.<\/li>\n<li>Puede ser usado durante todo el ciclo de vida de la planta.<\/li>\n<\/ul>\n<p>Con Cannazym, asegure un entorno \u00f3ptimo para sus plantas, mejorando no solo su salud, sino tambi\u00e9n su rendimiento general.<\/p>\n","protected":false},"excerpt":{"rendered":"<p><P>CANNAZYM es la enmienda del suelo que mejora la resistencia de la planta. Este producto extremamente popular es un preparado enzim\u00e1tico de alta calidad que se encarga de la descomposici\u00f3n de las ra\u00edces muertas, evitando de esta forma que se pudran. Aparte de ello crea m\u00e1s espacio libre para el resto de las ra\u00edces que de esta forma recibir\u00e1n suficiente ox\u00edgeno.<\/P><br \/><P>CANNAZYM contiene, adem\u00e1s, vitaminas que estimulan el desarrollo de la planta. Esto permite una mejor absorci\u00f3n de las sustancias nutritivas e incrementa la resistencia contra agentes pat\u00f3genos.<\/P><\/p>\n","protected":false},"featured_media":9646,"comment_status":"open","ping_status":"closed","template":"","meta":{"_bst_post_transparent":"","_bst_post_title":"","_bst_post_layout":"","_bst_post_sidebar_id":"","_bst_post_content_style":"","_bst_post_vertical_padding":"","_bst_post_feature":"","_bst_post_feature_position":"","_bst_post_header":false,"_bst_post_footer":false},"pwb-brand":[132],"product_brand":[],"product_cat":[39],"product_tag":[],"class_list":{"0":"post-9647","1":"product","2":"type-product","3":"status-publish","4":"has-post-thumbnail","6":"pwb-brand-canna","7":"product_cat-fertilizantes","9":"first","10":"instock","11":"sale","12":"taxable","13":"shipping-taxable","14":"purchasable","15":"product-type-simple","16":"entry","17":"content-bg","18":"loop-entry"},"brands":[{"id":132,"name":"Canna","slug":"canna"}],"_links":{"self":[{"href":"https:\/\/puregrowshop.com\/fr\/wp-json\/wp\/v2\/product\/9647","targetHints":{"allow":["GET"]}}],"collection":[{"href":"https:\/\/puregrowshop.com\/fr\/wp-json\/wp\/v2\/product"}],"about":[{"href":"https:\/\/puregrowshop.com\/fr\/wp-json\/wp\/v2\/types\/product"}],"replies":[{"embeddable":true,"href":"https:\/\/puregrowshop.com\/fr\/wp-json\/wp\/v2\/comments?post=9647"}],"wp:featuredmedia":[{"embeddable":true,"href":"https:\/\/puregrowshop.com\/fr\/wp-json\/wp\/v2\/media\/9646"}],"wp:attachment":[{"href":"https:\/\/puregrowshop.com\/fr\/wp-json\/wp\/v2\/media?parent=9647"}],"wp:term":[{"taxonomy":"pwb-brand","embeddable":true,"href":"https:\/\/puregrowshop.com\/fr\/wp-json\/wp\/v2\/pwb-brand?post=9647"},{"taxonomy":"product_brand","embeddable":true,"href":"https:\/\/puregrowshop.com\/fr\/wp-json\/wp\/v2\/product_brand?post=9647"},{"taxonomy":"product_cat","embeddable":true,"href":"https:\/\/puregrowshop.com\/fr\/wp-json\/wp\/v2\/product_cat?post=9647"},{"taxonomy":"product_tag","embeddable":true,"href":"https:\/\/puregrowshop.com\/fr\/wp-json\/wp\/v2\/product_tag?post=9647"}],"curies":[{"name":"wp","href":"https:\/\/api.w.org\/{rel}","templated":true}]}}