{"id":9643,"date":"2024-10-28T11:12:27","date_gmt":"2024-10-28T11:12:27","guid":{"rendered":"https:\/\/puregrowshop.com\/canna-flush-250-ml-canna\/"},"modified":"2025-12-27T20:00:47","modified_gmt":"2025-12-27T20:00:47","slug":"canna-flush-250-ml-canna","status":"publish","type":"product","link":"https:\/\/puregrowshop.com\/fr\/canna-flush-250-ml-canna\/","title":{"rendered":"Canna Flush   250 ml. Canna"},"content":{"rendered":"<p>Presentamos el Canna Flush 250 ml, un producto esencial para cualquier cultivador que desea mantener su sistema de cultivo limpio y libre de residuos. Dise\u00f1ado espec\u00edficamente para eliminar el exceso de nutrientes de tus plantas, Canna Flush garantiza una cosecha m\u00e1s pura y saludable.<\/p>\n<ul>\n<li>Capacidad: 250 ml<\/li>\n<li>Peso: 0.3 kg<\/li>\n<li>Categor\u00eda: Fertilizantes<\/li>\n<li>Elimina residuos de nutrientes<\/li>\n<li>Compatible con cualquier medio de cultivo<\/li>\n<li>Sin afectar a los microorganismos beneficiosos<\/li>\n<\/ul>\n<p>Canna Flush es ideal para prevenir la acumulaci\u00f3n de sales y otros compuestos no deseados que pueden afectar negativamente el crecimiento y sabor de tus plantas. Este producto ayuda a mejorar la calidad de la cosecha y promueve un desarrollo vegetal \u00f3ptimo. Adem\u00e1s, su uso ayuda a evitar problemas de sobrealimentaci\u00f3n, asegurando que tus plantas solo reciban lo que realmente necesitan.<\/p>\n<p>Composici\u00f3n: Mezcla equilibrada de agentes de limpieza que act\u00faan eficazmente en cualquier medio de cultivo.<\/p>\n<p>Instrucciones de uso y dosificaci\u00f3n: Utilizar durante la \u00faltima semana del ciclo de riego. Mezclar 2 ml de Canna Flush por litro de agua. Realizar un lavado completo del sistema de cultivo para obtener los mejores resultados.<\/p>\n","protected":false},"excerpt":{"rendered":"<p><P>Para la eliminaci\u00f3n&nbsp; del exceso de nutrientes en plantas y sustratos.<\/P><br \/><P>PARA SU USO EN CUALQUIER&nbsp; MEDIO<\/P><br \/><P>CANNA Flush es un aditivo que limpia los sustratos y plantas del exceso de nutrientes. Utilizado en casos&nbsp; de sobre fertilizaci\u00f3n, limpia el sustrato eficazmente sin matar bacterias \u00fatiles o fungis&nbsp; beneficiosos como puede suceder al utilizar RO- o agua desmineralizada.<\/P><br \/><P>Si se utiliza justo antes de recoger la cosecha, asegura que \u00e9sta elimine todos los excesos, obteniendo as\u00ed una cosecha limpia y sabrosa.<\/P><\/p>\n","protected":false},"featured_media":9642,"comment_status":"open","ping_status":"closed","template":"","meta":{"_bst_post_transparent":"","_bst_post_title":"","_bst_post_layout":"","_bst_post_sidebar_id":"","_bst_post_content_style":"","_bst_post_vertical_padding":"","_bst_post_feature":"","_bst_post_feature_position":"","_bst_post_header":false,"_bst_post_footer":false},"pwb-brand":[132],"product_brand":[],"product_cat":[39],"product_tag":[],"class_list":{"0":"post-9643","1":"product","2":"type-product","3":"status-publish","4":"has-post-thumbnail","6":"pwb-brand-canna","7":"product_cat-fertilizantes","9":"first","10":"instock","11":"sale","12":"taxable","13":"shipping-taxable","14":"purchasable","15":"product-type-simple","16":"entry","17":"content-bg","18":"loop-entry"},"brands":[{"id":132,"name":"Canna","slug":"canna"}],"_links":{"self":[{"href":"https:\/\/puregrowshop.com\/fr\/wp-json\/wp\/v2\/product\/9643","targetHints":{"allow":["GET"]}}],"collection":[{"href":"https:\/\/puregrowshop.com\/fr\/wp-json\/wp\/v2\/product"}],"about":[{"href":"https:\/\/puregrowshop.com\/fr\/wp-json\/wp\/v2\/types\/product"}],"replies":[{"embeddable":true,"href":"https:\/\/puregrowshop.com\/fr\/wp-json\/wp\/v2\/comments?post=9643"}],"wp:featuredmedia":[{"embeddable":true,"href":"https:\/\/puregrowshop.com\/fr\/wp-json\/wp\/v2\/media\/9642"}],"wp:attachment":[{"href":"https:\/\/puregrowshop.com\/fr\/wp-json\/wp\/v2\/media?parent=9643"}],"wp:term":[{"taxonomy":"pwb-brand","embeddable":true,"href":"https:\/\/puregrowshop.com\/fr\/wp-json\/wp\/v2\/pwb-brand?post=9643"},{"taxonomy":"product_brand","embeddable":true,"href":"https:\/\/puregrowshop.com\/fr\/wp-json\/wp\/v2\/product_brand?post=9643"},{"taxonomy":"product_cat","embeddable":true,"href":"https:\/\/puregrowshop.com\/fr\/wp-json\/wp\/v2\/product_cat?post=9643"},{"taxonomy":"product_tag","embeddable":true,"href":"https:\/\/puregrowshop.com\/fr\/wp-json\/wp\/v2\/product_tag?post=9643"}],"curies":[{"name":"wp","href":"https:\/\/api.w.org\/{rel}","templated":true}]}}