{"id":9639,"date":"2024-10-28T11:12:26","date_gmt":"2024-10-28T11:12:26","guid":{"rendered":"https:\/\/puregrowshop.com\/canna-coco-b-10-lt-canna\/"},"modified":"2026-01-13T09:23:04","modified_gmt":"2026-01-13T09:23:04","slug":"canna-coco-b-10-lt-canna","status":"publish","type":"product","link":"https:\/\/puregrowshop.com\/fr\/canna-coco-b-10-lt-canna\/","title":{"rendered":"Canna Coco B &#8211; 10 lt. Canna"},"content":{"rendered":"<p>Presentamos el &quot;Canna Coco B &#8211; 10 lt.&quot;, el fertilizante ideal para aquellos que buscan maximizar el crecimiento y salud de sus plantas en sustratos de coco. Dise\u00f1ado espec\u00edficamente para complementar el &quot;Canna Coco A&quot;, este producto asegura que tus plantas reciban los nutrientes esenciales para un desarrollo \u00f3ptimo.<\/p>\n<ul>\n<li>Peso: 11.5 kg<\/li>\n<li>Categor\u00eda: Fertilizantes<\/li>\n<li>Volumen: 10 litros<\/li>\n<li>Dise\u00f1ado para ser usado en combinaci\u00f3n con Canna Coco A<\/li>\n<\/ul>\n<h4>Beneficios y Usos<\/h4>\n<p>Canna Coco B proporciona a tus plantas los elementos vitales que necesitan para prosperar en un sustrato de coco. Al usar este fertilizante, puedes esperar un crecimiento vigoroso, un color verde intenso y una floraci\u00f3n abundante. Ideal tanto para cultivos dom\u00e9sticos como profesionales, asegura que tus plantas absorban los nutrientes de manera eficiente.<\/p>\n<p>Composici\u00f3n:<\/p>\n<p>Canna Coco B est\u00e1 formulado con minerales de alta calidad y elementos traza necesarios para el desarrollo de las plantas.<\/p>\n<p>Instrucciones de uso y dosificaci\u00f3n:<\/p>\n<p>Mezcla Canna Coco B con Canna Coco A en partes iguales. Agita bien antes de usar. Dosifica seg\u00fan las necesidades de tus plantas, generalmente 4 ml por litro de agua. Ajusta el pH entre 5.5 y 6.2 para resultados \u00f3ptimos. Utiliza el fertilizante con cada riego para obtener los mejores resultados.<\/p>\n","protected":false},"excerpt":{"rendered":"<p><P>Tras varios a\u00f1os de investigaciones con an\u00e1lisis de suelos, drenaje y hojas, CANNA ha logrado ser el primero en desarrollar un fertilizante que est\u00e1 espec\u00edficamente adaptado a las caracter\u00edsticas de los sustratos de cocos. CANNA Coco A y B est\u00e1 compuesto de minerales de valor a\u00f1adido y, adem\u00e1s contiene quelatos naturales, \u00e1cidos h\u00famicos y f\u00falvicos que permiten que la planta absorba nutrientes de forma \u00f3ptima.<\/P><br \/><P>Cultivadores de todo el mundo se han mostrado entusiastas durante a\u00f1os con el crecimiento explosivo y la floraci\u00f3n profusa de CANNA Coco. Gracias a las exclusivas cualidades amortiguadoras del medio Coco, CANNA Coco A y B se usa para las fases de crecimiento y floraci\u00f3n.<\/P><\/p>\n","protected":false},"featured_media":9638,"comment_status":"open","ping_status":"closed","template":"","meta":{"_bst_post_transparent":"","_bst_post_title":"","_bst_post_layout":"","_bst_post_sidebar_id":"","_bst_post_content_style":"","_bst_post_vertical_padding":"","_bst_post_feature":"","_bst_post_feature_position":"","_bst_post_header":false,"_bst_post_footer":false},"pwb-brand":[132],"product_brand":[],"product_cat":[39],"product_tag":[],"class_list":{"0":"post-9639","1":"product","2":"type-product","3":"status-publish","4":"has-post-thumbnail","6":"pwb-brand-canna","7":"product_cat-fertilizantes","8":"product_shipping_class-entre-10-kg-y-20-kg","10":"first","11":"instock","12":"sale","13":"taxable","14":"shipping-taxable","15":"purchasable","16":"product-type-simple","17":"entry","18":"content-bg","19":"loop-entry"},"brands":[{"id":132,"name":"Canna","slug":"canna"}],"_links":{"self":[{"href":"https:\/\/puregrowshop.com\/fr\/wp-json\/wp\/v2\/product\/9639","targetHints":{"allow":["GET"]}}],"collection":[{"href":"https:\/\/puregrowshop.com\/fr\/wp-json\/wp\/v2\/product"}],"about":[{"href":"https:\/\/puregrowshop.com\/fr\/wp-json\/wp\/v2\/types\/product"}],"replies":[{"embeddable":true,"href":"https:\/\/puregrowshop.com\/fr\/wp-json\/wp\/v2\/comments?post=9639"}],"wp:featuredmedia":[{"embeddable":true,"href":"https:\/\/puregrowshop.com\/fr\/wp-json\/wp\/v2\/media\/9638"}],"wp:attachment":[{"href":"https:\/\/puregrowshop.com\/fr\/wp-json\/wp\/v2\/media?parent=9639"}],"wp:term":[{"taxonomy":"pwb-brand","embeddable":true,"href":"https:\/\/puregrowshop.com\/fr\/wp-json\/wp\/v2\/pwb-brand?post=9639"},{"taxonomy":"product_brand","embeddable":true,"href":"https:\/\/puregrowshop.com\/fr\/wp-json\/wp\/v2\/product_brand?post=9639"},{"taxonomy":"product_cat","embeddable":true,"href":"https:\/\/puregrowshop.com\/fr\/wp-json\/wp\/v2\/product_cat?post=9639"},{"taxonomy":"product_tag","embeddable":true,"href":"https:\/\/puregrowshop.com\/fr\/wp-json\/wp\/v2\/product_tag?post=9639"}],"curies":[{"name":"wp","href":"https:\/\/api.w.org\/{rel}","templated":true}]}}