{"id":9635,"date":"2024-10-28T11:12:25","date_gmt":"2024-10-28T11:12:25","guid":{"rendered":"https:\/\/puregrowshop.com\/canna-coco-b-1-lt-canna\/"},"modified":"2025-12-27T20:00:47","modified_gmt":"2025-12-27T20:00:47","slug":"canna-coco-b-1-lt-canna","status":"publish","type":"product","link":"https:\/\/puregrowshop.com\/fr\/canna-coco-b-1-lt-canna\/","title":{"rendered":"Canna Coco B &#8211;  1 lt. Canna"},"content":{"rendered":"<p>Presentamos el &quot;Canna Coco B &#8211; 1 lt.&quot;, un fertilizante de alta calidad dise\u00f1ado espec\u00edficamente para optimizar el crecimiento de tus plantas en sustratos de coco. Este producto es parte fundamental del sistema de nutrici\u00f3n Canna Coco, reconocido por su eficacia en el cultivo profesional y dom\u00e9stico.<\/p>\n<ul>\n<li>Peso: 1.2 kg<\/li>\n<li>Categor\u00eda: Fertilizantes<\/li>\n<li>Volumen: 1 litro<\/li>\n<\/ul>\n<p>El &quot;Canna Coco B&quot; ofrece una rica mezcla de nutrientes esenciales que promueven un crecimiento vigoroso y una floraci\u00f3n abundante. Es ideal para aquellos que buscan maximizar el potencial de sus cultivos en sustratos de coco, ya que asegura una absorci\u00f3n \u00f3ptima de nutrientes y mejora la producci\u00f3n.<\/p>\n<p>Composici\u00f3n: Este fertilizante contiene una equilibrada proporci\u00f3n de nitr\u00f3geno, f\u00f3sforo y potasio, junto con micronutrientes esenciales que garantizan un desarrollo saludable de las plantas.<\/p>\n<p>Instrucciones de uso y dosificaci\u00f3n: Agite bien antes de usar. Mezcle 50 ml de Canna Coco B con 10 litros de agua. Use en combinaci\u00f3n con Canna Coco A para obtener mejores resultados. Aplique la soluci\u00f3n nutritiva cada vez que riegue sus plantas, ajustando seg\u00fan las necesidades espec\u00edficas del cultivo.<\/p>\n","protected":false},"excerpt":{"rendered":"<p><P>Tras varios a\u00f1os de investigaciones con an\u00e1lisis de suelos, drenaje y hojas, CANNA ha logrado ser el primero en desarrollar un fertilizante que est\u00e1 espec\u00edficamente adaptado a las caracter\u00edsticas de los sustratos de cocos. CANNA Coco A y B est\u00e1 compuesto de minerales de valor a\u00f1adido y, adem\u00e1s contiene quelatos naturales, \u00e1cidos h\u00famicos y f\u00falvicos que permiten que la planta absorba nutrientes de forma \u00f3ptima.<\/P><br \/><P>Cultivadores de todo el mundo se han mostrado entusiastas durante a\u00f1os con el crecimiento explosivo y la floraci\u00f3n profusa de CANNA Coco. Gracias a las exclusivas cualidades amortiguadoras del medio Coco, CANNA Coco A y B se usa para las fases de crecimiento y floraci\u00f3n.<\/P><\/p>\n","protected":false},"featured_media":9634,"comment_status":"open","ping_status":"closed","template":"","meta":{"_bst_post_transparent":"","_bst_post_title":"","_bst_post_layout":"","_bst_post_sidebar_id":"","_bst_post_content_style":"","_bst_post_vertical_padding":"","_bst_post_feature":"","_bst_post_feature_position":"","_bst_post_header":false,"_bst_post_footer":false},"pwb-brand":[132],"product_brand":[],"product_cat":[39],"product_tag":[],"class_list":{"0":"post-9635","1":"product","2":"type-product","3":"status-publish","4":"has-post-thumbnail","6":"pwb-brand-canna","7":"product_cat-fertilizantes","9":"first","10":"instock","11":"sale","12":"taxable","13":"shipping-taxable","14":"purchasable","15":"product-type-simple","16":"entry","17":"content-bg","18":"loop-entry"},"brands":[{"id":132,"name":"Canna","slug":"canna"}],"_links":{"self":[{"href":"https:\/\/puregrowshop.com\/fr\/wp-json\/wp\/v2\/product\/9635","targetHints":{"allow":["GET"]}}],"collection":[{"href":"https:\/\/puregrowshop.com\/fr\/wp-json\/wp\/v2\/product"}],"about":[{"href":"https:\/\/puregrowshop.com\/fr\/wp-json\/wp\/v2\/types\/product"}],"replies":[{"embeddable":true,"href":"https:\/\/puregrowshop.com\/fr\/wp-json\/wp\/v2\/comments?post=9635"}],"wp:featuredmedia":[{"embeddable":true,"href":"https:\/\/puregrowshop.com\/fr\/wp-json\/wp\/v2\/media\/9634"}],"wp:attachment":[{"href":"https:\/\/puregrowshop.com\/fr\/wp-json\/wp\/v2\/media?parent=9635"}],"wp:term":[{"taxonomy":"pwb-brand","embeddable":true,"href":"https:\/\/puregrowshop.com\/fr\/wp-json\/wp\/v2\/pwb-brand?post=9635"},{"taxonomy":"product_brand","embeddable":true,"href":"https:\/\/puregrowshop.com\/fr\/wp-json\/wp\/v2\/product_brand?post=9635"},{"taxonomy":"product_cat","embeddable":true,"href":"https:\/\/puregrowshop.com\/fr\/wp-json\/wp\/v2\/product_cat?post=9635"},{"taxonomy":"product_tag","embeddable":true,"href":"https:\/\/puregrowshop.com\/fr\/wp-json\/wp\/v2\/product_tag?post=9635"}],"curies":[{"name":"wp","href":"https:\/\/api.w.org\/{rel}","templated":true}]}}