{"id":9633,"date":"2024-10-28T11:12:25","date_gmt":"2024-10-28T11:12:25","guid":{"rendered":"https:\/\/puregrowshop.com\/canna-coco-a-10-lt-canna\/"},"modified":"2025-12-27T20:00:47","modified_gmt":"2025-12-27T20:00:47","slug":"canna-coco-a-10-lt-canna","status":"publish","type":"product","link":"https:\/\/puregrowshop.com\/fr\/canna-coco-a-10-lt-canna\/","title":{"rendered":"Canna Coco A &#8211; 10 lt. Canna"},"content":{"rendered":"<p>Canna Coco A &#8211; 10 lt. Canna es un fertilizante de alta calidad dise\u00f1ado espec\u00edficamente para optimizar el crecimiento de tus plantas en sustratos de coco. Este producto es ideal para cultivadores que buscan maximizar el rendimiento y salud de sus plantas con un cuidado profesional.<\/p>\n<ul>\n<li>Peso: 11.5 kg<\/li>\n<li>Categor\u00eda: Fertilizantes<\/li>\n<li>Especialmente formulado para sustratos de coco<\/li>\n<li>Compatible con sistemas de riego autom\u00e1ticos<\/li>\n<\/ul>\n<p>Canna Coco A proporciona los nutrientes esenciales que tus plantas necesitan para un crecimiento vigoroso y saludable. Su f\u00f3rmula equilibrada promueve ra\u00edces fuertes, tallos robustos y un desarrollo exuberante del follaje. Al utilizar este fertilizante, puedes esperar un aumento en la productividad y calidad de tus cultivos.<\/p>\n<p>Este producto est\u00e1 compuesto por una mezcla precisa de minerales y nutrientes que se disuelven f\u00e1cilmente en agua, asegurando una absorci\u00f3n eficiente por parte de las ra\u00edces.<\/p>\n<p>Para obtener los mejores resultados, mezcla Canna Coco A con Canna Coco B en partes iguales. Se recomienda una dosis de 2 a 4 ml por litro de agua, ajustando seg\u00fan las necesidades espec\u00edficas de tus cultivos y condiciones de crecimiento. Aseg\u00farate de agitar bien antes de usar y almacenar en un lugar fresco y oscuro.<\/p>\n","protected":false},"excerpt":{"rendered":"<p><P>Tras varios a\u00f1os de investigaciones con an\u00e1lisis de suelos, drenaje y hojas, CANNA ha logrado ser el primero en desarrollar un fertilizante que est\u00e1 espec\u00edficamente adaptado a las caracter\u00edsticas de los sustratos de cocos. CANNA Coco A y B est\u00e1 compuesto de minerales de valor a\u00f1adido y, adem\u00e1s contiene quelatos naturales, \u00e1cidos h\u00famicos y f\u00falvicos que permiten que la planta absorba nutrientes de forma \u00f3ptima.<\/P><br \/><P>Cultivadores de todo el mundo se han mostrado entusiastas durante a\u00f1os con el crecimiento explosivo y la floraci\u00f3n profusa de CANNA Coco. Gracias a las exclusivas cualidades amortiguadoras del medio Coco, CANNA Coco A y B se usa para las fases de crecimiento y floraci\u00f3n.<\/P><\/p>\n","protected":false},"featured_media":9632,"comment_status":"open","ping_status":"closed","template":"","meta":{"_bst_post_transparent":"","_bst_post_title":"","_bst_post_layout":"","_bst_post_sidebar_id":"","_bst_post_content_style":"","_bst_post_vertical_padding":"","_bst_post_feature":"","_bst_post_feature_position":"","_bst_post_header":false,"_bst_post_footer":false},"pwb-brand":[132],"product_brand":[],"product_cat":[39],"product_tag":[],"class_list":{"0":"post-9633","1":"product","2":"type-product","3":"status-publish","4":"has-post-thumbnail","6":"pwb-brand-canna","7":"product_cat-fertilizantes","8":"product_shipping_class-entre-10-kg-y-20-kg","10":"first","11":"instock","12":"sale","13":"taxable","14":"shipping-taxable","15":"purchasable","16":"product-type-simple","17":"entry","18":"content-bg","19":"loop-entry"},"brands":[{"id":132,"name":"Canna","slug":"canna"}],"_links":{"self":[{"href":"https:\/\/puregrowshop.com\/fr\/wp-json\/wp\/v2\/product\/9633","targetHints":{"allow":["GET"]}}],"collection":[{"href":"https:\/\/puregrowshop.com\/fr\/wp-json\/wp\/v2\/product"}],"about":[{"href":"https:\/\/puregrowshop.com\/fr\/wp-json\/wp\/v2\/types\/product"}],"replies":[{"embeddable":true,"href":"https:\/\/puregrowshop.com\/fr\/wp-json\/wp\/v2\/comments?post=9633"}],"wp:featuredmedia":[{"embeddable":true,"href":"https:\/\/puregrowshop.com\/fr\/wp-json\/wp\/v2\/media\/9632"}],"wp:attachment":[{"href":"https:\/\/puregrowshop.com\/fr\/wp-json\/wp\/v2\/media?parent=9633"}],"wp:term":[{"taxonomy":"pwb-brand","embeddable":true,"href":"https:\/\/puregrowshop.com\/fr\/wp-json\/wp\/v2\/pwb-brand?post=9633"},{"taxonomy":"product_brand","embeddable":true,"href":"https:\/\/puregrowshop.com\/fr\/wp-json\/wp\/v2\/product_brand?post=9633"},{"taxonomy":"product_cat","embeddable":true,"href":"https:\/\/puregrowshop.com\/fr\/wp-json\/wp\/v2\/product_cat?post=9633"},{"taxonomy":"product_tag","embeddable":true,"href":"https:\/\/puregrowshop.com\/fr\/wp-json\/wp\/v2\/product_tag?post=9633"}],"curies":[{"name":"wp","href":"https:\/\/api.w.org\/{rel}","templated":true}]}}