{"id":9631,"date":"2024-10-28T11:12:25","date_gmt":"2024-10-28T11:12:25","guid":{"rendered":"https:\/\/puregrowshop.com\/canna-coco-a-5-lt-canna\/"},"modified":"2026-01-13T09:23:03","modified_gmt":"2026-01-13T09:23:03","slug":"canna-coco-a-5-lt-canna","status":"publish","type":"product","link":"https:\/\/puregrowshop.com\/fr\/canna-coco-a-5-lt-canna\/","title":{"rendered":"Canna Coco A &#8211;  5 lt. Canna"},"content":{"rendered":"<p>Canna Coco A &#8211; 5 lt. Canna es un fertilizante de alta calidad dise\u00f1ado espec\u00edficamente para el cultivo en sustratos de coco. Ideal para cultivadores que buscan maximizar el potencial de sus plantas, este producto asegura un crecimiento robusto y una floraci\u00f3n abundante.<\/p>\n<ul>\n<li>Peso: 6.2 kg<\/li>\n<li>Categor\u00eda: Fertilizantes<\/li>\n<li>Formulado especialmente para sustratos de coco<\/li>\n<li>Proporciona los nutrientes esenciales para cada etapa del crecimiento<\/li>\n<\/ul>\n<p>Canna Coco A ofrece una nutrici\u00f3n equilibrada, promoviendo un desarrollo vigoroso y saludable. Su f\u00f3rmula est\u00e1 dise\u00f1ada para mejorar la absorci\u00f3n de nutrientes, lo que resulta en un crecimiento m\u00e1s r\u00e1pido y una mayor producci\u00f3n de flores, maximizando el rendimiento de tus plantas.<\/p>\n<p>Composici\u00f3n: Compuesto por una mezcla precisa de minerales, Canna Coco A garantiza la disponibilidad \u00f3ptima de nutrientes esenciales.<\/p>\n<p>Instrucciones de uso y dosificaci\u00f3n: Agite bien antes de usar. Mezcle 10 ml de Canna Coco A por cada litro de agua. Utilice en conjunto con Canna Coco B para obtener los mejores resultados. Administre regularmente durante el ciclo de crecimiento y floraci\u00f3n. Siga las instrucciones espec\u00edficas para evitar la sobre fertilizaci\u00f3n.<\/p>\n","protected":false},"excerpt":{"rendered":"<p><P>Tras varios a\u00f1os de investigaciones con an\u00e1lisis de suelos, drenaje y hojas, CANNA ha logrado ser el primero en desarrollar un fertilizante que est\u00e1 espec\u00edficamente adaptado a las caracter\u00edsticas de los sustratos de cocos. CANNA Coco A y B est\u00e1 compuesto de minerales de valor a\u00f1adido y, adem\u00e1s contiene quelatos naturales, \u00e1cidos h\u00famicos y f\u00falvicos que permiten que la planta absorba nutrientes de forma \u00f3ptima.<\/P><br \/><P>Cultivadores de todo el mundo se han mostrado entusiastas durante a\u00f1os con el crecimiento explosivo y la floraci\u00f3n profusa de CANNA Coco. Gracias a las exclusivas cualidades amortiguadoras del medio Coco, CANNA Coco A y B se usa para las fases de crecimiento y floraci\u00f3n.<\/P><\/p>\n","protected":false},"featured_media":9630,"comment_status":"open","ping_status":"closed","template":"","meta":{"_bst_post_transparent":"","_bst_post_title":"","_bst_post_layout":"","_bst_post_sidebar_id":"","_bst_post_content_style":"","_bst_post_vertical_padding":"","_bst_post_feature":"","_bst_post_feature_position":"","_bst_post_header":false,"_bst_post_footer":false},"pwb-brand":[132],"product_brand":[],"product_cat":[39],"product_tag":[],"class_list":{"0":"post-9631","1":"product","2":"type-product","3":"status-publish","4":"has-post-thumbnail","6":"pwb-brand-canna","7":"product_cat-fertilizantes","8":"product_shipping_class-entre-5-kg-y-10-kg","10":"first","11":"instock","12":"sale","13":"taxable","14":"shipping-taxable","15":"purchasable","16":"product-type-simple","17":"entry","18":"content-bg","19":"loop-entry"},"brands":[{"id":132,"name":"Canna","slug":"canna"}],"_links":{"self":[{"href":"https:\/\/puregrowshop.com\/fr\/wp-json\/wp\/v2\/product\/9631","targetHints":{"allow":["GET"]}}],"collection":[{"href":"https:\/\/puregrowshop.com\/fr\/wp-json\/wp\/v2\/product"}],"about":[{"href":"https:\/\/puregrowshop.com\/fr\/wp-json\/wp\/v2\/types\/product"}],"replies":[{"embeddable":true,"href":"https:\/\/puregrowshop.com\/fr\/wp-json\/wp\/v2\/comments?post=9631"}],"wp:featuredmedia":[{"embeddable":true,"href":"https:\/\/puregrowshop.com\/fr\/wp-json\/wp\/v2\/media\/9630"}],"wp:attachment":[{"href":"https:\/\/puregrowshop.com\/fr\/wp-json\/wp\/v2\/media?parent=9631"}],"wp:term":[{"taxonomy":"pwb-brand","embeddable":true,"href":"https:\/\/puregrowshop.com\/fr\/wp-json\/wp\/v2\/pwb-brand?post=9631"},{"taxonomy":"product_brand","embeddable":true,"href":"https:\/\/puregrowshop.com\/fr\/wp-json\/wp\/v2\/product_brand?post=9631"},{"taxonomy":"product_cat","embeddable":true,"href":"https:\/\/puregrowshop.com\/fr\/wp-json\/wp\/v2\/product_cat?post=9631"},{"taxonomy":"product_tag","embeddable":true,"href":"https:\/\/puregrowshop.com\/fr\/wp-json\/wp\/v2\/product_tag?post=9631"}],"curies":[{"name":"wp","href":"https:\/\/api.w.org\/{rel}","templated":true}]}}