{"id":9621,"date":"2024-10-28T11:12:23","date_gmt":"2024-10-28T11:12:23","guid":{"rendered":"https:\/\/puregrowshop.com\/boost-acelerator-1-lt-canna\/"},"modified":"2025-12-27T20:00:39","modified_gmt":"2025-12-27T20:00:39","slug":"boost-acelerator-1-lt-canna","status":"publish","type":"product","link":"https:\/\/puregrowshop.com\/fr\/boost-acelerator-1-lt-canna\/","title":{"rendered":"Boost Acelerator  1 lt. Canna"},"content":{"rendered":"<p>BioBOOST: desarrollado por CANNA Research con extractos de plantas de selvas tropicales, es un verdadero est\u00edmulo para las plantas. Los componentes bioactivos ocasionan un metabolismo adicional, imprescindible para la planta durante la fase de floraci\u00f3n. Las plantas producen m\u00e1s fructosa, crecen m\u00e1s sanas, son m\u00e1s resistentes y por consiguiente son menos propensas a enfermedades y plagas. El resultado es un alto rendimiento y una fructificaci\u00f3n abundante y vital. <BR>El n\u00famero de componentes bioactivos en BioBOOST es enorme.<\/p>\n","protected":false},"excerpt":{"rendered":"<p>Tras a\u00f1os de investigaci\u00f3n de microorganismos especiales y materias primas vegetales, CANNA Research ha conseguido desarrollar un proceso de fermentaci\u00f3n 100% controlado. De esta forma es posible obtener un producto constante con una composici\u00f3n mineral correcta y exacta para producir ingredientes org\u00e1nicos. Los componentes de BIOCANNA son directamente absorbibles, estimulan el metabolismo y la resistencia de la planta, y adem\u00e1s, mejora la calidad del suelo y la biodiversidad. <BR>BioBOOST es un aditivo que mejora el rendimiento de cada sistema de cultivo y se puede aplicar en combinaci\u00f3n con todas las l\u00edneas de fertilizantes y aditivos de CANNA. BioBOOST no es un fertilizante, sino un extracto de plantas fermentadas con caracter\u00edsticas estimulates de floraci\u00f3n que son, adem\u00e1s, responsables de un sabor m\u00e1s intenso.<\/p>\n","protected":false},"featured_media":9620,"comment_status":"open","ping_status":"closed","template":"","meta":{"_bst_post_transparent":"","_bst_post_title":"","_bst_post_layout":"","_bst_post_sidebar_id":"","_bst_post_content_style":"","_bst_post_vertical_padding":"","_bst_post_feature":"","_bst_post_feature_position":"","_bst_post_header":false,"_bst_post_footer":false},"pwb-brand":[132],"product_brand":[],"product_cat":[39],"product_tag":[],"class_list":{"0":"post-9621","1":"product","2":"type-product","3":"status-publish","4":"has-post-thumbnail","6":"pwb-brand-canna","7":"product_cat-fertilizantes","9":"first","10":"instock","11":"sale","12":"taxable","13":"shipping-taxable","14":"purchasable","15":"product-type-simple","16":"entry","17":"content-bg","18":"loop-entry"},"brands":[{"id":132,"name":"Canna","slug":"canna"}],"_links":{"self":[{"href":"https:\/\/puregrowshop.com\/fr\/wp-json\/wp\/v2\/product\/9621","targetHints":{"allow":["GET"]}}],"collection":[{"href":"https:\/\/puregrowshop.com\/fr\/wp-json\/wp\/v2\/product"}],"about":[{"href":"https:\/\/puregrowshop.com\/fr\/wp-json\/wp\/v2\/types\/product"}],"replies":[{"embeddable":true,"href":"https:\/\/puregrowshop.com\/fr\/wp-json\/wp\/v2\/comments?post=9621"}],"wp:featuredmedia":[{"embeddable":true,"href":"https:\/\/puregrowshop.com\/fr\/wp-json\/wp\/v2\/media\/9620"}],"wp:attachment":[{"href":"https:\/\/puregrowshop.com\/fr\/wp-json\/wp\/v2\/media?parent=9621"}],"wp:term":[{"taxonomy":"pwb-brand","embeddable":true,"href":"https:\/\/puregrowshop.com\/fr\/wp-json\/wp\/v2\/pwb-brand?post=9621"},{"taxonomy":"product_brand","embeddable":true,"href":"https:\/\/puregrowshop.com\/fr\/wp-json\/wp\/v2\/product_brand?post=9621"},{"taxonomy":"product_cat","embeddable":true,"href":"https:\/\/puregrowshop.com\/fr\/wp-json\/wp\/v2\/product_cat?post=9621"},{"taxonomy":"product_tag","embeddable":true,"href":"https:\/\/puregrowshop.com\/fr\/wp-json\/wp\/v2\/product_tag?post=9621"}],"curies":[{"name":"wp","href":"https:\/\/api.w.org\/{rel}","templated":true}]}}