{"id":9613,"date":"2024-10-28T11:12:22","date_gmt":"2024-10-28T11:12:22","guid":{"rendered":"https:\/\/puregrowshop.com\/bio-rhizotonic-250-ml-canna\/"},"modified":"2026-03-18T21:22:40","modified_gmt":"2026-03-18T21:22:40","slug":"bio-rhizotonic-250-ml-canna","status":"publish","type":"product","link":"https:\/\/puregrowshop.com\/fr\/bio-rhizotonic-250-ml-canna\/","title":{"rendered":"Bio Rhizotonic   250 ml. Canna"},"content":{"rendered":"<p>Descubra el poder de Bio Rhizotonic 250 ml de Canna, un revolucionario fertilizante dise\u00f1ado para estimular el crecimiento radicular en las plantas. Ideal para horticultores que buscan mejorar la salud y vitalidad de sus cultivos, este producto es esencial para un desarrollo \u00f3ptimo desde la ra\u00edz.<\/p>\n<ul>\n<li>Peso: 0.3 kg<\/li>\n<li>Categor\u00eda: Fertilizantes<\/li>\n<li>Formato: L\u00edquido<\/li>\n<li>Volumen: 250 ml<\/li>\n<\/ul>\n<p>Bio Rhizotonic es conocido por sus m\u00faltiples beneficios, incluyendo el fortalecimiento del sistema radicular, lo que aumenta la resistencia de las plantas a enfermedades. Mejora la absorci\u00f3n de nutrientes y acelera el proceso de germinaci\u00f3n, permitiendo un crecimiento m\u00e1s r\u00e1pido y vigoroso. Adem\u00e1s, es perfecto para plantas en situaciones de estr\u00e9s, ayudando a recuperarlas r\u00e1pidamente.<\/p>\n<p>Este producto est\u00e1 compuesto principalmente de extractos vegetales 100% naturales, lo que garantiza un enfoque org\u00e1nico en el cuidado de sus plantas.<\/p>\n<p>Para obtener los mejores resultados, diluya 20-40 ml de Bio Rhizotonic en 10 litros de agua. Aplique directamente en el sustrato o util\u00edcelo como spray foliar. Es recomendable usarlo durante las primeras semanas de crecimiento o cuando las plantas experimenten estr\u00e9s. Aseg\u00farese de agitar bien antes de usar y almacenar en un lugar fresco y oscuro.<\/p>\n","protected":false},"excerpt":{"rendered":"<p>Es un estimulante radicular 100 % natural con certificado biol\u00f3gico (OMRI). Est\u00e1 compuesto por varias vitaminas, entre ellas, la vitamina B1 y B2. BioRhizotonic favorece el desarrollo del pelo radicular y de las puntas de la ra\u00edz, y aumenta la resistencia de la planta. Un sistema radicular fuerte permite que la planta pueda absorber m\u00e1s sustancias nutrientes y crezca con m\u00e1s rapidez. BioRhizotonic ejerce un visible efecto vitalizador en las plantas y arraigan m\u00e1s r\u00e1pidamente en el suelo. Adem\u00e1s, BioRhizotonic recupera y refuerza las plantas que parecen enfermas o en mal estado.<\/p>\n","protected":false},"featured_media":9612,"comment_status":"open","ping_status":"closed","template":"","meta":{"_bst_post_transparent":"","_bst_post_title":"","_bst_post_layout":"","_bst_post_sidebar_id":"","_bst_post_content_style":"","_bst_post_vertical_padding":"","_bst_post_feature":"","_bst_post_feature_position":"","_bst_post_header":false,"_bst_post_footer":false},"pwb-brand":[132],"product_brand":[],"product_cat":[39],"product_tag":[],"class_list":{"0":"post-9613","1":"product","2":"type-product","3":"status-publish","4":"has-post-thumbnail","6":"pwb-brand-canna","7":"product_cat-fertilizantes","9":"first","10":"instock","11":"sale","12":"taxable","13":"shipping-taxable","14":"purchasable","15":"product-type-simple","16":"entry","17":"content-bg","18":"loop-entry"},"brands":[{"id":132,"name":"Canna","slug":"canna"}],"_links":{"self":[{"href":"https:\/\/puregrowshop.com\/fr\/wp-json\/wp\/v2\/product\/9613","targetHints":{"allow":["GET"]}}],"collection":[{"href":"https:\/\/puregrowshop.com\/fr\/wp-json\/wp\/v2\/product"}],"about":[{"href":"https:\/\/puregrowshop.com\/fr\/wp-json\/wp\/v2\/types\/product"}],"replies":[{"embeddable":true,"href":"https:\/\/puregrowshop.com\/fr\/wp-json\/wp\/v2\/comments?post=9613"}],"wp:featuredmedia":[{"embeddable":true,"href":"https:\/\/puregrowshop.com\/fr\/wp-json\/wp\/v2\/media\/9612"}],"wp:attachment":[{"href":"https:\/\/puregrowshop.com\/fr\/wp-json\/wp\/v2\/media?parent=9613"}],"wp:term":[{"taxonomy":"pwb-brand","embeddable":true,"href":"https:\/\/puregrowshop.com\/fr\/wp-json\/wp\/v2\/pwb-brand?post=9613"},{"taxonomy":"product_brand","embeddable":true,"href":"https:\/\/puregrowshop.com\/fr\/wp-json\/wp\/v2\/product_brand?post=9613"},{"taxonomy":"product_cat","embeddable":true,"href":"https:\/\/puregrowshop.com\/fr\/wp-json\/wp\/v2\/product_cat?post=9613"},{"taxonomy":"product_tag","embeddable":true,"href":"https:\/\/puregrowshop.com\/fr\/wp-json\/wp\/v2\/product_tag?post=9613"}],"curies":[{"name":"wp","href":"https:\/\/api.w.org\/{rel}","templated":true}]}}