{"id":9611,"date":"2024-10-28T11:12:22","date_gmt":"2024-10-28T11:12:22","guid":{"rendered":"https:\/\/puregrowshop.com\/bio-rhizotonic-1-lt-canna\/"},"modified":"2025-12-27T20:00:29","modified_gmt":"2025-12-27T20:00:29","slug":"bio-rhizotonic-1-lt-canna","status":"publish","type":"product","link":"https:\/\/puregrowshop.com\/fr\/bio-rhizotonic-1-lt-canna\/","title":{"rendered":"Bio Rhizotonic  1 lt. Canna"},"content":{"rendered":"<p>Descubre el poder revitalizante del Bio Rhizotonic 1 lt. de Canna, un fertilizante org\u00e1nico dise\u00f1ado para impulsar el crecimiento y la resistencia de tus plantas desde la ra\u00edz. Especialmente formulado para mejorar la estructura del suelo y fortalecer el sistema radicular, Bio Rhizotonic es el aliado perfecto para lograr un cultivo saludable y vigoroso.<\/p>\n<ul>\n<li>Peso: 1.2 kg<\/li>\n<li>Categor\u00eda: Fertilizantes<\/li>\n<li>Formato: L\u00edquido<\/li>\n<li>Uso: Interior y exterior<\/li>\n<li>Aplicaci\u00f3n: Universal para todo tipo de plantas<\/li>\n<\/ul>\n<h4>Beneficios y Usos<\/h4>\n<p>Bio Rhizotonic estimula el desarrollo radicular, mejorando la absorci\u00f3n de nutrientes y agua. Ideal para plantas j\u00f3venes o trasplantadas, este fertilizante aumenta la resistencia al estr\u00e9s y promueve un crecimiento m\u00e1s r\u00e1pido y uniforme. Adem\u00e1s, su composici\u00f3n org\u00e1nica favorece un ecosistema sostenible y saludable.<\/p>\n<p>Composici\u00f3n:<\/p>\n<p>Elaborado con extractos vegetales naturales, Bio Rhizotonic contiene micronutrientes esenciales y vitaminas que revitalizan el suelo y potencian la vitalidad de tus plantas.<\/p>\n<p>Instrucciones de Uso y Dosificaci\u00f3n:<\/p>\n<p>Diluir 40 ml de Bio Rhizotonic por cada 10 litros de agua. Aplicar en el riego durante las primeras semanas de crecimiento o despu\u00e9s del trasplante. Recomendado para uso semanal o seg\u00fan las necesidades espec\u00edficas del cultivo.<\/p>\n","protected":false},"excerpt":{"rendered":"<p>Es un estimulante radicular 100 % natural con certificado biol\u00f3gico (OMRI). Est\u00e1 compuesto por varias vitaminas, entre ellas, la vitamina B1 y B2. BioRhizotonic favorece el desarrollo del pelo radicular y de las puntas de la ra\u00edz, y aumenta la resistencia de la planta. Un sistema radicular fuerte permite que la planta pueda absorber m\u00e1s sustancias nutrientes y crezca con m\u00e1s rapidez. BioRhizotonic ejerce un visible efecto vitalizador en las plantas y arraigan m\u00e1s r\u00e1pidamente en el suelo. Adem\u00e1s, BioRhizotonic recupera y refuerza las plantas que parecen enfermas o en mal estado.<\/p>\n","protected":false},"featured_media":9610,"comment_status":"open","ping_status":"closed","template":"","meta":{"_bst_post_transparent":"","_bst_post_title":"","_bst_post_layout":"","_bst_post_sidebar_id":"","_bst_post_content_style":"","_bst_post_vertical_padding":"","_bst_post_feature":"","_bst_post_feature_position":"","_bst_post_header":false,"_bst_post_footer":false},"pwb-brand":[132],"product_brand":[],"product_cat":[39],"product_tag":[],"class_list":{"0":"post-9611","1":"product","2":"type-product","3":"status-publish","4":"has-post-thumbnail","6":"pwb-brand-canna","7":"product_cat-fertilizantes","9":"first","10":"instock","11":"sale","12":"taxable","13":"shipping-taxable","14":"purchasable","15":"product-type-simple","16":"entry","17":"content-bg","18":"loop-entry"},"brands":[{"id":132,"name":"Canna","slug":"canna"}],"_links":{"self":[{"href":"https:\/\/puregrowshop.com\/fr\/wp-json\/wp\/v2\/product\/9611","targetHints":{"allow":["GET"]}}],"collection":[{"href":"https:\/\/puregrowshop.com\/fr\/wp-json\/wp\/v2\/product"}],"about":[{"href":"https:\/\/puregrowshop.com\/fr\/wp-json\/wp\/v2\/types\/product"}],"replies":[{"embeddable":true,"href":"https:\/\/puregrowshop.com\/fr\/wp-json\/wp\/v2\/comments?post=9611"}],"wp:featuredmedia":[{"embeddable":true,"href":"https:\/\/puregrowshop.com\/fr\/wp-json\/wp\/v2\/media\/9610"}],"wp:attachment":[{"href":"https:\/\/puregrowshop.com\/fr\/wp-json\/wp\/v2\/media?parent=9611"}],"wp:term":[{"taxonomy":"pwb-brand","embeddable":true,"href":"https:\/\/puregrowshop.com\/fr\/wp-json\/wp\/v2\/pwb-brand?post=9611"},{"taxonomy":"product_brand","embeddable":true,"href":"https:\/\/puregrowshop.com\/fr\/wp-json\/wp\/v2\/product_brand?post=9611"},{"taxonomy":"product_cat","embeddable":true,"href":"https:\/\/puregrowshop.com\/fr\/wp-json\/wp\/v2\/product_cat?post=9611"},{"taxonomy":"product_tag","embeddable":true,"href":"https:\/\/puregrowshop.com\/fr\/wp-json\/wp\/v2\/product_tag?post=9611"}],"curies":[{"name":"wp","href":"https:\/\/api.w.org\/{rel}","templated":true}]}}