{"id":9607,"date":"2024-10-28T11:12:21","date_gmt":"2024-10-28T11:12:21","guid":{"rendered":"https:\/\/puregrowshop.com\/bio-flores-10-lt-canna\/"},"modified":"2025-12-27T20:00:29","modified_gmt":"2025-12-27T20:00:29","slug":"bio-flores-10-lt-canna","status":"publish","type":"product","link":"https:\/\/puregrowshop.com\/fr\/bio-flores-10-lt-canna\/","title":{"rendered":"Bio Flores 10 lt. Canna"},"content":{"rendered":"<p>Presentamos &quot;Bio Flores 10 lt. Canna&quot;, un fertilizante org\u00e1nico especialmente dise\u00f1ado para mejorar el crecimiento y la floraci\u00f3n de tus plantas. Ideal para cualquier entusiasta de la jardiner\u00eda que busca una soluci\u00f3n natural y efectiva, este producto promueve un desarrollo \u00f3ptimo y saludable en tus cultivos.<\/p>\n<ul>\n<li>Peso: 13.5 kg<\/li>\n<li>Categor\u00eda: Fertilizantes<\/li>\n<li>Volumen: 10 litros<\/li>\n<li>Tipo: Org\u00e1nico<\/li>\n<\/ul>\n<h4>Beneficios y Usos<\/h4>\n<p>Bio Flores es perfecto para aquellos que desean maximizar la producci\u00f3n y calidad de sus flores. Este fertilizante fomenta un crecimiento vigoroso, mejora la resistencia de las plantas y optimiza la absorci\u00f3n de nutrientes, asegurando cosechas abundantes y saludables.<\/p>\n<p>Composici\u00f3n:<\/p>\n<p>Formulado a partir de ingredientes naturales, Bio Flores contiene extractos de plantas fermentadas que aportan nutrientes esenciales y estimulan el metabolismo de las plantas de manera natural.<\/p>\n<p>Instrucciones de uso y dosificaci\u00f3n:<\/p>\n<p>Agitar bien antes de usar. Diluir 40 ml de Bio Flores en 10 litros de agua. Aplicar esta soluci\u00f3n una vez por semana durante la fase de floraci\u00f3n. Para obtener los mejores resultados, aseg\u00farese de utilizarlo en combinaci\u00f3n con otros productos de la l\u00ednea Canna.<\/p>\n","protected":false},"excerpt":{"rendered":"<p>Para la fase de floraci\u00f3n de las plantas de r\u00e1pido crecimiento se ha desarrollado BioFlores.Bio Flores contiene extracto de l\u00fapulo, proporcionando muchos de los minerales necesarios en proporciones correctas para una correcta floraci\u00f3n. El extracto de l\u00fapulo contiene, adem\u00e1s de estos minerales, sustancias semejantes al canabinoide lupulina, luparol, lupulon y humulon, que proporcionan a la planta una fuerza de crecimiento adicional.<\/p>\n","protected":false},"featured_media":9606,"comment_status":"open","ping_status":"closed","template":"","meta":{"_bst_post_transparent":"","_bst_post_title":"","_bst_post_layout":"","_bst_post_sidebar_id":"","_bst_post_content_style":"","_bst_post_vertical_padding":"","_bst_post_feature":"","_bst_post_feature_position":"","_bst_post_header":false,"_bst_post_footer":false},"pwb-brand":[132],"product_brand":[],"product_cat":[39],"product_tag":[],"class_list":{"0":"post-9607","1":"product","2":"type-product","3":"status-publish","4":"has-post-thumbnail","6":"pwb-brand-canna","7":"product_cat-fertilizantes","8":"product_shipping_class-entre-10-kg-y-20-kg","10":"first","11":"instock","12":"sale","13":"taxable","14":"shipping-taxable","15":"purchasable","16":"product-type-simple","17":"entry","18":"content-bg","19":"loop-entry"},"brands":[{"id":132,"name":"Canna","slug":"canna"}],"_links":{"self":[{"href":"https:\/\/puregrowshop.com\/fr\/wp-json\/wp\/v2\/product\/9607","targetHints":{"allow":["GET"]}}],"collection":[{"href":"https:\/\/puregrowshop.com\/fr\/wp-json\/wp\/v2\/product"}],"about":[{"href":"https:\/\/puregrowshop.com\/fr\/wp-json\/wp\/v2\/types\/product"}],"replies":[{"embeddable":true,"href":"https:\/\/puregrowshop.com\/fr\/wp-json\/wp\/v2\/comments?post=9607"}],"wp:featuredmedia":[{"embeddable":true,"href":"https:\/\/puregrowshop.com\/fr\/wp-json\/wp\/v2\/media\/9606"}],"wp:attachment":[{"href":"https:\/\/puregrowshop.com\/fr\/wp-json\/wp\/v2\/media?parent=9607"}],"wp:term":[{"taxonomy":"pwb-brand","embeddable":true,"href":"https:\/\/puregrowshop.com\/fr\/wp-json\/wp\/v2\/pwb-brand?post=9607"},{"taxonomy":"product_brand","embeddable":true,"href":"https:\/\/puregrowshop.com\/fr\/wp-json\/wp\/v2\/product_brand?post=9607"},{"taxonomy":"product_cat","embeddable":true,"href":"https:\/\/puregrowshop.com\/fr\/wp-json\/wp\/v2\/product_cat?post=9607"},{"taxonomy":"product_tag","embeddable":true,"href":"https:\/\/puregrowshop.com\/fr\/wp-json\/wp\/v2\/product_tag?post=9607"}],"curies":[{"name":"wp","href":"https:\/\/api.w.org\/{rel}","templated":true}]}}