{"id":9605,"date":"2024-10-28T11:12:21","date_gmt":"2024-10-28T11:12:21","guid":{"rendered":"https:\/\/puregrowshop.com\/bio-flores-1-lt-canna\/"},"modified":"2025-12-27T20:00:29","modified_gmt":"2025-12-27T20:00:29","slug":"bio-flores-1-lt-canna","status":"publish","type":"product","link":"https:\/\/puregrowshop.com\/fr\/bio-flores-1-lt-canna\/","title":{"rendered":"Bio Flores  1 lt. Canna"},"content":{"rendered":"<p>Descubre Bio Flores 1 lt. de Canna, el fertilizante org\u00e1nico dise\u00f1ado para potenciar el crecimiento y floraci\u00f3n de tus plantas. Este producto es ideal para aquellos que buscan un cultivo sostenible y de alta calidad, garantizando que tus plantas reciban todos los nutrientes esenciales de manera natural.<\/p>\n<ul>\n<li>Peso: 1.3 kg<\/li>\n<li>Categor\u00eda: Fertilizantes<\/li>\n<li>Formato: L\u00edquido<\/li>\n<li>Volumen: 1 litro<\/li>\n<\/ul>\n<h4>Beneficios y Usos<\/h4>\n<p>Bio Flores est\u00e1 formulado para nutrir tus plantas de manera eficiente durante la fase de floraci\u00f3n. Promueve un crecimiento vigoroso y una floraci\u00f3n abundante, asegurando que tus plantas alcancen su m\u00e1ximo potencial. Adem\u00e1s, al ser un producto org\u00e1nico, mejora la estructura del suelo y promueve la biodiversidad del entorno.<\/p>\n<p>Composici\u00f3n:<\/p>\n<p>Elaborado a partir de extractos de plantas fermentadas, Bio Flores contiene \u00e1cidos h\u00famicos, f\u00falvicos, y un balance \u00f3ptimo de micronutrientes, esenciales para el desarrollo saludable de las plantas.<\/p>\n<p>Instrucciones de Uso y Dosificaci\u00f3n:<\/p>\n<p>Agite bien antes de usar. Mezcle 40 ml de Bio Flores por cada 10 litros de agua. Aplique durante la fase de floraci\u00f3n una vez a la semana. Aseg\u00farese de ajustar la dosificaci\u00f3n seg\u00fan las necesidades espec\u00edficas de sus plantas para obtener los mejores resultados.<\/p>\n","protected":false},"excerpt":{"rendered":"<p>Para la fase de floraci\u00f3n de las plantas de r\u00e1pido crecimiento se ha desarrollado BioFlores.Bio Flores contiene extracto de l\u00fapulo, proporcionando muchos de los minerales necesarios en proporciones correctas para una correcta floraci\u00f3n. El extracto de l\u00fapulo contiene, adem\u00e1s de estos minerales, sustancias semejantes al canabinoide lupulina, luparol, lupulon y humulon, que proporcionan a la planta una fuerza de crecimiento adicional.<\/p>\n","protected":false},"featured_media":9604,"comment_status":"open","ping_status":"closed","template":"","meta":{"_bst_post_transparent":"","_bst_post_title":"","_bst_post_layout":"","_bst_post_sidebar_id":"","_bst_post_content_style":"","_bst_post_vertical_padding":"","_bst_post_feature":"","_bst_post_feature_position":"","_bst_post_header":false,"_bst_post_footer":false},"pwb-brand":[132],"product_brand":[],"product_cat":[39],"product_tag":[],"class_list":{"0":"post-9605","1":"product","2":"type-product","3":"status-publish","4":"has-post-thumbnail","6":"pwb-brand-canna","7":"product_cat-fertilizantes","9":"first","10":"instock","11":"sale","12":"taxable","13":"shipping-taxable","14":"purchasable","15":"product-type-simple","16":"entry","17":"content-bg","18":"loop-entry"},"brands":[{"id":132,"name":"Canna","slug":"canna"}],"_links":{"self":[{"href":"https:\/\/puregrowshop.com\/fr\/wp-json\/wp\/v2\/product\/9605","targetHints":{"allow":["GET"]}}],"collection":[{"href":"https:\/\/puregrowshop.com\/fr\/wp-json\/wp\/v2\/product"}],"about":[{"href":"https:\/\/puregrowshop.com\/fr\/wp-json\/wp\/v2\/types\/product"}],"replies":[{"embeddable":true,"href":"https:\/\/puregrowshop.com\/fr\/wp-json\/wp\/v2\/comments?post=9605"}],"wp:featuredmedia":[{"embeddable":true,"href":"https:\/\/puregrowshop.com\/fr\/wp-json\/wp\/v2\/media\/9604"}],"wp:attachment":[{"href":"https:\/\/puregrowshop.com\/fr\/wp-json\/wp\/v2\/media?parent=9605"}],"wp:term":[{"taxonomy":"pwb-brand","embeddable":true,"href":"https:\/\/puregrowshop.com\/fr\/wp-json\/wp\/v2\/pwb-brand?post=9605"},{"taxonomy":"product_brand","embeddable":true,"href":"https:\/\/puregrowshop.com\/fr\/wp-json\/wp\/v2\/product_brand?post=9605"},{"taxonomy":"product_cat","embeddable":true,"href":"https:\/\/puregrowshop.com\/fr\/wp-json\/wp\/v2\/product_cat?post=9605"},{"taxonomy":"product_tag","embeddable":true,"href":"https:\/\/puregrowshop.com\/fr\/wp-json\/wp\/v2\/product_tag?post=9605"}],"curies":[{"name":"wp","href":"https:\/\/api.w.org\/{rel}","templated":true}]}}