{"id":9603,"date":"2024-10-28T11:12:20","date_gmt":"2024-10-28T11:12:20","guid":{"rendered":"https:\/\/puregrowshop.com\/bio-boost-250-ml-canna\/"},"modified":"2025-12-27T20:00:29","modified_gmt":"2025-12-27T20:00:29","slug":"bio-boost-250-ml-canna","status":"publish","type":"product","link":"https:\/\/puregrowshop.com\/fr\/bio-boost-250-ml-canna\/","title":{"rendered":"Bio Boost    250 ml. Canna"},"content":{"rendered":"<p>Presentamos el &quot;Bio Boost 250 ml. Canna&quot;, un fertilizante premium dise\u00f1ado para maximizar el rendimiento y la calidad de tus plantas. Ideal para cultivadores que buscan resultados \u00f3ptimos, Bio Boost es tu aliado en el crecimiento saludable y vigoroso de tus cultivos.<\/p>\n<ul>\n<li>Volumen: 250 ml<\/li>\n<li>Peso: 0.3 kg<\/li>\n<li>Categor\u00eda: Fertilizantes<\/li>\n<li>Compatible con todos los sistemas de cultivo<\/li>\n<li>Apto para uso en agricultura ecol\u00f3gica<\/li>\n<\/ul>\n<p>Beneficios y Usos: Bio Boost es un estimulante del rendimiento que mejora significativamente el sabor y la calidad de las flores. Su f\u00f3rmula exclusiva acelera los procesos metab\u00f3licos, permitiendo que las plantas absorban nutrientes de manera m\u00e1s eficiente. Esto se traduce en un crecimiento m\u00e1s r\u00e1pido y cosechas m\u00e1s abundantes, con un sabor y aroma intensificados.<\/p>\n<p>Composici\u00f3n: Elaborado con extractos de plantas fermentadas, Bio Boost contiene una mezcla equilibrada de enzimas y micronutrientes esenciales que favorecen la salud integral de tus plantas.<\/p>\n<p>Instrucciones de uso y dosificaci\u00f3n: Agitar bien antes de usar. A\u00f1adir 2 ml por litro de agua y aplicar durante la fase de floraci\u00f3n. Se recomienda su uso en combinaci\u00f3n con otros productos de la l\u00ednea Canna para obtener resultados \u00f3ptimos. Con Bio Boost, tus cultivos alcanzar\u00e1n su m\u00e1ximo potencial.<\/p>\n","protected":false},"excerpt":{"rendered":"<p>Tras a\u00f1os de investigaci\u00f3n, Canna ha conseguido desarrollar un proceso de fermentaci\u00f3n 100 % controlado. De esta forma es posible obtener un producto constante con una composici\u00f3n mineral correcta y exacta para producir ingredientes org\u00e1nicos. Los componentes de BioBoost son directamente absorbibles, estimulan el metabolismo y la resistencia de las plantas; adem\u00e1s mejora la calidad del suelo y la biodiversidad. Este aditivo mejora el rendimiento de cada sistema de cultivo y se puede aplicar en combinaci\u00f3n con todas las l\u00edneas de nutrientes y aditivos de Canna. BioBoost no es un fertilizante, sino un extracto de plantas fermentadas con caracter\u00edsticas estimulantes de floraci\u00f3n que son, adem\u00e1s, responsables de un sabor m\u00e1s intenso.<\/p>\n","protected":false},"featured_media":9602,"comment_status":"open","ping_status":"closed","template":"","meta":{"_bst_post_transparent":"","_bst_post_title":"","_bst_post_layout":"","_bst_post_sidebar_id":"","_bst_post_content_style":"","_bst_post_vertical_padding":"","_bst_post_feature":"","_bst_post_feature_position":"","_bst_post_header":false,"_bst_post_footer":false},"pwb-brand":[132],"product_brand":[],"product_cat":[39],"product_tag":[],"class_list":{"0":"post-9603","1":"product","2":"type-product","3":"status-publish","4":"has-post-thumbnail","6":"pwb-brand-canna","7":"product_cat-fertilizantes","9":"first","10":"instock","11":"sale","12":"taxable","13":"shipping-taxable","14":"purchasable","15":"product-type-simple","16":"entry","17":"content-bg","18":"loop-entry"},"brands":[{"id":132,"name":"Canna","slug":"canna"}],"_links":{"self":[{"href":"https:\/\/puregrowshop.com\/fr\/wp-json\/wp\/v2\/product\/9603","targetHints":{"allow":["GET"]}}],"collection":[{"href":"https:\/\/puregrowshop.com\/fr\/wp-json\/wp\/v2\/product"}],"about":[{"href":"https:\/\/puregrowshop.com\/fr\/wp-json\/wp\/v2\/types\/product"}],"replies":[{"embeddable":true,"href":"https:\/\/puregrowshop.com\/fr\/wp-json\/wp\/v2\/comments?post=9603"}],"wp:featuredmedia":[{"embeddable":true,"href":"https:\/\/puregrowshop.com\/fr\/wp-json\/wp\/v2\/media\/9602"}],"wp:attachment":[{"href":"https:\/\/puregrowshop.com\/fr\/wp-json\/wp\/v2\/media?parent=9603"}],"wp:term":[{"taxonomy":"pwb-brand","embeddable":true,"href":"https:\/\/puregrowshop.com\/fr\/wp-json\/wp\/v2\/pwb-brand?post=9603"},{"taxonomy":"product_brand","embeddable":true,"href":"https:\/\/puregrowshop.com\/fr\/wp-json\/wp\/v2\/product_brand?post=9603"},{"taxonomy":"product_cat","embeddable":true,"href":"https:\/\/puregrowshop.com\/fr\/wp-json\/wp\/v2\/product_cat?post=9603"},{"taxonomy":"product_tag","embeddable":true,"href":"https:\/\/puregrowshop.com\/fr\/wp-json\/wp\/v2\/product_tag?post=9603"}],"curies":[{"name":"wp","href":"https:\/\/api.w.org\/{rel}","templated":true}]}}