{"id":9601,"date":"2024-10-28T11:12:20","date_gmt":"2024-10-28T11:12:20","guid":{"rendered":"https:\/\/puregrowshop.com\/bio-boost-1-lt-canna\/"},"modified":"2025-12-27T20:00:29","modified_gmt":"2025-12-27T20:00:29","slug":"bio-boost-1-lt-canna","status":"publish","type":"product","link":"https:\/\/puregrowshop.com\/fr\/bio-boost-1-lt-canna\/","title":{"rendered":"Bio Boost   1 lt. Canna"},"content":{"rendered":"<p>Presentamos el &quot;Bio Boost 1 lt. Canna&quot;, un fertilizante de alta calidad dise\u00f1ado para maximizar el rendimiento de tus plantas. Desarrollado con las mejores materias primas, este producto es ideal para cultivadores exigentes que buscan mejorar tanto la calidad como la cantidad de sus cosechas.<\/p>\n<ul>\n<li>Peso: 1.4 kg<\/li>\n<li>Categor\u00eda: Fertilizantes<\/li>\n<li>Volumen: 1 litro<\/li>\n<li>Formato: L\u00edquido concentrado<\/li>\n<\/ul>\n<p>El &quot;Bio Boost 1 lt. Canna&quot; ofrece m\u00faltiples beneficios, incluyendo un crecimiento m\u00e1s r\u00e1pido y vigoroso de las plantas, flores m\u00e1s grandes y frutos de mejor sabor. Este potenciador biol\u00f3gico estimula el metabolismo de las plantas, mejorando su resistencia y promoviendo un desarrollo saludable.<\/p>\n<p>La composici\u00f3n de este fertilizante incluye extractos naturales de plantas, amino\u00e1cidos esenciales y vitaminas que enriquecen el sustrato, asegurando una \u00f3ptima absorci\u00f3n de nutrientes.<\/p>\n<p>Para obtener los mejores resultados, agitar bien antes de usar. Diluir 20 ml de Bio Boost en 10 litros de agua y aplicar durante el ciclo de floraci\u00f3n. Recomendado para usarse en cada riego. Con &quot;Bio Boost 1 lt. Canna&quot;, tus plantas recibir\u00e1n el impulso necesario para alcanzar su m\u00e1ximo potencial.<\/p>\n","protected":false},"excerpt":{"rendered":"<p>Tras a\u00f1os de investigaci\u00f3n, Canna ha conseguido desarrollar un proceso de fermentaci\u00f3n 100 % controlado. De esta forma es posible obtener un producto constante con una composici\u00f3n mineral correcta y exacta para producir ingredientes org\u00e1nicos. Los componentes de BioBoost son directamente absorbibles, estimulan el metabolismo y la resistencia de las plantas; adem\u00e1s mejora la calidad del suelo y la biodiversidad. Este aditivo mejora el rendimiento de cada sistema de cultivo y se puede aplicar en combinaci\u00f3n con todas las l\u00edneas de nutrientes y aditivos de Canna. BioBoost no es un fertilizante, sino un extracto de plantas fermentadas con caracter\u00edsticas estimulantes de floraci\u00f3n que son, adem\u00e1s, responsables de un sabor m\u00e1s intenso.<\/p>\n","protected":false},"featured_media":9600,"comment_status":"open","ping_status":"closed","template":"","meta":{"_bst_post_transparent":"","_bst_post_title":"","_bst_post_layout":"","_bst_post_sidebar_id":"","_bst_post_content_style":"","_bst_post_vertical_padding":"","_bst_post_feature":"","_bst_post_feature_position":"","_bst_post_header":false,"_bst_post_footer":false},"pwb-brand":[132],"product_brand":[],"product_cat":[39],"product_tag":[],"class_list":{"0":"post-9601","1":"product","2":"type-product","3":"status-publish","4":"has-post-thumbnail","6":"pwb-brand-canna","7":"product_cat-fertilizantes","9":"first","10":"instock","11":"sale","12":"taxable","13":"shipping-taxable","14":"purchasable","15":"product-type-simple","16":"entry","17":"content-bg","18":"loop-entry"},"brands":[{"id":132,"name":"Canna","slug":"canna"}],"_links":{"self":[{"href":"https:\/\/puregrowshop.com\/fr\/wp-json\/wp\/v2\/product\/9601","targetHints":{"allow":["GET"]}}],"collection":[{"href":"https:\/\/puregrowshop.com\/fr\/wp-json\/wp\/v2\/product"}],"about":[{"href":"https:\/\/puregrowshop.com\/fr\/wp-json\/wp\/v2\/types\/product"}],"replies":[{"embeddable":true,"href":"https:\/\/puregrowshop.com\/fr\/wp-json\/wp\/v2\/comments?post=9601"}],"wp:featuredmedia":[{"embeddable":true,"href":"https:\/\/puregrowshop.com\/fr\/wp-json\/wp\/v2\/media\/9600"}],"wp:attachment":[{"href":"https:\/\/puregrowshop.com\/fr\/wp-json\/wp\/v2\/media?parent=9601"}],"wp:term":[{"taxonomy":"pwb-brand","embeddable":true,"href":"https:\/\/puregrowshop.com\/fr\/wp-json\/wp\/v2\/pwb-brand?post=9601"},{"taxonomy":"product_brand","embeddable":true,"href":"https:\/\/puregrowshop.com\/fr\/wp-json\/wp\/v2\/product_brand?post=9601"},{"taxonomy":"product_cat","embeddable":true,"href":"https:\/\/puregrowshop.com\/fr\/wp-json\/wp\/v2\/product_cat?post=9601"},{"taxonomy":"product_tag","embeddable":true,"href":"https:\/\/puregrowshop.com\/fr\/wp-json\/wp\/v2\/product_tag?post=9601"}],"curies":[{"name":"wp","href":"https:\/\/api.w.org\/{rel}","templated":true}]}}