{"id":9591,"date":"2024-10-28T11:12:18","date_gmt":"2024-10-28T11:12:18","guid":{"rendered":"https:\/\/puregrowshop.com\/aqua-flores-b-5-lt-canna\/"},"modified":"2026-02-05T09:23:00","modified_gmt":"2026-02-05T09:23:00","slug":"aqua-flores-b-5-lt-canna","status":"publish","type":"product","link":"https:\/\/puregrowshop.com\/fr\/aqua-flores-b-5-lt-canna\/","title":{"rendered":"Aqua Flores B 5 lt. Canna"},"content":{"rendered":"<p>Presentamos Aqua Flores B 5 lt. de Canna, un fertilizante profesional dise\u00f1ado espec\u00edficamente para la fase de floraci\u00f3n de las plantas cultivadas en sistemas de hidropon\u00eda. Este producto es ideal para cultivadores que buscan maximizar la calidad y el rendimiento de sus cosechas, proporcionando todos los nutrientes esenciales necesarios para un desarrollo \u00f3ptimo.<\/p>\n<ul>\n<li>Capacidad: 5 litros<\/li>\n<li>Peso: 6 kg<\/li>\n<li>Categor\u00eda: Fertilizantes<\/li>\n<li>Formulaci\u00f3n: L\u00edquida<\/li>\n<li>Uso: Sistemas hidrop\u00f3nicos<\/li>\n<\/ul>\n<h4>Beneficios y Usos<\/h4>\n<p>Aqua Flores B aprovecha la tecnolog\u00eda avanzada de Canna para garantizar que tus plantas reciban un equilibrio perfecto de macro y micronutrientes durante la crucial fase de floraci\u00f3n. Esto se traduce en flores m\u00e1s grandes y robustas, mejorando tanto la cantidad como la calidad de la cosecha. Su f\u00f3rmula l\u00edquida asegura una r\u00e1pida absorci\u00f3n de nutrientes, promoviendo un crecimiento vigoroso y una floraci\u00f3n exuberante.<\/p>\n<p>Composici\u00f3n:<\/p>\n<p>Aqua Flores B contiene una mezcla precisa de nutrientes esenciales, incluyendo potasio, f\u00f3sforo, y otros oligoelementos que son indispensables para la salud y productividad de tus plantas.<\/p>\n<p>Instrucciones de uso y dosificaci\u00f3n:<\/p>\n<p>Agitar bien antes de usar. Mezclar 5 ml de Aqua Flores B por cada litro de agua. Aplicar la soluci\u00f3n nutritiva durante la fase de floraci\u00f3n, asegur\u00e1ndose de seguir las pautas espec\u00edficas de cultivo para obtener los mejores resultados. Ajustar el pH del agua a 5.2-6.2 para una absorci\u00f3n \u00f3ptima de nutrientes.<\/p>\n","protected":false},"excerpt":{"rendered":"<p><P>Aqua Flores satisface las necesidades cambiantes de la planta de cannabis cuando empieza la floraci\u00f3n. Durante esta fase de floraci\u00f3n, se necesita considerablemente menos nitr\u00f3geno, pero aumenta la necesidad de potasio y f\u00f3sforo.<\/P><br \/><P>Aqua Flores no s\u00f3lo es rico en estos componentes, como \u00e1cidos sil\u00edcicos, \u00e1cidos h\u00famicos y f\u00falvicos, con lo cual la planta puede absorber \u00f3ptimamente todos los nutrientes, sino tambi\u00e9n en oligoelementos quelatados inmediatamente absorbibles, que se traducen en una floraci\u00f3n exuberante.<\/P><\/p>\n","protected":false},"featured_media":9590,"comment_status":"open","ping_status":"closed","template":"","meta":{"_bst_post_transparent":"","_bst_post_title":"","_bst_post_layout":"","_bst_post_sidebar_id":"","_bst_post_content_style":"","_bst_post_vertical_padding":"","_bst_post_feature":"","_bst_post_feature_position":"","_bst_post_header":false,"_bst_post_footer":false},"pwb-brand":[132],"product_brand":[],"product_cat":[39],"product_tag":[],"class_list":{"0":"post-9591","1":"product","2":"type-product","3":"status-publish","4":"has-post-thumbnail","6":"pwb-brand-canna","7":"product_cat-fertilizantes","8":"product_shipping_class-entre-5-kg-y-10-kg","10":"first","11":"instock","12":"sale","13":"taxable","14":"shipping-taxable","15":"purchasable","16":"product-type-simple","17":"entry","18":"content-bg","19":"loop-entry"},"brands":[{"id":132,"name":"Canna","slug":"canna"}],"_links":{"self":[{"href":"https:\/\/puregrowshop.com\/fr\/wp-json\/wp\/v2\/product\/9591","targetHints":{"allow":["GET"]}}],"collection":[{"href":"https:\/\/puregrowshop.com\/fr\/wp-json\/wp\/v2\/product"}],"about":[{"href":"https:\/\/puregrowshop.com\/fr\/wp-json\/wp\/v2\/types\/product"}],"replies":[{"embeddable":true,"href":"https:\/\/puregrowshop.com\/fr\/wp-json\/wp\/v2\/comments?post=9591"}],"wp:featuredmedia":[{"embeddable":true,"href":"https:\/\/puregrowshop.com\/fr\/wp-json\/wp\/v2\/media\/9590"}],"wp:attachment":[{"href":"https:\/\/puregrowshop.com\/fr\/wp-json\/wp\/v2\/media?parent=9591"}],"wp:term":[{"taxonomy":"pwb-brand","embeddable":true,"href":"https:\/\/puregrowshop.com\/fr\/wp-json\/wp\/v2\/pwb-brand?post=9591"},{"taxonomy":"product_brand","embeddable":true,"href":"https:\/\/puregrowshop.com\/fr\/wp-json\/wp\/v2\/product_brand?post=9591"},{"taxonomy":"product_cat","embeddable":true,"href":"https:\/\/puregrowshop.com\/fr\/wp-json\/wp\/v2\/product_cat?post=9591"},{"taxonomy":"product_tag","embeddable":true,"href":"https:\/\/puregrowshop.com\/fr\/wp-json\/wp\/v2\/product_tag?post=9591"}],"curies":[{"name":"wp","href":"https:\/\/api.w.org\/{rel}","templated":true}]}}