{"id":9587,"date":"2024-10-28T11:12:18","date_gmt":"2024-10-28T11:12:18","guid":{"rendered":"https:\/\/puregrowshop.com\/aqua-flores-a-5-lt-canna\/"},"modified":"2026-02-05T09:22:57","modified_gmt":"2026-02-05T09:22:57","slug":"aqua-flores-a-5-lt-canna","status":"publish","type":"product","link":"https:\/\/puregrowshop.com\/fr\/aqua-flores-a-5-lt-canna\/","title":{"rendered":"Aqua Flores A 5 lt. Canna"},"content":{"rendered":"<p>Presentamos el &quot;Aqua Flores A 5 lt. Canna&quot;, un fertilizante profesional dise\u00f1ado espec\u00edficamente para el cultivo en sistemas hidrop\u00f3nicos. Este producto de alta calidad garantiza el desarrollo \u00f3ptimo de las plantas durante su fase de floraci\u00f3n.<\/p>\n<ul>\n<li>Capacidad: 5 litros<\/li>\n<li>Peso: 0.3 kg<\/li>\n<li>Categor\u00eda: Fertilizantes<\/li>\n<li>Especialmente formulado para sistemas hidrop\u00f3nicos<\/li>\n<\/ul>\n<p>Beneficios y Usos: &quot;Aqua Flores A&quot; proporciona todos los nutrientes esenciales que las plantas requieren durante la etapa de floraci\u00f3n, promoviendo una formaci\u00f3n abundante de flores y frutos. Su f\u00f3rmula equilibrada asegura una absorci\u00f3n eficiente de nutrientes, lo que resulta en un crecimiento saludable y vigoroso.<\/p>\n<p>Composici\u00f3n: Este fertilizante est\u00e1 compuesto por una mezcla precisa de minerales y elementos traza, que son esenciales para el desarrollo \u00f3ptimo de las plantas.<\/p>\n<p>Instrucciones de uso y dosificaci\u00f3n: Agite bien antes de usar. Mezcle 40 ml de &quot;Aqua Flores A&quot; por cada 10 litros de agua. Aseg\u00farese de ajustar el pH del agua a un nivel de 5.2 a 6.2. Use en cada riego durante la fase de floraci\u00f3n para obtener los mejores resultados.<\/p>\n","protected":false},"excerpt":{"rendered":"<p><P>Aqua Flores satisface las necesidades cambiantes de la planta de cannabis cuando empieza la floraci\u00f3n. Durante esta fase de floraci\u00f3n, se necesita considerablemente menos nitr\u00f3geno, pero aumenta la necesidad de potasio y f\u00f3sforo.<\/P><br \/><P>Aqua Flores no s\u00f3lo es rico en estos componentes, como \u00e1cidos sil\u00edcicos, \u00e1cidos h\u00famicos y f\u00falvicos, con lo cual la planta puede absorber \u00f3ptimamente todos los nutrientes, sino tambi\u00e9n en oligoelementos quelatados inmediatamente absorbibles, que se traducen en una floraci\u00f3n exuberante.<\/P><\/p>\n","protected":false},"featured_media":9586,"comment_status":"open","ping_status":"closed","template":"","meta":{"_bst_post_transparent":"","_bst_post_title":"","_bst_post_layout":"","_bst_post_sidebar_id":"","_bst_post_content_style":"","_bst_post_vertical_padding":"","_bst_post_feature":"","_bst_post_feature_position":"","_bst_post_header":false,"_bst_post_footer":false},"pwb-brand":[132],"product_brand":[],"product_cat":[39],"product_tag":[],"class_list":{"0":"post-9587","1":"product","2":"type-product","3":"status-publish","4":"has-post-thumbnail","6":"pwb-brand-canna","7":"product_cat-fertilizantes","9":"first","10":"instock","11":"sale","12":"taxable","13":"shipping-taxable","14":"purchasable","15":"product-type-simple","16":"entry","17":"content-bg","18":"loop-entry"},"brands":[{"id":132,"name":"Canna","slug":"canna"}],"_links":{"self":[{"href":"https:\/\/puregrowshop.com\/fr\/wp-json\/wp\/v2\/product\/9587","targetHints":{"allow":["GET"]}}],"collection":[{"href":"https:\/\/puregrowshop.com\/fr\/wp-json\/wp\/v2\/product"}],"about":[{"href":"https:\/\/puregrowshop.com\/fr\/wp-json\/wp\/v2\/types\/product"}],"replies":[{"embeddable":true,"href":"https:\/\/puregrowshop.com\/fr\/wp-json\/wp\/v2\/comments?post=9587"}],"wp:featuredmedia":[{"embeddable":true,"href":"https:\/\/puregrowshop.com\/fr\/wp-json\/wp\/v2\/media\/9586"}],"wp:attachment":[{"href":"https:\/\/puregrowshop.com\/fr\/wp-json\/wp\/v2\/media?parent=9587"}],"wp:term":[{"taxonomy":"pwb-brand","embeddable":true,"href":"https:\/\/puregrowshop.com\/fr\/wp-json\/wp\/v2\/pwb-brand?post=9587"},{"taxonomy":"product_brand","embeddable":true,"href":"https:\/\/puregrowshop.com\/fr\/wp-json\/wp\/v2\/product_brand?post=9587"},{"taxonomy":"product_cat","embeddable":true,"href":"https:\/\/puregrowshop.com\/fr\/wp-json\/wp\/v2\/product_cat?post=9587"},{"taxonomy":"product_tag","embeddable":true,"href":"https:\/\/puregrowshop.com\/fr\/wp-json\/wp\/v2\/product_tag?post=9587"}],"curies":[{"name":"wp","href":"https:\/\/api.w.org\/{rel}","templated":true}]}}