{"id":38817,"date":"2026-04-28T08:03:36","date_gmt":"2026-04-28T08:03:36","guid":{"rendered":"https:\/\/puregrowshop.com\/?post_type=product&#038;p=38817"},"modified":"2026-04-28T10:01:59","modified_gmt":"2026-04-28T10:01:59","slug":"og-kush-triploide-feminizada-a-granel","status":"publish","type":"product","link":"https:\/\/puregrowshop.com\/fr\/og-kush-triploide-feminizada-a-granel\/","title":{"rendered":"OG Kush Triploide Feminizada a granel"},"content":{"rendered":"<p data-start=\"613\" data-end=\"970\"><strong data-start=\"613\" data-end=\"654\">OG Kush Triploide Feminizada a granel<\/strong> es una variedad pensada para quienes buscan una gen\u00e9tica con historia, potencia y una identidad muy marcada. A diferencia de una OG Kush feminizada convencional, esta versi\u00f3n incorpora gen\u00e9tica <strong data-start=\"849\" data-end=\"862\">triploide<\/strong>, lo que la convierte en una opci\u00f3n m\u00e1s avanzada y diferenciada dentro de las semillas de cannabis a granel.<\/p>\n<p data-start=\"972\" data-end=\"1369\">La OG Kush es una de las variedades m\u00e1s reconocidas a nivel mundial, famosa por su perfil arom\u00e1tico complejo y profundo. Sus notas suelen moverse entre combustible, tierra, pino, c\u00edtricos y matices especiados, creando una experiencia intensa, persistente y muy caracter\u00edstica. Es una gen\u00e9tica ideal para quienes buscan sabores cl\u00e1sicos y contundentes, alejados de perfiles m\u00e1s dulces o tropicales.<\/p>\n<p data-start=\"1371\" data-end=\"1677\">En cuanto a sus efectos, <strong data-start=\"1396\" data-end=\"1428\">OG Kush Triploide Feminizada<\/strong> suele asociarse a una experiencia potente, equilibrada y de larga duraci\u00f3n. Combina una sensaci\u00f3n inicial m\u00e1s mental y relajada con un efecto corporal progresivo, ofreciendo una experiencia completa que ha hecho famosa a esta gen\u00e9tica durante a\u00f1os.<\/p>\n<p data-start=\"1679\" data-end=\"2093\">La principal diferencia frente a una <strong data-start=\"1716\" data-end=\"1745\">OG Kush Feminizada normal<\/strong> est\u00e1 en su condici\u00f3n triploide. Mientras que una semilla feminizada convencional suele ser diploide, esta versi\u00f3n cuenta con tres juegos de cromosomas. Esta particularidad se relaciona con una mayor expresi\u00f3n gen\u00e9tica, m\u00e1s vigor, mejor estabilidad y menor tendencia a producir semillas, aportando una diferencia clara frente a la versi\u00f3n est\u00e1ndar.<\/p>\n<p data-start=\"2095\" data-end=\"2507\">El formato <strong data-start=\"2106\" data-end=\"2118\">a granel<\/strong> tambi\u00e9n aporta valor al usuario, ya que permite acceder a una gen\u00e9tica triploide basada en un cl\u00e1sico sin depender de formatos envasados m\u00e1s costosos. Por eso, <strong data-start=\"2279\" data-end=\"2320\">OG Kush Triploide Feminizada a granel<\/strong> es una opci\u00f3n muy atractiva para quienes buscan semillas bulk con una identidad clara: aroma cl\u00e1sico OG, efecto potente, perfil profundo y una gen\u00e9tica triploide claramente diferenciada.<\/p>\n","protected":false},"excerpt":{"rendered":"<p data-start=\"23\" data-end=\"263\"><strong data-start=\"23\" data-end=\"64\">OG Kush Triploide Feminizada a granel<\/strong> es una versi\u00f3n m\u00e1s avanzada de una de las gen\u00e9ticas m\u00e1s ic\u00f3nicas del cannabis. Destaca por su perfil intenso, con notas a combustible, tierra, pino, c\u00edtricos y un fondo especiado muy caracter\u00edstico.<\/p>\n<p data-start=\"265\" data-end=\"588\">Su condici\u00f3n <strong data-start=\"278\" data-end=\"291\">triploide<\/strong> aporta un valor a\u00f1adido frente a una OG Kush feminizada normal, ya que se asocia a mayor vigor, mejor estabilidad gen\u00e9tica y menor tendencia a la formaci\u00f3n de semillas. Una opci\u00f3n ideal para quienes buscan semillas feminizadas a granel con una gen\u00e9tica cl\u00e1sica, potente y claramente diferenciada.<\/p>\n","protected":false},"featured_media":38883,"comment_status":"open","ping_status":"closed","template":"","meta":{"_bst_post_transparent":"default","_bst_post_title":"","_bst_post_layout":"default","_bst_post_sidebar_id":"","_bst_post_content_style":"default","_bst_post_vertical_padding":"default","_bst_post_feature":"","_bst_post_feature_position":"","_bst_post_header":false,"_bst_post_footer":false},"pwb-brand":[],"product_brand":[],"product_cat":[624],"product_tag":[],"class_list":{"0":"post-38817","1":"product","2":"type-product","3":"status-publish","4":"has-post-thumbnail","6":"product_cat-semillas-triploides","8":"first","9":"instock","10":"taxable","11":"shipping-taxable","12":"purchasable","13":"product-type-variable","14":"entry","15":"content-bg","16":"loop-entry"},"brands":[],"_links":{"self":[{"href":"https:\/\/puregrowshop.com\/fr\/wp-json\/wp\/v2\/product\/38817","targetHints":{"allow":["GET"]}}],"collection":[{"href":"https:\/\/puregrowshop.com\/fr\/wp-json\/wp\/v2\/product"}],"about":[{"href":"https:\/\/puregrowshop.com\/fr\/wp-json\/wp\/v2\/types\/product"}],"replies":[{"embeddable":true,"href":"https:\/\/puregrowshop.com\/fr\/wp-json\/wp\/v2\/comments?post=38817"}],"wp:featuredmedia":[{"embeddable":true,"href":"https:\/\/puregrowshop.com\/fr\/wp-json\/wp\/v2\/media\/38883"}],"wp:attachment":[{"href":"https:\/\/puregrowshop.com\/fr\/wp-json\/wp\/v2\/media?parent=38817"}],"wp:term":[{"taxonomy":"pwb-brand","embeddable":true,"href":"https:\/\/puregrowshop.com\/fr\/wp-json\/wp\/v2\/pwb-brand?post=38817"},{"taxonomy":"product_brand","embeddable":true,"href":"https:\/\/puregrowshop.com\/fr\/wp-json\/wp\/v2\/product_brand?post=38817"},{"taxonomy":"product_cat","embeddable":true,"href":"https:\/\/puregrowshop.com\/fr\/wp-json\/wp\/v2\/product_cat?post=38817"},{"taxonomy":"product_tag","embeddable":true,"href":"https:\/\/puregrowshop.com\/fr\/wp-json\/wp\/v2\/product_tag?post=38817"}],"curies":[{"name":"wp","href":"https:\/\/api.w.org\/{rel}","templated":true}]}}