{"id":38555,"date":"2025-01-21T14:08:23","date_gmt":"2025-01-21T14:08:23","guid":{"rendered":"https:\/\/puregrowshop.com\/sour-diesel-cbd-en-vrac\/"},"modified":"2025-01-21T14:08:23","modified_gmt":"2025-01-21T14:08:23","slug":"sour-diesel-cbd-en-vrac","status":"publish","type":"product","link":"https:\/\/puregrowshop.com\/fr\/sour-diesel-cbd-en-vrac\/","title":{"rendered":"Sour Diesel CBD en Vrac"},"content":{"rendered":"<p>Sour Diesel CBD est une <strong>weed strain<\/strong> hybride \u00e9quilibr\u00e9e qui conserve le profil aromatique et le caract\u00e8re de la l\u00e9gendaire Sour Diesel, tout en int\u00e9grant un taux \u00e9lev\u00e9 de CBD pour une exp\u00e9rience plus th\u00e9rapeutique. Cette <strong>strain de weed CBD<\/strong> est id\u00e9ale pour les utilisateurs recherchant un \u00e9quilibre entre bien-\u00eatre, fonctionnalit\u00e9 et qualit\u00e9.<\/p>\n<p>Facile \u00e0 cultiver et adapt\u00e9e \u00e0 tous les niveaux, cette <strong>weed strain<\/strong> est particuli\u00e8rement appr\u00e9ci\u00e9e pour ses effets doux et \u00e9quilibr\u00e9s. Elle constitue une excellente option pour ceux qui souhaitent explorer des alternatives naturelles pour la gestion du stress et de l\u2019anxi\u00e9t\u00e9. De plus, parmi les diff\u00e9rentes options disponibles, les <a href=\"https:\/\/puregrowshop.com\/fr\/graines-de-marijuana\/auto-floraison\/cbd-auto\/\">vari\u00e9t\u00e9s de graines CBD auto<\/a> permettent d\u2019obtenir des r\u00e9coltes rapides et de haute qualit\u00e9.<\/p>\n<h4><strong>G\u00e9n\u00e9tique et origine<\/strong><\/h4>\n<p>Sour Diesel CBD provient du croisement entre Sour Diesel et une g\u00e9n\u00e9tique riche en CBD. Cette <strong>weed strain CBD<\/strong> conserve les ar\u00f4mes puissants et la vigueur de la version originale, tout en offrant un \u00e9quilibre THC\/CBD qui renforce ses propri\u00e9t\u00e9s th\u00e9rapeutiques.<\/p>\n<h4><strong>Caract\u00e9ristiques de croissance<\/strong><\/h4>\n<p>Cette <strong>strain de weed<\/strong> est vigoureuse, r\u00e9sistante et s\u2019adapte \u00e0 diff\u00e9rents environnements de culture (int\u00e9rieur, ext\u00e9rieur, serre). Avec une floraison de 9 \u00e0 10 semaines, elle produit des t\u00eates denses et r\u00e9sineuses avec un profil terp\u00e9nique riche.<\/p>\n<p>Sa facilit\u00e9 de culture en fait une excellente option pour les d\u00e9butants comme pour les cultivateurs exp\u00e9riment\u00e9s.<\/p>\n<h4><strong>Caract\u00e9ristiques principales<\/strong><\/h4>\n<table>\n<thead>\n<tr>\n<th><strong>Aspect<\/strong><\/th>\n<th><strong>D\u00e9tails<\/strong><\/th>\n<\/tr>\n<\/thead>\n<tbody>\n<tr>\n<td><strong>G\u00e9n\u00e9tique<\/strong><\/td>\n<td>Sour Diesel x vari\u00e9t\u00e9 riche en CBD<\/td>\n<\/tr>\n<tr>\n<td><strong>Type<\/strong><\/td>\n<td>Hybride \u00e9quilibr\u00e9 (CBD:THC 1:1)<\/td>\n<\/tr>\n<tr>\n<td><strong>THC<\/strong><\/td>\n<td>5-8 %<\/td>\n<\/tr>\n<tr>\n<td><strong>CBD<\/strong><\/td>\n<td>5-8 %<\/td>\n<\/tr>\n<tr>\n<td><strong>Hauteur int\u00e9rieure<\/strong><\/td>\n<td>90-140 cm<\/td>\n<\/tr>\n<tr>\n<td><strong>Hauteur ext\u00e9rieure<\/strong><\/td>\n<td>Jusqu\u2019\u00e0 2,5 m\u00e8tres<\/td>\n<\/tr>\n<tr>\n<td><strong>Floraison<\/strong><\/td>\n<td>9-10 semaines<\/td>\n<\/tr>\n<tr>\n<td><strong>Production int\u00e9rieure<\/strong><\/td>\n<td>450-550 g\/m\u00b2<\/td>\n<\/tr>\n<tr>\n<td><strong>Production ext\u00e9rieure<\/strong><\/td>\n<td>1-1,5 kg par plante<\/td>\n<\/tr>\n<tr>\n<td><strong>Terp\u00e8nes principaux<\/strong><\/td>\n<td>Limon\u00e8ne, caryophyll\u00e8ne, pin\u00e8ne<\/td>\n<\/tr>\n<tr>\n<td><strong>Saveur<\/strong><\/td>\n<td>Acide, \u00e9pic\u00e9e, terreuse<\/td>\n<\/tr>\n<tr>\n<td><strong>Effet<\/strong><\/td>\n<td>Relaxant, fonctionnel, th\u00e9rapeutique<\/td>\n<\/tr>\n<\/tbody>\n<\/table>\n<h4><strong>Ar\u00f4mes et saveurs<\/strong><\/h4>\n<p>Le profil aromatique de cette <strong>weed strain Sour Diesel CBD<\/strong> reste fid\u00e8le \u00e0 l\u2019original : notes acides et \u00e9pic\u00e9es, accompagn\u00e9es d\u2019un fond terreux. En bouche, elle offre une exp\u00e9rience intense avec un go\u00fbt acidul\u00e9 suivi d\u2019un arri\u00e8re-go\u00fbt herbac\u00e9 et \u00e9pic\u00e9.<\/p>\n<h4><strong>Effets et usages<\/strong><\/h4>\n<p>Gr\u00e2ce \u00e0 son ratio \u00e9quilibr\u00e9 1:1, cette <strong>strain de weed CBD<\/strong> procure un effet combinant une l\u00e9g\u00e8re euphorie avec une relaxation corporelle profonde. Elle est id\u00e9ale pour r\u00e9duire le stress, l\u2019anxi\u00e9t\u00e9, les douleurs chroniques et l\u2019inflammation.<\/p>\n<p>Son effet fonctionnel permet une utilisation en journ\u00e9e ou en soir\u00e9e sans alt\u00e9rer la clart\u00e9 mentale, ce qui en fait une <strong>weed strain<\/strong> particuli\u00e8rement polyvalente.<\/p>\n","protected":false},"excerpt":{"rendered":"<p>Sour Diesel CBD est une <strong>weed strain<\/strong> hybride \u00e9quilibr\u00e9e (ratio 1:1 THC\/CBD) qui combine les ar\u00f4mes acides et terreux de la Sour Diesel avec des effets doux et th\u00e9rapeutiques. Facile \u00e0 cultiver, elle offre une floraison de 9 \u00e0 10 semaines et des rendements \u00e9lev\u00e9s. Cette <strong>strain de weed CBD<\/strong> procure une relaxation fonctionnelle id\u00e9ale pour r\u00e9duire le stress, l\u2019anxi\u00e9t\u00e9 et les douleurs sans effet psychoactif intense.<\/p>\n","protected":false},"featured_media":28615,"comment_status":"open","ping_status":"closed","template":"","meta":{"_bst_post_transparent":"","_bst_post_title":"","_bst_post_layout":"","_bst_post_sidebar_id":"","_bst_post_content_style":"","_bst_post_vertical_padding":"","_bst_post_feature":"","_bst_post_feature_position":"","_bst_post_header":false,"_bst_post_footer":false},"pwb-brand":[],"product_brand":[],"product_cat":[597],"product_tag":[],"class_list":{"0":"post-38555","1":"product","2":"type-product","3":"status-publish","4":"has-post-thumbnail","6":"product_cat-cbd","8":"first","9":"instock","10":"sale","11":"taxable","12":"shipping-taxable","13":"purchasable","14":"product-type-simple","15":"entry","16":"content-bg","17":"loop-entry"},"brands":[],"_links":{"self":[{"href":"https:\/\/puregrowshop.com\/fr\/wp-json\/wp\/v2\/product\/38555","targetHints":{"allow":["GET"]}}],"collection":[{"href":"https:\/\/puregrowshop.com\/fr\/wp-json\/wp\/v2\/product"}],"about":[{"href":"https:\/\/puregrowshop.com\/fr\/wp-json\/wp\/v2\/types\/product"}],"replies":[{"embeddable":true,"href":"https:\/\/puregrowshop.com\/fr\/wp-json\/wp\/v2\/comments?post=38555"}],"wp:featuredmedia":[{"embeddable":true,"href":"https:\/\/puregrowshop.com\/fr\/wp-json\/wp\/v2\/media\/28615"}],"wp:attachment":[{"href":"https:\/\/puregrowshop.com\/fr\/wp-json\/wp\/v2\/media?parent=38555"}],"wp:term":[{"taxonomy":"pwb-brand","embeddable":true,"href":"https:\/\/puregrowshop.com\/fr\/wp-json\/wp\/v2\/pwb-brand?post=38555"},{"taxonomy":"product_brand","embeddable":true,"href":"https:\/\/puregrowshop.com\/fr\/wp-json\/wp\/v2\/product_brand?post=38555"},{"taxonomy":"product_cat","embeddable":true,"href":"https:\/\/puregrowshop.com\/fr\/wp-json\/wp\/v2\/product_cat?post=38555"},{"taxonomy":"product_tag","embeddable":true,"href":"https:\/\/puregrowshop.com\/fr\/wp-json\/wp\/v2\/product_tag?post=38555"}],"curies":[{"name":"wp","href":"https:\/\/api.w.org\/{rel}","templated":true}]}}