{"id":38341,"date":"2026-02-19T15:18:48","date_gmt":"2026-02-19T15:18:48","guid":{"rendered":"https:\/\/puregrowshop.com\/skunk-1\/"},"modified":"2026-02-19T15:18:48","modified_gmt":"2026-02-19T15:18:48","slug":"skunk-1","status":"publish","type":"product","link":"https:\/\/puregrowshop.com\/fr\/skunk-1\/","title":{"rendered":"Skunk #1"},"content":{"rendered":"","protected":false},"excerpt":{"rendered":"<p>Gen\u00e9tica: Afghan \u00d7 Acapulco Gold \u00d7 Colombian Gold<br \/>Tipo: Feminizada<br \/>Predominancia: 70% \u00cdndica \u2013 30% Sativa<br \/>THC: 26% (Muy alto)<br \/>CBD: Bajo<br \/>Floraci\u00f3n interior: 65\u201375 d\u00edas<br \/>Cosecha exterior: Octubre (3.\u00aa\u20134.\u00aa semana)<br \/>Altura interior: 120\u2013150 cm<br \/>Altura exterior: 150\u2013200 cm<br \/>Producci\u00f3n interior: 500\u2013550 g\/m\u00b2<br \/>Producci\u00f3n exterior: 800 g\/planta<br \/>Aroma: Penetrante, zorrilluno, terroso<br \/>Sabor: Terroso, c\u00edtrico, skunk cl\u00e1sico<br \/>Efectos: Euf\u00f3rico, relajado, elevado<br \/>Nivel de dificultad: F\u00e1cil \u2013 Moderado<\/p>\n","protected":false},"featured_media":36484,"comment_status":"open","ping_status":"closed","template":"","meta":{"_bst_post_transparent":"","_bst_post_title":"","_bst_post_layout":"","_bst_post_sidebar_id":"","_bst_post_content_style":"","_bst_post_vertical_padding":"","_bst_post_feature":"","_bst_post_feature_position":"","_bst_post_header":false,"_bst_post_footer":false},"pwb-brand":[],"product_brand":[],"product_cat":[599],"product_tag":[],"class_list":{"0":"post-38341","1":"product","2":"type-product","3":"status-publish","4":"has-post-thumbnail","6":"product_cat-feminisees","8":"first","9":"instock","10":"taxable","11":"shipping-taxable","12":"purchasable","13":"product-type-variable","14":"entry","15":"content-bg","16":"loop-entry"},"brands":[],"_links":{"self":[{"href":"https:\/\/puregrowshop.com\/fr\/wp-json\/wp\/v2\/product\/38341","targetHints":{"allow":["GET"]}}],"collection":[{"href":"https:\/\/puregrowshop.com\/fr\/wp-json\/wp\/v2\/product"}],"about":[{"href":"https:\/\/puregrowshop.com\/fr\/wp-json\/wp\/v2\/types\/product"}],"replies":[{"embeddable":true,"href":"https:\/\/puregrowshop.com\/fr\/wp-json\/wp\/v2\/comments?post=38341"}],"wp:featuredmedia":[{"embeddable":true,"href":"https:\/\/puregrowshop.com\/fr\/wp-json\/wp\/v2\/media\/36484"}],"wp:attachment":[{"href":"https:\/\/puregrowshop.com\/fr\/wp-json\/wp\/v2\/media?parent=38341"}],"wp:term":[{"taxonomy":"pwb-brand","embeddable":true,"href":"https:\/\/puregrowshop.com\/fr\/wp-json\/wp\/v2\/pwb-brand?post=38341"},{"taxonomy":"product_brand","embeddable":true,"href":"https:\/\/puregrowshop.com\/fr\/wp-json\/wp\/v2\/product_brand?post=38341"},{"taxonomy":"product_cat","embeddable":true,"href":"https:\/\/puregrowshop.com\/fr\/wp-json\/wp\/v2\/product_cat?post=38341"},{"taxonomy":"product_tag","embeddable":true,"href":"https:\/\/puregrowshop.com\/fr\/wp-json\/wp\/v2\/product_tag?post=38341"}],"curies":[{"name":"wp","href":"https:\/\/api.w.org\/{rel}","templated":true}]}}