{"id":38261,"date":"2024-12-17T19:30:23","date_gmt":"2024-12-17T19:30:23","guid":{"rendered":"https:\/\/puregrowshop.com\/auto-purple-punch-og-xl-sweet-seeds\/"},"modified":"2024-12-17T19:30:23","modified_gmt":"2024-12-17T19:30:23","slug":"auto-purple-punch-og-xl-sweet-seeds","status":"publish","type":"product","link":"https:\/\/puregrowshop.com\/fr\/auto-purple-punch-og-xl-sweet-seeds\/","title":{"rendered":"Auto Purple Punch OG XL  Sweet Seeds"},"content":{"rendered":"<h3><strong>Caract\u00e9ristiques principales de Auto Purple Punch OG XL<\/strong><\/h3>\n<ul>\n<li><strong>G\u00e9n\u00e9tique :<\/strong> Purple Punch x OG Kush Auto<\/li>\n<li><strong>THC :<\/strong> 18-22%<\/li>\n<li><strong>Cycle complet :<\/strong> 8-9 semaines depuis la germination<\/li>\n<li><strong>Production int\u00e9rieur :<\/strong> 450-600 g\/m\u00b2<\/li>\n<li><strong>Production ext\u00e9rieur :<\/strong> 50-175 g\/plante<\/li>\n<li><strong>Hauteur int\u00e9rieur :<\/strong> 90-120 cm<\/li>\n<li><strong>Hauteur ext\u00e9rieur :<\/strong> Jusqu\u2019\u00e0 140 cm<\/li>\n<li><strong>Saveur :<\/strong> Douce, fruit\u00e9e, avec notes de raisin, baies, touches terreuses et \u00e9pic\u00e9es<\/li>\n<li><strong>Effet :<\/strong> Euphorie l\u00e9g\u00e8re suivie d\u2019une relaxation profonde<\/li>\n<\/ul>\n<h3><strong>Origines et g\u00e9n\u00e9tique<\/strong><\/h3>\n<p>Auto Purple Punch OG XL de Sweet Seeds\u00ae est une autofloraison haut de gamme issue du croisement entre Purple Punch et OG Kush Auto. Ce m\u00e9lange combine la douceur fruit\u00e9e et la puissance de Purple Punch avec le caract\u00e8re terreux et intense de OG Kush.<\/p>\n<h3><strong>Croissance et structure de la plante<\/strong><\/h3>\n<p>Cette vari\u00e9t\u00e9 est vigoureuse et bien structur\u00e9e, avec une tige centrale solide et des branches lat\u00e9rales productives. Certaines plantes d\u00e9veloppent des teintes violettes en floraison, apportant un fort attrait visuel.<\/p>\n<h3><strong>Floraison et production<\/strong><\/h3>\n<p>Son cycle rapide de 8 \u00e0 9 semaines permet des r\u00e9coltes efficaces. Elle produit des fleurs denses, compactes et tr\u00e8s r\u00e9sineuses, id\u00e9ales pour les extractions.<\/p>\n<p>En int\u00e9rieur, elle peut atteindre 450 \u00e0 600 g\/m\u00b2, et en ext\u00e9rieur entre 50 et 175 g par plante.<\/p>\n<h3><strong>Ar\u00f4mes et saveurs<\/strong><\/h3>\n<p>Son profil aromatique est riche et gourmand, avec des notes de raisin et de baies, accompagn\u00e9es de touches terreuses, \u00e9pic\u00e9es et l\u00e9g\u00e8rement citronn\u00e9es.<\/p>\n<h3><strong>Effets et puissance<\/strong><\/h3>\n<p>Avec un THC de 18 \u00e0 22%, elle offre un effet \u00e9quilibr\u00e9 : une l\u00e9g\u00e8re euphorie mentale suivie d\u2019une relaxation corporelle profonde, id\u00e9ale pour la d\u00e9tente.<\/p>\n","protected":false},"excerpt":{"rendered":"<p>Auto Purple Punch OG XL de Sweet Seeds\u00ae est une autofloraison productive et rapide, avec un profil aromatique sucr\u00e9 et fruit\u00e9 aux notes de raisin et de baies.<\/p>\n<p>Elle offre un effet \u00e9quilibr\u00e9, combinant une l\u00e9g\u00e8re euphorie mentale avec une relaxation physique profonde, id\u00e9ale pour se d\u00e9tendre en fin de journ\u00e9e.<\/p>\n","protected":false},"featured_media":26056,"comment_status":"open","ping_status":"closed","template":"","meta":{"_bst_post_transparent":"","_bst_post_title":"","_bst_post_layout":"","_bst_post_sidebar_id":"","_bst_post_content_style":"","_bst_post_vertical_padding":"","_bst_post_feature":"","_bst_post_feature_position":"","_bst_post_header":false,"_bst_post_footer":false},"pwb-brand":[],"product_brand":[],"product_cat":[594,592],"product_tag":[],"class_list":{"0":"post-38261","1":"product","2":"type-product","3":"status-publish","4":"has-post-thumbnail","6":"product_cat-xxl","7":"product_cat-fruite","9":"first","10":"instock","11":"sale","12":"taxable","13":"shipping-taxable","14":"purchasable","15":"product-type-variable","16":"has-default-attributes","17":"entry","18":"content-bg","19":"loop-entry"},"brands":[],"_links":{"self":[{"href":"https:\/\/puregrowshop.com\/fr\/wp-json\/wp\/v2\/product\/38261","targetHints":{"allow":["GET"]}}],"collection":[{"href":"https:\/\/puregrowshop.com\/fr\/wp-json\/wp\/v2\/product"}],"about":[{"href":"https:\/\/puregrowshop.com\/fr\/wp-json\/wp\/v2\/types\/product"}],"replies":[{"embeddable":true,"href":"https:\/\/puregrowshop.com\/fr\/wp-json\/wp\/v2\/comments?post=38261"}],"wp:featuredmedia":[{"embeddable":true,"href":"https:\/\/puregrowshop.com\/fr\/wp-json\/wp\/v2\/media\/26056"}],"wp:attachment":[{"href":"https:\/\/puregrowshop.com\/fr\/wp-json\/wp\/v2\/media?parent=38261"}],"wp:term":[{"taxonomy":"pwb-brand","embeddable":true,"href":"https:\/\/puregrowshop.com\/fr\/wp-json\/wp\/v2\/pwb-brand?post=38261"},{"taxonomy":"product_brand","embeddable":true,"href":"https:\/\/puregrowshop.com\/fr\/wp-json\/wp\/v2\/product_brand?post=38261"},{"taxonomy":"product_cat","embeddable":true,"href":"https:\/\/puregrowshop.com\/fr\/wp-json\/wp\/v2\/product_cat?post=38261"},{"taxonomy":"product_tag","embeddable":true,"href":"https:\/\/puregrowshop.com\/fr\/wp-json\/wp\/v2\/product_tag?post=38261"}],"curies":[{"name":"wp","href":"https:\/\/api.w.org\/{rel}","templated":true}]}}