{"id":37992,"date":"2024-11-18T18:41:15","date_gmt":"2024-11-18T18:41:15","guid":{"rendered":"https:\/\/puregrowshop.com\/lemon-shining-silver-haze-feminisee-royal-queen\/"},"modified":"2024-11-18T18:41:15","modified_gmt":"2024-11-18T18:41:15","slug":"lemon-shining-silver-haze-feminisee-royal-queen","status":"publish","type":"product","link":"https:\/\/puregrowshop.com\/fr\/lemon-shining-silver-haze-feminisee-royal-queen\/","title":{"rendered":"Lemon Shining Silver Haze feminis\u00e9e Royal Queen"},"content":{"rendered":"<p>Lemon Shining Silver Haze f\u00e9minis\u00e9e de Royal Queen Seeds est une sativa dominante (75 %) issue du croisement Lemon Skunk x Shining Silver Haze, reconnue pour son intense saveur citronn\u00e9e et son effet \u00e9nergisant. Avec jusqu\u2019\u00e0 25 % de THC, elle offre une floraison rapide de 8\u20139 semaines et des r\u00e9coltes abondantes pouvant atteindre 600\u2013650 g\/m\u00b2 en int\u00e9rieur. Id\u00e9ale pour les cultivateurs recherchant une g\u00e9n\u00e9tique productive, stimulante et facile \u00e0 cultiver.<\/p>\n","protected":false},"excerpt":{"rendered":"<p>Lemon Shining Silver Haze f\u00e9minis\u00e9e de Royal Queen Seeds est une sativa dominante (75 %) issue du croisement Lemon Skunk x Shining Silver Haze, reconnue pour son intense saveur citronn\u00e9e et son effet \u00e9nergisant. Avec jusqu\u2019\u00e0 25 % de THC, elle offre une floraison rapide de 8\u20139 semaines et des r\u00e9coltes abondantes pouvant atteindre 600\u2013650 g\/m\u00b2 en int\u00e9rieur. Id\u00e9ale pour les cultivateurs recherchant une g\u00e9n\u00e9tique productive, stimulante et facile \u00e0 cultiver.<\/p>\n","protected":false},"featured_media":15018,"comment_status":"open","ping_status":"closed","template":"","meta":{"_bst_post_transparent":"","_bst_post_title":"","_bst_post_layout":"","_bst_post_sidebar_id":"","_bst_post_content_style":"","_bst_post_vertical_padding":"","_bst_post_feature":"","_bst_post_feature_position":"","_bst_post_header":false,"_bst_post_footer":false},"pwb-brand":[],"product_brand":[],"product_cat":[600],"product_tag":[],"class_list":{"0":"post-37992","1":"product","2":"type-product","3":"status-publish","4":"has-post-thumbnail","6":"product_cat-pour-interieur","8":"first","9":"instock","10":"sale","11":"taxable","12":"shipping-taxable","13":"purchasable","14":"product-type-variable","15":"has-default-attributes","16":"entry","17":"content-bg","18":"loop-entry"},"brands":[],"_links":{"self":[{"href":"https:\/\/puregrowshop.com\/fr\/wp-json\/wp\/v2\/product\/37992","targetHints":{"allow":["GET"]}}],"collection":[{"href":"https:\/\/puregrowshop.com\/fr\/wp-json\/wp\/v2\/product"}],"about":[{"href":"https:\/\/puregrowshop.com\/fr\/wp-json\/wp\/v2\/types\/product"}],"replies":[{"embeddable":true,"href":"https:\/\/puregrowshop.com\/fr\/wp-json\/wp\/v2\/comments?post=37992"}],"wp:featuredmedia":[{"embeddable":true,"href":"https:\/\/puregrowshop.com\/fr\/wp-json\/wp\/v2\/media\/15018"}],"wp:attachment":[{"href":"https:\/\/puregrowshop.com\/fr\/wp-json\/wp\/v2\/media?parent=37992"}],"wp:term":[{"taxonomy":"pwb-brand","embeddable":true,"href":"https:\/\/puregrowshop.com\/fr\/wp-json\/wp\/v2\/pwb-brand?post=37992"},{"taxonomy":"product_brand","embeddable":true,"href":"https:\/\/puregrowshop.com\/fr\/wp-json\/wp\/v2\/product_brand?post=37992"},{"taxonomy":"product_cat","embeddable":true,"href":"https:\/\/puregrowshop.com\/fr\/wp-json\/wp\/v2\/product_cat?post=37992"},{"taxonomy":"product_tag","embeddable":true,"href":"https:\/\/puregrowshop.com\/fr\/wp-json\/wp\/v2\/product_tag?post=37992"}],"curies":[{"name":"wp","href":"https:\/\/api.w.org\/{rel}","templated":true}]}}