{"id":32170,"date":"2025-11-12T19:27:41","date_gmt":"2025-11-12T19:27:41","guid":{"rendered":"https:\/\/puregrowshop.com\/?post_type=product&#038;p=32170"},"modified":"2026-02-18T14:01:49","modified_gmt":"2026-02-18T14:01:49","slug":"blue-dream-fem-humboldt-seed-organization","status":"publish","type":"product","link":"https:\/\/puregrowshop.com\/fr\/blue-dream-fem-humboldt-seed-organization\/","title":{"rendered":"Blue Dream fem. Humboldt Seed Organization"},"content":{"rendered":"<p data-start=\"394\" data-end=\"908\">La <strong data-start=\"397\" data-end=\"416\">Blue Dream fem.<\/strong> de <strong data-start=\"420\" data-end=\"450\">Humboldt Seed Organization<\/strong> es una de las variedades m\u00e1s apreciadas en el mundo del cultivo de marihuana. Esta cepa h\u00edbrida, predominantemente <strong data-start=\"566\" data-end=\"576\">sativa<\/strong>, ha sido cultivada con precisi\u00f3n para ofrecer lo mejor de ambos mundos: un potente efecto psicoactivo combinado con una relajaci\u00f3n profunda, ideal para todos los tipos de cultivadores, desde novatos hasta expertos. Su popularidad radica en su <strong data-start=\"820\" data-end=\"844\">estabilidad gen\u00e9tica<\/strong> y su <strong data-start=\"850\" data-end=\"870\">alto rendimiento<\/strong>, tanto en interiores como exteriores.<\/p>\n<h3 data-start=\"910\" data-end=\"927\"><strong data-start=\"914\" data-end=\"927\">Gen\u00e9tica Blue Dream:<\/strong><\/h3>\n<ul data-start=\"929\" data-end=\"1172\">\n<li data-start=\"929\" data-end=\"987\">\n<p data-start=\"931\" data-end=\"987\"><strong data-start=\"931\" data-end=\"951\">Tipo de gen\u00e9tica<\/strong>: H\u00edbrida (70% sativa y 30% \u00edndica).<\/p>\n<\/li>\n<li data-start=\"988\" data-end=\"1088\">\n<p data-start=\"990\" data-end=\"1088\"><strong data-start=\"990\" data-end=\"1004\">Parentales<\/strong>: <strong data-start=\"1006\" data-end=\"1019\">Blueberry<\/strong> y <strong data-start=\"1022\" data-end=\"1030\">Haze<\/strong>, lo que le otorga una mezcla perfecta de efectos y sabor.<\/p>\n<\/li>\n<li data-start=\"1089\" data-end=\"1172\">\n<p data-start=\"1091\" data-end=\"1172\"><strong data-start=\"1091\" data-end=\"1098\">THC<\/strong>: 18\u201321%, lo que garantiza un efecto potente y duradero, pero equilibrado.<\/p>\n<\/li>\n<\/ul>\n<h3 data-start=\"1174\" data-end=\"1209\"><strong data-start=\"1178\" data-end=\"1209\">Caracter\u00edsticas de cultivo de la Blue Dream:<\/strong><\/h3>\n<h4 data-start=\"1211\" data-end=\"1237\"><strong data-start=\"1216\" data-end=\"1237\">Cultivo Interior:<\/strong><\/h4>\n<ul data-start=\"1238\" data-end=\"1951\">\n<li data-start=\"1238\" data-end=\"1405\">\n<p data-start=\"1240\" data-end=\"1405\"><strong data-start=\"1240\" data-end=\"1250\">Altura<\/strong>: En cultivo interior, la <strong data-start=\"1276\" data-end=\"1295\">Blue Dream fem.<\/strong> alcanza una altura de <strong data-start=\"1318\" data-end=\"1336\">1 a 1,5 metros<\/strong>, por lo que es adecuada para espacios de cultivo medianos a grandes.<\/p>\n<\/li>\n<li data-start=\"1406\" data-end=\"1638\">\n<p data-start=\"1408\" data-end=\"1638\"><strong data-start=\"1408\" data-end=\"1431\">Condiciones ideales<\/strong>: Para obtener los mejores resultados en interior, se recomienda un ambiente con temperaturas entre <strong data-start=\"1531\" data-end=\"1546\">20\u00b0C y 25\u00b0C<\/strong> y un ciclo de luz de <strong data-start=\"1568\" data-end=\"1610\">18 horas de luz y 6 horas de oscuridad<\/strong> durante la fase vegetativa.<\/p>\n<\/li>\n<li data-start=\"1639\" data-end=\"1805\">\n<p data-start=\"1641\" data-end=\"1805\"><strong data-start=\"1641\" data-end=\"1664\">Tiempo de floraci\u00f3n<\/strong>: Entre <strong data-start=\"1672\" data-end=\"1690\">9 a 10 semanas<\/strong>, lo que es relativamente r\u00e1pido para una sativa dominante, ofreciendo un ciclo de cultivo eficiente y controlable.<\/p>\n<\/li>\n<li data-start=\"1806\" data-end=\"1951\">\n<p data-start=\"1808\" data-end=\"1951\"><strong data-start=\"1808\" data-end=\"1823\">Rendimiento<\/strong>: En interior, los cultivadores pueden esperar rendimientos de <strong data-start=\"1886\" data-end=\"1925\">500 a 600 gramos por metro cuadrado<\/strong> bajo condiciones \u00f3ptimas.<\/p>\n<\/li>\n<\/ul>\n<h4 data-start=\"1953\" data-end=\"1979\"><strong data-start=\"1958\" data-end=\"1979\">Cultivo Exterior:<\/strong><\/h4>\n<ul data-start=\"1980\" data-end=\"2691\">\n<li data-start=\"1980\" data-end=\"2148\">\n<p data-start=\"1982\" data-end=\"2148\"><strong data-start=\"1982\" data-end=\"1992\">Altura<\/strong>: En exterior, la <strong data-start=\"2010\" data-end=\"2029\">Blue Dream fem.<\/strong> puede crecer hasta <strong data-start=\"2049\" data-end=\"2061\">2 metros<\/strong> de altura, lo que le permite desarrollar una gran estructura y una producci\u00f3n robusta.<\/p>\n<\/li>\n<li data-start=\"2149\" data-end=\"2351\">\n<p data-start=\"2151\" data-end=\"2351\"><strong data-start=\"2151\" data-end=\"2166\">Condiciones<\/strong>: Prefiere un clima c\u00e1lido, como el mediterr\u00e1neo, con temperaturas que oscilen entre <strong data-start=\"2251\" data-end=\"2266\">18\u00b0C y 28\u00b0C<\/strong>. Es ideal para cultivadores en climas soleados o interiores con iluminaci\u00f3n potente.<\/p>\n<\/li>\n<li data-start=\"2352\" data-end=\"2513\">\n<p data-start=\"2354\" data-end=\"2513\"><strong data-start=\"2354\" data-end=\"2375\">Tiempo de cosecha<\/strong>: En exterior, la cosecha estar\u00e1 lista entre <strong data-start=\"2420\" data-end=\"2469\">finales de septiembre y principios de octubre<\/strong>, dependiendo de las condiciones clim\u00e1ticas.<\/p>\n<\/li>\n<li data-start=\"2514\" data-end=\"2691\">\n<p data-start=\"2516\" data-end=\"2691\"><strong data-start=\"2516\" data-end=\"2531\">Rendimiento<\/strong>: En exterior, puede producir entre <strong data-start=\"2567\" data-end=\"2599\">800 y 1000 gramos por planta<\/strong>, lo que la convierte en una opci\u00f3n ideal para quienes buscan una gran cantidad de producto.<\/p>\n<\/li>\n<\/ul>\n<h3 data-start=\"2693\" data-end=\"2715\"><strong data-start=\"2697\" data-end=\"2715\">Aroma y sabor:<\/strong><\/h3>\n<p data-start=\"2717\" data-end=\"3001\">La <strong data-start=\"2720\" data-end=\"2739\">Blue Dream fem.<\/strong> es conocida por su mezcla de aromas dulces y afrutados, que recuerdan a los <strong data-start=\"2816\" data-end=\"2829\">ar\u00e1ndanos<\/strong> maduros y un toque <strong data-start=\"2849\" data-end=\"2860\">c\u00edtrico<\/strong>. Su sabor sigue la misma l\u00ednea, con notas dulces que se combinan con un leve toque de <strong data-start=\"2947\" data-end=\"2955\">pino<\/strong> y un trasfondo <strong data-start=\"2971\" data-end=\"2982\">terroso<\/strong> que la hace \u00fanica.<\/p>\n<h3 data-start=\"3003\" data-end=\"3019\"><strong data-start=\"3007\" data-end=\"3019\">Efectos:<\/strong><\/h3>\n<p data-start=\"3021\" data-end=\"3502\">El efecto de la <strong data-start=\"3037\" data-end=\"3056\">Blue Dream fem.<\/strong> es <strong data-start=\"3060\" data-end=\"3072\">euf\u00f3rico<\/strong> y <strong data-start=\"3075\" data-end=\"3087\">creativo<\/strong>, lo que la convierte en una opci\u00f3n perfecta para quienes buscan relajaci\u00f3n mental sin perder la claridad mental. Aunque es una sativa dominante, su gen\u00e9tica equilibrada con la <strong data-start=\"3264\" data-end=\"3277\">Blueberry<\/strong> (\u00edndica) proporciona un cuerpo relajado sin un &#8220;coloc\u00f3n&#8221; pesado. Los usuarios experimentan una sensaci\u00f3n de <strong data-start=\"3386\" data-end=\"3397\">alegr\u00eda<\/strong>, <strong data-start=\"3399\" data-end=\"3413\">motivaci\u00f3n<\/strong> y <strong data-start=\"3416\" data-end=\"3436\">energ\u00eda creativa<\/strong>, siendo una excelente opci\u00f3n tanto para uso diurno como nocturno.<\/p>\n<h3 data-start=\"3504\" data-end=\"3535\"><strong data-start=\"3508\" data-end=\"3534\">Beneficios del consumo de la Blue Dream<\/strong>:<\/h3>\n<ul data-start=\"3537\" data-end=\"3988\">\n<li data-start=\"3537\" data-end=\"3703\">\n<p data-start=\"3539\" data-end=\"3703\"><strong data-start=\"3539\" data-end=\"3577\">Reducci\u00f3n del estr\u00e9s y la ansiedad<\/strong>: Gracias a su equilibrio entre sativa e \u00edndica, la Blue Dream es perfecta para calmar la mente sin producir efectos sedantes.<\/p>\n<\/li>\n<li data-start=\"3704\" data-end=\"3824\">\n<p data-start=\"3706\" data-end=\"3824\"><strong data-start=\"3706\" data-end=\"3745\">Mejora del enfoque y la creatividad<\/strong>: Ideal para tareas creativas o cualquier actividad que requiera concentraci\u00f3n.<\/p>\n<\/li>\n<li data-start=\"3825\" data-end=\"3988\">\n<p data-start=\"3827\" data-end=\"3988\"><strong data-start=\"3827\" data-end=\"3867\">Alivio de dolores leves y musculares<\/strong>: Debido a su contenido de THC, es \u00fatil para aquellos que sufren de dolores musculares, migra\u00f1as o molestias articulares.<\/p>\n<\/li>\n<\/ul>\n<h3 data-start=\"3990\" data-end=\"4057\"><strong data-start=\"3994\" data-end=\"4057\">\u00bfPor qu\u00e9 elegir Blue Dream fem. Humboldt Seed Organization?<\/strong><\/h3>\n<ol data-start=\"4059\" data-end=\"4794\">\n<li data-start=\"4059\" data-end=\"4263\">\n<p data-start=\"4062\" data-end=\"4263\"><strong data-start=\"4062\" data-end=\"4082\">Gen\u00e9tica robusta<\/strong>: Su linaje de calidad y la estabilidad gen\u00e9tica asegurada por Humboldt Seed Organization hacen de esta semilla una elecci\u00f3n fiable para cultivadores experimentados y principiantes.<\/p>\n<\/li>\n<li data-start=\"4264\" data-end=\"4480\">\n<p data-start=\"4267\" data-end=\"4480\"><strong data-start=\"4267\" data-end=\"4287\">Gran rendimiento<\/strong>: Ya sea en cultivo interior o exterior, esta cepa es capaz de producir grandes rendimientos, lo que la convierte en una de las favoritas para los cultivadores que buscan una cosecha abundante.<\/p>\n<\/li>\n<li data-start=\"4481\" data-end=\"4624\">\n<p data-start=\"4484\" data-end=\"4624\"><strong data-start=\"4484\" data-end=\"4508\">Efectos equilibrados<\/strong>: Ofrece lo mejor de las cepas sativa e \u00edndica, permitiendo disfrutar de una experiencia tanto mental como corporal.<\/p>\n<\/li>\n<li data-start=\"4625\" data-end=\"4794\">\n<p data-start=\"4628\" data-end=\"4794\"><strong data-start=\"4628\" data-end=\"4659\">Sabor y aroma excepcionales<\/strong>: Su perfil de terpenos la convierte en una de las cepas m\u00e1s sabrosas, con notas afrutadas y dulces que seducen a cualquier consumidor.<\/p>\n<\/li>\n<\/ol>\n","protected":false},"excerpt":{"rendered":"<p>Blue Dream fem. de Humboldt Seed Organization: h\u00edbrido sativa vigoroso, alto rendimiento y gran estabilidad. Aromas dulces a ar\u00e1ndano y c\u00edtricos. Floraci\u00f3n 9\u201310 semanas, ideal interior\/exterior. Elige 3, 5 o 10 semillas feminizadas.<\/p>\n","protected":false},"featured_media":32217,"comment_status":"open","ping_status":"closed","template":"","meta":{"_bst_post_transparent":"default","_bst_post_title":"","_bst_post_layout":"default","_bst_post_sidebar_id":"","_bst_post_content_style":"default","_bst_post_vertical_padding":"default","_bst_post_feature":"","_bst_post_feature_position":"","_bst_post_header":false,"_bst_post_footer":false},"pwb-brand":[569],"product_brand":[],"product_cat":[69],"product_tag":[],"class_list":{"0":"post-32170","1":"product","2":"type-product","3":"status-publish","4":"has-post-thumbnail","6":"pwb-brand-humboldt-seed-organization","7":"product_cat-feminizadas","9":"first","10":"instock","11":"sale","12":"taxable","13":"shipping-taxable","14":"purchasable","15":"product-type-variable","16":"entry","17":"content-bg","18":"loop-entry"},"brands":[{"id":569,"name":"Humboldt Seed Organization","slug":"humboldt-seed-organization"}],"_links":{"self":[{"href":"https:\/\/puregrowshop.com\/fr\/wp-json\/wp\/v2\/product\/32170","targetHints":{"allow":["GET"]}}],"collection":[{"href":"https:\/\/puregrowshop.com\/fr\/wp-json\/wp\/v2\/product"}],"about":[{"href":"https:\/\/puregrowshop.com\/fr\/wp-json\/wp\/v2\/types\/product"}],"replies":[{"embeddable":true,"href":"https:\/\/puregrowshop.com\/fr\/wp-json\/wp\/v2\/comments?post=32170"}],"wp:featuredmedia":[{"embeddable":true,"href":"https:\/\/puregrowshop.com\/fr\/wp-json\/wp\/v2\/media\/32217"}],"wp:attachment":[{"href":"https:\/\/puregrowshop.com\/fr\/wp-json\/wp\/v2\/media?parent=32170"}],"wp:term":[{"taxonomy":"pwb-brand","embeddable":true,"href":"https:\/\/puregrowshop.com\/fr\/wp-json\/wp\/v2\/pwb-brand?post=32170"},{"taxonomy":"product_brand","embeddable":true,"href":"https:\/\/puregrowshop.com\/fr\/wp-json\/wp\/v2\/product_brand?post=32170"},{"taxonomy":"product_cat","embeddable":true,"href":"https:\/\/puregrowshop.com\/fr\/wp-json\/wp\/v2\/product_cat?post=32170"},{"taxonomy":"product_tag","embeddable":true,"href":"https:\/\/puregrowshop.com\/fr\/wp-json\/wp\/v2\/product_tag?post=32170"}],"curies":[{"name":"wp","href":"https:\/\/api.w.org\/{rel}","templated":true}]}}