{"id":31772,"date":"2025-11-12T13:59:02","date_gmt":"2025-11-12T13:59:02","guid":{"rendered":"https:\/\/puregrowshop.com\/?post_type=product&#038;p=31772"},"modified":"2025-11-21T11:00:03","modified_gmt":"2025-11-21T11:00:03","slug":"gypsy-kush-fem-kannabia-seeds","status":"publish","type":"product","link":"https:\/\/puregrowshop.com\/fr\/gypsy-kush-fem-kannabia-seeds\/","title":{"rendered":"Gypsy Kush fem. Kannabia Seeds"},"content":{"rendered":"<p>En esta variedad caracter\u00edsticamente estable, podr\u00e1s observar, si cultivas varias semillas a la vez, que parecen clones unas de otras. Entre sus gen\u00e9ticas se encuentra la famosa Afgana, una planta gran productora de flores compactas, cuyas  cosechas son de lo mas abundantes.<\/p>\n<p>Debes saber que la Gypsy Kush es una planta fuerte. De cultivo f\u00e1cil, es una planta resistente a todo tipo de plagas y sistemas de cultivo, optimizando todo su potencial si se mantiene la EC en floraci\u00f3n por debajo de 2,2. Posee la estructura cl\u00e1sica de planta en forma de abeto. En exterior, las ramas inferiores alcanzan gran tama\u00f1o y producen gran cantidad de flores, formando cogollos compactos y resinosos. El efecto es sobre todo relajante, aunque tambi\u00e9n produce breves momentos de euforia, traducido en momentos de \u201crisa hist\u00e9rica\u201d. Sus niveles THC son bastante altos y puede inducir a efectos psicod\u00e9licos.<\/p>\n","protected":false},"excerpt":{"rendered":"<p>Gen\u00e9tica: Black Domina x Afghan x Ginger Ale<br \/>Especie: H\u00edbrido \u00cdndica-Sativa<br \/>CBD: <0,5 %<br \/>THC: 16 %<\/p>\n<p>TROPHIES<br \/>1 Premio Solvent Hash<br \/>LiftExpoVancouver<br \/>2016<br \/>Vancouver, Canada<\/p>\n<p>1 Premio Best in Show<br \/>LiftExpoVancouver<br \/>2016<br \/>Vancouver, Canada<\/p>\n<p>INTERIOR<br \/>Ciclo floraci\u00f3n:<br \/>58-62 d\u00edas<br \/>Producci\u00f3n:<br \/>500 gr\/m2<\/p>\n<p>EXTERIOR<br \/>Cosecha:<br \/>Principios octubre<br \/>Altura media:<br \/>200 cm<br \/>Producci\u00f3n:<br \/>650 gr\/planta<\/p>\n","protected":false},"featured_media":31812,"comment_status":"open","ping_status":"closed","template":"","meta":{"_bst_post_transparent":"","_bst_post_title":"","_bst_post_layout":"","_bst_post_sidebar_id":"","_bst_post_content_style":"","_bst_post_vertical_padding":"","_bst_post_feature":"","_bst_post_feature_position":"","_bst_post_header":false,"_bst_post_footer":false},"pwb-brand":[568],"product_brand":[],"product_cat":[69],"product_tag":[],"class_list":{"0":"post-31772","1":"product","2":"type-product","3":"status-publish","4":"has-post-thumbnail","6":"pwb-brand-kannabia-seeds","7":"product_cat-feminizadas","9":"first","10":"instock","11":"sale","12":"taxable","13":"shipping-taxable","14":"purchasable","15":"product-type-variable","16":"entry","17":"content-bg","18":"loop-entry"},"brands":[{"id":568,"name":"Kannabia Seeds","slug":"kannabia-seeds"}],"_links":{"self":[{"href":"https:\/\/puregrowshop.com\/fr\/wp-json\/wp\/v2\/product\/31772","targetHints":{"allow":["GET"]}}],"collection":[{"href":"https:\/\/puregrowshop.com\/fr\/wp-json\/wp\/v2\/product"}],"about":[{"href":"https:\/\/puregrowshop.com\/fr\/wp-json\/wp\/v2\/types\/product"}],"replies":[{"embeddable":true,"href":"https:\/\/puregrowshop.com\/fr\/wp-json\/wp\/v2\/comments?post=31772"}],"wp:featuredmedia":[{"embeddable":true,"href":"https:\/\/puregrowshop.com\/fr\/wp-json\/wp\/v2\/media\/31812"}],"wp:attachment":[{"href":"https:\/\/puregrowshop.com\/fr\/wp-json\/wp\/v2\/media?parent=31772"}],"wp:term":[{"taxonomy":"pwb-brand","embeddable":true,"href":"https:\/\/puregrowshop.com\/fr\/wp-json\/wp\/v2\/pwb-brand?post=31772"},{"taxonomy":"product_brand","embeddable":true,"href":"https:\/\/puregrowshop.com\/fr\/wp-json\/wp\/v2\/product_brand?post=31772"},{"taxonomy":"product_cat","embeddable":true,"href":"https:\/\/puregrowshop.com\/fr\/wp-json\/wp\/v2\/product_cat?post=31772"},{"taxonomy":"product_tag","embeddable":true,"href":"https:\/\/puregrowshop.com\/fr\/wp-json\/wp\/v2\/product_tag?post=31772"}],"curies":[{"name":"wp","href":"https:\/\/api.w.org\/{rel}","templated":true}]}}