{"id":31455,"date":"2025-10-07T13:01:01","date_gmt":"2025-10-07T13:01:01","guid":{"rendered":"https:\/\/puregrowshop.com\/?post_type=product&#038;p=31455"},"modified":"2026-02-19T12:40:31","modified_gmt":"2026-02-19T12:40:31","slug":"zkittlez-fem-advanced-seeds","status":"publish","type":"product","link":"https:\/\/puregrowshop.com\/fr\/zkittlez-fem-advanced-seeds\/","title":{"rendered":"Zkittlez Advanced Seeds"},"content":{"rendered":"<p data-start=\"261\" data-end=\"801\">La <strong data-start=\"264\" data-end=\"281\">Zkittlez fem.<\/strong> de <strong data-start=\"285\" data-end=\"303\">Advanced Seeds<\/strong> es una de las variedades m\u00e1s buscadas por su <strong data-start=\"349\" data-end=\"376\">intenso perfil de sabor<\/strong> y su <strong data-start=\"382\" data-end=\"410\">potente efecto relajante<\/strong>. Esta cepa, conocida por su <strong data-start=\"439\" data-end=\"458\">gen\u00e9tica s\u00f3lida<\/strong> y sus sabores afrutados, ha conquistado a cultivadores y consumidores que buscan una experiencia completa tanto en t\u00e9rminos de sabor como de efectos. Con una excelente adaptabilidad tanto para cultivadores novatos como experimentados, <strong data-start=\"694\" data-end=\"706\">Zkittlez<\/strong> es la opci\u00f3n perfecta para aquellos que desean una <strong data-start=\"758\" data-end=\"779\">cosecha abundante<\/strong> y un <strong data-start=\"785\" data-end=\"800\">sabor \u00fanico<\/strong>.<\/p>\n<h3 data-start=\"803\" data-end=\"820\"><strong data-start=\"807\" data-end=\"820\">Gen\u00e9tica de la <\/strong><strong data-start=\"3233\" data-end=\"3280\">Zkittlez<\/strong><\/h3>\n<ul data-start=\"821\" data-end=\"1082\">\n<li data-start=\"821\" data-end=\"879\">\n<p data-start=\"823\" data-end=\"879\"><strong data-start=\"823\" data-end=\"844\">Tipo de gen\u00e9tica:<\/strong> H\u00edbrida (70% \u00edndica, 30% sativa)<\/p>\n<\/li>\n<li data-start=\"880\" data-end=\"922\">\n<p data-start=\"882\" data-end=\"922\"><strong data-start=\"882\" data-end=\"893\">Linaje:<\/strong> <strong data-start=\"894\" data-end=\"920\">Grape Ape x Grapefruit<\/strong><\/p>\n<\/li>\n<li data-start=\"923\" data-end=\"995\">\n<p data-start=\"925\" data-end=\"995\"><strong data-start=\"925\" data-end=\"933\">THC:<\/strong> <strong data-start=\"934\" data-end=\"945\">18%\u201322%<\/strong>, ofreciendo un efecto potente pero equilibrado.<\/p>\n<\/li>\n<li data-start=\"996\" data-end=\"1082\">\n<p data-start=\"998\" data-end=\"1082\"><strong data-start=\"998\" data-end=\"1006\">CBD:<\/strong> Bajo, lo que potencia los efectos psicoactivos de su alto contenido de THC.<\/p>\n<\/li>\n<\/ul>\n<h3 data-start=\"1084\" data-end=\"1119\"><strong data-start=\"1088\" data-end=\"1119\">Caracter\u00edsticas de Cultivo de la semilla <\/strong><strong data-start=\"3233\" data-end=\"3280\">Zkittlez<\/strong><\/h3>\n<h4 data-start=\"1121\" data-end=\"1147\"><strong data-start=\"1126\" data-end=\"1147\">Cultivo Interior:<\/strong><\/h4>\n<ul data-start=\"1148\" data-end=\"1625\">\n<li data-start=\"1148\" data-end=\"1238\">\n<p data-start=\"1150\" data-end=\"1238\"><strong data-start=\"1150\" data-end=\"1161\">Altura:<\/strong> <strong data-start=\"1162\" data-end=\"1175\">80\u2013100 cm<\/strong>, una planta de tama\u00f1o compacto, ideal para espacios reducidos.<\/p>\n<\/li>\n<li data-start=\"1239\" data-end=\"1365\">\n<p data-start=\"1241\" data-end=\"1365\"><strong data-start=\"1241\" data-end=\"1265\">Tiempo de floraci\u00f3n:<\/strong> <strong data-start=\"1266\" data-end=\"1281\">8\u20139 semanas<\/strong>, un ciclo de floraci\u00f3n relativamente r\u00e1pido para una cepa predominantemente \u00edndica.<\/p>\n<\/li>\n<li data-start=\"1366\" data-end=\"1468\">\n<p data-start=\"1368\" data-end=\"1468\"><strong data-start=\"1368\" data-end=\"1393\">Rendimiento interior:<\/strong> <strong data-start=\"1394\" data-end=\"1410\">450\u2013500 g\/m\u00b2<\/strong>, una excelente producci\u00f3n de cogollos densos y resinosos.<\/p>\n<\/li>\n<li data-start=\"1469\" data-end=\"1625\">\n<p data-start=\"1471\" data-end=\"1625\"><strong data-start=\"1471\" data-end=\"1495\">Condiciones ideales:<\/strong> Temperaturas entre <strong data-start=\"1515\" data-end=\"1530\">20\u00b0C y 26\u00b0C<\/strong>, y un ciclo de luz de <strong data-start=\"1553\" data-end=\"1595\">18 horas de luz y 6 horas de oscuridad<\/strong> para maximizar la producci\u00f3n.<\/p>\n<\/li>\n<\/ul>\n<h4 data-start=\"1627\" data-end=\"1653\"><strong data-start=\"1632\" data-end=\"1653\">Cultivo Exterior:<\/strong><\/h4>\n<ul data-start=\"1654\" data-end=\"2078\">\n<li data-start=\"1654\" data-end=\"1753\">\n<p data-start=\"1656\" data-end=\"1753\"><strong data-start=\"1656\" data-end=\"1667\">Altura:<\/strong> En exterior puede alcanzar hasta <strong data-start=\"1701\" data-end=\"1713\">2 metros<\/strong>, lo que le permite una mayor expansi\u00f3n.<\/p>\n<\/li>\n<li data-start=\"1754\" data-end=\"1833\">\n<p data-start=\"1756\" data-end=\"1833\"><strong data-start=\"1756\" data-end=\"1772\">Clima ideal:<\/strong> Prefiere un clima c\u00e1lido y soleado, similar al mediterr\u00e1neo.<\/p>\n<\/li>\n<li data-start=\"1834\" data-end=\"1944\">\n<p data-start=\"1836\" data-end=\"1944\"><strong data-start=\"1836\" data-end=\"1858\">Tiempo de cosecha:<\/strong> En exterior, la cosecha se realiza <strong data-start=\"1894\" data-end=\"1943\">finales de septiembre a principios de octubre<\/strong>.<\/p>\n<\/li>\n<li data-start=\"1945\" data-end=\"2078\">\n<p data-start=\"1947\" data-end=\"2078\"><strong data-start=\"1947\" data-end=\"1972\">Rendimiento exterior:<\/strong> <strong data-start=\"1973\" data-end=\"1993\">700\u2013900 g\/planta<\/strong>, una excelente opci\u00f3n para cultivadores que buscan grandes rendimientos en exterior.<\/p>\n<\/li>\n<\/ul>\n<h3 data-start=\"2080\" data-end=\"2102\"><strong data-start=\"2084\" data-end=\"2102\">Aroma y Sabor:<\/strong><\/h3>\n<p data-start=\"2103\" data-end=\"2298\">La <strong data-start=\"2106\" data-end=\"2118\">Zkittlez<\/strong> es famosa por su perfil de sabor <strong data-start=\"2152\" data-end=\"2177\">intensamente afrutado<\/strong>, con una mezcla que recuerda a una bolsa de <strong data-start=\"2222\" data-end=\"2235\">caramelos<\/strong> de frutas tropicales. Sus caracter\u00edsticas arom\u00e1ticas incluyen:<\/p>\n<ul data-start=\"2299\" data-end=\"2577\">\n<li data-start=\"2299\" data-end=\"2389\">\n<p data-start=\"2301\" data-end=\"2389\"><strong data-start=\"2301\" data-end=\"2310\">Aroma<\/strong>: Notas predominantes de <strong data-start=\"2335\" data-end=\"2347\">c\u00edtricos<\/strong>, <strong data-start=\"2349\" data-end=\"2356\">uva<\/strong> y un toque de <strong data-start=\"2371\" data-end=\"2388\">frutas dulces<\/strong>.<\/p>\n<\/li>\n<li data-start=\"2390\" data-end=\"2577\">\n<p data-start=\"2392\" data-end=\"2577\"><strong data-start=\"2392\" data-end=\"2401\">Sabor<\/strong>: El sabor es igual de dulce, con una <strong data-start=\"2439\" data-end=\"2462\">explosi\u00f3n de frutas<\/strong> que recuerda a <strong data-start=\"2478\" data-end=\"2495\">bayas maduras<\/strong> y un toque sutil de <strong data-start=\"2516\" data-end=\"2525\">candy<\/strong> que la convierte en una experiencia muy placentera.<\/p>\n<\/li>\n<\/ul>\n<h3 data-start=\"2579\" data-end=\"2595\"><strong data-start=\"2583\" data-end=\"2595\">Efectos:<\/strong><\/h3>\n<p data-start=\"2596\" data-end=\"2801\">Los efectos de la <strong data-start=\"2614\" data-end=\"2626\">Zkittlez<\/strong> son conocidos por ser <strong data-start=\"2649\" data-end=\"2663\">relajantes<\/strong> y <strong data-start=\"2666\" data-end=\"2679\">euf\u00f3ricos<\/strong>. Es ideal para quienes buscan una experiencia de <strong data-start=\"2729\" data-end=\"2756\">relajaci\u00f3n sin sedaci\u00f3n<\/strong>. Algunos de los efectos que proporciona son:<\/p>\n<ul data-start=\"2802\" data-end=\"3227\">\n<li data-start=\"2802\" data-end=\"2930\">\n<p data-start=\"2804\" data-end=\"2930\"><strong data-start=\"2804\" data-end=\"2827\">Relajaci\u00f3n profunda<\/strong>: Perfecta para quienes buscan relajarse despu\u00e9s de un d\u00eda largo, sin caer en un estado de somnolencia.<\/p>\n<\/li>\n<li data-start=\"2931\" data-end=\"3054\">\n<p data-start=\"2933\" data-end=\"3054\"><strong data-start=\"2933\" data-end=\"2963\">Mejora del estado de \u00e1nimo<\/strong>: Efectos euf\u00f3ricos que aumentan el bienestar general y proporcionan un <strong data-start=\"3035\" data-end=\"3053\">subid\u00f3n alegre<\/strong>.<\/p>\n<\/li>\n<li data-start=\"3055\" data-end=\"3227\">\n<p data-start=\"3057\" data-end=\"3227\"><strong data-start=\"3057\" data-end=\"3097\">Sensaci\u00f3n de felicidad y creatividad<\/strong>: Aunque es una cepa relajante, sus efectos no son pesados, lo que la convierte en una buena opci\u00f3n para disfrutar durante el d\u00eda.<\/p>\n<\/li>\n<\/ul>\n<h3 data-start=\"3229\" data-end=\"3280\"><strong data-start=\"3233\" data-end=\"3280\">\u00bfPor qu\u00e9 elegir Zkittlez de Advanced Seeds?<\/strong><\/h3>\n<ul data-start=\"3281\" data-end=\"3930\">\n<li data-start=\"3281\" data-end=\"3459\">\n<p data-start=\"3283\" data-end=\"3459\"><strong data-start=\"3283\" data-end=\"3298\">Sabor \u00fanico<\/strong>: Con su impresionante perfil de sabor afrutado y dulce, la <strong data-start=\"3358\" data-end=\"3370\">Zkittlez<\/strong> es una de las cepas m\u00e1s apreciadas por los amantes del cannabis que buscan algo sabroso.<\/p>\n<\/li>\n<li data-start=\"3460\" data-end=\"3627\">\n<p data-start=\"3462\" data-end=\"3627\"><strong data-start=\"3462\" data-end=\"3479\">F\u00e1cil cultivo<\/strong>: Su tama\u00f1o compacto y resistencia la hacen adecuada para cultivadores novatos y experimentados, con una floraci\u00f3n r\u00e1pida y resultados consistentes.<\/p>\n<\/li>\n<li data-start=\"3628\" data-end=\"3762\">\n<p data-start=\"3630\" data-end=\"3762\"><strong data-start=\"3630\" data-end=\"3654\">Efectos equilibrados<\/strong>: Ofrece <strong data-start=\"3663\" data-end=\"3684\">relajaci\u00f3n f\u00edsica<\/strong> sin causar sedaci\u00f3n excesiva, ideal para disfrutar durante el d\u00eda o la noche.<\/p>\n<\/li>\n<li data-start=\"3763\" data-end=\"3930\">\n<p data-start=\"3765\" data-end=\"3930\"><strong data-start=\"3765\" data-end=\"3785\">Gran rendimiento<\/strong>: Con rendimientos elevados tanto en interior como exterior, esta cepa es una excelente opci\u00f3n para cultivadores que buscan una cosecha generosa.<\/p>\n<\/li>\n<\/ul>\n","protected":false},"excerpt":{"rendered":"<p>Zkittlez fem. de Advanced Seeds es una gen\u00e9tica feminizada de dominancia \u00edndica con un perfil arom\u00e1tico intenso a frutas y caramelo. Produce flores densas y muy resinosas, con alto contenido de THC y un efecto potente y equilibrado. Ciclo de floraci\u00f3n r\u00e1pido (aprox. 55\u201360 d\u00edas) y rendimientos elevados, adecuada para interior y exterior. Disponible en formatos que van desde paquetes individuales hasta opciones a granel para ajustarse a tus necesidades.<\/p>\n","protected":false},"featured_media":18681,"comment_status":"open","ping_status":"closed","template":"","meta":{"_bst_post_transparent":"default","_bst_post_title":"","_bst_post_layout":"default","_bst_post_sidebar_id":"","_bst_post_content_style":"default","_bst_post_vertical_padding":"default","_bst_post_feature":"","_bst_post_feature_position":"","_bst_post_header":false,"_bst_post_footer":false},"pwb-brand":[198],"product_brand":[],"product_cat":[69],"product_tag":[],"class_list":{"0":"post-31455","1":"product","2":"type-product","3":"status-publish","4":"has-post-thumbnail","6":"pwb-brand-advanced-seeds","7":"product_cat-feminizadas","9":"first","10":"instock","11":"sale","12":"taxable","13":"shipping-taxable","14":"purchasable","15":"product-type-variable","16":"entry","17":"content-bg","18":"loop-entry"},"brands":[{"id":198,"name":"Advanced Seeds","slug":"advanced-seeds"}],"_links":{"self":[{"href":"https:\/\/puregrowshop.com\/fr\/wp-json\/wp\/v2\/product\/31455","targetHints":{"allow":["GET"]}}],"collection":[{"href":"https:\/\/puregrowshop.com\/fr\/wp-json\/wp\/v2\/product"}],"about":[{"href":"https:\/\/puregrowshop.com\/fr\/wp-json\/wp\/v2\/types\/product"}],"replies":[{"embeddable":true,"href":"https:\/\/puregrowshop.com\/fr\/wp-json\/wp\/v2\/comments?post=31455"}],"wp:featuredmedia":[{"embeddable":true,"href":"https:\/\/puregrowshop.com\/fr\/wp-json\/wp\/v2\/media\/18681"}],"wp:attachment":[{"href":"https:\/\/puregrowshop.com\/fr\/wp-json\/wp\/v2\/media?parent=31455"}],"wp:term":[{"taxonomy":"pwb-brand","embeddable":true,"href":"https:\/\/puregrowshop.com\/fr\/wp-json\/wp\/v2\/pwb-brand?post=31455"},{"taxonomy":"product_brand","embeddable":true,"href":"https:\/\/puregrowshop.com\/fr\/wp-json\/wp\/v2\/product_brand?post=31455"},{"taxonomy":"product_cat","embeddable":true,"href":"https:\/\/puregrowshop.com\/fr\/wp-json\/wp\/v2\/product_cat?post=31455"},{"taxonomy":"product_tag","embeddable":true,"href":"https:\/\/puregrowshop.com\/fr\/wp-json\/wp\/v2\/product_tag?post=31455"}],"curies":[{"name":"wp","href":"https:\/\/api.w.org\/{rel}","templated":true}]}}