{"id":31452,"date":"2025-10-07T13:01:01","date_gmt":"2025-10-07T13:01:01","guid":{"rendered":"https:\/\/puregrowshop.com\/?post_type=product&#038;p=31452"},"modified":"2025-11-21T11:00:50","modified_gmt":"2025-11-21T11:00:50","slug":"strawberry-gum-cbd-fem-advanced-seeds","status":"publish","type":"product","link":"https:\/\/puregrowshop.com\/fr\/strawberry-gum-cbd-fem-advanced-seeds\/","title":{"rendered":"Strawberry Gum CBD fem. Advanced Seeds"},"content":{"rendered":"<p data-start=\"247\" data-end=\"610\"><strong data-start=\"247\" data-end=\"269\">Strawberry Gum CBD<\/strong> de <strong data-start=\"273\" data-end=\"291\">Advanced Seeds<\/strong> es una variedad <strong data-start=\"308\" data-end=\"336\">feminizada fotoperi\u00f3dica<\/strong> que destaca por su delicioso sabor a <strong data-start=\"374\" data-end=\"393\">chicle de fresa<\/strong> y su <strong data-start=\"399\" data-end=\"421\">efecto equilibrado<\/strong>, gracias a su contenido <strong data-start=\"446\" data-end=\"465\">moderado de THC<\/strong> y <strong data-start=\"468\" data-end=\"483\">alto en CBD<\/strong>.<br data-start=\"484\" data-end=\"487\" \/>Una gen\u00e9tica perfecta para quienes buscan <strong data-start=\"529\" data-end=\"607\">sabores dulces, bienestar mental y relajaci\u00f3n sin exceso de psicoactividad<\/strong>.<\/p>\n<p data-start=\"612\" data-end=\"796\">Ideal tanto para cultivo en interior como exterior, combina <strong data-start=\"672\" data-end=\"726\">f\u00e1cil manejo, aroma intenso y flores muy resinosas<\/strong>, siendo una excelente opci\u00f3n para uso recreativo suave o terap\u00e9utico.<\/p>\n<hr data-start=\"798\" data-end=\"801\" \/>\n<h3 data-start=\"803\" data-end=\"834\">Caracter\u00edsticas principales<\/h3>\n<ul data-start=\"835\" data-end=\"1683\">\n<li data-start=\"835\" data-end=\"878\">\n<p data-start=\"837\" data-end=\"878\"><strong data-start=\"837\" data-end=\"846\">Tipo:<\/strong> Feminizada (fotodependiente).<\/p>\n<\/li>\n<li data-start=\"879\" data-end=\"940\">\n<p data-start=\"881\" data-end=\"940\"><strong data-start=\"881\" data-end=\"894\">Gen\u00e9tica:<\/strong> Selecci\u00f3n de Strawberry + cepa rica en CBD.<\/p>\n<\/li>\n<li data-start=\"941\" data-end=\"997\">\n<p data-start=\"943\" data-end=\"997\"><strong data-start=\"943\" data-end=\"958\">Dominancia:<\/strong> H\u00edbrido equilibrado (\u00edndica\/sativa).<\/p>\n<\/li>\n<li data-start=\"998\" data-end=\"1071\">\n<p data-start=\"1000\" data-end=\"1071\"><strong data-start=\"1000\" data-end=\"1021\">Relaci\u00f3n THC\/CBD:<\/strong> Aproximadamente <strong data-start=\"1038\" data-end=\"1045\">1:1<\/strong> (THC 7\u20139% \/ CBD 7\u201310%).<\/p>\n<\/li>\n<li data-start=\"1072\" data-end=\"1167\">\n<p data-start=\"1074\" data-end=\"1167\"><strong data-start=\"1074\" data-end=\"1092\">Aroma y sabor:<\/strong> Intenso y dulce, tipo <strong data-start=\"1115\" data-end=\"1164\">chicle de fresa con notas frutales y cremosas<\/strong>.<\/p>\n<\/li>\n<li data-start=\"1168\" data-end=\"1278\">\n<p data-start=\"1170\" data-end=\"1278\"><strong data-start=\"1170\" data-end=\"1181\">Efecto:<\/strong> Suave, relajante y feliz; sin psicoactividad fuerte, ideal para disfrutar o aliviar el estr\u00e9s.<\/p>\n<\/li>\n<li data-start=\"1279\" data-end=\"1318\">\n<p data-start=\"1281\" data-end=\"1318\"><strong data-start=\"1281\" data-end=\"1304\">Floraci\u00f3n interior:<\/strong> 55\u201360 d\u00edas.<\/p>\n<\/li>\n<li data-start=\"1319\" data-end=\"1410\">\n<p data-start=\"1321\" data-end=\"1410\"><strong data-start=\"1321\" data-end=\"1342\">Cosecha exterior:<\/strong> Finales de septiembre \u2013 principios de octubre (Hemisferio Norte).<\/p>\n<\/li>\n<li data-start=\"1411\" data-end=\"1484\">\n<p data-start=\"1413\" data-end=\"1484\"><strong data-start=\"1413\" data-end=\"1428\">Producci\u00f3n:<\/strong> Alta; cogollos densos y cargados de resina brillante.<\/p>\n<\/li>\n<li data-start=\"1485\" data-end=\"1541\">\n<p data-start=\"1487\" data-end=\"1541\"><strong data-start=\"1487\" data-end=\"1498\">Altura:<\/strong> Media; estructura compacta y ramificada.<\/p>\n<\/li>\n<li data-start=\"1542\" data-end=\"1634\">\n<p data-start=\"1544\" data-end=\"1634\"><strong data-start=\"1544\" data-end=\"1564\">Uso recomendado:<\/strong> Bienestar diario, relajaci\u00f3n, vaporizaci\u00f3n o elaboraciones con CBD.<\/p>\n<\/li>\n<li data-start=\"1635\" data-end=\"1683\">\n<p data-start=\"1637\" data-end=\"1683\"><strong data-start=\"1637\" data-end=\"1662\">Formatos disponibles:<\/strong> 1, 3 y 5 semillas.<\/p>\n<\/li>\n<\/ul>\n<hr data-start=\"1685\" data-end=\"1688\" \/>\n<h3 data-start=\"1690\" data-end=\"1707\">Sabor y aroma<\/h3>\n<p data-start=\"1708\" data-end=\"2014\">El perfil arom\u00e1tico de <strong data-start=\"1731\" data-end=\"1753\">Strawberry Gum CBD<\/strong> es una aut\u00e9ntica delicia.<br data-start=\"1779\" data-end=\"1782\" \/>Destaca su <strong data-start=\"1793\" data-end=\"1828\">intenso sabor a chicle de fresa<\/strong>, con notas dulces, afrutadas y un fondo cremoso que recuerda a los caramelos cl\u00e1sicos.<br data-start=\"1915\" data-end=\"1918\" \/>Un bouquet <strong data-start=\"1929\" data-end=\"1961\">gourmet, suave y persistente<\/strong>, que se mantiene tanto al fumar como al vaporizar.<\/p>\n<p data-start=\"2016\" data-end=\"2101\">Perfecta para quienes buscan una experiencia sensorial <strong data-start=\"2071\" data-end=\"2100\">dulce, ligera y relajante<\/strong>.<\/p>\n<hr data-start=\"2103\" data-end=\"2106\" \/>\n<h3 data-start=\"2108\" data-end=\"2119\">Efectos<\/h3>\n<p data-start=\"2120\" data-end=\"2528\">Gracias a su <strong data-start=\"2133\" data-end=\"2163\">equilibrio entre THC y CBD<\/strong>, <strong data-start=\"2165\" data-end=\"2187\">Strawberry Gum CBD<\/strong> ofrece un efecto <strong data-start=\"2205\" data-end=\"2234\">suave, l\u00facido y agradable<\/strong>, sin sensaci\u00f3n de pesadez ni ansiedad.<br data-start=\"2273\" data-end=\"2276\" \/>Aporta <strong data-start=\"2283\" data-end=\"2328\">bienestar general, calma y enfoque mental<\/strong>, ideal para el d\u00eda a d\u00eda o para relajarse tras la jornada.<br data-start=\"2387\" data-end=\"2390\" \/>Su uso es perfecto para quienes desean disfrutar de los beneficios del cannabis sin los efectos intensos de las variedades con alto THC.<\/p>\n<hr data-start=\"2530\" data-end=\"2533\" \/>\n<h3 data-start=\"2535\" data-end=\"2558\">Cultivo en interior<\/h3>\n<ul data-start=\"2559\" data-end=\"2964\">\n<li data-start=\"2559\" data-end=\"2633\">\n<p data-start=\"2561\" data-end=\"2633\"><strong data-start=\"2561\" data-end=\"2582\">Floraci\u00f3n r\u00e1pida:<\/strong> lista en <strong data-start=\"2592\" data-end=\"2606\">55\u201360 d\u00edas<\/strong> desde el cambio a 12\/12.<\/p>\n<\/li>\n<li data-start=\"2634\" data-end=\"2715\">\n<p data-start=\"2636\" data-end=\"2715\"><strong data-start=\"2636\" data-end=\"2671\">Estructura compacta y manejable<\/strong>, ideal para <strong data-start=\"2684\" data-end=\"2712\">SCROG, SOG o poda apical<\/strong>.<\/p>\n<\/li>\n<li data-start=\"2716\" data-end=\"2800\">\n<p data-start=\"2718\" data-end=\"2800\"><strong data-start=\"2718\" data-end=\"2742\">Olor intenso y dulce<\/strong>: se recomienda ventilaci\u00f3n adecuada y filtro de carb\u00f3n.<\/p>\n<\/li>\n<li data-start=\"2801\" data-end=\"2896\">\n<p data-start=\"2803\" data-end=\"2896\"><strong data-start=\"2803\" data-end=\"2818\">Nutrientes:<\/strong> tolera bien la fertilizaci\u00f3n media; agradece buena base de calcio\/magnesio.<\/p>\n<\/li>\n<li data-start=\"2897\" data-end=\"2964\">\n<p data-start=\"2899\" data-end=\"2964\"><strong data-start=\"2899\" data-end=\"2923\">Producci\u00f3n interior:<\/strong> 450\u2013550 g\/m\u00b2 bajo condiciones \u00f3ptimas.<\/p>\n<\/li>\n<\/ul>\n<hr data-start=\"2966\" data-end=\"2969\" \/>\n<h3 data-start=\"2971\" data-end=\"2994\">Cultivo en exterior<\/h3>\n<ul data-start=\"2995\" data-end=\"3359\">\n<li data-start=\"2995\" data-end=\"3052\">\n<p data-start=\"2997\" data-end=\"3052\">Muy adaptable a <strong data-start=\"3013\" data-end=\"3049\">climas templados o mediterr\u00e1neos<\/strong>.<\/p>\n<\/li>\n<li data-start=\"3053\" data-end=\"3138\">\n<p data-start=\"3055\" data-end=\"3138\">Produce <strong data-start=\"3063\" data-end=\"3098\">plantas vigorosas y resistentes<\/strong>, con cogollos duros y muy arom\u00e1ticos.<\/p>\n<\/li>\n<li data-start=\"3139\" data-end=\"3212\">\n<p data-start=\"3141\" data-end=\"3212\">Cosecha estimada a <strong data-start=\"3160\" data-end=\"3209\">finales de septiembre o principios de octubre<\/strong>.<\/p>\n<\/li>\n<li data-start=\"3213\" data-end=\"3289\">\n<p data-start=\"3215\" data-end=\"3289\">Puede alcanzar <strong data-start=\"3230\" data-end=\"3253\">hasta 2 m de altura<\/strong> en suelo f\u00e9rtil y bien iluminado.<\/p>\n<\/li>\n<li data-start=\"3290\" data-end=\"3359\">\n<p data-start=\"3292\" data-end=\"3359\"><strong data-start=\"3292\" data-end=\"3316\">Producci\u00f3n exterior:<\/strong> 700\u2013900 g\/planta en condiciones \u00f3ptimas.<\/p>\n<\/li>\n<\/ul>\n<hr data-start=\"3361\" data-end=\"3364\" \/>\n<h3 data-start=\"3366\" data-end=\"3422\">Ficha t\u00e9cnica de Strawberry Gum CBD \u2013 Advanced Seeds<\/h3>\n<ul data-start=\"3423\" data-end=\"4284\">\n<li data-start=\"3423\" data-end=\"3452\">\n<p data-start=\"3425\" data-end=\"3452\"><strong data-start=\"3425\" data-end=\"3435\">Banco:<\/strong> Advanced Seeds<\/p>\n<\/li>\n<li data-start=\"3453\" data-end=\"3493\">\n<p data-start=\"3455\" data-end=\"3493\"><strong data-start=\"3455\" data-end=\"3464\">Tipo:<\/strong> Feminizada (fotoperi\u00f3dica)<\/p>\n<\/li>\n<li data-start=\"3494\" data-end=\"3549\">\n<p data-start=\"3496\" data-end=\"3549\"><strong data-start=\"3496\" data-end=\"3511\">Dominancia:<\/strong> H\u00edbrido equilibrado (\u00cdndica\/Sativa)<\/p>\n<\/li>\n<li data-start=\"3550\" data-end=\"3567\">\n<p data-start=\"3552\" data-end=\"3567\"><strong data-start=\"3552\" data-end=\"3560\">THC:<\/strong> 7\u20139%<\/p>\n<\/li>\n<li data-start=\"3568\" data-end=\"3586\">\n<p data-start=\"3570\" data-end=\"3586\"><strong data-start=\"3570\" data-end=\"3578\">CBD:<\/strong> 7\u201310%<\/p>\n<\/li>\n<li data-start=\"3587\" data-end=\"3616\">\n<p data-start=\"3589\" data-end=\"3616\"><strong data-start=\"3589\" data-end=\"3610\">Relaci\u00f3n THC:CBD:<\/strong> 1:1<\/p>\n<\/li>\n<li data-start=\"3617\" data-end=\"3655\">\n<p data-start=\"3619\" data-end=\"3655\"><strong data-start=\"3619\" data-end=\"3642\">Floraci\u00f3n interior:<\/strong> 55\u201360 d\u00edas<\/p>\n<\/li>\n<li data-start=\"3656\" data-end=\"3727\">\n<p data-start=\"3658\" data-end=\"3727\"><strong data-start=\"3658\" data-end=\"3679\">Cosecha exterior:<\/strong> Finales de septiembre \u2013 principios de octubre<\/p>\n<\/li>\n<li data-start=\"3728\" data-end=\"3769\">\n<p data-start=\"3730\" data-end=\"3769\"><strong data-start=\"3730\" data-end=\"3754\">Producci\u00f3n interior:<\/strong> 450\u2013550 g\/m\u00b2<\/p>\n<\/li>\n<li data-start=\"3770\" data-end=\"3815\">\n<p data-start=\"3772\" data-end=\"3815\"><strong data-start=\"3772\" data-end=\"3796\">Producci\u00f3n exterior:<\/strong> 700\u2013900 g\/planta<\/p>\n<\/li>\n<li data-start=\"3816\" data-end=\"3872\">\n<p data-start=\"3818\" data-end=\"3872\"><strong data-start=\"3818\" data-end=\"3829\">Altura:<\/strong> 80\u2013120 cm interior \/ 150\u2013200 cm exterior<\/p>\n<\/li>\n<li data-start=\"3873\" data-end=\"3934\">\n<p data-start=\"3875\" data-end=\"3934\"><strong data-start=\"3875\" data-end=\"3893\">Aroma y sabor:<\/strong> Fresa, chicle, caramelo, fondo cremoso<\/p>\n<\/li>\n<li data-start=\"3935\" data-end=\"4009\">\n<p data-start=\"3937\" data-end=\"4009\"><strong data-start=\"3937\" data-end=\"3948\">Efecto:<\/strong> Relajante, alegre y equilibrado; sin psicoactividad fuerte<\/p>\n<\/li>\n<li data-start=\"4010\" data-end=\"4066\">\n<p data-start=\"4012\" data-end=\"4066\"><strong data-start=\"4012\" data-end=\"4036\">Terpenos dominantes:<\/strong> Limoneno, Linalool, Mirceno<\/p>\n<\/li>\n<li data-start=\"4067\" data-end=\"4117\">\n<p data-start=\"4069\" data-end=\"4117\"><strong data-start=\"4069\" data-end=\"4084\">Dificultad:<\/strong> Baja-media (f\u00e1cil de cultivar)<\/p>\n<\/li>\n<li data-start=\"4118\" data-end=\"4164\">\n<p data-start=\"4120\" data-end=\"4164\"><strong data-start=\"4120\" data-end=\"4146\">T\u00e9cnicas recomendadas:<\/strong> SCROG, SOG, LST<\/p>\n<\/li>\n<li data-start=\"4165\" data-end=\"4248\">\n<p data-start=\"4167\" data-end=\"4248\"><strong data-start=\"4167\" data-end=\"4185\">Uso destacado:<\/strong> Bienestar, relajaci\u00f3n, consumo diario y extracciones con CBD<\/p>\n<\/li>\n<li data-start=\"4249\" data-end=\"4284\">\n<p data-start=\"4251\" data-end=\"4284\"><strong data-start=\"4251\" data-end=\"4264\">Formatos:<\/strong> 1, 3 y 5 semillas<\/p>\n<\/li>\n<\/ul>\n<hr data-start=\"4286\" data-end=\"4289\" \/>\n<h3 data-start=\"4291\" data-end=\"4321\">Preguntas frecuentes (FAQ)<\/h3>\n<p data-start=\"4323\" data-end=\"4473\"><strong data-start=\"4323\" data-end=\"4359\">\u00bfEs adecuada para principiantes?<\/strong><br data-start=\"4359\" data-end=\"4362\" \/>S\u00ed, <strong data-start=\"4366\" data-end=\"4388\">Strawberry Gum CBD<\/strong> es f\u00e1cil de cultivar, resistente y estable, perfecta para todo tipo de cultivadores.<\/p>\n<p data-start=\"4475\" data-end=\"4635\"><strong data-start=\"4475\" data-end=\"4497\">\u00bfQu\u00e9 efecto tiene?<\/strong><br data-start=\"4497\" data-end=\"4500\" \/>Ofrece <strong data-start=\"4507\" data-end=\"4560\">relajaci\u00f3n y bienestar mental sin efectos fuertes<\/strong>. Ideal para relajarse, aliviar estr\u00e9s o disfrutar de un momento tranquilo.<\/p>\n<p data-start=\"4637\" data-end=\"4752\"><strong data-start=\"4637\" data-end=\"4657\">\u00bfEs psicoactiva?<\/strong><br data-start=\"4657\" data-end=\"4660\" \/>No de forma intensa. Su equilibrio <strong data-start=\"4695\" data-end=\"4710\">1:1 THC\/CBD<\/strong> proporciona un efecto suave y controlado.<\/p>\n<p data-start=\"4754\" data-end=\"4835\"><strong data-start=\"4754\" data-end=\"4784\">\u00bfCu\u00e1nto tarda en florecer?<\/strong><br data-start=\"4784\" data-end=\"4787\" \/>Entre <strong data-start=\"4793\" data-end=\"4809\">55 y 60 d\u00edas<\/strong>, dependiendo del entorno.<\/p>\n<p data-start=\"4837\" data-end=\"4935\"><strong data-start=\"4837\" data-end=\"4858\">\u00bfQu\u00e9 sabor tiene?<\/strong><br data-start=\"4858\" data-end=\"4861\" \/>Dulce y afrutado, con un claro recuerdo a <strong data-start=\"4903\" data-end=\"4934\">chicle de fresa y caramelos<\/strong>.<\/p>\n<p data-start=\"4937\" data-end=\"5107\"><strong data-start=\"4937\" data-end=\"4979\">\u00bfEs buena para extracciones o aceites?<\/strong><br data-start=\"4979\" data-end=\"4982\" \/>S\u00ed, su alto contenido en <strong data-start=\"5007\" data-end=\"5014\">CBD<\/strong> y abundante resina la hacen ideal para <strong data-start=\"5054\" data-end=\"5106\">elaboraciones terap\u00e9uticas o concentrados suaves<\/strong>.<\/p>\n<p data-start=\"5109\" data-end=\"5218\"><strong data-start=\"5109\" data-end=\"5144\">\u00bfCu\u00e1ndo se cosecha en exterior?<\/strong><br data-start=\"5144\" data-end=\"5147\" \/>A <strong data-start=\"5149\" data-end=\"5198\">finales de septiembre o principios de octubre<\/strong> (Hemisferio Norte).<\/p>\n","protected":false},"excerpt":{"rendered":"<p>Strawberry Gum CBD fem de Advanced Seeds ofrece un sabor intensamente dulce a fresa y chicle, con alto contenido de CBD y psicoactividad muy contenida. Semillas feminizadas de f\u00e1cil cultivo, plantas vigorosas y resistentes, aptas para interior y exterior. Floraci\u00f3n r\u00e1pida y rendimiento elevado de cogollos densos y resinosos, ideales para quienes priorizan aroma y calidad. Efecto suave, claro y relajante, perfecto para disfrutar del sabor sin excesos. Una gen\u00e9tica fiable para cosechas consistentes con un perfil terp\u00e9nico gourmet.<\/p>\n","protected":false},"featured_media":18726,"comment_status":"open","ping_status":"closed","template":"","meta":{"_bst_post_transparent":"","_bst_post_title":"","_bst_post_layout":"","_bst_post_sidebar_id":"","_bst_post_content_style":"","_bst_post_vertical_padding":"","_bst_post_feature":"","_bst_post_feature_position":"","_bst_post_header":false,"_bst_post_footer":false},"pwb-brand":[198],"product_brand":[],"product_cat":[69],"product_tag":[],"class_list":{"0":"post-31452","1":"product","2":"type-product","3":"status-publish","4":"has-post-thumbnail","6":"pwb-brand-advanced-seeds","7":"product_cat-feminizadas","9":"first","10":"outofstock","11":"sale","12":"taxable","13":"shipping-taxable","14":"purchasable","15":"product-type-variable","16":"entry","17":"content-bg","18":"loop-entry"},"brands":[{"id":198,"name":"Advanced Seeds","slug":"advanced-seeds"}],"_links":{"self":[{"href":"https:\/\/puregrowshop.com\/fr\/wp-json\/wp\/v2\/product\/31452","targetHints":{"allow":["GET"]}}],"collection":[{"href":"https:\/\/puregrowshop.com\/fr\/wp-json\/wp\/v2\/product"}],"about":[{"href":"https:\/\/puregrowshop.com\/fr\/wp-json\/wp\/v2\/types\/product"}],"replies":[{"embeddable":true,"href":"https:\/\/puregrowshop.com\/fr\/wp-json\/wp\/v2\/comments?post=31452"}],"wp:featuredmedia":[{"embeddable":true,"href":"https:\/\/puregrowshop.com\/fr\/wp-json\/wp\/v2\/media\/18726"}],"wp:attachment":[{"href":"https:\/\/puregrowshop.com\/fr\/wp-json\/wp\/v2\/media?parent=31452"}],"wp:term":[{"taxonomy":"pwb-brand","embeddable":true,"href":"https:\/\/puregrowshop.com\/fr\/wp-json\/wp\/v2\/pwb-brand?post=31452"},{"taxonomy":"product_brand","embeddable":true,"href":"https:\/\/puregrowshop.com\/fr\/wp-json\/wp\/v2\/product_brand?post=31452"},{"taxonomy":"product_cat","embeddable":true,"href":"https:\/\/puregrowshop.com\/fr\/wp-json\/wp\/v2\/product_cat?post=31452"},{"taxonomy":"product_tag","embeddable":true,"href":"https:\/\/puregrowshop.com\/fr\/wp-json\/wp\/v2\/product_tag?post=31452"}],"curies":[{"name":"wp","href":"https:\/\/api.w.org\/{rel}","templated":true}]}}