{"id":31424,"date":"2025-10-07T13:00:40","date_gmt":"2025-10-07T13:00:40","guid":{"rendered":"https:\/\/puregrowshop.com\/?post_type=product&#038;p=31424"},"modified":"2025-11-21T11:00:50","modified_gmt":"2025-11-21T11:00:50","slug":"somango-widow-fem-advanced-seeds","status":"publish","type":"product","link":"https:\/\/puregrowshop.com\/fr\/somango-widow-fem-advanced-seeds\/","title":{"rendered":"Somango Widow fem. Advanced Seeds"},"content":{"rendered":"<p data-start=\"244\" data-end=\"619\"><strong data-start=\"244\" data-end=\"261\">Somango Widow<\/strong> de <strong data-start=\"265\" data-end=\"283\">Advanced Seeds<\/strong> es una <strong data-start=\"291\" data-end=\"328\">variedad feminizada fotoperi\u00f3dica<\/strong> que combina lo mejor de <strong data-start=\"353\" data-end=\"364\">Somango<\/strong> y <strong data-start=\"367\" data-end=\"382\">White Widow<\/strong>, dando como resultado una gen\u00e9tica <strong data-start=\"418\" data-end=\"452\">dulce, afrutada y muy resinosa<\/strong>.<br data-start=\"453\" data-end=\"456\" \/>Su sabor ex\u00f3tico a <strong data-start=\"475\" data-end=\"510\">mango maduro con notas florales<\/strong> y su <strong data-start=\"516\" data-end=\"565\">efecto equilibrado entre energ\u00eda y relajaci\u00f3n<\/strong> la convierten en una de las favoritas del cat\u00e1logo.<\/p>\n<p data-start=\"621\" data-end=\"807\">F\u00e1cil de cultivar, muy arom\u00e1tica y con un acabado espectacular, <strong data-start=\"685\" data-end=\"702\">Somango Widow<\/strong> es perfecta para quienes buscan <strong data-start=\"735\" data-end=\"807\">intensidad en sabor, potencia y un cultivo sencillo pero productivo.<\/strong><\/p>\n<hr data-start=\"809\" data-end=\"812\" \/>\n<h3 data-start=\"814\" data-end=\"845\">Caracter\u00edsticas principales<\/h3>\n<ul data-start=\"846\" data-end=\"1630\">\n<li data-start=\"846\" data-end=\"889\">\n<p data-start=\"848\" data-end=\"889\"><strong data-start=\"848\" data-end=\"857\">Tipo:<\/strong> Feminizada (fotodependiente).<\/p>\n<\/li>\n<li data-start=\"890\" data-end=\"946\">\n<p data-start=\"892\" data-end=\"946\"><strong data-start=\"892\" data-end=\"905\">Gen\u00e9tica:<\/strong> Cruce entre <strong data-start=\"918\" data-end=\"943\">Somango x White Widow<\/strong>.<\/p>\n<\/li>\n<li data-start=\"947\" data-end=\"1003\">\n<p data-start=\"949\" data-end=\"1003\"><strong data-start=\"949\" data-end=\"964\">Dominancia:<\/strong> H\u00edbrido equilibrado (\u00cdndica\/Sativa).<\/p>\n<\/li>\n<li data-start=\"1004\" data-end=\"1098\">\n<p data-start=\"1006\" data-end=\"1098\"><strong data-start=\"1006\" data-end=\"1024\">Aroma y sabor:<\/strong> Mango dulce, frutas tropicales y flores frescas con un toque especiado.<\/p>\n<\/li>\n<li data-start=\"1099\" data-end=\"1184\">\n<p data-start=\"1101\" data-end=\"1184\"><strong data-start=\"1101\" data-end=\"1112\">Efecto:<\/strong> Alegre, creativo y relajante al final; ideal para ocio o desconexi\u00f3n.<\/p>\n<\/li>\n<li data-start=\"1185\" data-end=\"1212\">\n<p data-start=\"1187\" data-end=\"1212\"><strong data-start=\"1187\" data-end=\"1195\">THC:<\/strong> Alto (18\u201321%).<\/p>\n<\/li>\n<li data-start=\"1213\" data-end=\"1231\">\n<p data-start=\"1215\" data-end=\"1231\"><strong data-start=\"1215\" data-end=\"1223\">CBD:<\/strong> Bajo.<\/p>\n<\/li>\n<li data-start=\"1232\" data-end=\"1271\">\n<p data-start=\"1234\" data-end=\"1271\"><strong data-start=\"1234\" data-end=\"1257\">Floraci\u00f3n interior:<\/strong> 55\u201360 d\u00edas.<\/p>\n<\/li>\n<li data-start=\"1272\" data-end=\"1363\">\n<p data-start=\"1274\" data-end=\"1363\"><strong data-start=\"1274\" data-end=\"1295\">Cosecha exterior:<\/strong> Finales de septiembre \u2013 principios de octubre (Hemisferio Norte).<\/p>\n<\/li>\n<li data-start=\"1364\" data-end=\"1440\">\n<p data-start=\"1366\" data-end=\"1440\"><strong data-start=\"1366\" data-end=\"1381\">Producci\u00f3n:<\/strong> Alta; cogollos grandes, compactos y cubiertos de resina.<\/p>\n<\/li>\n<li data-start=\"1441\" data-end=\"1513\">\n<p data-start=\"1443\" data-end=\"1513\"><strong data-start=\"1443\" data-end=\"1454\">Altura:<\/strong> Media; estructura fuerte, ramificada y f\u00e1cil de manejar.<\/p>\n<\/li>\n<li data-start=\"1514\" data-end=\"1581\">\n<p data-start=\"1516\" data-end=\"1581\"><strong data-start=\"1516\" data-end=\"1536\">Uso recomendado:<\/strong> Flores arom\u00e1ticas o extracciones frutales.<\/p>\n<\/li>\n<li data-start=\"1582\" data-end=\"1630\">\n<p data-start=\"1584\" data-end=\"1630\"><strong data-start=\"1584\" data-end=\"1609\">Formatos disponibles:<\/strong> 1, 3 y 5 semillas.<\/p>\n<\/li>\n<\/ul>\n<hr data-start=\"1632\" data-end=\"1635\" \/>\n<h3 data-start=\"1637\" data-end=\"1654\">Sabor y aroma<\/h3>\n<p data-start=\"1655\" data-end=\"1981\">El <strong data-start=\"1658\" data-end=\"1678\">perfil terp\u00e9nico<\/strong> de <strong data-start=\"1682\" data-end=\"1699\">Somango Widow<\/strong> es uno de sus grandes atractivos:<br data-start=\"1733\" data-end=\"1736\" \/>predominan los <strong data-start=\"1751\" data-end=\"1773\">sabores tropicales<\/strong> a <strong data-start=\"1776\" data-end=\"1812\">mango, melocot\u00f3n y frutas dulces<\/strong>, con matices florales y un sutil fondo especiado que le aporta complejidad.<br data-start=\"1888\" data-end=\"1891\" \/>En el curado, el aroma se intensifica, dejando un perfume ex\u00f3tico que llena el ambiente.<\/p>\n<p data-start=\"1983\" data-end=\"2072\">Un aut\u00e9ntico placer para los amantes de los sabores afrutados, suaves y duraderos. ??<\/p>\n<hr data-start=\"2074\" data-end=\"2077\" \/>\n<h3 data-start=\"2079\" data-end=\"2090\">Efectos<\/h3>\n<p data-start=\"2091\" data-end=\"2465\">El efecto de <strong data-start=\"2104\" data-end=\"2121\">Somango Widow<\/strong> es <strong data-start=\"2125\" data-end=\"2153\">potente pero equilibrado<\/strong>, con un <strong data-start=\"2162\" data-end=\"2199\">inicio mental euf\u00f3rico y creativo<\/strong> que evoluciona hacia una <strong data-start=\"2225\" data-end=\"2268\">relajaci\u00f3n f\u00edsica moderada y placentera<\/strong>.<br data-start=\"2269\" data-end=\"2272\" \/>Perfecta para socializar, disfrutar de m\u00fasica o relajarse al final del d\u00eda.<br data-start=\"2347\" data-end=\"2350\" \/>Su equilibrio entre cuerpo y mente la convierte en una variedad ideal para <strong data-start=\"2425\" data-end=\"2463\">uso diario o recreativo tranquilo.<\/strong><\/p>\n<hr data-start=\"2467\" data-end=\"2470\" \/>\n<h3 data-start=\"2472\" data-end=\"2495\">Cultivo en interior<\/h3>\n<ul data-start=\"2496\" data-end=\"2883\">\n<li data-start=\"2496\" data-end=\"2570\">\n<p data-start=\"2498\" data-end=\"2570\"><strong data-start=\"2498\" data-end=\"2519\">Floraci\u00f3n r\u00e1pida:<\/strong> lista en <strong data-start=\"2529\" data-end=\"2543\">55\u201360 d\u00edas<\/strong> desde el cambio a 12\/12.<\/p>\n<\/li>\n<li data-start=\"2571\" data-end=\"2643\">\n<p data-start=\"2573\" data-end=\"2643\"><strong data-start=\"2573\" data-end=\"2608\">Plantas compactas y productivas<\/strong>, f\u00e1ciles de controlar en altura.<\/p>\n<\/li>\n<li data-start=\"2644\" data-end=\"2728\">\n<p data-start=\"2646\" data-end=\"2728\">Ideal para <strong data-start=\"2657\" data-end=\"2672\">SCROG o SOG<\/strong> gracias a su estructura ramificada y cogollos densos.<\/p>\n<\/li>\n<li data-start=\"2729\" data-end=\"2816\">\n<p data-start=\"2731\" data-end=\"2816\"><strong data-start=\"2731\" data-end=\"2758\">Olor intenso y tropical<\/strong>: se recomienda ventilaci\u00f3n adecuada y filtro de carb\u00f3n.<\/p>\n<\/li>\n<li data-start=\"2817\" data-end=\"2883\">\n<p data-start=\"2819\" data-end=\"2883\"><strong data-start=\"2819\" data-end=\"2843\">Producci\u00f3n interior:<\/strong> 500\u2013600 g\/m\u00b2 con iluminaci\u00f3n estable.<\/p>\n<\/li>\n<\/ul>\n<hr data-start=\"2885\" data-end=\"2888\" \/>\n<h3 data-start=\"2890\" data-end=\"2913\">Cultivo en exterior<\/h3>\n<ul data-start=\"2914\" data-end=\"3256\">\n<li data-start=\"2914\" data-end=\"2978\">\n<p data-start=\"2916\" data-end=\"2978\">Excelente adaptaci\u00f3n a <strong data-start=\"2939\" data-end=\"2975\">climas templados y mediterr\u00e1neos<\/strong>.<\/p>\n<\/li>\n<li data-start=\"2979\" data-end=\"3037\">\n<p data-start=\"2981\" data-end=\"3037\">Crecimiento vigoroso y buena resistencia a la humedad.<\/p>\n<\/li>\n<li data-start=\"3038\" data-end=\"3101\">\n<p data-start=\"3040\" data-end=\"3101\"><strong data-start=\"3040\" data-end=\"3052\">Cosecha:<\/strong> finales de septiembre o principios de octubre.<\/p>\n<\/li>\n<li data-start=\"3102\" data-end=\"3171\">\n<p data-start=\"3104\" data-end=\"3171\"><strong data-start=\"3104\" data-end=\"3128\">Producci\u00f3n exterior:<\/strong> 700\u2013900 g\/planta en condiciones \u00f3ptimas.<\/p>\n<\/li>\n<li data-start=\"3172\" data-end=\"3256\">\n<p data-start=\"3174\" data-end=\"3256\">En noches frescas, puede adquirir ligeros tonos rosados o p\u00farpura en las flores.<\/p>\n<\/li>\n<\/ul>\n<hr data-start=\"3258\" data-end=\"3261\" \/>\n<h3 data-start=\"3263\" data-end=\"3314\">Ficha t\u00e9cnica de Somango Widow \u2013 Advanced Seeds<\/h3>\n<ul data-start=\"3315\" data-end=\"4187\">\n<li data-start=\"3315\" data-end=\"3344\">\n<p data-start=\"3317\" data-end=\"3344\"><strong data-start=\"3317\" data-end=\"3327\">Banco:<\/strong> Advanced Seeds<\/p>\n<\/li>\n<li data-start=\"3345\" data-end=\"3385\">\n<p data-start=\"3347\" data-end=\"3385\"><strong data-start=\"3347\" data-end=\"3356\">Tipo:<\/strong> Feminizada (fotoperi\u00f3dica)<\/p>\n<\/li>\n<li data-start=\"3386\" data-end=\"3425\">\n<p data-start=\"3388\" data-end=\"3425\"><strong data-start=\"3388\" data-end=\"3401\">Gen\u00e9tica:<\/strong> Somango x White Widow<\/p>\n<\/li>\n<li data-start=\"3426\" data-end=\"3481\">\n<p data-start=\"3428\" data-end=\"3481\"><strong data-start=\"3428\" data-end=\"3443\">Dominancia:<\/strong> H\u00edbrido equilibrado (\u00cdndica\/Sativa)<\/p>\n<\/li>\n<li data-start=\"3482\" data-end=\"3501\">\n<p data-start=\"3484\" data-end=\"3501\"><strong data-start=\"3484\" data-end=\"3492\">THC:<\/strong> 18\u201321%<\/p>\n<\/li>\n<li data-start=\"3502\" data-end=\"3519\">\n<p data-start=\"3504\" data-end=\"3519\"><strong data-start=\"3504\" data-end=\"3512\">CBD:<\/strong> Bajo<\/p>\n<\/li>\n<li data-start=\"3520\" data-end=\"3558\">\n<p data-start=\"3522\" data-end=\"3558\"><strong data-start=\"3522\" data-end=\"3545\">Floraci\u00f3n interior:<\/strong> 55\u201360 d\u00edas<\/p>\n<\/li>\n<li data-start=\"3559\" data-end=\"3630\">\n<p data-start=\"3561\" data-end=\"3630\"><strong data-start=\"3561\" data-end=\"3582\">Cosecha exterior:<\/strong> Finales de septiembre \u2013 principios de octubre<\/p>\n<\/li>\n<li data-start=\"3631\" data-end=\"3672\">\n<p data-start=\"3633\" data-end=\"3672\"><strong data-start=\"3633\" data-end=\"3657\">Producci\u00f3n interior:<\/strong> 500\u2013600 g\/m\u00b2<\/p>\n<\/li>\n<li data-start=\"3673\" data-end=\"3718\">\n<p data-start=\"3675\" data-end=\"3718\"><strong data-start=\"3675\" data-end=\"3699\">Producci\u00f3n exterior:<\/strong> 700\u2013900 g\/planta<\/p>\n<\/li>\n<li data-start=\"3719\" data-end=\"3777\">\n<p data-start=\"3721\" data-end=\"3777\"><strong data-start=\"3721\" data-end=\"3732\">Altura:<\/strong> 80\u2013120 cm interior \/ hasta 200 cm exterior<\/p>\n<\/li>\n<li data-start=\"3778\" data-end=\"3845\">\n<p data-start=\"3780\" data-end=\"3845\"><strong data-start=\"3780\" data-end=\"3798\">Aroma y sabor:<\/strong> Mango, frutas tropicales, floral y especiado<\/p>\n<\/li>\n<li data-start=\"3846\" data-end=\"3911\">\n<p data-start=\"3848\" data-end=\"3911\"><strong data-start=\"3848\" data-end=\"3859\">Efecto:<\/strong> Euf\u00f3rico y creativo al inicio, relajante al final<\/p>\n<\/li>\n<li data-start=\"3912\" data-end=\"3971\">\n<p data-start=\"3914\" data-end=\"3971\"><strong data-start=\"3914\" data-end=\"3938\">Terpenos dominantes:<\/strong> Limoneno, Mirceno, Cariofileno<\/p>\n<\/li>\n<li data-start=\"3972\" data-end=\"4024\">\n<p data-start=\"3974\" data-end=\"4024\"><strong data-start=\"3974\" data-end=\"3989\">Dificultad:<\/strong> Media (muy estable y agradecida)<\/p>\n<\/li>\n<li data-start=\"4025\" data-end=\"4084\">\n<p data-start=\"4027\" data-end=\"4084\"><strong data-start=\"4027\" data-end=\"4053\">T\u00e9cnicas recomendadas:<\/strong> SCROG, SOG, poda apical, LST<\/p>\n<\/li>\n<li data-start=\"4085\" data-end=\"4151\">\n<p data-start=\"4087\" data-end=\"4151\"><strong data-start=\"4087\" data-end=\"4105\">Uso destacado:<\/strong> Flores afrutadas y extracciones de terpenos<\/p>\n<\/li>\n<li data-start=\"4152\" data-end=\"4187\">\n<p data-start=\"4154\" data-end=\"4187\"><strong data-start=\"4154\" data-end=\"4167\">Formatos:<\/strong> 1, 3 y 5 semillas<\/p>\n<\/li>\n<\/ul>\n<hr data-start=\"4189\" data-end=\"4192\" \/>\n<h3 data-start=\"4194\" data-end=\"4224\">Preguntas frecuentes (FAQ)<\/h3>\n<p data-start=\"4226\" data-end=\"4396\"><strong data-start=\"4226\" data-end=\"4265\">\u00bfQu\u00e9 hace especial a Somango Widow?<\/strong><br data-start=\"4265\" data-end=\"4268\" \/>Su <strong data-start=\"4271\" data-end=\"4321\">aroma tropical intenso a mango y frutas dulces<\/strong>, unido a una producci\u00f3n alta y un efecto equilibrado entre mente y cuerpo.<\/p>\n<p data-start=\"4398\" data-end=\"4542\"><strong data-start=\"4398\" data-end=\"4424\">\u00bfEs f\u00e1cil de cultivar?<\/strong><br data-start=\"4424\" data-end=\"4427\" \/>S\u00ed, es una <strong data-start=\"4438\" data-end=\"4471\">variedad resistente y estable<\/strong>, ideal tanto para principiantes como para cultivadores experimentados.<\/p>\n<p data-start=\"4544\" data-end=\"4658\"><strong data-start=\"4544\" data-end=\"4574\">\u00bfCu\u00e1nto tarda en florecer?<\/strong><br data-start=\"4574\" data-end=\"4577\" \/>Entre <strong data-start=\"4583\" data-end=\"4599\">55 y 60 d\u00edas<\/strong> en interior, con cosecha exterior a finales de septiembre.<\/p>\n<p data-start=\"4660\" data-end=\"4817\"><strong data-start=\"4660\" data-end=\"4682\">\u00bfQu\u00e9 efecto tiene?<\/strong><br data-start=\"4682\" data-end=\"4685\" \/>Un <strong data-start=\"4688\" data-end=\"4714\">inicio alegre y mental<\/strong> seguido de una <strong data-start=\"4730\" data-end=\"4768\">relajaci\u00f3n f\u00edsica suave y duradera<\/strong>. Perfecta para relajarse sin quedarse bloqueado.<\/p>\n<p data-start=\"4819\" data-end=\"4940\"><strong data-start=\"4819\" data-end=\"4855\">\u00bfHuele mucho durante el cultivo?<\/strong><br data-start=\"4855\" data-end=\"4858\" \/>S\u00ed, su aroma tropical es muy penetrante; conviene usar filtro de carb\u00f3n en indoor.<\/p>\n<p data-start=\"4942\" data-end=\"5072\"><strong data-start=\"4942\" data-end=\"4971\">\u00bfSirve para extracciones?<\/strong><br data-start=\"4971\" data-end=\"4974\" \/>S\u00ed, produce una gran cantidad de <strong data-start=\"5007\" data-end=\"5027\">resina arom\u00e1tica<\/strong>, ideal para hash o rosin con sabor afrutado.<\/p>\n<p data-start=\"5074\" data-end=\"5154\"><strong data-start=\"5074\" data-end=\"5108\">\u00bfQu\u00e9 formatos hay disponibles?<\/strong><br data-start=\"5108\" data-end=\"5111\" \/>Packs de <strong data-start=\"5120\" data-end=\"5141\">1, 3 y 5 semillas<\/strong> feminizadas.<\/p>\n","protected":false},"excerpt":{"rendered":"<p>Somango Widow fem. de Advanced Seeds combina el perfil tropical de Somango con la resinosidad y vigor de White Widow, ofreciendo un h\u00edbrido estable y de alto rendimiento. Aroma dulce a mango con toques florales; efecto potente y equilibrado, ideal para momentos de creatividad y relax. Crecimiento robusto, floraci\u00f3n r\u00e1pida y producci\u00f3n abundante de flores densas y muy resinosas, con excelente resistencia. Disponible en varios formatos de semillas feminizadas, perfecta para quienes buscan calidad y resultados consistentes.<\/p>\n","protected":false},"featured_media":18513,"comment_status":"open","ping_status":"closed","template":"","meta":{"_bst_post_transparent":"","_bst_post_title":"","_bst_post_layout":"","_bst_post_sidebar_id":"","_bst_post_content_style":"","_bst_post_vertical_padding":"","_bst_post_feature":"","_bst_post_feature_position":"","_bst_post_header":false,"_bst_post_footer":false},"pwb-brand":[198],"product_brand":[],"product_cat":[69],"product_tag":[],"class_list":{"0":"post-31424","1":"product","2":"type-product","3":"status-publish","4":"has-post-thumbnail","6":"pwb-brand-advanced-seeds","7":"product_cat-feminizadas","9":"first","10":"instock","11":"sale","12":"taxable","13":"shipping-taxable","14":"purchasable","15":"product-type-variable","16":"entry","17":"content-bg","18":"loop-entry"},"brands":[{"id":198,"name":"Advanced Seeds","slug":"advanced-seeds"}],"_links":{"self":[{"href":"https:\/\/puregrowshop.com\/fr\/wp-json\/wp\/v2\/product\/31424","targetHints":{"allow":["GET"]}}],"collection":[{"href":"https:\/\/puregrowshop.com\/fr\/wp-json\/wp\/v2\/product"}],"about":[{"href":"https:\/\/puregrowshop.com\/fr\/wp-json\/wp\/v2\/types\/product"}],"replies":[{"embeddable":true,"href":"https:\/\/puregrowshop.com\/fr\/wp-json\/wp\/v2\/comments?post=31424"}],"wp:featuredmedia":[{"embeddable":true,"href":"https:\/\/puregrowshop.com\/fr\/wp-json\/wp\/v2\/media\/18513"}],"wp:attachment":[{"href":"https:\/\/puregrowshop.com\/fr\/wp-json\/wp\/v2\/media?parent=31424"}],"wp:term":[{"taxonomy":"pwb-brand","embeddable":true,"href":"https:\/\/puregrowshop.com\/fr\/wp-json\/wp\/v2\/pwb-brand?post=31424"},{"taxonomy":"product_brand","embeddable":true,"href":"https:\/\/puregrowshop.com\/fr\/wp-json\/wp\/v2\/product_brand?post=31424"},{"taxonomy":"product_cat","embeddable":true,"href":"https:\/\/puregrowshop.com\/fr\/wp-json\/wp\/v2\/product_cat?post=31424"},{"taxonomy":"product_tag","embeddable":true,"href":"https:\/\/puregrowshop.com\/fr\/wp-json\/wp\/v2\/product_tag?post=31424"}],"curies":[{"name":"wp","href":"https:\/\/api.w.org\/{rel}","templated":true}]}}