{"id":31422,"date":"2025-10-07T13:00:37","date_gmt":"2025-10-07T13:00:37","guid":{"rendered":"https:\/\/puregrowshop.com\/slurricane-fem-advanced-seeds\/"},"modified":"2025-11-21T11:00:50","modified_gmt":"2025-11-21T11:00:50","slug":"slurricane-fem-advanced-seeds","status":"publish","type":"product","link":"https:\/\/puregrowshop.com\/fr\/slurricane-fem-advanced-seeds\/","title":{"rendered":"Slurricane fem. Advanced Seeds"},"content":{"rendered":"<p>Este h\u00edbrido combina lo mejor de sus parentales. Por un lado, predomina su gen\u00e9tica Indica que le otorga un alto \u00edndice de THC. Por el otro, las ? ores poseen un dulce aroma a bayas y frutos del bosque procedente de su parental Purple Punch. Esta variedad es ideal para quienes le encantan tanto la Do-Si-Dos como la Purple Punch.<\/p>\n","protected":false},"excerpt":{"rendered":"<p>Slurricane fem. de Advanced Seeds ofrece gen\u00e9tica de \u00e9lite en semillas feminizadas estables, con plantas uniformes y vigorosas. Su perfil arom\u00e1tico destaca por notas dulces y cremosas de bayas y uva, ideal para quienes buscan sabores intensos y complejos. Seleccionada por su calidad y consistencia, es una opci\u00f3n fiable para ampliar tu colecci\u00f3n con una variedad potente y muy arom\u00e1tica. Disponible en distintos tama\u00f1os de pack para adaptarse a tus necesidades.<\/p>\n","protected":false},"featured_media":18754,"comment_status":"open","ping_status":"closed","template":"","meta":{"_bst_post_transparent":"","_bst_post_title":"","_bst_post_layout":"","_bst_post_sidebar_id":"","_bst_post_content_style":"","_bst_post_vertical_padding":"","_bst_post_feature":"","_bst_post_feature_position":"","_bst_post_header":false,"_bst_post_footer":false},"pwb-brand":[198],"product_brand":[],"product_cat":[69],"product_tag":[],"class_list":{"0":"post-31422","1":"product","2":"type-product","3":"status-publish","4":"has-post-thumbnail","6":"pwb-brand-advanced-seeds","7":"product_cat-feminizadas","9":"first","10":"instock","11":"sale","12":"taxable","13":"shipping-taxable","14":"purchasable","15":"product-type-variable","16":"entry","17":"content-bg","18":"loop-entry"},"brands":[{"id":198,"name":"Advanced Seeds","slug":"advanced-seeds"}],"_links":{"self":[{"href":"https:\/\/puregrowshop.com\/fr\/wp-json\/wp\/v2\/product\/31422","targetHints":{"allow":["GET"]}}],"collection":[{"href":"https:\/\/puregrowshop.com\/fr\/wp-json\/wp\/v2\/product"}],"about":[{"href":"https:\/\/puregrowshop.com\/fr\/wp-json\/wp\/v2\/types\/product"}],"replies":[{"embeddable":true,"href":"https:\/\/puregrowshop.com\/fr\/wp-json\/wp\/v2\/comments?post=31422"}],"wp:featuredmedia":[{"embeddable":true,"href":"https:\/\/puregrowshop.com\/fr\/wp-json\/wp\/v2\/media\/18754"}],"wp:attachment":[{"href":"https:\/\/puregrowshop.com\/fr\/wp-json\/wp\/v2\/media?parent=31422"}],"wp:term":[{"taxonomy":"pwb-brand","embeddable":true,"href":"https:\/\/puregrowshop.com\/fr\/wp-json\/wp\/v2\/pwb-brand?post=31422"},{"taxonomy":"product_brand","embeddable":true,"href":"https:\/\/puregrowshop.com\/fr\/wp-json\/wp\/v2\/product_brand?post=31422"},{"taxonomy":"product_cat","embeddable":true,"href":"https:\/\/puregrowshop.com\/fr\/wp-json\/wp\/v2\/product_cat?post=31422"},{"taxonomy":"product_tag","embeddable":true,"href":"https:\/\/puregrowshop.com\/fr\/wp-json\/wp\/v2\/product_tag?post=31422"}],"curies":[{"name":"wp","href":"https:\/\/api.w.org\/{rel}","templated":true}]}}