{"id":31397,"date":"2025-10-07T13:00:23","date_gmt":"2025-10-07T13:00:23","guid":{"rendered":"https:\/\/puregrowshop.com\/?post_type=product&#038;p=31397"},"modified":"2025-11-21T11:01:03","modified_gmt":"2025-11-21T11:01:03","slug":"shark-widow-cbd-fem-advanced-seeds","status":"publish","type":"product","link":"https:\/\/puregrowshop.com\/fr\/shark-widow-cbd-fem-advanced-seeds\/","title":{"rendered":"Shark Widow CBD fem. Advanced Seeds"},"content":{"rendered":"<p data-start=\"142\" data-end=\"545\"><strong data-start=\"142\" data-end=\"161\">Shark Widow CBD<\/strong> de <strong data-start=\"165\" data-end=\"183\">Advanced Seeds<\/strong> es una <strong data-start=\"191\" data-end=\"230\">variedad feminizada fotodependiente<\/strong> con una <strong data-start=\"239\" data-end=\"263\">gen\u00e9tica equilibrada<\/strong> entre <strong data-start=\"270\" data-end=\"280\">\u00edndica<\/strong> y <strong data-start=\"283\" data-end=\"293\">sativa<\/strong>, ideal para quienes buscan <strong data-start=\"321\" data-end=\"352\">efectos terap\u00e9uticos suaves<\/strong>, sin perder sabor y calidad. Esta planta ofrece una <strong data-start=\"405\" data-end=\"444\">relajante y equilibrada experiencia<\/strong> gracias a su contenido de <strong data-start=\"471\" data-end=\"496\">CBD alto (aprox. 12%)<\/strong> y <strong data-start=\"499\" data-end=\"511\">THC bajo<\/strong>, perfecta para el consumo diurno.<\/p>\n<p data-start=\"547\" data-end=\"949\">Con una <strong data-start=\"555\" data-end=\"575\">floraci\u00f3n r\u00e1pida<\/strong> y una estructura <strong data-start=\"593\" data-end=\"615\">compacta y robusta<\/strong>, <strong data-start=\"617\" data-end=\"636\">Shark Widow CBD<\/strong> es ideal tanto para cultivadores novatos como experimentados. Esta planta produce <strong data-start=\"719\" data-end=\"736\">flores densas<\/strong>, con un <strong data-start=\"745\" data-end=\"766\">perfil terpenoide<\/strong> fresco, que combina <strong data-start=\"787\" data-end=\"817\">c\u00edtricos y toques florales<\/strong> con un <strong data-start=\"825\" data-end=\"842\">fondo terroso<\/strong> y <strong data-start=\"845\" data-end=\"857\">herb\u00e1ceo<\/strong>. Perfecta para quienes buscan beneficios medicinales sin los efectos psicoactivos intensos.<\/p>\n<hr data-start=\"951\" data-end=\"954\" \/>\n<h3 data-start=\"956\" data-end=\"987\">Caracter\u00edsticas principales<\/h3>\n<ul data-start=\"989\" data-end=\"1670\">\n<li data-start=\"989\" data-end=\"1041\">\n<p data-start=\"991\" data-end=\"1041\"><strong data-start=\"991\" data-end=\"1011\">Tipo de semilla:<\/strong> Feminizada (fotoperi\u00f3dica).<\/p>\n<\/li>\n<li data-start=\"1042\" data-end=\"1088\">\n<p data-start=\"1044\" data-end=\"1088\"><strong data-start=\"1044\" data-end=\"1057\">Gen\u00e9tica:<\/strong> Shark Widow x CBD dominante.<\/p>\n<\/li>\n<li data-start=\"1089\" data-end=\"1147\">\n<p data-start=\"1091\" data-end=\"1147\"><strong data-start=\"1091\" data-end=\"1106\">Dominancia:<\/strong> Equilibrada, con predominancia \u00edndica.<\/p>\n<\/li>\n<li data-start=\"1148\" data-end=\"1187\">\n<p data-start=\"1150\" data-end=\"1187\"><strong data-start=\"1150\" data-end=\"1158\">THC:<\/strong> Bajo (alrededor del 1\u20132%).<\/p>\n<\/li>\n<li data-start=\"1188\" data-end=\"1219\">\n<p data-start=\"1190\" data-end=\"1219\"><strong data-start=\"1190\" data-end=\"1198\">CBD:<\/strong> Alto (aprox. 12%).<\/p>\n<\/li>\n<li data-start=\"1220\" data-end=\"1259\">\n<p data-start=\"1222\" data-end=\"1259\"><strong data-start=\"1222\" data-end=\"1245\">Floraci\u00f3n interior:<\/strong> 50\u201360 d\u00edas.<\/p>\n<\/li>\n<li data-start=\"1260\" data-end=\"1327\">\n<p data-start=\"1262\" data-end=\"1327\"><strong data-start=\"1262\" data-end=\"1283\">Cosecha exterior:<\/strong> Finales de septiembre (Hemisferio Norte).<\/p>\n<\/li>\n<li data-start=\"1328\" data-end=\"1399\">\n<p data-start=\"1330\" data-end=\"1399\"><strong data-start=\"1330\" data-end=\"1345\">Producci\u00f3n:<\/strong> Media-alta; cogollos densos, compactos y resinosos.<\/p>\n<\/li>\n<li data-start=\"1400\" data-end=\"1468\">\n<p data-start=\"1402\" data-end=\"1468\"><strong data-start=\"1402\" data-end=\"1420\">Aroma y sabor:<\/strong> C\u00edtrico, floral, terroso con toques herbales.<\/p>\n<\/li>\n<li data-start=\"1469\" data-end=\"1543\">\n<p data-start=\"1471\" data-end=\"1543\"><strong data-start=\"1471\" data-end=\"1482\">Efecto:<\/strong> Relajante, terap\u00e9utico, sin efectos psicoactivos intensos.<\/p>\n<\/li>\n<li data-start=\"1544\" data-end=\"1625\">\n<p data-start=\"1546\" data-end=\"1625\"><strong data-start=\"1546\" data-end=\"1566\">Uso recomendado:<\/strong> Uso medicinal, extracciones, y consumo recreativo suave.<\/p>\n<\/li>\n<li data-start=\"1626\" data-end=\"1670\">\n<p data-start=\"1628\" data-end=\"1670\"><strong data-start=\"1628\" data-end=\"1651\">Formato disponible:<\/strong> 1, 3 y 5 semillas.<\/p>\n<\/li>\n<\/ul>\n<hr data-start=\"1672\" data-end=\"1675\" \/>\n<h3 data-start=\"1677\" data-end=\"1694\">Sabor y aroma<\/h3>\n<p data-start=\"1696\" data-end=\"2080\"><strong data-start=\"1696\" data-end=\"1715\">Shark Widow CBD<\/strong> presenta un perfil arom\u00e1tico fresco y herbal. La <strong data-start=\"1765\" data-end=\"1784\">entrada c\u00edtrica<\/strong> de lim\u00f3n y naranja es seguida de un <strong data-start=\"1821\" data-end=\"1837\">fondo floral<\/strong> que se combina con matices <strong data-start=\"1865\" data-end=\"1888\">terrosos y herbales<\/strong>, lo que proporciona un sabor bien equilibrado y suave.<br data-start=\"1943\" data-end=\"1946\" \/>El sabor es limpio y refrescante, lo que la convierte en una opci\u00f3n agradable para quienes buscan una experiencia suave y terap\u00e9utica.<\/p>\n<hr data-start=\"2082\" data-end=\"2085\" \/>\n<h3 data-start=\"2087\" data-end=\"2098\">Efectos<\/h3>\n<p data-start=\"2100\" data-end=\"2629\">Esta variedad proporciona un <strong data-start=\"2129\" data-end=\"2151\">efecto equilibrado<\/strong>, ideal para quienes buscan los <strong data-start=\"2183\" data-end=\"2217\">beneficios medicinales del CBD<\/strong> sin los efectos psicoactivos elevados del THC.<br data-start=\"2264\" data-end=\"2267\" \/>La experiencia comienza con una sensaci\u00f3n <strong data-start=\"2309\" data-end=\"2322\">relajante<\/strong> en el cuerpo, <strong data-start=\"2337\" data-end=\"2357\">alivio de estr\u00e9s<\/strong> y una sensaci\u00f3n de bienestar general. A medida que avanza, los efectos se estabilizan en una <strong data-start=\"2451\" data-end=\"2467\">calma mental<\/strong> y una sensaci\u00f3n de <strong data-start=\"2487\" data-end=\"2507\">relajaci\u00f3n suave<\/strong>, perfecta para el consumo durante el d\u00eda, especialmente para combatir el estr\u00e9s o la ansiedad sin perder claridad mental.<\/p>\n<hr data-start=\"2631\" data-end=\"2634\" \/>\n<h3 data-start=\"2636\" data-end=\"2670\">Cultivo en interior y exterior<\/h3>\n<p data-start=\"2672\" data-end=\"2687\"><strong data-start=\"2672\" data-end=\"2685\">Interior:<\/strong><\/p>\n<ul data-start=\"2688\" data-end=\"3006\">\n<li data-start=\"2688\" data-end=\"2734\">\n<p data-start=\"2690\" data-end=\"2734\"><strong data-start=\"2690\" data-end=\"2710\">Floraci\u00f3n r\u00e1pida<\/strong>: de <strong data-start=\"2715\" data-end=\"2731\">50 a 60 d\u00edas<\/strong>.<\/p>\n<\/li>\n<li data-start=\"2735\" data-end=\"2822\">\n<p data-start=\"2737\" data-end=\"2822\">Ideal para <strong data-start=\"2748\" data-end=\"2757\">SCROG<\/strong>, <strong data-start=\"2759\" data-end=\"2766\">SOG<\/strong> y podas debido a su estructura compacta y ramificada.<\/p>\n<\/li>\n<li data-start=\"2823\" data-end=\"2894\">\n<p data-start=\"2825\" data-end=\"2894\"><strong data-start=\"2825\" data-end=\"2848\">Producci\u00f3n interior<\/strong>: media-alta, con flores densas y resinosas.<\/p>\n<\/li>\n<li data-start=\"2895\" data-end=\"3006\">\n<p data-start=\"2897\" data-end=\"3006\"><strong data-start=\"2897\" data-end=\"2911\">Olor suave<\/strong>: controla bien la ventilaci\u00f3n y utiliza <strong data-start=\"2952\" data-end=\"2972\">filtro de carb\u00f3n<\/strong> si cultivas en espacios cerrados.<\/p>\n<\/li>\n<\/ul>\n<p data-start=\"3008\" data-end=\"3023\"><strong data-start=\"3008\" data-end=\"3021\">Exterior:<\/strong><\/p>\n<ul data-start=\"3024\" data-end=\"3250\">\n<li data-start=\"3024\" data-end=\"3074\">\n<p data-start=\"3026\" data-end=\"3074\"><strong data-start=\"3026\" data-end=\"3047\">Cosecha exterior:<\/strong> a finales de septiembre.<\/p>\n<\/li>\n<li data-start=\"3075\" data-end=\"3133\">\n<p data-start=\"3077\" data-end=\"3133\">Se adapta bien a <strong data-start=\"3094\" data-end=\"3130\">climas templados y mediterr\u00e1neos<\/strong>.<\/p>\n<\/li>\n<li data-start=\"3134\" data-end=\"3250\">\n<p data-start=\"3136\" data-end=\"3250\"><strong data-start=\"3136\" data-end=\"3162\">Planta de tama\u00f1o medio<\/strong> con ramas laterales fuertes; utiliza <strong data-start=\"3200\" data-end=\"3211\">tutores<\/strong> para soportar el peso de los cogollos.<\/p>\n<\/li>\n<\/ul>\n<hr data-start=\"3252\" data-end=\"3255\" \/>\n<h3 data-start=\"3257\" data-end=\"3310\">Ficha t\u00e9cnica de Shark Widow CBD \u2013 Advanced Seeds<\/h3>\n<ul data-start=\"3312\" data-end=\"4102\">\n<li data-start=\"3312\" data-end=\"3341\">\n<p data-start=\"3314\" data-end=\"3341\"><strong data-start=\"3314\" data-end=\"3324\">Banco:<\/strong> Advanced Seeds<\/p>\n<\/li>\n<li data-start=\"3342\" data-end=\"3382\">\n<p data-start=\"3344\" data-end=\"3382\"><strong data-start=\"3344\" data-end=\"3353\">Tipo:<\/strong> Feminizada (fotoperi\u00f3dica)<\/p>\n<\/li>\n<li data-start=\"3383\" data-end=\"3418\">\n<p data-start=\"3385\" data-end=\"3418\"><strong data-start=\"3385\" data-end=\"3398\">Gen\u00e9tica:<\/strong> Shark Widow x CBD<\/p>\n<\/li>\n<li data-start=\"3419\" data-end=\"3472\">\n<p data-start=\"3421\" data-end=\"3472\"><strong data-start=\"3421\" data-end=\"3436\">Dominancia:<\/strong> Equilibrada, predominancia \u00edndica<\/p>\n<\/li>\n<li data-start=\"3473\" data-end=\"3497\">\n<p data-start=\"3475\" data-end=\"3497\"><strong data-start=\"3475\" data-end=\"3483\">THC:<\/strong> Bajo (1\u20132%)<\/p>\n<\/li>\n<li data-start=\"3498\" data-end=\"3521\">\n<p data-start=\"3500\" data-end=\"3521\"><strong data-start=\"3500\" data-end=\"3508\">CBD:<\/strong> Alto (12%)<\/p>\n<\/li>\n<li data-start=\"3522\" data-end=\"3560\">\n<p data-start=\"3524\" data-end=\"3560\"><strong data-start=\"3524\" data-end=\"3547\">Floraci\u00f3n interior:<\/strong> 50\u201360 d\u00edas<\/p>\n<\/li>\n<li data-start=\"3561\" data-end=\"3613\">\n<p data-start=\"3563\" data-end=\"3613\"><strong data-start=\"3563\" data-end=\"3589\">Cosecha exterior (HN):<\/strong> Finales de septiembre<\/p>\n<\/li>\n<li data-start=\"3614\" data-end=\"3653\">\n<p data-start=\"3616\" data-end=\"3653\"><strong data-start=\"3616\" data-end=\"3640\">Producci\u00f3n interior:<\/strong> Media-alta<\/p>\n<\/li>\n<li data-start=\"3654\" data-end=\"3730\">\n<p data-start=\"3656\" data-end=\"3730\"><strong data-start=\"3656\" data-end=\"3680\">Producci\u00f3n exterior:<\/strong> Alta, dependiendo de las condiciones clim\u00e1ticas<\/p>\n<\/li>\n<li data-start=\"3731\" data-end=\"3752\">\n<p data-start=\"3733\" data-end=\"3752\"><strong data-start=\"3733\" data-end=\"3744\">Altura:<\/strong> Media<\/p>\n<\/li>\n<li data-start=\"3753\" data-end=\"3819\">\n<p data-start=\"3755\" data-end=\"3819\"><strong data-start=\"3755\" data-end=\"3766\">Efecto:<\/strong> Relajante, terap\u00e9utico, sin psicoactividad elevada<\/p>\n<\/li>\n<li data-start=\"3820\" data-end=\"3875\">\n<p data-start=\"3822\" data-end=\"3875\"><strong data-start=\"3822\" data-end=\"3840\">Aroma y sabor:<\/strong> C\u00edtrico, floral, terroso, herbal<\/p>\n<\/li>\n<li data-start=\"3876\" data-end=\"3940\">\n<p data-start=\"3878\" data-end=\"3940\"><strong data-start=\"3878\" data-end=\"3904\">T\u00e9cnicas recomendadas:<\/strong> SCROG, SOG, poda apical, tutorado<\/p>\n<\/li>\n<li data-start=\"3941\" data-end=\"3983\">\n<p data-start=\"3943\" data-end=\"3983\"><strong data-start=\"3943\" data-end=\"3959\">Clima ideal:<\/strong> Templado\/mediterr\u00e1neo<\/p>\n<\/li>\n<li data-start=\"3984\" data-end=\"4058\">\n<p data-start=\"3986\" data-end=\"4058\"><strong data-start=\"3986\" data-end=\"4006\">Uso recomendado:<\/strong> Medicinal, extracciones, consumo recreativo suave<\/p>\n<\/li>\n<li data-start=\"4059\" data-end=\"4102\">\n<p data-start=\"4061\" data-end=\"4102\"><strong data-start=\"4061\" data-end=\"4084\">Formato disponible:<\/strong> 1, 3 y 5 semillas<\/p>\n<\/li>\n<\/ul>\n<hr data-start=\"4104\" data-end=\"4107\" \/>\n<h3 data-start=\"4109\" data-end=\"4139\">Preguntas frecuentes (FAQ)<\/h3>\n<p data-start=\"4141\" data-end=\"4281\"><strong data-start=\"4141\" data-end=\"4177\">\u00bfEs adecuada para principiantes?<\/strong><br data-start=\"4177\" data-end=\"4180\" \/>S\u00ed, es f\u00e1cil de manejar, con necesidades de nutrientes moderadas y adecuado para cultivadores nuevos.<\/p>\n<p data-start=\"4283\" data-end=\"4439\"><strong data-start=\"4283\" data-end=\"4317\">\u00bfCu\u00e1l es su principal ventaja?<\/strong><br data-start=\"4317\" data-end=\"4320\" \/>Su alto contenido de <strong data-start=\"4341\" data-end=\"4348\">CBD<\/strong>, proporcionando efectos terap\u00e9uticos suaves sin los efectos psicoactivos intensos del THC.<\/p>\n<p data-start=\"4441\" data-end=\"4580\"><strong data-start=\"4441\" data-end=\"4471\">\u00bfCu\u00e1nto tarda en florecer?<\/strong><br data-start=\"4471\" data-end=\"4474\" \/>La floraci\u00f3n interior toma entre <strong data-start=\"4507\" data-end=\"4523\">50 y 60 d\u00edas<\/strong>, una opci\u00f3n relativamente r\u00e1pida para el cultivo de CBD.<\/p>\n","protected":false},"excerpt":{"rendered":"<p>Shark Widow CBD fem. de Advanced Seeds es una gen\u00e9tica feminizada rica en CBD con perfil equilibrado y efecto suave, ideal para quienes buscan claridad y relajaci\u00f3n sin excesos. Crece con vigor y facilidad, floraci\u00f3n r\u00e1pida y estructura compacta para cultivos discretos en interior o exterior. Aromas dulces y terrosos con toques c\u00edtricos, alta estabilidad y producci\u00f3n homog\u00e9nea de flores resinosas. Disponible en 1, 3+1, 5+2 y 10+3 semillas.<\/p>\n","protected":false},"featured_media":18511,"comment_status":"open","ping_status":"closed","template":"","meta":{"_bst_post_transparent":"","_bst_post_title":"","_bst_post_layout":"","_bst_post_sidebar_id":"","_bst_post_content_style":"","_bst_post_vertical_padding":"","_bst_post_feature":"","_bst_post_feature_position":"","_bst_post_header":false,"_bst_post_footer":false},"pwb-brand":[198],"product_brand":[],"product_cat":[69],"product_tag":[],"class_list":{"0":"post-31397","1":"product","2":"type-product","3":"status-publish","4":"has-post-thumbnail","6":"pwb-brand-advanced-seeds","7":"product_cat-feminizadas","9":"first","10":"instock","11":"sale","12":"taxable","13":"shipping-taxable","14":"purchasable","15":"product-type-variable","16":"entry","17":"content-bg","18":"loop-entry"},"brands":[{"id":198,"name":"Advanced Seeds","slug":"advanced-seeds"}],"_links":{"self":[{"href":"https:\/\/puregrowshop.com\/fr\/wp-json\/wp\/v2\/product\/31397","targetHints":{"allow":["GET"]}}],"collection":[{"href":"https:\/\/puregrowshop.com\/fr\/wp-json\/wp\/v2\/product"}],"about":[{"href":"https:\/\/puregrowshop.com\/fr\/wp-json\/wp\/v2\/types\/product"}],"replies":[{"embeddable":true,"href":"https:\/\/puregrowshop.com\/fr\/wp-json\/wp\/v2\/comments?post=31397"}],"wp:featuredmedia":[{"embeddable":true,"href":"https:\/\/puregrowshop.com\/fr\/wp-json\/wp\/v2\/media\/18511"}],"wp:attachment":[{"href":"https:\/\/puregrowshop.com\/fr\/wp-json\/wp\/v2\/media?parent=31397"}],"wp:term":[{"taxonomy":"pwb-brand","embeddable":true,"href":"https:\/\/puregrowshop.com\/fr\/wp-json\/wp\/v2\/pwb-brand?post=31397"},{"taxonomy":"product_brand","embeddable":true,"href":"https:\/\/puregrowshop.com\/fr\/wp-json\/wp\/v2\/product_brand?post=31397"},{"taxonomy":"product_cat","embeddable":true,"href":"https:\/\/puregrowshop.com\/fr\/wp-json\/wp\/v2\/product_cat?post=31397"},{"taxonomy":"product_tag","embeddable":true,"href":"https:\/\/puregrowshop.com\/fr\/wp-json\/wp\/v2\/product_tag?post=31397"}],"curies":[{"name":"wp","href":"https:\/\/api.w.org\/{rel}","templated":true}]}}