{"id":31396,"date":"2025-10-07T13:00:22","date_gmt":"2025-10-07T13:00:22","guid":{"rendered":"https:\/\/puregrowshop.com\/?post_type=product&#038;p=31396"},"modified":"2025-11-21T11:01:03","modified_gmt":"2025-11-21T11:01:03","slug":"san-bacio-burger-advanced-seeds","status":"publish","type":"product","link":"https:\/\/puregrowshop.com\/fr\/san-bacio-burger-advanced-seeds\/","title":{"rendered":"San Bacio Burger Advanced Seeds"},"content":{"rendered":"<p data-start=\"139\" data-end=\"570\"><strong data-start=\"139\" data-end=\"159\">San Bacio Burger<\/strong> es una variedad feminizada fotodependiente de <strong data-start=\"206\" data-end=\"224\">Advanced Seeds<\/strong>, dise\u00f1ada para aquellos que buscan una combinaci\u00f3n de sabores complejos y una excelente producci\u00f3n de resina. Este h\u00edbrido, con predominancia \u00edndica, ofrece un <strong data-start=\"385\" data-end=\"405\">efecto relajante<\/strong> ideal para desconectar al final del d\u00eda, acompa\u00f1ado de un perfil arom\u00e1tico que mezcla notas terrosas y afrutadas con un toque de gas y dulzura, similar a golosinas.<\/p>\n<p data-start=\"572\" data-end=\"1082\">El <strong data-start=\"575\" data-end=\"585\">efecto<\/strong> comienza de forma <strong data-start=\"604\" data-end=\"616\">euf\u00f3rica<\/strong> y creativa, pero luego se convierte en una <strong data-start=\"660\" data-end=\"683\">relajaci\u00f3n profunda<\/strong>. Su estructura ramificada y compacta responde muy bien a t\u00e9cnicas como <strong data-start=\"755\" data-end=\"764\">SCROG<\/strong>, <strong data-start=\"766\" data-end=\"773\">SOG<\/strong> y <strong data-start=\"776\" data-end=\"783\">LST<\/strong>. <strong data-start=\"785\" data-end=\"805\">San Bacio Burger<\/strong> tiene una floraci\u00f3n r\u00e1pida, de 55-60 d\u00edas en interior, y es adecuada para <strong data-start=\"880\" data-end=\"921\">cultivadores novatos y experimentados<\/strong>. La variedad tambi\u00e9n es <strong data-start=\"946\" data-end=\"960\">resistente<\/strong> a plagas y tolera bien las variaciones de temperatura, lo que la hace perfecta para <strong data-start=\"1045\" data-end=\"1081\">climas templados o mediterr\u00e1neos<\/strong>.<\/p>\n<p data-start=\"1084\" data-end=\"1406\">Esta variedad es <strong data-start=\"1101\" data-end=\"1128\">ideal para extracciones<\/strong> gracias a su alto contenido de resina. Adem\u00e1s, presenta una <strong data-start=\"1189\" data-end=\"1208\">producci\u00f3n alta<\/strong> tanto en interior como en exterior. Su resistencia, facilidad de cultivo y perfil de sabor la convierten en una opci\u00f3n excelente para quienes buscan una experiencia de cultivo y consumo placentera.<\/p>\n<h3 data-start=\"1408\" data-end=\"1441\">Caracter\u00edsticas principales<\/h3>\n<p data-start=\"1442\" data-end=\"1799\"><strong data-start=\"1442\" data-end=\"1455\">Gen\u00e9tica:<\/strong> H\u00edbrido con dominancia \u00edndica.<br data-start=\"1486\" data-end=\"1489\" \/><strong data-start=\"1489\" data-end=\"1498\">Tipo:<\/strong> Semilla feminizada fotodependiente.<br data-start=\"1534\" data-end=\"1537\" \/><strong data-start=\"1537\" data-end=\"1563\">Floraci\u00f3n en interior:<\/strong> 55\u201360 d\u00edas.<br data-start=\"1575\" data-end=\"1578\" \/><strong data-start=\"1578\" data-end=\"1599\">Cosecha exterior:<\/strong> Finales de septiembre a principios de octubre.<br data-start=\"1646\" data-end=\"1649\" \/><strong data-start=\"1649\" data-end=\"1664\">Producci\u00f3n:<\/strong> Alta.<br data-start=\"1670\" data-end=\"1673\" \/><strong data-start=\"1673\" data-end=\"1684\">Efecto:<\/strong> Relajante con un toque de creatividad.<br data-start=\"1723\" data-end=\"1726\" \/><strong data-start=\"1726\" data-end=\"1744\">Aroma y sabor:<\/strong> Notas terrosas, afrutadas y golosas con toques de gas.<\/p>\n<p data-start=\"1801\" data-end=\"2041\"><strong data-start=\"1801\" data-end=\"1821\">San Bacio Burger<\/strong> es perfecta para aquellos que buscan una variedad sabrosa con un alto contenido en resina, ideal para realizar extracciones. Tambi\u00e9n es una excelente opci\u00f3n para quienes buscan una planta resistente y f\u00e1cil de cultivar.<\/p>\n<hr data-start=\"2043\" data-end=\"2046\" \/>\n<h3 data-start=\"2048\" data-end=\"2065\">Propiedades<\/h3>\n<p data-start=\"2067\" data-end=\"2498\"><strong data-start=\"2067\" data-end=\"2096\">Sabor de San Bacio Burger<\/strong><br data-start=\"2096\" data-end=\"2099\" \/>San Bacio Burger tiene un perfil arom\u00e1tico <strong data-start=\"2142\" data-end=\"2153\">intenso<\/strong> y muy <strong data-start=\"2160\" data-end=\"2171\">golos\u00f3n<\/strong>. Desde la primera calada, destaca con un <strong data-start=\"2213\" data-end=\"2228\">sabor dulce<\/strong> que recuerda a <strong data-start=\"2244\" data-end=\"2257\">golosinas<\/strong> y <strong data-start=\"2260\" data-end=\"2274\">pastelitos<\/strong>, con una <strong data-start=\"2284\" data-end=\"2300\">base terrosa<\/strong> y un toque <strong data-start=\"2312\" data-end=\"2322\">frutal<\/strong> de frutas maduras que complementan muy bien la experiencia. Los <strong data-start=\"2387\" data-end=\"2404\">toques de gas<\/strong> y un matiz <strong data-start=\"2416\" data-end=\"2429\">especiado<\/strong> aportan una <strong data-start=\"2442\" data-end=\"2467\">complejidad agradable<\/strong> que se mantiene en el paladar.<\/p>\n<p data-start=\"2500\" data-end=\"2882\"><strong data-start=\"2500\" data-end=\"2511\">Efectos<\/strong><br data-start=\"2511\" data-end=\"2514\" \/>El efecto comienza con una <strong data-start=\"2541\" data-end=\"2569\">subida cerebral euf\u00f3rica<\/strong>, que te pondr\u00e1 de buen \u00e1nimo y fomentar\u00e1 la creatividad. Posteriormente, la experiencia se suaviza hacia una <strong data-start=\"2679\" data-end=\"2702\">relajaci\u00f3n corporal<\/strong> sin sentirte demasiado pesado o somnoliento, lo que hace de <strong data-start=\"2763\" data-end=\"2783\">San Bacio Burger<\/strong> una excelente opci\u00f3n para disfrutar al final del d\u00eda o durante actividades recreativas y sociales.<\/p>\n<hr data-start=\"2884\" data-end=\"2887\" \/>\n<h3 data-start=\"2889\" data-end=\"2925\">Cultivo en interior y exterior<\/h3>\n<p data-start=\"2927\" data-end=\"3397\"><strong data-start=\"2927\" data-end=\"2939\">Interior<\/strong><br data-start=\"2939\" data-end=\"2942\" \/>En cultivo de interior, <strong data-start=\"2966\" data-end=\"2986\">San Bacio Burger<\/strong> requiere de un <strong data-start=\"3002\" data-end=\"3026\">fotoper\u00edodo est\u00e1ndar<\/strong> (18\/6 en crecimiento y 12\/12 en floraci\u00f3n). Su <strong data-start=\"3074\" data-end=\"3094\">floraci\u00f3n r\u00e1pida<\/strong> (55-60 d\u00edas) y estructura <strong data-start=\"3121\" data-end=\"3133\">compacta<\/strong> permiten manejarla f\u00e1cilmente con t\u00e9cnicas como <strong data-start=\"3182\" data-end=\"3191\">SCROG<\/strong>, <strong data-start=\"3193\" data-end=\"3200\">SOG<\/strong>, y <strong data-start=\"3204\" data-end=\"3211\">LST<\/strong>, ayudando a maximizar la producci\u00f3n de flores densas y resinosas. Es recomendable mantener <strong data-start=\"3303\" data-end=\"3324\">buena ventilaci\u00f3n<\/strong> y utilizar un <strong data-start=\"3339\" data-end=\"3359\">filtro de carb\u00f3n<\/strong> debido a la <strong data-start=\"3372\" data-end=\"3396\">intensidad del aroma<\/strong>.<\/p>\n<p data-start=\"3399\" data-end=\"3766\"><strong data-start=\"3399\" data-end=\"3411\">Exterior<\/strong><br data-start=\"3411\" data-end=\"3414\" \/>En cultivo exterior, <strong data-start=\"3435\" data-end=\"3455\">San Bacio Burger<\/strong> se adapta bien a <strong data-start=\"3473\" data-end=\"3509\">climas templados y mediterr\u00e1neos<\/strong>, y produce una <strong data-start=\"3525\" data-end=\"3541\">gran cosecha<\/strong> con muchas <strong data-start=\"3553\" data-end=\"3575\">horas de luz solar<\/strong>. Se recomienda utilizar <strong data-start=\"3600\" data-end=\"3611\">tutores<\/strong> para ayudar a mantener el peso de los cogollos al final de la floraci\u00f3n. Si las temperaturas son frescas, <strong data-start=\"3718\" data-end=\"3751\">puede mostrar matices morados<\/strong> en sus flores.<\/p>\n<hr data-start=\"3768\" data-end=\"3771\" \/>\n<h3 data-start=\"3773\" data-end=\"3812\">Ficha t\u00e9cnica de San Bacio Burger<\/h3>\n<p data-start=\"3814\" data-end=\"4556\"><strong data-start=\"3814\" data-end=\"3824\">Banco:<\/strong> Advanced Seeds<br data-start=\"3839\" data-end=\"3842\" \/><strong data-start=\"3842\" data-end=\"3862\">Tipo de semilla:<\/strong> Feminizada (fotodependiente)<br data-start=\"3891\" data-end=\"3894\" \/><strong data-start=\"3894\" data-end=\"3907\">Gen\u00e9tica:<\/strong> H\u00edbrido con predominancia \u00edndica<br data-start=\"3940\" data-end=\"3943\" \/><strong data-start=\"3943\" data-end=\"3951\">THC:<\/strong> Moderado<br data-start=\"3960\" data-end=\"3963\" \/><strong data-start=\"3963\" data-end=\"3971\">CBD:<\/strong> Bajo<br data-start=\"3976\" data-end=\"3979\" \/><strong data-start=\"3979\" data-end=\"4005\">Floraci\u00f3n en interior:<\/strong> 55\u201360 d\u00edas<br data-start=\"4016\" data-end=\"4019\" \/><strong data-start=\"4019\" data-end=\"4059\">Cosecha exterior (Hemisferio Norte):<\/strong> Finales de septiembre a principios de octubre<br data-start=\"4105\" data-end=\"4108\" \/><strong data-start=\"4108\" data-end=\"4132\">Producci\u00f3n interior:<\/strong> Alta<br data-start=\"4137\" data-end=\"4140\" \/><strong data-start=\"4140\" data-end=\"4164\">Producci\u00f3n exterior:<\/strong> Muy alta<br data-start=\"4173\" data-end=\"4176\" \/><strong data-start=\"4176\" data-end=\"4187\">Altura:<\/strong> Media<br data-start=\"4193\" data-end=\"4196\" \/><strong data-start=\"4196\" data-end=\"4211\">Estructura:<\/strong> Compacta y ramificada<br data-start=\"4233\" data-end=\"4236\" \/><strong data-start=\"4236\" data-end=\"4254\">Aroma y sabor:<\/strong> Dulce, afrutado, con toques terrosos y gas<br data-start=\"4297\" data-end=\"4300\" \/><strong data-start=\"4300\" data-end=\"4311\">Efecto:<\/strong> Relajante con creatividad al principio<br data-start=\"4350\" data-end=\"4353\" data-is-only-node=\"\" \/><strong data-start=\"4353\" data-end=\"4379\">Dificultad de cultivo:<\/strong> Media<br data-start=\"4385\" data-end=\"4388\" \/><strong data-start=\"4388\" data-end=\"4414\">T\u00e9cnicas recomendadas:<\/strong> SCROG, SOG, LST, poda apical, tutorado<br data-start=\"4453\" data-end=\"4456\" \/><strong data-start=\"4456\" data-end=\"4476\">Uso recomendado:<\/strong> Extracciones y consumo recreativo<br data-start=\"4510\" data-end=\"4513\" \/><strong data-start=\"4513\" data-end=\"4538\">Formatos disponibles:<\/strong> 1, 3 y 5 semillas<\/p>\n<hr data-start=\"4558\" data-end=\"4561\" \/>\n<h3 data-start=\"4563\" data-end=\"4595\">Preguntas frecuentes (FAQ)<\/h3>\n<p data-start=\"4597\" data-end=\"4753\"><strong data-start=\"4597\" data-end=\"4633\">\u00bfEs adecuada para principiantes?<\/strong><br data-start=\"4633\" data-end=\"4636\" \/>S\u00ed, es una variedad de f\u00e1cil manejo con una floraci\u00f3n r\u00e1pida y buena resistencia, perfecta para cultivadores novatos.<\/p>\n<p data-start=\"4755\" data-end=\"4923\"><strong data-start=\"4755\" data-end=\"4792\">\u00bfQu\u00e9 destaca de San Bacio Burger?<\/strong><br data-start=\"4792\" data-end=\"4795\" \/>Su <strong data-start=\"4798\" data-end=\"4814\">sabor goloso<\/strong> y su <strong data-start=\"4820\" data-end=\"4849\">alta producci\u00f3n de resina<\/strong> la hacen excelente tanto para el consumo como para realizar extracciones.<\/p>\n<p data-start=\"4925\" data-end=\"5060\"><strong data-start=\"4925\" data-end=\"4955\">\u00bfCu\u00e1nto tarda en florecer?<\/strong><br data-start=\"4955\" data-end=\"4958\" \/>En interior, <strong data-start=\"4971\" data-end=\"4985\">55\u201360 d\u00edas<\/strong>, y en exterior se cosecha a finales de septiembre o principios de octubre.<\/p>\n<p data-start=\"5062\" data-end=\"5219\"><strong data-start=\"5062\" data-end=\"5094\">\u00bfEs buena para extracciones?<\/strong><br data-start=\"5094\" data-end=\"5097\" \/>S\u00ed, la abundante <strong data-start=\"5114\" data-end=\"5124\">resina<\/strong> y su perfil arom\u00e1tico la hacen <strong data-start=\"5156\" data-end=\"5183\">ideal para concentrados<\/strong> como <strong data-start=\"5189\" data-end=\"5198\">rosin<\/strong>, <strong data-start=\"5200\" data-end=\"5208\">hash<\/strong> o <strong data-start=\"5211\" data-end=\"5218\">BHO<\/strong>.<\/p>\n<p data-start=\"5221\" data-end=\"5366\" data-is-last-node=\"\" data-is-only-node=\"\"><strong data-start=\"5221\" data-end=\"5257\">\u00bfCu\u00e1ndo debo cortar en exterior?<\/strong><br data-start=\"5257\" data-end=\"5260\" \/>En el <strong data-start=\"5266\" data-end=\"5286\">Hemisferio Norte<\/strong>, la cosecha se realiza entre <strong data-start=\"5316\" data-end=\"5365\">finales de septiembre y principios de octubre<\/strong>.<\/p>\n","protected":false},"excerpt":{"rendered":"<p>Gen\u00e9tica de \u00e9lite con estabilidad y vigor, dise\u00f1ada para resultados profesionales. Disponible en versiones feminizadas y regulares, ofrece plantas homog\u00e9neas, floraci\u00f3n r\u00e1pida y alto rendimiento tanto en interior como en exterior. Perfil terp\u00e9nico complejo e intenso para cosechas de calidad superior. Formatos flexibles para adaptarse desde proyectos peque\u00f1os hasta producciones a gran escala.<\/p>\n","protected":false},"featured_media":19020,"comment_status":"open","ping_status":"closed","template":"","meta":{"_bst_post_transparent":"","_bst_post_title":"","_bst_post_layout":"","_bst_post_sidebar_id":"","_bst_post_content_style":"","_bst_post_vertical_padding":"","_bst_post_feature":"","_bst_post_feature_position":"","_bst_post_header":false,"_bst_post_footer":false},"pwb-brand":[198],"product_brand":[],"product_cat":[69],"product_tag":[],"class_list":{"0":"post-31396","1":"product","2":"type-product","3":"status-publish","4":"has-post-thumbnail","6":"pwb-brand-advanced-seeds","7":"product_cat-feminizadas","9":"first","10":"instock","11":"sale","12":"taxable","13":"shipping-taxable","14":"purchasable","15":"product-type-variable","16":"entry","17":"content-bg","18":"loop-entry"},"brands":[{"id":198,"name":"Advanced Seeds","slug":"advanced-seeds"}],"_links":{"self":[{"href":"https:\/\/puregrowshop.com\/fr\/wp-json\/wp\/v2\/product\/31396","targetHints":{"allow":["GET"]}}],"collection":[{"href":"https:\/\/puregrowshop.com\/fr\/wp-json\/wp\/v2\/product"}],"about":[{"href":"https:\/\/puregrowshop.com\/fr\/wp-json\/wp\/v2\/types\/product"}],"replies":[{"embeddable":true,"href":"https:\/\/puregrowshop.com\/fr\/wp-json\/wp\/v2\/comments?post=31396"}],"wp:featuredmedia":[{"embeddable":true,"href":"https:\/\/puregrowshop.com\/fr\/wp-json\/wp\/v2\/media\/19020"}],"wp:attachment":[{"href":"https:\/\/puregrowshop.com\/fr\/wp-json\/wp\/v2\/media?parent=31396"}],"wp:term":[{"taxonomy":"pwb-brand","embeddable":true,"href":"https:\/\/puregrowshop.com\/fr\/wp-json\/wp\/v2\/pwb-brand?post=31396"},{"taxonomy":"product_brand","embeddable":true,"href":"https:\/\/puregrowshop.com\/fr\/wp-json\/wp\/v2\/product_brand?post=31396"},{"taxonomy":"product_cat","embeddable":true,"href":"https:\/\/puregrowshop.com\/fr\/wp-json\/wp\/v2\/product_cat?post=31396"},{"taxonomy":"product_tag","embeddable":true,"href":"https:\/\/puregrowshop.com\/fr\/wp-json\/wp\/v2\/product_tag?post=31396"}],"curies":[{"name":"wp","href":"https:\/\/api.w.org\/{rel}","templated":true}]}}