{"id":31395,"date":"2025-10-07T13:00:22","date_gmt":"2025-10-07T13:00:22","guid":{"rendered":"https:\/\/puregrowshop.com\/?post_type=product&#038;p=31395"},"modified":"2025-11-21T11:01:03","modified_gmt":"2025-11-21T11:01:03","slug":"rainbow-sherbet-11-fem-advanced-seeds","status":"publish","type":"product","link":"https:\/\/puregrowshop.com\/fr\/rainbow-sherbet-11-fem-advanced-seeds\/","title":{"rendered":"Rainbow Sherbet #11 fem. Advanced Seeds"},"content":{"rendered":"<p data-start=\"165\" data-end=\"766\"><strong data-start=\"165\" data-end=\"188\">Rainbow Sherbet #11<\/strong> es una variedad <strong data-start=\"205\" data-end=\"235\">feminizada fotodependiente<\/strong> de <strong data-start=\"239\" data-end=\"257\">Advanced Seeds<\/strong>, creada para quienes buscan una combinaci\u00f3n de <strong data-start=\"305\" data-end=\"323\">sabores dulces<\/strong>, <strong data-start=\"325\" data-end=\"345\">resina abundante<\/strong> y un <strong data-start=\"351\" data-end=\"373\">efecto equilibrado<\/strong>. Con una gen\u00e9tica de <strong data-start=\"395\" data-end=\"419\">predominancia sativa<\/strong> y un perfil terpenoide \u00fanico, esta planta se caracteriza por sus <strong data-start=\"485\" data-end=\"517\">sabores afrutados y c\u00edtricos<\/strong> con una <strong data-start=\"526\" data-end=\"542\">base cremosa<\/strong> que recuerda a <strong data-start=\"558\" data-end=\"578\">helado de frutas<\/strong>. Su <strong data-start=\"583\" data-end=\"593\">efecto<\/strong> ofrece una <strong data-start=\"605\" data-end=\"635\">subida euf\u00f3rica y creativa<\/strong> seguida de una <strong data-start=\"651\" data-end=\"680\">relajaci\u00f3n corporal suave<\/strong>, lo que la hace perfecta para disfrutar durante todo el d\u00eda o al final de la jornada.<\/p>\n<p data-start=\"768\" data-end=\"1120\">El <strong data-start=\"771\" data-end=\"805\">cultivo de Rainbow Sherbet #11<\/strong> es ideal tanto en <strong data-start=\"824\" data-end=\"850\">interior como exterior<\/strong>. Responde bien a t\u00e9cnicas como <strong data-start=\"882\" data-end=\"891\">SCROG<\/strong>, <strong data-start=\"893\" data-end=\"900\">SOG<\/strong> y <strong data-start=\"903\" data-end=\"910\">LST<\/strong>, lo que permite maximizar la producci\u00f3n de cogollos densos y resinosos. Esta variedad es <strong data-start=\"1000\" data-end=\"1014\">resistente<\/strong> a plagas y cambios de temperatura, lo que la hace adecuada para <strong data-start=\"1079\" data-end=\"1099\">climas templados<\/strong> y <strong data-start=\"1102\" data-end=\"1119\">mediterr\u00e1neos<\/strong>.<\/p>\n<p data-start=\"1122\" data-end=\"1310\">Es una opci\u00f3n excelente para los cultivadores que buscan una <strong data-start=\"1183\" data-end=\"1203\">variedad sabrosa<\/strong>, de <strong data-start=\"1208\" data-end=\"1224\">alta calidad<\/strong> y con un <strong data-start=\"1234\" data-end=\"1254\">alto rendimiento<\/strong>, tanto para consumo directo como para <strong data-start=\"1293\" data-end=\"1309\">extracciones<\/strong>.<\/p>\n<h3 data-start=\"1312\" data-end=\"1345\">Caracter\u00edsticas principales<\/h3>\n<p data-start=\"1346\" data-end=\"1737\"><strong data-start=\"1346\" data-end=\"1359\">Gen\u00e9tica:<\/strong> H\u00edbrido con predominancia sativa.<br data-start=\"1393\" data-end=\"1396\" \/><strong data-start=\"1396\" data-end=\"1405\">Tipo:<\/strong> Semilla feminizada fotodependiente.<br data-start=\"1441\" data-end=\"1444\" \/><strong data-start=\"1444\" data-end=\"1470\">Floraci\u00f3n en interior:<\/strong> 60\u201365 d\u00edas.<br data-start=\"1482\" data-end=\"1485\" \/><strong data-start=\"1485\" data-end=\"1506\">Cosecha exterior:<\/strong> Finales de septiembre a principios de octubre.<br data-start=\"1553\" data-end=\"1556\" \/><strong data-start=\"1556\" data-end=\"1571\">Producci\u00f3n:<\/strong> Alta.<br data-start=\"1577\" data-end=\"1580\" \/><strong data-start=\"1580\" data-end=\"1591\">Efecto:<\/strong> Euf\u00f3rico y creativo al principio, seguido de relajaci\u00f3n corporal.<br data-start=\"1657\" data-end=\"1660\" \/><strong data-start=\"1660\" data-end=\"1678\">Aroma y sabor:<\/strong> Afrutado, c\u00edtrico, cremoso, con notas de helado de frutas.<\/p>\n<hr data-start=\"1739\" data-end=\"1742\" \/>\n<h3 data-start=\"1744\" data-end=\"1759\">Propiedades<\/h3>\n<p data-start=\"1761\" data-end=\"2229\"><strong data-start=\"1761\" data-end=\"1793\">Sabor de Rainbow Sherbet #11<\/strong><br data-start=\"1793\" data-end=\"1796\" \/>El sabor de <strong data-start=\"1808\" data-end=\"1831\">Rainbow Sherbet #11<\/strong> es <strong data-start=\"1835\" data-end=\"1844\">dulce<\/strong> y <strong data-start=\"1847\" data-end=\"1858\">cremoso<\/strong>, con un perfil <strong data-start=\"1874\" data-end=\"1886\">afrutado<\/strong> que recuerda a una mezcla de <strong data-start=\"1916\" data-end=\"1928\">c\u00edtricos<\/strong> como <strong data-start=\"1934\" data-end=\"1944\">pomelo<\/strong> y <strong data-start=\"1947\" data-end=\"1956\">lim\u00f3n<\/strong>, con un fondo tropical de <strong data-start=\"1983\" data-end=\"2001\">frutas maduras<\/strong>. Tiene un toque <strong data-start=\"2018\" data-end=\"2029\">cremoso<\/strong> que le da un sabor similar a un <strong data-start=\"2062\" data-end=\"2082\">helado de frutas<\/strong>. Los matices <strong data-start=\"2096\" data-end=\"2110\">especiados<\/strong> y <strong data-start=\"2113\" data-end=\"2125\">terrosos<\/strong> en el retrogusto a\u00f1aden una complejidad adicional, dejando una <strong data-start=\"2189\" data-end=\"2214\">sensaci\u00f3n persistente<\/strong> en el paladar.<\/p>\n<p data-start=\"2231\" data-end=\"2733\"><strong data-start=\"2231\" data-end=\"2242\">Efectos<\/strong><br data-start=\"2242\" data-end=\"2245\" \/>El <strong data-start=\"2248\" data-end=\"2258\">efecto<\/strong> de <strong data-start=\"2262\" data-end=\"2285\">Rainbow Sherbet #11<\/strong> empieza con una <strong data-start=\"2302\" data-end=\"2321\">subida euf\u00f3rica<\/strong> y <strong data-start=\"2324\" data-end=\"2336\">creativa<\/strong>, lo que la convierte en una opci\u00f3n perfecta para actividades sociales, creativas o recreativas. A medida que avanza, su efecto evoluciona hacia una <strong data-start=\"2485\" data-end=\"2514\">relajaci\u00f3n corporal suave<\/strong>, sin resultar demasiado pesada o somnolienta, lo que permite seguir disfrutando de la experiencia sin sentirte agotado. Este <strong data-start=\"2640\" data-end=\"2654\">equilibrio<\/strong> hace que sea ideal para usar tanto durante el d\u00eda como al final de la jornada.<\/p>\n<hr data-start=\"2735\" data-end=\"2738\" \/>\n<h3 data-start=\"2740\" data-end=\"2774\">Cultivo en interior y exterior<\/h3>\n<p data-start=\"2776\" data-end=\"3343\"><strong data-start=\"2776\" data-end=\"2799\">Cultivo en interior<\/strong><br data-start=\"2799\" data-end=\"2802\" \/>En cultivo interior, <strong data-start=\"2823\" data-end=\"2846\">Rainbow Sherbet #11<\/strong> se adapta muy bien a t\u00e9cnicas como <strong data-start=\"2882\" data-end=\"2891\">SCROG<\/strong>, <strong data-start=\"2893\" data-end=\"2900\">SOG<\/strong>, y <strong data-start=\"2904\" data-end=\"2911\">LST<\/strong>, debido a su estructura ramificada y su crecimiento controlable. Su <strong data-start=\"2980\" data-end=\"3000\">floraci\u00f3n r\u00e1pida<\/strong> (60-65 d\u00edas) permite obtener resultados r\u00e1pidos y abundantes. Para obtener los mejores resultados, es recomendable mantener una <strong data-start=\"3129\" data-end=\"3155\">iluminaci\u00f3n media-alta<\/strong> y un <strong data-start=\"3161\" data-end=\"3188\">ambiente bien ventilado<\/strong>, debido a su denso crecimiento. Adem\u00e1s, el uso de un <strong data-start=\"3242\" data-end=\"3262\">filtro de carb\u00f3n<\/strong> es esencial, ya que su <strong data-start=\"3286\" data-end=\"3303\">aroma intenso<\/strong> durante la floraci\u00f3n puede ser notable.<\/p>\n<p data-start=\"3345\" data-end=\"3890\"><strong data-start=\"3345\" data-end=\"3368\">Cultivo en exterior<\/strong><br data-start=\"3368\" data-end=\"3371\" \/>En exterior, <strong data-start=\"3384\" data-end=\"3407\">Rainbow Sherbet #11<\/strong> se adapta muy bien a <strong data-start=\"3429\" data-end=\"3465\">climas templados y mediterr\u00e1neos<\/strong>, donde puede crecer con vigor. El uso de <strong data-start=\"3507\" data-end=\"3518\">tutores<\/strong> es recomendable para las ramas laterales al final de la floraci\u00f3n debido a la densidad de los cogollos. En climas con <strong data-start=\"3637\" data-end=\"3666\">buenas horas de luz solar<\/strong>, esta planta puede <strong data-start=\"3686\" data-end=\"3710\">mostrarse resistente<\/strong> a condiciones variables, lo que garantiza una cosecha \u00f3ptima. <strong data-start=\"3773\" data-end=\"3822\">Finales de septiembre a principios de octubre<\/strong> son las fechas recomendadas para la cosecha en el hemisferio norte.<\/p>\n<hr data-start=\"3892\" data-end=\"3895\" \/>\n<h3 data-start=\"3897\" data-end=\"3937\">Ficha t\u00e9cnica de Rainbow Sherbet #11<\/h3>\n<p data-start=\"3939\" data-end=\"4715\"><strong data-start=\"3939\" data-end=\"3949\">Banco:<\/strong> Advanced Seeds<br data-start=\"3964\" data-end=\"3967\" \/><strong data-start=\"3967\" data-end=\"3976\">Tipo:<\/strong> Feminizada fotodependiente<br data-start=\"4003\" data-end=\"4006\" \/><strong data-start=\"4006\" data-end=\"4019\">Gen\u00e9tica:<\/strong> H\u00edbrido con predominancia sativa<br data-start=\"4052\" data-end=\"4055\" \/><strong data-start=\"4055\" data-end=\"4063\">THC:<\/strong> Moderado (20-22%)<br data-start=\"4081\" data-end=\"4084\" \/><strong data-start=\"4084\" data-end=\"4092\">CBD:<\/strong> Bajo<br data-start=\"4097\" data-end=\"4100\" \/><strong data-start=\"4100\" data-end=\"4126\">Floraci\u00f3n en interior:<\/strong> 60\u201365 d\u00edas<br data-start=\"4137\" data-end=\"4140\" \/><strong data-start=\"4140\" data-end=\"4166\">Cosecha exterior (HN):<\/strong> Finales de septiembre a principios de octubre<br data-start=\"4212\" data-end=\"4215\" \/><strong data-start=\"4215\" data-end=\"4239\">Producci\u00f3n interior:<\/strong> Alta<br data-start=\"4244\" data-end=\"4247\" \/><strong data-start=\"4247\" data-end=\"4271\">Producci\u00f3n exterior:<\/strong> Alta<br data-start=\"4276\" data-end=\"4279\" \/><strong data-start=\"4279\" data-end=\"4290\">Altura:<\/strong> Media<br data-start=\"4296\" data-end=\"4299\" \/><strong data-start=\"4299\" data-end=\"4314\">Estructura:<\/strong> Ramificada, compacta<br data-start=\"4335\" data-end=\"4338\" \/><strong data-start=\"4338\" data-end=\"4356\">Aroma y sabor:<\/strong> Afrutado, c\u00edtrico, cremoso, con toques especiados<br data-start=\"4406\" data-end=\"4409\" \/><strong data-start=\"4409\" data-end=\"4420\">Efecto:<\/strong> Euf\u00f3rico y creativo con relajaci\u00f3n corporal posterior<br data-start=\"4474\" data-end=\"4477\" \/><strong data-start=\"4477\" data-end=\"4503\">Dificultad de cultivo:<\/strong> Media<br data-start=\"4509\" data-end=\"4512\" data-is-only-node=\"\" \/><strong data-start=\"4512\" data-end=\"4538\">T\u00e9cnicas recomendadas:<\/strong> SCROG, SOG, LST, poda apical, tutorado<br data-start=\"4577\" data-end=\"4580\" \/><strong data-start=\"4580\" data-end=\"4596\">Clima ideal:<\/strong> Templado, mediterr\u00e1neo<br data-start=\"4619\" data-end=\"4622\" \/><strong data-start=\"4622\" data-end=\"4642\">Uso recomendado:<\/strong> Consumo y extracciones de resina<br data-start=\"4675\" data-end=\"4678\" \/><strong data-start=\"4678\" data-end=\"4701\">Formato disponible:<\/strong> 1 u, 3 u, 5 u<\/p>\n<hr data-start=\"4717\" data-end=\"4720\" \/>\n<h3 data-start=\"4722\" data-end=\"4752\">Preguntas frecuentes (FAQ)<\/h3>\n<p data-start=\"4754\" data-end=\"4953\"><strong data-start=\"4754\" data-end=\"4810\">\u00bfEs Rainbow Sherbet #11 adecuada para principiantes?<\/strong><br data-start=\"4810\" data-end=\"4813\" \/>S\u00ed, esta variedad es f\u00e1cil de manejar, con un ciclo de floraci\u00f3n relativamente corto y resistente a plagas, ideal para cultivadores novatos.<\/p>\n<p data-start=\"4955\" data-end=\"5073\"><strong data-start=\"4955\" data-end=\"4992\">\u00bfCu\u00e1nto tiempo tarda en florecer?<\/strong><br data-start=\"4992\" data-end=\"4995\" \/><strong data-start=\"4995\" data-end=\"5018\">Rainbow Sherbet #11<\/strong> florece en aproximadamente <strong data-start=\"5046\" data-end=\"5060\">60\u201365 d\u00edas<\/strong> en interior.<\/p>\n<p data-start=\"5075\" data-end=\"5218\"><strong data-start=\"5075\" data-end=\"5107\">\u00bfEs buena para extracciones?<\/strong><br data-start=\"5107\" data-end=\"5110\" \/>S\u00ed, su <strong data-start=\"5117\" data-end=\"5146\">alta producci\u00f3n de resina<\/strong> la hace ideal para <strong data-start=\"5166\" data-end=\"5182\">extracciones<\/strong> como <strong data-start=\"5188\" data-end=\"5197\">rosin<\/strong>, <strong data-start=\"5199\" data-end=\"5207\">hash<\/strong> y <strong data-start=\"5210\" data-end=\"5217\">BHO<\/strong>.<\/p>\n<p data-start=\"5220\" data-end=\"5425\"><strong data-start=\"5220\" data-end=\"5250\">\u00bfSe adapta a climas fr\u00edos?<\/strong><br data-start=\"5250\" data-end=\"5253\" \/>Aunque prefiere climas templados, <strong data-start=\"5287\" data-end=\"5310\">Rainbow Sherbet #11<\/strong> puede tolerar un ligero descenso de temperatura, lo que puede incluso <strong data-start=\"5381\" data-end=\"5410\">mejorar los tonos morados<\/strong> en las flores.<\/p>\n<p data-start=\"5427\" data-end=\"5650\"><strong data-start=\"5427\" data-end=\"5501\">\u00bfCu\u00e1l es el mejor m\u00e9todo de cultivo para obtener el mayor rendimiento?<\/strong><br data-start=\"5501\" data-end=\"5504\" \/>El <strong data-start=\"5507\" data-end=\"5516\">SCROG<\/strong> es altamente recomendado, ya que ayuda a maximizar la superficie de luz y promueve una mayor producci\u00f3n de flores densas y resinosas.<\/p>\n","protected":false},"excerpt":{"rendered":"<p>Rainbow Sherbet #11 fem. de Advanced Seeds ofrece un perfil arom\u00e1tico ex\u00f3tico y envolvente: notas dulces y c\u00edtricas con un toque cremoso tipo sorbete, alta potencia y producci\u00f3n abundante de resina. Gen\u00e9tica feminizada, estable y vigorosa para resultados uniformes, flores compactas y rendimientos elevados. Elecci\u00f3n ideal para quienes buscan sabor premium, car\u00e1cter intenso y calidad constante.<\/p>\n<p>Formatos: 1, 3+1, 5+2, 25 y 100 semillas.<\/p>\n","protected":false},"featured_media":19140,"comment_status":"open","ping_status":"closed","template":"","meta":{"_bst_post_transparent":"","_bst_post_title":"","_bst_post_layout":"","_bst_post_sidebar_id":"","_bst_post_content_style":"","_bst_post_vertical_padding":"","_bst_post_feature":"","_bst_post_feature_position":"","_bst_post_header":false,"_bst_post_footer":false},"pwb-brand":[198],"product_brand":[],"product_cat":[69],"product_tag":[],"class_list":{"0":"post-31395","1":"product","2":"type-product","3":"status-publish","4":"has-post-thumbnail","6":"pwb-brand-advanced-seeds","7":"product_cat-feminizadas","9":"first","10":"instock","11":"sale","12":"taxable","13":"shipping-taxable","14":"purchasable","15":"product-type-variable","16":"entry","17":"content-bg","18":"loop-entry"},"brands":[{"id":198,"name":"Advanced Seeds","slug":"advanced-seeds"}],"_links":{"self":[{"href":"https:\/\/puregrowshop.com\/fr\/wp-json\/wp\/v2\/product\/31395","targetHints":{"allow":["GET"]}}],"collection":[{"href":"https:\/\/puregrowshop.com\/fr\/wp-json\/wp\/v2\/product"}],"about":[{"href":"https:\/\/puregrowshop.com\/fr\/wp-json\/wp\/v2\/types\/product"}],"replies":[{"embeddable":true,"href":"https:\/\/puregrowshop.com\/fr\/wp-json\/wp\/v2\/comments?post=31395"}],"wp:featuredmedia":[{"embeddable":true,"href":"https:\/\/puregrowshop.com\/fr\/wp-json\/wp\/v2\/media\/19140"}],"wp:attachment":[{"href":"https:\/\/puregrowshop.com\/fr\/wp-json\/wp\/v2\/media?parent=31395"}],"wp:term":[{"taxonomy":"pwb-brand","embeddable":true,"href":"https:\/\/puregrowshop.com\/fr\/wp-json\/wp\/v2\/pwb-brand?post=31395"},{"taxonomy":"product_brand","embeddable":true,"href":"https:\/\/puregrowshop.com\/fr\/wp-json\/wp\/v2\/product_brand?post=31395"},{"taxonomy":"product_cat","embeddable":true,"href":"https:\/\/puregrowshop.com\/fr\/wp-json\/wp\/v2\/product_cat?post=31395"},{"taxonomy":"product_tag","embeddable":true,"href":"https:\/\/puregrowshop.com\/fr\/wp-json\/wp\/v2\/product_tag?post=31395"}],"curies":[{"name":"wp","href":"https:\/\/api.w.org\/{rel}","templated":true}]}}