{"id":31394,"date":"2025-10-07T13:00:22","date_gmt":"2025-10-07T13:00:22","guid":{"rendered":"https:\/\/puregrowshop.com\/?post_type=product&#038;p=31394"},"modified":"2025-11-21T11:01:03","modified_gmt":"2025-11-21T11:01:03","slug":"pineapple-glue-fem-advanced-seeds","status":"publish","type":"product","link":"https:\/\/puregrowshop.com\/fr\/pineapple-glue-fem-advanced-seeds\/","title":{"rendered":"Pineapple Glue fem. Advanced Seeds"},"content":{"rendered":"<p data-start=\"146\" data-end=\"589\">\u00a1Bienvenidos al para\u00edso tropical con Pineapple Glue! Esta semilla feminizada fotodependiente de Advanced Seeds es una verdadera joya para quienes buscan una variedad con un sabor afrutado y dulce, acompa\u00f1ada de efectos relajantes y duraderos. Perfecta para desconectar y relajarte, Pineapple Glue es un h\u00edbrido predominantemente \u00edndica que combina lo mejor de los sabores tropicales con una relajaci\u00f3n profunda que te har\u00e1 sentir en las nubes.<\/p>\n<p data-start=\"591\" data-end=\"941\">El sabor es simplemente irresistible, con notas dulces de pi\u00f1a madura y un toque terroso que le da un car\u00e1cter \u00fanico. Su efecto comienza de manera suave y alegre, pero r\u00e1pidamente te envuelve en una sensaci\u00f3n de calma total, dej\u00e1ndote relajado sin llegar a sentirte demasiado pesado. \u00a1Es la opci\u00f3n perfecta para disfrutar durante la tarde o la noche!<\/p>\n<p data-start=\"943\" data-end=\"1269\">Pineapple Glue es ideal tanto para cultivadores novatos como para los m\u00e1s experimentados, gracias a su facilidad de cultivo, resistencia a plagas y adaptaci\u00f3n a climas templados o mediterr\u00e1neos. Adem\u00e1s, su rica producci\u00f3n de resina la convierte en una opci\u00f3n fant\u00e1stica para quienes disfrutan haciendo extracciones de calidad.<\/p>\n<h3 data-start=\"1271\" data-end=\"1302\">Caracter\u00edsticas principales<\/h3>\n<ul data-start=\"1304\" data-end=\"1675\">\n<li data-start=\"1304\" data-end=\"1353\">\n<p data-start=\"1306\" data-end=\"1353\"><strong data-start=\"1306\" data-end=\"1318\">Gen\u00e9tica<\/strong>: H\u00edbrido con predominancia \u00edndica.<\/p>\n<\/li>\n<li data-start=\"1354\" data-end=\"1401\">\n<p data-start=\"1356\" data-end=\"1401\"><strong data-start=\"1356\" data-end=\"1364\">Tipo<\/strong>: Semilla feminizada fotodependiente.<\/p>\n<\/li>\n<li data-start=\"1402\" data-end=\"1442\">\n<p data-start=\"1404\" data-end=\"1442\"><strong data-start=\"1404\" data-end=\"1429\">Floraci\u00f3n en interior<\/strong>: 55\u201360 d\u00edas.<\/p>\n<\/li>\n<li data-start=\"1443\" data-end=\"1513\">\n<p data-start=\"1445\" data-end=\"1513\"><strong data-start=\"1445\" data-end=\"1465\">Cosecha exterior<\/strong>: Finales de septiembre a principios de octubre.<\/p>\n<\/li>\n<li data-start=\"1514\" data-end=\"1537\">\n<p data-start=\"1516\" data-end=\"1537\"><strong data-start=\"1516\" data-end=\"1530\">Producci\u00f3n<\/strong>: Alta.<\/p>\n<\/li>\n<li data-start=\"1538\" data-end=\"1609\">\n<p data-start=\"1540\" data-end=\"1609\"><strong data-start=\"1540\" data-end=\"1550\">Efecto<\/strong>: Relajante y calmante, con una euforia suave al principio.<\/p>\n<\/li>\n<li data-start=\"1610\" data-end=\"1675\">\n<p data-start=\"1612\" data-end=\"1675\"><strong data-start=\"1612\" data-end=\"1629\">Aroma y sabor<\/strong>: Pi\u00f1a dulce, con toques terrosos y resinosos.<\/p>\n<\/li>\n<\/ul>\n<p data-start=\"1677\" data-end=\"1871\">Pineapple Glue es perfecta para quienes buscan una planta sabrosa, relajante y f\u00e1cil de cultivar, adem\u00e1s de ser ideal para quienes disfrutan de las extracciones por su alta producci\u00f3n de resina.<\/p>\n<hr data-start=\"1873\" data-end=\"1876\" \/>\n<h3 data-start=\"1878\" data-end=\"1893\">Propiedades<\/h3>\n<p data-start=\"1895\" data-end=\"2191\"><strong data-start=\"1895\" data-end=\"1922\">Sabor de Pineapple Glue<\/strong><br data-start=\"1922\" data-end=\"1925\" \/>Desde la primera calada, el sabor de Pineapple Glue te llevar\u00e1 directo a una isla tropical, con su mezcla de pi\u00f1a madura y un toque terroso que lo hace \u00fanico. Es dulce, afrutado y un poquito pegajoso, lo que lo convierte en una experiencia deliciosa para el paladar.<\/p>\n<p data-start=\"2193\" data-end=\"2540\"><strong data-start=\"2193\" data-end=\"2204\">Efectos<\/strong><br data-start=\"2204\" data-end=\"2207\" \/>El efecto de Pineapple Glue comienza con una peque\u00f1a subida de euforia, que te pone de buen humor y te da una sensaci\u00f3n de bienestar. A medida que avanza, te envuelve en una relajaci\u00f3n profunda, perfecta para desconectar del estr\u00e9s y relajarte sin sentirte adormilado. Ideal para disfrutar durante la noche o despu\u00e9s de un d\u00eda largo.<\/p>\n<hr data-start=\"2542\" data-end=\"2545\" \/>\n<h3 data-start=\"2547\" data-end=\"2581\">Cultivo en interior y exterior<\/h3>\n<p data-start=\"2583\" data-end=\"2920\"><strong data-start=\"2583\" data-end=\"2595\">Interior<\/strong><br data-start=\"2595\" data-end=\"2598\" \/>En cultivo de interior, Pineapple Glue es f\u00e1cil de manejar y se adapta bien a t\u00e9cnicas como SCROG, SOG y LST gracias a su estructura ramificada. Su floraci\u00f3n r\u00e1pida de 55-60 d\u00edas te permitir\u00e1 ver resultados en poco tiempo. Adem\u00e1s, su intenso aroma hace recomendable el uso de filtros de carb\u00f3n para controlar su fragancia.<\/p>\n<p data-start=\"2922\" data-end=\"3296\"><strong data-start=\"2922\" data-end=\"2934\">Exterior<\/strong><br data-start=\"2934\" data-end=\"2937\" \/>Si decides cultivarla al aire libre, Pineapple Glue se siente como en casa en climas templados o mediterr\u00e1neos. Su resistencia a plagas y su robustez le permiten prosperar en diversas condiciones. La cosecha se realiza entre finales de septiembre y principios de octubre, y es recomendable usar tutores para evitar que los cogollos se caigan debido a su peso.<\/p>\n<hr data-start=\"3298\" data-end=\"3301\" \/>\n<h3 data-start=\"3303\" data-end=\"3338\">Ficha t\u00e9cnica de Pineapple Glue<\/h3>\n<ul data-start=\"3340\" data-end=\"4075\">\n<li data-start=\"3340\" data-end=\"3367\">\n<p data-start=\"3342\" data-end=\"3367\"><strong data-start=\"3342\" data-end=\"3351\">Banco<\/strong>: Advanced Seeds<\/p>\n<\/li>\n<li data-start=\"3368\" data-end=\"3419\">\n<p data-start=\"3370\" data-end=\"3419\"><strong data-start=\"3370\" data-end=\"3389\">Tipo de semilla<\/strong>: Feminizada (fotodependiente)<\/p>\n<\/li>\n<li data-start=\"3420\" data-end=\"3468\">\n<p data-start=\"3422\" data-end=\"3468\"><strong data-start=\"3422\" data-end=\"3434\">Gen\u00e9tica<\/strong>: H\u00edbrido con predominancia \u00edndica<\/p>\n<\/li>\n<li data-start=\"3469\" data-end=\"3484\">\n<p data-start=\"3471\" data-end=\"3484\"><strong data-start=\"3471\" data-end=\"3478\">THC<\/strong>: Alto<\/p>\n<\/li>\n<li data-start=\"3485\" data-end=\"3500\">\n<p data-start=\"3487\" data-end=\"3500\"><strong data-start=\"3487\" data-end=\"3494\">CBD<\/strong>: Bajo<\/p>\n<\/li>\n<li data-start=\"3501\" data-end=\"3540\">\n<p data-start=\"3503\" data-end=\"3540\"><strong data-start=\"3503\" data-end=\"3528\">Floraci\u00f3n en interior<\/strong>: 55\u201360 d\u00edas<\/p>\n<\/li>\n<li data-start=\"3541\" data-end=\"3629\">\n<p data-start=\"3543\" data-end=\"3629\"><strong data-start=\"3543\" data-end=\"3582\">Cosecha exterior (Hemisferio Norte)<\/strong>: Finales de septiembre a principios de octubre<\/p>\n<\/li>\n<li data-start=\"3630\" data-end=\"3661\">\n<p data-start=\"3632\" data-end=\"3661\"><strong data-start=\"3632\" data-end=\"3655\">Producci\u00f3n interior<\/strong>: Alta<\/p>\n<\/li>\n<li data-start=\"3662\" data-end=\"3697\">\n<p data-start=\"3664\" data-end=\"3697\"><strong data-start=\"3664\" data-end=\"3687\">Producci\u00f3n exterior<\/strong>: Muy alta<\/p>\n<\/li>\n<li data-start=\"3698\" data-end=\"3717\">\n<p data-start=\"3700\" data-end=\"3717\"><strong data-start=\"3700\" data-end=\"3710\">Altura<\/strong>: Media<\/p>\n<\/li>\n<li data-start=\"3718\" data-end=\"3757\">\n<p data-start=\"3720\" data-end=\"3757\"><strong data-start=\"3720\" data-end=\"3734\">Estructura<\/strong>: Compacta y ramificada<\/p>\n<\/li>\n<li data-start=\"3758\" data-end=\"3826\">\n<p data-start=\"3760\" data-end=\"3826\"><strong data-start=\"3760\" data-end=\"3777\">Aroma y sabor<\/strong>: Dulce, afrutado con toques terrosos y resinosos<\/p>\n<\/li>\n<li data-start=\"3827\" data-end=\"3882\">\n<p data-start=\"3829\" data-end=\"3882\"><strong data-start=\"3829\" data-end=\"3839\">Efecto<\/strong>: Relajante, con euforia suave al principio<\/p>\n<\/li>\n<li data-start=\"3883\" data-end=\"3917\">\n<p data-start=\"3885\" data-end=\"3917\"><strong data-start=\"3885\" data-end=\"3910\">Dificultad de cultivo<\/strong>: Media<\/p>\n<\/li>\n<li data-start=\"3918\" data-end=\"3972\">\n<p data-start=\"3920\" data-end=\"3972\"><strong data-start=\"3920\" data-end=\"3945\">T\u00e9cnicas recomendadas<\/strong>: SCROG, SOG, LST, tutorado<\/p>\n<\/li>\n<li data-start=\"3973\" data-end=\"4029\">\n<p data-start=\"3975\" data-end=\"4029\"><strong data-start=\"3975\" data-end=\"3994\">Uso recomendado<\/strong>: Extracciones y consumo recreativo<\/p>\n<\/li>\n<li data-start=\"4030\" data-end=\"4075\">\n<p data-start=\"4032\" data-end=\"4075\"><strong data-start=\"4032\" data-end=\"4056\">Formatos disponibles<\/strong>: 1, 3 y 5 semillas<\/p>\n<\/li>\n<\/ul>\n<hr data-start=\"4077\" data-end=\"4080\" \/>\n<h3 data-start=\"4082\" data-end=\"4112\">Preguntas frecuentes (FAQ)<\/h3>\n<p data-start=\"4114\" data-end=\"4365\"><strong data-start=\"4114\" data-end=\"4150\">\u00bfEs adecuada para principiantes?<\/strong><br data-start=\"4150\" data-end=\"4153\" \/>\u00a1S\u00ed! Pineapple Glue es perfecta para cultivadores novatos. Su facilidad de cultivo, r\u00e1pido tiempo de floraci\u00f3n y resistencia a plagas la convierten en una opci\u00f3n ideal si est\u00e1s comenzando en el mundo del cultivo.<\/p>\n<p data-start=\"4367\" data-end=\"4593\"><strong data-start=\"4367\" data-end=\"4402\">\u00bfQu\u00e9 destaca de Pineapple Glue?<\/strong><br data-start=\"4402\" data-end=\"4405\" \/>Su sabor afrutado de pi\u00f1a y su efecto relajante la hacen una opci\u00f3n \u00fanica y deliciosa. Adem\u00e1s, produce mucha resina, lo que la convierte en una excelente candidata para hacer extracciones.<\/p>\n<p data-start=\"4595\" data-end=\"4783\"><strong data-start=\"4595\" data-end=\"4625\">\u00bfCu\u00e1nto tarda en florecer?<\/strong><br data-start=\"4625\" data-end=\"4628\" \/>En interior, Pineapple Glue florece en 55\u201360 d\u00edas. Si la cultivas al aire libre, la cosecha se realiza entre finales de septiembre y principios de octubre.<\/p>\n<p data-start=\"4785\" data-end=\"4961\"><strong data-start=\"4785\" data-end=\"4817\">\u00bfEs buena para extracciones?<\/strong><br data-start=\"4817\" data-end=\"4820\" \/>\u00a1Absolutamente! Pineapple Glue tiene una producci\u00f3n de resina muy abundante, lo que la hace ideal para concentrados como rosin, BHO o hach\u00eds.<\/p>\n<p data-start=\"4963\" data-end=\"5100\"><strong data-start=\"4963\" data-end=\"4999\">\u00bfCu\u00e1ndo debo cortar en exterior?<\/strong><br data-start=\"4999\" data-end=\"5002\" \/>En el Hemisferio Norte, la cosecha se realiza entre finales de septiembre y principios de octubre.<\/p>\n","protected":false},"excerpt":{"rendered":"<p>Pineapple Glue fem. de Advanced Seeds une un perfil tropical intenso a pi\u00f1a con abundante producci\u00f3n de resina para cosechas arom\u00e1ticas y potentes. H\u00edbrido vigoroso y estable, de floraci\u00f3n r\u00e1pida, f\u00e1cil de cultivar en interior y exterior, con estructura compacta y altos rendimientos. Semillas feminizadas para m\u00e1xima uniformidad y aprovechamiento del espacio. Formatos disponibles: 1 semilla, 3+1, 5+2, 25, 100 semillas.<\/p>\n","protected":false},"featured_media":18645,"comment_status":"open","ping_status":"closed","template":"","meta":{"_bst_post_transparent":"","_bst_post_title":"","_bst_post_layout":"","_bst_post_sidebar_id":"","_bst_post_content_style":"","_bst_post_vertical_padding":"","_bst_post_feature":"","_bst_post_feature_position":"","_bst_post_header":false,"_bst_post_footer":false},"pwb-brand":[198],"product_brand":[],"product_cat":[69],"product_tag":[],"class_list":{"0":"post-31394","1":"product","2":"type-product","3":"status-publish","4":"has-post-thumbnail","6":"pwb-brand-advanced-seeds","7":"product_cat-feminizadas","9":"first","10":"instock","11":"sale","12":"taxable","13":"shipping-taxable","14":"purchasable","15":"product-type-variable","16":"entry","17":"content-bg","18":"loop-entry"},"brands":[{"id":198,"name":"Advanced Seeds","slug":"advanced-seeds"}],"_links":{"self":[{"href":"https:\/\/puregrowshop.com\/fr\/wp-json\/wp\/v2\/product\/31394","targetHints":{"allow":["GET"]}}],"collection":[{"href":"https:\/\/puregrowshop.com\/fr\/wp-json\/wp\/v2\/product"}],"about":[{"href":"https:\/\/puregrowshop.com\/fr\/wp-json\/wp\/v2\/types\/product"}],"replies":[{"embeddable":true,"href":"https:\/\/puregrowshop.com\/fr\/wp-json\/wp\/v2\/comments?post=31394"}],"wp:featuredmedia":[{"embeddable":true,"href":"https:\/\/puregrowshop.com\/fr\/wp-json\/wp\/v2\/media\/18645"}],"wp:attachment":[{"href":"https:\/\/puregrowshop.com\/fr\/wp-json\/wp\/v2\/media?parent=31394"}],"wp:term":[{"taxonomy":"pwb-brand","embeddable":true,"href":"https:\/\/puregrowshop.com\/fr\/wp-json\/wp\/v2\/pwb-brand?post=31394"},{"taxonomy":"product_brand","embeddable":true,"href":"https:\/\/puregrowshop.com\/fr\/wp-json\/wp\/v2\/product_brand?post=31394"},{"taxonomy":"product_cat","embeddable":true,"href":"https:\/\/puregrowshop.com\/fr\/wp-json\/wp\/v2\/product_cat?post=31394"},{"taxonomy":"product_tag","embeddable":true,"href":"https:\/\/puregrowshop.com\/fr\/wp-json\/wp\/v2\/product_tag?post=31394"}],"curies":[{"name":"wp","href":"https:\/\/api.w.org\/{rel}","templated":true}]}}