{"id":31393,"date":"2025-10-07T13:00:22","date_gmt":"2025-10-07T13:00:22","guid":{"rendered":"https:\/\/puregrowshop.com\/?post_type=product&#038;p=31393"},"modified":"2025-12-07T18:13:00","modified_gmt":"2025-12-07T18:13:00","slug":"permanent-marker-fem-advanced-seeds","status":"publish","type":"product","link":"https:\/\/puregrowshop.com\/fr\/permanent-marker-fem-advanced-seeds\/","title":{"rendered":"Permanent Marker fem. Advanced Seeds"},"content":{"rendered":"<p data-start=\"156\" data-end=\"619\">Si buscas algo diferente y \u00fanico, <strong data-start=\"190\" data-end=\"210\">Permanent Marker<\/strong> de <strong data-start=\"214\" data-end=\"232\">Advanced Seeds<\/strong> es justo lo que necesitas. Esta semilla feminizada fotodependiente es un h\u00edbrido de predominancia \u00edndica que combina lo mejor de los sabores intensos con unos efectos que realmente te van a sorprender. Desde su nombre, sabes que va a ser algo especial: su aroma es una mezcla terrosa, afrutada, y con un toque caracter\u00edstico a tinta y gas, \u00a1como si de un marcador permanente se tratara!<\/p>\n<p data-start=\"621\" data-end=\"1087\">Cuando la pruebas, el sabor es incre\u00edblemente \u00fanico, con esa combinaci\u00f3n de pi\u00f1a tropical y un toque terroso que te deja una sensaci\u00f3n de frescura en el paladar. En cuanto al efecto, empieza de forma euf\u00f3rica, d\u00e1ndote un subid\u00f3n suave que va a mejorar tu \u00e1nimo y creatividad. Luego, la relajaci\u00f3n se apodera de ti sin que te sientas pesado o somnoliento. Es el equilibrio perfecto para relajarte, ya sea al final del d\u00eda o durante una actividad tranquila con amigos.<\/p>\n<p data-start=\"1089\" data-end=\"1415\">Pineapple Glue no solo tiene un perfil de sabor y efectos incre\u00edbles, tambi\u00e9n es muy f\u00e1cil de cultivar. Su floraci\u00f3n r\u00e1pida de 55-60 d\u00edas en interior y su resistencia la hacen ideal para cultivadores novatos y experimentados. Adem\u00e1s, su alta producci\u00f3n de resina la convierte en una opci\u00f3n ideal si te gustan las extracciones.<\/p>\n<h3 data-start=\"1417\" data-end=\"1448\">Caracter\u00edsticas principales<\/h3>\n<ul data-start=\"1450\" data-end=\"1820\">\n<li data-start=\"1450\" data-end=\"1496\">\n<p data-start=\"1452\" data-end=\"1496\"><strong data-start=\"1452\" data-end=\"1464\">Gen\u00e9tica<\/strong>: H\u00edbrido, predominancia \u00edndica.<\/p>\n<\/li>\n<li data-start=\"1497\" data-end=\"1544\">\n<p data-start=\"1499\" data-end=\"1544\"><strong data-start=\"1499\" data-end=\"1507\">Tipo<\/strong>: Semilla feminizada fotodependiente.<\/p>\n<\/li>\n<li data-start=\"1545\" data-end=\"1585\">\n<p data-start=\"1547\" data-end=\"1585\"><strong data-start=\"1547\" data-end=\"1572\">Floraci\u00f3n en interior<\/strong>: 55\u201360 d\u00edas.<\/p>\n<\/li>\n<li data-start=\"1586\" data-end=\"1656\">\n<p data-start=\"1588\" data-end=\"1656\"><strong data-start=\"1588\" data-end=\"1608\">Cosecha exterior<\/strong>: Finales de septiembre a principios de octubre.<\/p>\n<\/li>\n<li data-start=\"1657\" data-end=\"1680\">\n<p data-start=\"1659\" data-end=\"1680\"><strong data-start=\"1659\" data-end=\"1673\">Producci\u00f3n<\/strong>: Alta.<\/p>\n<\/li>\n<li data-start=\"1681\" data-end=\"1753\">\n<p data-start=\"1683\" data-end=\"1753\"><strong data-start=\"1683\" data-end=\"1693\">Efecto<\/strong>: Euf\u00f3rico al principio, seguido de una relajaci\u00f3n profunda.<\/p>\n<\/li>\n<li data-start=\"1754\" data-end=\"1820\">\n<p data-start=\"1756\" data-end=\"1820\"><strong data-start=\"1756\" data-end=\"1773\">Aroma y sabor<\/strong>: Terroso, afrutado con un toque a tinta y gas.<\/p>\n<\/li>\n<\/ul>\n<p data-start=\"1822\" data-end=\"1997\">Esta variedad es perfecta para aquellos que buscan algo sabroso y f\u00e1cil de cultivar, con un toque especial que hace que el cultivo y el consumo sean experiencias inolvidables.<\/p>\n<hr data-start=\"1999\" data-end=\"2002\" \/>\n<h3 data-start=\"2004\" data-end=\"2019\">Propiedades<\/h3>\n<p data-start=\"2021\" data-end=\"2364\"><strong data-start=\"2021\" data-end=\"2050\">Sabor de Permanent Marker<\/strong><br data-start=\"2050\" data-end=\"2053\" \/>El sabor de Permanent Marker es realmente \u00fanico, con una mezcla de pi\u00f1a madura, tierra fresca y un toque de tinta. Al inhalar, puedes notar esa dulzura tropical junto con ese toque terroso que lo hace diferente a muchas otras variedades. Es como si estuvieras experimentando un sabor que se queda en la memoria. Adem\u00e1s, este perfil de sabor se complementa perfectamente con los efectos que proporciona, que tienden a ser relajantes y euf\u00f3ricos. Los cultivadores de <a href=\"https:\/\/puregrowshop.com\/semillas-de-marihuana\/indicas\/\">semillas de cannabis indica<\/a> han reconocido el atractivo de esta variedad, destacando su capacidad para inducir una calma profunda en los usuarios. As\u00ed, Sabor de Permanent Marker no solo ofrece una experiencia sensorial \u00fanica, sino que tambi\u00e9n promete un viaje mental que muchos buscan.<\/p>\n<p data-start=\"2366\" data-end=\"2678\"><strong data-start=\"2366\" data-end=\"2377\">Efectos<\/strong><br data-start=\"2377\" data-end=\"2380\" \/>Los efectos de Permanent Marker son muy equilibrados. Comienzas con una ligera subida de euforia que te pone de buen humor, y luego te lleva a una relajaci\u00f3n profunda. No es de esas que te dejan completamente fuera de combate, sino que es la relajaci\u00f3n perfecta para desconectar sin perder energ\u00eda.<\/p>\n<hr data-start=\"2680\" data-end=\"2683\" \/>\n<h3 data-start=\"2685\" data-end=\"2719\">Cultivo en interior y exterior<\/h3>\n<p data-start=\"2721\" data-end=\"3067\"><strong data-start=\"2721\" data-end=\"2733\">Interior<\/strong><br data-start=\"2733\" data-end=\"2736\" \/>Si la cultivas en interior, Permanent Marker se adapta bien a t\u00e9cnicas como SCROG, SOG y LST. Su estructura compacta y ramificada hace que no sea dif\u00edcil de manejar. En solo 55-60 d\u00edas ya ver\u00e1s los frutos de tu trabajo. Eso s\u00ed, su olor puede ser potente, as\u00ed que no olvides usar un filtro de carb\u00f3n para mantener todo bajo control.<\/p>\n<p data-start=\"3069\" data-end=\"3385\"><strong data-start=\"3069\" data-end=\"3081\">Exterior<\/strong><br data-start=\"3081\" data-end=\"3084\" \/>En exterior, esta variedad es muy resistente a plagas y tolera distintas condiciones, lo que la hace ideal para climas templados o mediterr\u00e1neos. Se cosecha entre finales de septiembre y principios de octubre, y si usas tutores, evitar\u00e1s que los cogollos pesados caigan hacia el final de la floraci\u00f3n.<\/p>\n<hr data-start=\"3387\" data-end=\"3390\" \/>\n<h3 data-start=\"3392\" data-end=\"3429\">Ficha t\u00e9cnica de Permanent Marker<\/h3>\n<ul data-start=\"3431\" data-end=\"4154\">\n<li data-start=\"3431\" data-end=\"3458\">\n<p data-start=\"3433\" data-end=\"3458\"><strong data-start=\"3433\" data-end=\"3442\">Banco<\/strong>: Advanced Seeds<\/p>\n<\/li>\n<li data-start=\"3459\" data-end=\"3510\">\n<p data-start=\"3461\" data-end=\"3510\"><strong data-start=\"3461\" data-end=\"3480\">Tipo de semilla<\/strong>: Feminizada (fotodependiente)<\/p>\n<\/li>\n<li data-start=\"3511\" data-end=\"3559\">\n<p data-start=\"3513\" data-end=\"3559\"><strong data-start=\"3513\" data-end=\"3525\">Gen\u00e9tica<\/strong>: H\u00edbrido con predominancia \u00edndica<\/p>\n<\/li>\n<li data-start=\"3560\" data-end=\"3575\">\n<p data-start=\"3562\" data-end=\"3575\"><strong data-start=\"3562\" data-end=\"3569\">THC<\/strong>: Alto<\/p>\n<\/li>\n<li data-start=\"3576\" data-end=\"3591\">\n<p data-start=\"3578\" data-end=\"3591\"><strong data-start=\"3578\" data-end=\"3585\">CBD<\/strong>: Bajo<\/p>\n<\/li>\n<li data-start=\"3592\" data-end=\"3631\">\n<p data-start=\"3594\" data-end=\"3631\"><strong data-start=\"3594\" data-end=\"3619\">Floraci\u00f3n en interior<\/strong>: 55\u201360 d\u00edas<\/p>\n<\/li>\n<li data-start=\"3632\" data-end=\"3720\">\n<p data-start=\"3634\" data-end=\"3720\"><strong data-start=\"3634\" data-end=\"3673\">Cosecha exterior (Hemisferio Norte)<\/strong>: Finales de septiembre a principios de octubre<\/p>\n<\/li>\n<li data-start=\"3721\" data-end=\"3752\">\n<p data-start=\"3723\" data-end=\"3752\"><strong data-start=\"3723\" data-end=\"3746\">Producci\u00f3n interior<\/strong>: Alta<\/p>\n<\/li>\n<li data-start=\"3753\" data-end=\"3788\">\n<p data-start=\"3755\" data-end=\"3788\"><strong data-start=\"3755\" data-end=\"3778\">Producci\u00f3n exterior<\/strong>: Muy alta<\/p>\n<\/li>\n<li data-start=\"3789\" data-end=\"3808\">\n<p data-start=\"3791\" data-end=\"3808\"><strong data-start=\"3791\" data-end=\"3801\">Altura<\/strong>: Media<\/p>\n<\/li>\n<li data-start=\"3809\" data-end=\"3848\">\n<p data-start=\"3811\" data-end=\"3848\"><strong data-start=\"3811\" data-end=\"3825\">Estructura<\/strong>: Compacta y ramificada<\/p>\n<\/li>\n<li data-start=\"3849\" data-end=\"3913\">\n<p data-start=\"3851\" data-end=\"3913\"><strong data-start=\"3851\" data-end=\"3868\">Aroma y sabor<\/strong>: Terroso, afrutado con toques de tinta y gas<\/p>\n<\/li>\n<li data-start=\"3914\" data-end=\"3948\">\n<p data-start=\"3916\" data-end=\"3948\"><strong data-start=\"3916\" data-end=\"3926\">Efecto<\/strong>: Euf\u00f3rico y relajante<\/p>\n<\/li>\n<li data-start=\"3949\" data-end=\"3983\">\n<p data-start=\"3951\" data-end=\"3983\"><strong data-start=\"3951\" data-end=\"3976\">Dificultad de cultivo<\/strong>: Media<\/p>\n<\/li>\n<li data-start=\"3984\" data-end=\"4051\">\n<p data-start=\"3986\" data-end=\"4051\"><strong data-start=\"3986\" data-end=\"4011\">T\u00e9cnicas recomendadas<\/strong>: SCROG, SOG, LST, poda apical, tutorado<\/p>\n<\/li>\n<li data-start=\"4052\" data-end=\"4108\">\n<p data-start=\"4054\" data-end=\"4108\"><strong data-start=\"4054\" data-end=\"4073\">Uso recomendado<\/strong>: Extracciones y consumo recreativo<\/p>\n<\/li>\n<li data-start=\"4109\" data-end=\"4154\">\n<p data-start=\"4111\" data-end=\"4154\"><strong data-start=\"4111\" data-end=\"4135\">Formatos disponibles<\/strong>: 1, 3 y 5 semillas<\/p>\n<\/li>\n<\/ul>\n<hr data-start=\"4156\" data-end=\"4159\" \/>\n<h3 data-start=\"4161\" data-end=\"4191\">Preguntas frecuentes (FAQ)<\/h3>\n<p data-start=\"4193\" data-end=\"4374\"><strong data-start=\"4193\" data-end=\"4229\">\u00bfEs adecuada para principiantes?<\/strong><br data-start=\"4229\" data-end=\"4232\" \/>S\u00ed, Permanent Marker es f\u00e1cil de manejar, tiene una floraci\u00f3n r\u00e1pida y es bastante resistente, lo que la hace ideal para cultivadores novatos.<\/p>\n<p data-start=\"4376\" data-end=\"4593\"><strong data-start=\"4376\" data-end=\"4413\">\u00bfQu\u00e9 destaca de Permanent Marker?<\/strong><br data-start=\"4413\" data-end=\"4416\" \/>Su sabor \u00fanico, una mezcla de pi\u00f1a tropical, tierra y un toque a tinta. Adem\u00e1s, sus efectos equilibrados de euforia y relajaci\u00f3n hacen de esta variedad una experiencia completa.<\/p>\n<p data-start=\"4595\" data-end=\"4763\"><strong data-start=\"4595\" data-end=\"4625\">\u00bfCu\u00e1nto tarda en florecer?<\/strong><br data-start=\"4625\" data-end=\"4628\" \/>En interior, la floraci\u00f3n se da en 55\u201360 d\u00edas, mientras que en exterior se cosecha entre finales de septiembre y principios de octubre.<\/p>\n<p data-start=\"4765\" data-end=\"4903\"><strong data-start=\"4765\" data-end=\"4797\">\u00bfEs buena para extracciones?<\/strong><br data-start=\"4797\" data-end=\"4800\" \/>\u00a1S\u00ed! Gracias a su alta producci\u00f3n de resina, es ideal para hacer concentrados como rosin, BHO o hach\u00eds.<\/p>\n<p data-start=\"4905\" data-end=\"5042\"><strong data-start=\"4905\" data-end=\"4941\">\u00bfCu\u00e1ndo debo cortar en exterior?<\/strong><br data-start=\"4941\" data-end=\"4944\" \/>En el Hemisferio Norte, la cosecha se realiza entre finales de septiembre y principios de octubre.<\/p>\n","protected":false},"excerpt":{"rendered":"<p>Permanent Marker fem. de Advanced Seeds ofrece semillas feminizadas de alta estabilidad y uniformidad, con un perfil arom\u00e1tico intenso y complejo para quienes priorizan calidad y consistencia en su colecci\u00f3n. Vigor notable y selecci\u00f3n gen\u00e9tica cuidada del banco, pensadas para aportar car\u00e1cter y aroma definidos. Disponible en 1, 3+1, 5+2, 25 y 100 semillas.<\/p>\n","protected":false},"featured_media":31033,"comment_status":"open","ping_status":"closed","template":"","meta":{"_bst_post_transparent":"","_bst_post_title":"","_bst_post_layout":"","_bst_post_sidebar_id":"","_bst_post_content_style":"","_bst_post_vertical_padding":"","_bst_post_feature":"","_bst_post_feature_position":"","_bst_post_header":false,"_bst_post_footer":false},"pwb-brand":[198],"product_brand":[],"product_cat":[69],"product_tag":[],"class_list":{"0":"post-31393","1":"product","2":"type-product","3":"status-publish","4":"has-post-thumbnail","6":"pwb-brand-advanced-seeds","7":"product_cat-feminizadas","9":"first","10":"instock","11":"sale","12":"taxable","13":"shipping-taxable","14":"purchasable","15":"product-type-variable","16":"entry","17":"content-bg","18":"loop-entry"},"brands":[{"id":198,"name":"Advanced Seeds","slug":"advanced-seeds"}],"_links":{"self":[{"href":"https:\/\/puregrowshop.com\/fr\/wp-json\/wp\/v2\/product\/31393","targetHints":{"allow":["GET"]}}],"collection":[{"href":"https:\/\/puregrowshop.com\/fr\/wp-json\/wp\/v2\/product"}],"about":[{"href":"https:\/\/puregrowshop.com\/fr\/wp-json\/wp\/v2\/types\/product"}],"replies":[{"embeddable":true,"href":"https:\/\/puregrowshop.com\/fr\/wp-json\/wp\/v2\/comments?post=31393"}],"wp:featuredmedia":[{"embeddable":true,"href":"https:\/\/puregrowshop.com\/fr\/wp-json\/wp\/v2\/media\/31033"}],"wp:attachment":[{"href":"https:\/\/puregrowshop.com\/fr\/wp-json\/wp\/v2\/media?parent=31393"}],"wp:term":[{"taxonomy":"pwb-brand","embeddable":true,"href":"https:\/\/puregrowshop.com\/fr\/wp-json\/wp\/v2\/pwb-brand?post=31393"},{"taxonomy":"product_brand","embeddable":true,"href":"https:\/\/puregrowshop.com\/fr\/wp-json\/wp\/v2\/product_brand?post=31393"},{"taxonomy":"product_cat","embeddable":true,"href":"https:\/\/puregrowshop.com\/fr\/wp-json\/wp\/v2\/product_cat?post=31393"},{"taxonomy":"product_tag","embeddable":true,"href":"https:\/\/puregrowshop.com\/fr\/wp-json\/wp\/v2\/product_tag?post=31393"}],"curies":[{"name":"wp","href":"https:\/\/api.w.org\/{rel}","templated":true}]}}