{"id":31367,"date":"2025-10-07T13:00:00","date_gmt":"2025-10-07T13:00:00","guid":{"rendered":"https:\/\/puregrowshop.com\/?post_type=product&#038;p=31367"},"modified":"2025-11-21T11:01:03","modified_gmt":"2025-11-21T11:01:03","slug":"og-kush-s-f-v-fem-advanced-seeds","status":"publish","type":"product","link":"https:\/\/puregrowshop.com\/fr\/og-kush-s-f-v-fem-advanced-seeds\/","title":{"rendered":"OG Kush S.F.V. fem. Advanced Seeds"},"content":{"rendered":"<p data-start=\"168\" data-end=\"525\">Si eres fan de las variedades legendarias, <strong data-start=\"211\" data-end=\"229\">OG Kush S.F.V.<\/strong> de <strong data-start=\"233\" data-end=\"251\">Advanced Seeds<\/strong> te va a enamorar. Esta semilla feminizada fotodependiente es una de las m\u00e1s famosas en todo el mundo y no es para menos. Con su gen\u00e9tica predominantemente \u00edndica, OG Kush S.F.V. ofrece un sabor incre\u00edblemente potente y unos efectos que, sin duda, no te dejar\u00e1n indiferente.<\/p>\n<p data-start=\"527\" data-end=\"1035\">El aroma de OG Kush S.F.V. es algo que tienes que experimentar: una mezcla entre tierra, pino, madera y ese toque caracter\u00edstico de di\u00e9sel que le da un toque \u00fanico. En cuanto al sabor, puedes esperar algo similar, con una base terrosa y un toque de lim\u00f3n y especias que lo hace a\u00fan m\u00e1s especial. El efecto comienza con una onda relajante, pero r\u00e1pidamente te envuelve en una sensaci\u00f3n euf\u00f3rica que te pondr\u00e1 de buen humor. Despu\u00e9s, la relajaci\u00f3n f\u00edsica toma el control, dej\u00e1ndote en un estado de calma total.<\/p>\n<p data-start=\"1037\" data-end=\"1399\">Adem\u00e1s de su sabor y efecto, OG Kush S.F.V. es muy f\u00e1cil de cultivar, lo que la convierte en una excelente opci\u00f3n tanto para cultivadores novatos como para los m\u00e1s experimentados. Con una floraci\u00f3n r\u00e1pida de 55-60 d\u00edas y una alta producci\u00f3n de resina, esta variedad es perfecta para quienes buscan calidad y cantidad, adem\u00e1s de ser ideal para hacer extracciones.<\/p>\n<h3 data-start=\"1401\" data-end=\"1432\">Caracter\u00edsticas principales<\/h3>\n<ul data-start=\"1434\" data-end=\"1794\">\n<li data-start=\"1434\" data-end=\"1483\">\n<p data-start=\"1436\" data-end=\"1483\"><strong data-start=\"1436\" data-end=\"1448\">Gen\u00e9tica<\/strong>: H\u00edbrido con predominancia \u00edndica.<\/p>\n<\/li>\n<li data-start=\"1484\" data-end=\"1531\">\n<p data-start=\"1486\" data-end=\"1531\"><strong data-start=\"1486\" data-end=\"1494\">Tipo<\/strong>: Semilla feminizada fotodependiente.<\/p>\n<\/li>\n<li data-start=\"1532\" data-end=\"1572\">\n<p data-start=\"1534\" data-end=\"1572\"><strong data-start=\"1534\" data-end=\"1559\">Floraci\u00f3n en interior<\/strong>: 55\u201360 d\u00edas.<\/p>\n<\/li>\n<li data-start=\"1573\" data-end=\"1643\">\n<p data-start=\"1575\" data-end=\"1643\"><strong data-start=\"1575\" data-end=\"1595\">Cosecha exterior<\/strong>: Finales de septiembre a principios de octubre.<\/p>\n<\/li>\n<li data-start=\"1644\" data-end=\"1667\">\n<p data-start=\"1646\" data-end=\"1667\"><strong data-start=\"1646\" data-end=\"1660\">Producci\u00f3n<\/strong>: Alta.<\/p>\n<\/li>\n<li data-start=\"1668\" data-end=\"1728\">\n<p data-start=\"1670\" data-end=\"1728\"><strong data-start=\"1670\" data-end=\"1680\">Efecto<\/strong>: Relajante, con una euforia suave al principio.<\/p>\n<\/li>\n<li data-start=\"1729\" data-end=\"1794\">\n<p data-start=\"1731\" data-end=\"1794\"><strong data-start=\"1731\" data-end=\"1748\">Aroma y sabor<\/strong>: Terroso, con toques de pino, di\u00e9sel y lim\u00f3n.<\/p>\n<\/li>\n<\/ul>\n<p data-start=\"1796\" data-end=\"1963\">OG Kush S.F.V. es una opci\u00f3n excelente para aquellos que buscan una variedad sabrosa, potente y f\u00e1cil de cultivar, ideal para disfrutar y hacer extracciones de resina.<\/p>\n<hr data-start=\"1965\" data-end=\"1968\" \/>\n<h3 data-start=\"1970\" data-end=\"1985\">Propiedades<\/h3>\n<p data-start=\"1987\" data-end=\"2344\"><strong data-start=\"1987\" data-end=\"2014\">Sabor de OG Kush S.F.V.<\/strong><br data-start=\"2014\" data-end=\"2017\" \/>El sabor de OG Kush S.F.V. es puro car\u00e1cter. Con sus notas terrosas, el toque de pino y el regusto a di\u00e9sel, es una experiencia intensa que te transporta directamente a los or\u00edgenes de esta legendaria variedad. El toque c\u00edtrico de lim\u00f3n y especias lo hace a\u00fan m\u00e1s interesante y perfecto para aquellos que buscan un sabor \u00fanico.<\/p>\n<p data-start=\"2346\" data-end=\"2669\"><strong data-start=\"2346\" data-end=\"2357\">Efectos<\/strong><br data-start=\"2357\" data-end=\"2360\" \/>El efecto de OG Kush S.F.V. empieza con una subida euf\u00f3rica y energ\u00e9tica, que luego se convierte en una relajaci\u00f3n profunda y placentera. No es la t\u00edpica variedad que te deja inm\u00f3vil, sino que te deja relajado y con buen \u00e1nimo. Perfecta para desconectar al final del d\u00eda o para disfrutar de momentos sociales.<\/p>\n<hr data-start=\"2671\" data-end=\"2674\" \/>\n<h3 data-start=\"2676\" data-end=\"2710\">Cultivo en interior y exterior<\/h3>\n<p data-start=\"2712\" data-end=\"3120\"><strong data-start=\"2712\" data-end=\"2724\">Interior<\/strong><br data-start=\"2724\" data-end=\"2727\" \/>Si decides cultivarla en interior, OG Kush S.F.V. es bastante manejable, ya que su estructura es compacta y ramificada. En solo 55-60 d\u00edas de floraci\u00f3n, obtendr\u00e1s unos resultados incre\u00edbles. Para maximizar el rendimiento, es recomendable usar t\u00e9cnicas como SCROG, SOG o LST. Adem\u00e1s, su aroma es bastante intenso, por lo que te recomendamos usar filtros de carb\u00f3n para mantener todo controlado.<\/p>\n<p data-start=\"3122\" data-end=\"3529\"><strong data-start=\"3122\" data-end=\"3134\">Exterior<\/strong><br data-start=\"3134\" data-end=\"3137\" \/>En cultivo exterior, OG Kush S.F.V. se adapta bien a climas templados o mediterr\u00e1neos, donde puede crecer robusta y sana. La cosecha se realiza entre finales de septiembre y principios de octubre, y con la correcta exposici\u00f3n al sol, puedes esperar una producci\u00f3n excelente. Tambi\u00e9n es resistente a plagas, lo que la hace ideal para cultivadores que buscan una planta resistente y productiva.<\/p>\n<hr data-start=\"3531\" data-end=\"3534\" \/>\n<h3 data-start=\"3536\" data-end=\"3571\">Ficha t\u00e9cnica de OG Kush S.F.V.<\/h3>\n<ul data-start=\"3573\" data-end=\"4282\">\n<li data-start=\"3573\" data-end=\"3600\">\n<p data-start=\"3575\" data-end=\"3600\"><strong data-start=\"3575\" data-end=\"3584\">Banco<\/strong>: Advanced Seeds<\/p>\n<\/li>\n<li data-start=\"3601\" data-end=\"3652\">\n<p data-start=\"3603\" data-end=\"3652\"><strong data-start=\"3603\" data-end=\"3622\">Tipo de semilla<\/strong>: Feminizada (fotodependiente)<\/p>\n<\/li>\n<li data-start=\"3653\" data-end=\"3701\">\n<p data-start=\"3655\" data-end=\"3701\"><strong data-start=\"3655\" data-end=\"3667\">Gen\u00e9tica<\/strong>: H\u00edbrido con predominancia \u00edndica<\/p>\n<\/li>\n<li data-start=\"3702\" data-end=\"3717\">\n<p data-start=\"3704\" data-end=\"3717\"><strong data-start=\"3704\" data-end=\"3711\">THC<\/strong>: Alto<\/p>\n<\/li>\n<li data-start=\"3718\" data-end=\"3733\">\n<p data-start=\"3720\" data-end=\"3733\"><strong data-start=\"3720\" data-end=\"3727\">CBD<\/strong>: Bajo<\/p>\n<\/li>\n<li data-start=\"3734\" data-end=\"3773\">\n<p data-start=\"3736\" data-end=\"3773\"><strong data-start=\"3736\" data-end=\"3761\">Floraci\u00f3n en interior<\/strong>: 55\u201360 d\u00edas<\/p>\n<\/li>\n<li data-start=\"3774\" data-end=\"3862\">\n<p data-start=\"3776\" data-end=\"3862\"><strong data-start=\"3776\" data-end=\"3815\">Cosecha exterior (Hemisferio Norte)<\/strong>: Finales de septiembre a principios de octubre<\/p>\n<\/li>\n<li data-start=\"3863\" data-end=\"3894\">\n<p data-start=\"3865\" data-end=\"3894\"><strong data-start=\"3865\" data-end=\"3888\">Producci\u00f3n interior<\/strong>: Alta<\/p>\n<\/li>\n<li data-start=\"3895\" data-end=\"3930\">\n<p data-start=\"3897\" data-end=\"3930\"><strong data-start=\"3897\" data-end=\"3920\">Producci\u00f3n exterior<\/strong>: Muy alta<\/p>\n<\/li>\n<li data-start=\"3931\" data-end=\"3950\">\n<p data-start=\"3933\" data-end=\"3950\"><strong data-start=\"3933\" data-end=\"3943\">Altura<\/strong>: Media<\/p>\n<\/li>\n<li data-start=\"3951\" data-end=\"3990\">\n<p data-start=\"3953\" data-end=\"3990\"><strong data-start=\"3953\" data-end=\"3967\">Estructura<\/strong>: Compacta y ramificada<\/p>\n<\/li>\n<li data-start=\"3991\" data-end=\"4041\">\n<p data-start=\"3993\" data-end=\"4041\"><strong data-start=\"3993\" data-end=\"4010\">Aroma y sabor<\/strong>: Terroso, pino, di\u00e9sel y lim\u00f3n<\/p>\n<\/li>\n<li data-start=\"4042\" data-end=\"4076\">\n<p data-start=\"4044\" data-end=\"4076\"><strong data-start=\"4044\" data-end=\"4054\">Efecto<\/strong>: Relajante y euf\u00f3rico<\/p>\n<\/li>\n<li data-start=\"4077\" data-end=\"4111\">\n<p data-start=\"4079\" data-end=\"4111\"><strong data-start=\"4079\" data-end=\"4104\">Dificultad de cultivo<\/strong>: Media<\/p>\n<\/li>\n<li data-start=\"4112\" data-end=\"4179\">\n<p data-start=\"4114\" data-end=\"4179\"><strong data-start=\"4114\" data-end=\"4139\">T\u00e9cnicas recomendadas<\/strong>: SCROG, SOG, LST, poda apical, tutorado<\/p>\n<\/li>\n<li data-start=\"4180\" data-end=\"4236\">\n<p data-start=\"4182\" data-end=\"4236\"><strong data-start=\"4182\" data-end=\"4201\">Uso recomendado<\/strong>: Extracciones y consumo recreativo<\/p>\n<\/li>\n<li data-start=\"4237\" data-end=\"4282\">\n<p data-start=\"4239\" data-end=\"4282\"><strong data-start=\"4239\" data-end=\"4263\">Formatos disponibles<\/strong>: 1, 3 y 5 semillas<\/p>\n<\/li>\n<\/ul>\n<hr data-start=\"4284\" data-end=\"4287\" \/>\n<h3 data-start=\"4289\" data-end=\"4319\">Preguntas frecuentes (FAQ)<\/h3>\n<p data-start=\"4321\" data-end=\"4537\"><strong data-start=\"4321\" data-end=\"4357\">\u00bfEs adecuada para principiantes?<\/strong><br data-start=\"4357\" data-end=\"4360\" \/>S\u00ed, OG Kush S.F.V. es relativamente f\u00e1cil de cultivar y tiene una floraci\u00f3n r\u00e1pida, lo que la hace una excelente opci\u00f3n tanto para novatos como para cultivadores experimentados.<\/p>\n<p data-start=\"4539\" data-end=\"4700\"><strong data-start=\"4539\" data-end=\"4574\">\u00bfQu\u00e9 destaca de OG Kush S.F.V.?<\/strong><br data-start=\"4574\" data-end=\"4577\" \/>Su sabor tan caracter\u00edstico con toques de pino, di\u00e9sel y lim\u00f3n, adem\u00e1s de sus efectos equilibrados de euforia y relajaci\u00f3n.<\/p>\n<p data-start=\"4702\" data-end=\"4873\"><strong data-start=\"4702\" data-end=\"4732\">\u00bfCu\u00e1nto tarda en florecer?<\/strong><br data-start=\"4732\" data-end=\"4735\" \/>En interior, OG Kush S.F.V. florece en 55\u201360 d\u00edas. En exterior, la cosecha se realiza entre finales de septiembre y principios de octubre.<\/p>\n<p data-start=\"4875\" data-end=\"5009\"><strong data-start=\"4875\" data-end=\"4907\">\u00bfEs buena para extracciones?<\/strong><br data-start=\"4907\" data-end=\"4910\" \/>S\u00ed, su alta producci\u00f3n de resina la hace ideal para realizar concentrados como rosin, BHO o hach\u00eds.<\/p>\n<p data-start=\"5011\" data-end=\"5148\"><strong data-start=\"5011\" data-end=\"5047\">\u00bfCu\u00e1ndo debo cortar en exterior?<\/strong><br data-start=\"5047\" data-end=\"5050\" \/>En el Hemisferio Norte, la cosecha se realiza entre finales de septiembre y principios de octubre.<\/p>\n","protected":false},"excerpt":{"rendered":"<p>OG Kush S.F.V. fem. de Advanced Seeds es una gen\u00e9tica feminizada de \u00e9lite con aroma intenso a lim\u00f3n, pino y notas de combustible, y una potencia elevada. Vigorosa y estable, f\u00e1cil de cultivar en interior y exterior, ofrece floraci\u00f3n r\u00e1pida (55-60 d\u00edas) y cosechas abundantes y muy resinosas. Ideal para quienes buscan el car\u00e1cter Kush cl\u00e1sico, gran bag appeal y rendimientos fiables. Disponible en packs de 1, 4, 7 y 13 semillas.<\/p>\n","protected":false},"featured_media":18597,"comment_status":"open","ping_status":"closed","template":"","meta":{"_bst_post_transparent":"","_bst_post_title":"","_bst_post_layout":"","_bst_post_sidebar_id":"","_bst_post_content_style":"","_bst_post_vertical_padding":"","_bst_post_feature":"","_bst_post_feature_position":"","_bst_post_header":false,"_bst_post_footer":false},"pwb-brand":[198],"product_brand":[],"product_cat":[69],"product_tag":[],"class_list":{"0":"post-31367","1":"product","2":"type-product","3":"status-publish","4":"has-post-thumbnail","6":"pwb-brand-advanced-seeds","7":"product_cat-feminizadas","9":"first","10":"instock","11":"sale","12":"taxable","13":"shipping-taxable","14":"purchasable","15":"product-type-variable","16":"entry","17":"content-bg","18":"loop-entry"},"brands":[{"id":198,"name":"Advanced Seeds","slug":"advanced-seeds"}],"_links":{"self":[{"href":"https:\/\/puregrowshop.com\/fr\/wp-json\/wp\/v2\/product\/31367","targetHints":{"allow":["GET"]}}],"collection":[{"href":"https:\/\/puregrowshop.com\/fr\/wp-json\/wp\/v2\/product"}],"about":[{"href":"https:\/\/puregrowshop.com\/fr\/wp-json\/wp\/v2\/types\/product"}],"replies":[{"embeddable":true,"href":"https:\/\/puregrowshop.com\/fr\/wp-json\/wp\/v2\/comments?post=31367"}],"wp:featuredmedia":[{"embeddable":true,"href":"https:\/\/puregrowshop.com\/fr\/wp-json\/wp\/v2\/media\/18597"}],"wp:attachment":[{"href":"https:\/\/puregrowshop.com\/fr\/wp-json\/wp\/v2\/media?parent=31367"}],"wp:term":[{"taxonomy":"pwb-brand","embeddable":true,"href":"https:\/\/puregrowshop.com\/fr\/wp-json\/wp\/v2\/pwb-brand?post=31367"},{"taxonomy":"product_brand","embeddable":true,"href":"https:\/\/puregrowshop.com\/fr\/wp-json\/wp\/v2\/product_brand?post=31367"},{"taxonomy":"product_cat","embeddable":true,"href":"https:\/\/puregrowshop.com\/fr\/wp-json\/wp\/v2\/product_cat?post=31367"},{"taxonomy":"product_tag","embeddable":true,"href":"https:\/\/puregrowshop.com\/fr\/wp-json\/wp\/v2\/product_tag?post=31367"}],"curies":[{"name":"wp","href":"https:\/\/api.w.org\/{rel}","templated":true}]}}