{"id":31366,"date":"2025-10-07T13:00:00","date_gmt":"2025-10-07T13:00:00","guid":{"rendered":"https:\/\/puregrowshop.com\/?post_type=product&#038;p=31366"},"modified":"2025-11-21T11:01:03","modified_gmt":"2025-11-21T11:01:03","slug":"mimosa-punch-fem-advanced-seeds","status":"publish","type":"product","link":"https:\/\/puregrowshop.com\/fr\/mimosa-punch-fem-advanced-seeds\/","title":{"rendered":"Mimosa Punch fem. Advanced Seeds"},"content":{"rendered":"<p data-start=\"144\" data-end=\"460\">\u00a1Si buscas una variedad que combine un sabor espectacular y unos efectos que te dejen en las nubes, <strong data-start=\"244\" data-end=\"260\">Mimosa Punch<\/strong> de <strong data-start=\"264\" data-end=\"282\">Advanced Seeds<\/strong> es justo lo que necesitas! Esta semilla feminizada fotodependiente es una joya h\u00edbrida que ofrece una experiencia \u00fanica para todos los amantes de las cepas afrutadas y frescas.<\/p>\n<p data-start=\"462\" data-end=\"804\">Desde el primer momento, su aroma es una explosi\u00f3n de frutas c\u00edtricas, como la naranja y la mandarina, acompa\u00f1ada de un toque floral y dulce que la hace irresistible. Cuando la pruebas, el sabor es una aut\u00e9ntica delicia, con un perfil afrutado y fresco que te transporta a una mezcla entre c\u00f3cteles tropicales y un desayuno de frutas frescas.<\/p>\n<p data-start=\"806\" data-end=\"1165\">Los efectos de Mimosa Punch son igual de impresionantes. Comienza con una subida euf\u00f3rica que te llena de energ\u00eda y buen humor, pero sin dejar de lado la relajaci\u00f3n que va ganando terreno poco a poco. Es perfecta para esos momentos donde necesitas un poco de inspiraci\u00f3n o quieres disfrutar de una buena conversaci\u00f3n, ya que te mantiene relajado, pero alerta.<\/p>\n<p data-start=\"1167\" data-end=\"1529\">Adem\u00e1s de su incre\u00edble sabor y efectos, <strong data-start=\"1207\" data-end=\"1223\">Mimosa Punch<\/strong> es muy f\u00e1cil de cultivar. Su estructura compacta y su r\u00e1pido tiempo de floraci\u00f3n (55-60 d\u00edas en interior) la hacen ideal tanto para cultivadores novatos como para los m\u00e1s experimentados. Su alta producci\u00f3n de resina tambi\u00e9n la convierte en una opci\u00f3n perfecta para los que disfrutan de hacer extracciones.<\/p>\n<h3 data-start=\"1531\" data-end=\"1562\">Caracter\u00edsticas principales<\/h3>\n<ul data-start=\"1564\" data-end=\"1901\">\n<li data-start=\"1564\" data-end=\"1600\">\n<p data-start=\"1566\" data-end=\"1600\"><strong data-start=\"1566\" data-end=\"1578\">Gen\u00e9tica<\/strong>: H\u00edbrido equilibrado.<\/p>\n<\/li>\n<li data-start=\"1601\" data-end=\"1648\">\n<p data-start=\"1603\" data-end=\"1648\"><strong data-start=\"1603\" data-end=\"1611\">Tipo<\/strong>: Semilla feminizada fotodependiente.<\/p>\n<\/li>\n<li data-start=\"1649\" data-end=\"1689\">\n<p data-start=\"1651\" data-end=\"1689\"><strong data-start=\"1651\" data-end=\"1676\">Floraci\u00f3n en interior<\/strong>: 55\u201360 d\u00edas.<\/p>\n<\/li>\n<li data-start=\"1690\" data-end=\"1760\">\n<p data-start=\"1692\" data-end=\"1760\"><strong data-start=\"1692\" data-end=\"1712\">Cosecha exterior<\/strong>: Finales de septiembre a principios de octubre.<\/p>\n<\/li>\n<li data-start=\"1761\" data-end=\"1784\">\n<p data-start=\"1763\" data-end=\"1784\"><strong data-start=\"1763\" data-end=\"1777\">Producci\u00f3n<\/strong>: Alta.<\/p>\n<\/li>\n<li data-start=\"1785\" data-end=\"1832\">\n<p data-start=\"1787\" data-end=\"1832\"><strong data-start=\"1787\" data-end=\"1797\">Efecto<\/strong>: Euf\u00f3rico, energ\u00e9tico y relajante.<\/p>\n<\/li>\n<li data-start=\"1833\" data-end=\"1901\">\n<p data-start=\"1835\" data-end=\"1901\"><strong data-start=\"1835\" data-end=\"1852\">Aroma y sabor<\/strong>: C\u00edtrico, afrutado con toques florales y dulces.<\/p>\n<\/li>\n<\/ul>\n<p data-start=\"1903\" data-end=\"2073\">Mimosa Punch es ideal para aquellos que buscan una variedad de sabor fresco, afrutado y lleno de energ\u00eda, con efectos que te dejar\u00e1n tranquilo y creativo al mismo tiempo.<\/p>\n<hr data-start=\"2075\" data-end=\"2078\" \/>\n<h3 data-start=\"2080\" data-end=\"2095\">Propiedades<\/h3>\n<p data-start=\"2097\" data-end=\"2476\"><strong data-start=\"2097\" data-end=\"2122\">Sabor de Mimosa Punch<\/strong><br data-start=\"2122\" data-end=\"2125\" \/>El sabor de Mimosa Punch es lo que realmente la hace destacar. Su mezcla de frutas c\u00edtricas frescas como la naranja y la mandarina, combinada con un toque floral y dulce, te har\u00e1 sentir como si estuvieras tomando un c\u00f3ctel tropical. Cada calada es una explosi\u00f3n de frescura que se mantiene en el paladar, dejando una sensaci\u00f3n deliciosa y refrescante.<\/p>\n<p data-start=\"2478\" data-end=\"2838\"><strong data-start=\"2478\" data-end=\"2489\">Efectos<\/strong><br data-start=\"2489\" data-end=\"2492\" \/>Los efectos de Mimosa Punch te suben el \u00e1nimo desde el primer momento, d\u00e1ndote una sensaci\u00f3n euf\u00f3rica y energ\u00e9tica. Poco a poco, esa euforia se va suavizando en una relajaci\u00f3n placentera y tranquila, que te deja en un estado muy equilibrado. Perfecta para disfrutar en cualquier momento del d\u00eda, ya sea para relajarte o para una actividad social.<\/p>\n<hr data-start=\"2840\" data-end=\"2843\" \/>\n<h3 data-start=\"2845\" data-end=\"2879\">Cultivo en interior y exterior<\/h3>\n<p data-start=\"2881\" data-end=\"3248\"><strong data-start=\"2881\" data-end=\"2893\">Interior<\/strong><br data-start=\"2893\" data-end=\"2896\" \/>En cultivo interior, Mimosa Punch es bastante manejable gracias a su estructura compacta. Su floraci\u00f3n r\u00e1pida de 55\u201360 d\u00edas te permite disfrutar de una buena cosecha en poco tiempo. Para maximizar la producci\u00f3n, puedes usar t\u00e9cnicas como SCROG o SOG. Adem\u00e1s, su fuerte aroma c\u00edtrico hace recomendable el uso de filtros de carb\u00f3n para controlar el olor.<\/p>\n<p data-start=\"3250\" data-end=\"3659\"><strong data-start=\"3250\" data-end=\"3262\">Exterior<\/strong><br data-start=\"3262\" data-end=\"3265\" \/>En cultivo exterior, Mimosa Punch se adapta bien a climas templados y mediterr\u00e1neos, y es bastante resistente a plagas. Su alta producci\u00f3n de cogollos densos y resinosos la convierte en una excelente opci\u00f3n si la cultivas en estos climas. La cosecha se realiza entre finales de septiembre y principios de octubre, y con la cantidad adecuada de luz solar, tendr\u00e1s una producci\u00f3n de gran calidad.<\/p>\n<hr data-start=\"3661\" data-end=\"3664\" \/>\n<h3 data-start=\"3666\" data-end=\"3699\">Ficha t\u00e9cnica de Mimosa Punch<\/h3>\n<ul data-start=\"3701\" data-end=\"4390\">\n<li data-start=\"3701\" data-end=\"3728\">\n<p data-start=\"3703\" data-end=\"3728\"><strong data-start=\"3703\" data-end=\"3712\">Banco<\/strong>: Advanced Seeds<\/p>\n<\/li>\n<li data-start=\"3729\" data-end=\"3780\">\n<p data-start=\"3731\" data-end=\"3780\"><strong data-start=\"3731\" data-end=\"3750\">Tipo de semilla<\/strong>: Feminizada (fotodependiente)<\/p>\n<\/li>\n<li data-start=\"3781\" data-end=\"3816\">\n<p data-start=\"3783\" data-end=\"3816\"><strong data-start=\"3783\" data-end=\"3795\">Gen\u00e9tica<\/strong>: H\u00edbrido equilibrado<\/p>\n<\/li>\n<li data-start=\"3817\" data-end=\"3832\">\n<p data-start=\"3819\" data-end=\"3832\"><strong data-start=\"3819\" data-end=\"3826\">THC<\/strong>: Alto<\/p>\n<\/li>\n<li data-start=\"3833\" data-end=\"3848\">\n<p data-start=\"3835\" data-end=\"3848\"><strong data-start=\"3835\" data-end=\"3842\">CBD<\/strong>: Bajo<\/p>\n<\/li>\n<li data-start=\"3849\" data-end=\"3888\">\n<p data-start=\"3851\" data-end=\"3888\"><strong data-start=\"3851\" data-end=\"3876\">Floraci\u00f3n en interior<\/strong>: 55\u201360 d\u00edas<\/p>\n<\/li>\n<li data-start=\"3889\" data-end=\"3977\">\n<p data-start=\"3891\" data-end=\"3977\"><strong data-start=\"3891\" data-end=\"3930\">Cosecha exterior (Hemisferio Norte)<\/strong>: Finales de septiembre a principios de octubre<\/p>\n<\/li>\n<li data-start=\"3978\" data-end=\"4009\">\n<p data-start=\"3980\" data-end=\"4009\"><strong data-start=\"3980\" data-end=\"4003\">Producci\u00f3n interior<\/strong>: Alta<\/p>\n<\/li>\n<li data-start=\"4010\" data-end=\"4045\">\n<p data-start=\"4012\" data-end=\"4045\"><strong data-start=\"4012\" data-end=\"4035\">Producci\u00f3n exterior<\/strong>: Muy alta<\/p>\n<\/li>\n<li data-start=\"4046\" data-end=\"4065\">\n<p data-start=\"4048\" data-end=\"4065\"><strong data-start=\"4048\" data-end=\"4058\">Altura<\/strong>: Media<\/p>\n<\/li>\n<li data-start=\"4066\" data-end=\"4092\">\n<p data-start=\"4068\" data-end=\"4092\"><strong data-start=\"4068\" data-end=\"4082\">Estructura<\/strong>: Compacta<\/p>\n<\/li>\n<li data-start=\"4093\" data-end=\"4160\">\n<p data-start=\"4095\" data-end=\"4160\"><strong data-start=\"4095\" data-end=\"4112\">Aroma y sabor<\/strong>: C\u00edtrico, afrutado con toques florales y dulces<\/p>\n<\/li>\n<li data-start=\"4161\" data-end=\"4207\">\n<p data-start=\"4163\" data-end=\"4207\"><strong data-start=\"4163\" data-end=\"4173\">Efecto<\/strong>: Energ\u00e9tico, euf\u00f3rico y relajante<\/p>\n<\/li>\n<li data-start=\"4208\" data-end=\"4242\">\n<p data-start=\"4210\" data-end=\"4242\"><strong data-start=\"4210\" data-end=\"4235\">Dificultad de cultivo<\/strong>: Media<\/p>\n<\/li>\n<li data-start=\"4243\" data-end=\"4287\">\n<p data-start=\"4245\" data-end=\"4287\"><strong data-start=\"4245\" data-end=\"4270\">T\u00e9cnicas recomendadas<\/strong>: SCROG, SOG, LST<\/p>\n<\/li>\n<li data-start=\"4288\" data-end=\"4344\">\n<p data-start=\"4290\" data-end=\"4344\"><strong data-start=\"4290\" data-end=\"4309\">Uso recomendado<\/strong>: Consumo recreativo y extracciones<\/p>\n<\/li>\n<li data-start=\"4345\" data-end=\"4390\">\n<p data-start=\"4347\" data-end=\"4390\"><strong data-start=\"4347\" data-end=\"4371\">Formatos disponibles<\/strong>: 1, 3 y 5 semillas<\/p>\n<\/li>\n<\/ul>\n<hr data-start=\"4392\" data-end=\"4395\" \/>\n<h3 data-start=\"4397\" data-end=\"4427\">Preguntas frecuentes (FAQ)<\/h3>\n<p data-start=\"4429\" data-end=\"4597\"><strong data-start=\"4429\" data-end=\"4465\">\u00bfEs adecuada para principiantes?<\/strong><br data-start=\"4465\" data-end=\"4468\" \/>S\u00ed, Mimosa Punch es f\u00e1cil de cultivar y tiene una floraci\u00f3n r\u00e1pida, por lo que es una excelente opci\u00f3n para cultivadores novatos.<\/p>\n<p data-start=\"4599\" data-end=\"4855\"><strong data-start=\"4599\" data-end=\"4632\">\u00bfQu\u00e9 destaca de Mimosa Punch?<\/strong><br data-start=\"4632\" data-end=\"4635\" \/>Su sabor incre\u00edblemente afrutado, con un perfil c\u00edtrico y floral que la convierte en una variedad deliciosa. Adem\u00e1s, sus efectos equilibrados de euforia y relajaci\u00f3n la hacen perfecta para disfrutar en cualquier momento.<\/p>\n<p data-start=\"4857\" data-end=\"5026\"><strong data-start=\"4857\" data-end=\"4887\">\u00bfCu\u00e1nto tarda en florecer?<\/strong><br data-start=\"4887\" data-end=\"4890\" \/>En interior, Mimosa Punch florece en 55\u201360 d\u00edas. En exterior, la cosecha se realiza entre finales de septiembre y principios de octubre.<\/p>\n<p data-start=\"5028\" data-end=\"5165\"><strong data-start=\"5028\" data-end=\"5060\">\u00bfEs buena para extracciones?<\/strong><br data-start=\"5060\" data-end=\"5063\" \/>S\u00ed, su alta producci\u00f3n de resina la hace perfecta para realizar concentrados como rosin, BHO o hach\u00eds.<\/p>\n<p data-start=\"5167\" data-end=\"5304\"><strong data-start=\"5167\" data-end=\"5203\">\u00bfCu\u00e1ndo debo cortar en exterior?<\/strong><br data-start=\"5203\" data-end=\"5206\" \/>En el Hemisferio Norte, la cosecha se realiza entre finales de septiembre y principios de octubre.<\/p>\n","protected":false},"excerpt":{"rendered":"<p>Mimosa Punch fem. de Advanced Seeds es un h\u00edbrido de gen\u00e9tica premium que destaca por su potencia moderna y un perfil arom\u00e1tico vibrante con notas de c\u00edtricos, frutas tropicales y dulces matices cremosos. Produce flores densas y muy resinosas, con gran estabilidad feminizada y homogeneidad entre ejemplares. Su porte manejable y vigor equilibrado la hacen vers\u00e1til, ofreciendo resultados consistentes y de alta calidad. Ideal para quienes buscan sabor intenso, aroma persistente y una experiencia en\u00e9rgica y placentera.<\/p>\n","protected":false},"featured_media":19000,"comment_status":"open","ping_status":"closed","template":"","meta":{"_bst_post_transparent":"","_bst_post_title":"","_bst_post_layout":"","_bst_post_sidebar_id":"","_bst_post_content_style":"","_bst_post_vertical_padding":"","_bst_post_feature":"","_bst_post_feature_position":"","_bst_post_header":false,"_bst_post_footer":false},"pwb-brand":[198],"product_brand":[],"product_cat":[69],"product_tag":[],"class_list":{"0":"post-31366","1":"product","2":"type-product","3":"status-publish","4":"has-post-thumbnail","6":"pwb-brand-advanced-seeds","7":"product_cat-feminizadas","9":"first","10":"instock","11":"sale","12":"taxable","13":"shipping-taxable","14":"purchasable","15":"product-type-variable","16":"entry","17":"content-bg","18":"loop-entry"},"brands":[{"id":198,"name":"Advanced Seeds","slug":"advanced-seeds"}],"_links":{"self":[{"href":"https:\/\/puregrowshop.com\/fr\/wp-json\/wp\/v2\/product\/31366","targetHints":{"allow":["GET"]}}],"collection":[{"href":"https:\/\/puregrowshop.com\/fr\/wp-json\/wp\/v2\/product"}],"about":[{"href":"https:\/\/puregrowshop.com\/fr\/wp-json\/wp\/v2\/types\/product"}],"replies":[{"embeddable":true,"href":"https:\/\/puregrowshop.com\/fr\/wp-json\/wp\/v2\/comments?post=31366"}],"wp:featuredmedia":[{"embeddable":true,"href":"https:\/\/puregrowshop.com\/fr\/wp-json\/wp\/v2\/media\/19000"}],"wp:attachment":[{"href":"https:\/\/puregrowshop.com\/fr\/wp-json\/wp\/v2\/media?parent=31366"}],"wp:term":[{"taxonomy":"pwb-brand","embeddable":true,"href":"https:\/\/puregrowshop.com\/fr\/wp-json\/wp\/v2\/pwb-brand?post=31366"},{"taxonomy":"product_brand","embeddable":true,"href":"https:\/\/puregrowshop.com\/fr\/wp-json\/wp\/v2\/product_brand?post=31366"},{"taxonomy":"product_cat","embeddable":true,"href":"https:\/\/puregrowshop.com\/fr\/wp-json\/wp\/v2\/product_cat?post=31366"},{"taxonomy":"product_tag","embeddable":true,"href":"https:\/\/puregrowshop.com\/fr\/wp-json\/wp\/v2\/product_tag?post=31366"}],"curies":[{"name":"wp","href":"https:\/\/api.w.org\/{rel}","templated":true}]}}