{"id":31365,"date":"2025-10-07T13:00:00","date_gmt":"2025-10-07T13:00:00","guid":{"rendered":"https:\/\/puregrowshop.com\/?post_type=product&#038;p=31365"},"modified":"2025-11-21T11:01:03","modified_gmt":"2025-11-21T11:01:03","slug":"lemon-bean-fast-fem-advanced-seeds","status":"publish","type":"product","link":"https:\/\/puregrowshop.com\/fr\/lemon-bean-fast-fem-advanced-seeds\/","title":{"rendered":"Lemon Bean Fast  fem. Advanced Seeds"},"content":{"rendered":"<p data-start=\"213\" data-end=\"585\"><strong data-start=\"213\" data-end=\"232\">Lemon Bean Fast<\/strong> es una variedad feminizada fotodependiente de <strong data-start=\"279\" data-end=\"297\">Advanced Seeds<\/strong>, que destaca por su floraci\u00f3n r\u00e1pida (50-55 d\u00edas en interior), lo que la convierte en una excelente opci\u00f3n para quienes buscan una cosecha temprana. Con una gen\u00e9tica sativa-dominante, esta cepa es ideal para cultivadores que buscan resultados r\u00e1pidos sin comprometer ni sabor ni calidad.<\/p>\n<p data-start=\"587\" data-end=\"1098\">El aroma de <strong data-start=\"599\" data-end=\"618\">Lemon Bean Fast<\/strong> es fresco y vibrante, con una mezcla c\u00edtrica de lim\u00f3n y lima, que te llenar\u00e1 de energ\u00eda solo con acercarte. En el sabor, esa explosi\u00f3n de c\u00edtricos se mantiene, con un toque suave y dulce que la hace refrescante y deliciosa. Los efectos comienzan con una subida euf\u00f3rica, energizante y creativa, perfectos para actividades durante el d\u00eda o para disfrutar con amigos. A medida que pasa el tiempo, llega una relajaci\u00f3n suave, que equilibra los efectos sin volverte demasiado pesado.<\/p>\n<p data-start=\"1100\" data-end=\"1512\">Esta variedad es f\u00e1cil de cultivar y es ideal para cultivadores novatos y experimentados. Su floraci\u00f3n r\u00e1pida la convierte en una excelente opci\u00f3n para aquellos con un espacio limitado o que no tienen mucho tiempo para esperar. Adem\u00e1s, tiene una buena resistencia a plagas y es bastante adaptable, por lo que puede cultivarse tanto en interior como en exterior, especialmente en climas templados o mediterr\u00e1neos.<\/p>\n<h3 data-start=\"1514\" data-end=\"1545\">Caracter\u00edsticas principales<\/h3>\n<ul data-start=\"1547\" data-end=\"1896\">\n<li data-start=\"1547\" data-end=\"1588\">\n<p data-start=\"1549\" data-end=\"1588\"><strong data-start=\"1549\" data-end=\"1561\">Gen\u00e9tica<\/strong>: H\u00edbrido sativa-dominante.<\/p>\n<\/li>\n<li data-start=\"1589\" data-end=\"1636\">\n<p data-start=\"1591\" data-end=\"1636\"><strong data-start=\"1591\" data-end=\"1599\">Tipo<\/strong>: Semilla feminizada fotodependiente.<\/p>\n<\/li>\n<li data-start=\"1637\" data-end=\"1677\">\n<p data-start=\"1639\" data-end=\"1677\"><strong data-start=\"1639\" data-end=\"1664\">Floraci\u00f3n en interior<\/strong>: 50\u201355 d\u00edas.<\/p>\n<\/li>\n<li data-start=\"1678\" data-end=\"1748\">\n<p data-start=\"1680\" data-end=\"1748\"><strong data-start=\"1680\" data-end=\"1700\">Cosecha exterior<\/strong>: Finales de septiembre a principios de octubre.<\/p>\n<\/li>\n<li data-start=\"1749\" data-end=\"1772\">\n<p data-start=\"1751\" data-end=\"1772\"><strong data-start=\"1751\" data-end=\"1765\">Producci\u00f3n<\/strong>: Alta.<\/p>\n<\/li>\n<li data-start=\"1773\" data-end=\"1830\">\n<p data-start=\"1775\" data-end=\"1830\"><strong data-start=\"1775\" data-end=\"1785\">Efecto<\/strong>: Energ\u00e9tico, euf\u00f3rico, creativo y relajante.<\/p>\n<\/li>\n<li data-start=\"1831\" data-end=\"1896\">\n<p data-start=\"1833\" data-end=\"1896\"><strong data-start=\"1833\" data-end=\"1850\">Aroma y sabor<\/strong>: C\u00edtrico, fresco, con toques de lim\u00f3n y lima.<\/p>\n<\/li>\n<\/ul>\n<h3 data-start=\"1898\" data-end=\"1909\">Cultivo<\/h3>\n<p data-start=\"1911\" data-end=\"2253\"><strong data-start=\"1911\" data-end=\"1923\">Interior<\/strong>: Gracias a su floraci\u00f3n r\u00e1pida, <strong data-start=\"1956\" data-end=\"1975\">Lemon Bean Fast<\/strong> es perfecta para cultivadores que buscan resultados r\u00e1pidos. Su estructura compacta hace que sea f\u00e1cil de manejar. T\u00e9cnicas como SCROG o SOG pueden ayudar a maximizar la producci\u00f3n. Dado su aroma c\u00edtrico fuerte, es recomendable usar filtros de carb\u00f3n para controlar los olores.<\/p>\n<p data-start=\"2255\" data-end=\"2486\"><strong data-start=\"2255\" data-end=\"2267\">Exterior<\/strong>: <strong data-start=\"2269\" data-end=\"2288\">Lemon Bean Fast<\/strong> se adapta bien a climas templados y mediterr\u00e1neos. Es resistente a plagas, lo que facilita su cultivo al aire libre. La cosecha se puede esperar entre finales de septiembre y principios de octubre.<\/p>\n<h3 data-start=\"2488\" data-end=\"2505\">Ficha t\u00e9cnica<\/h3>\n<ul data-start=\"2507\" data-end=\"3191\">\n<li data-start=\"2507\" data-end=\"2534\">\n<p data-start=\"2509\" data-end=\"2534\"><strong data-start=\"2509\" data-end=\"2518\">Banco<\/strong>: Advanced Seeds<\/p>\n<\/li>\n<li data-start=\"2535\" data-end=\"2586\">\n<p data-start=\"2537\" data-end=\"2586\"><strong data-start=\"2537\" data-end=\"2556\">Tipo de semilla<\/strong>: Feminizada (fotodependiente)<\/p>\n<\/li>\n<li data-start=\"2587\" data-end=\"2627\">\n<p data-start=\"2589\" data-end=\"2627\"><strong data-start=\"2589\" data-end=\"2601\">Gen\u00e9tica<\/strong>: H\u00edbrido sativa-dominante<\/p>\n<\/li>\n<li data-start=\"2628\" data-end=\"2643\">\n<p data-start=\"2630\" data-end=\"2643\"><strong data-start=\"2630\" data-end=\"2637\">THC<\/strong>: Alto<\/p>\n<\/li>\n<li data-start=\"2644\" data-end=\"2659\">\n<p data-start=\"2646\" data-end=\"2659\"><strong data-start=\"2646\" data-end=\"2653\">CBD<\/strong>: Bajo<\/p>\n<\/li>\n<li data-start=\"2660\" data-end=\"2699\">\n<p data-start=\"2662\" data-end=\"2699\"><strong data-start=\"2662\" data-end=\"2687\">Floraci\u00f3n en interior<\/strong>: 50\u201355 d\u00edas<\/p>\n<\/li>\n<li data-start=\"2700\" data-end=\"2769\">\n<p data-start=\"2702\" data-end=\"2769\"><strong data-start=\"2702\" data-end=\"2722\">Cosecha exterior<\/strong>: Finales de septiembre a principios de octubre<\/p>\n<\/li>\n<li data-start=\"2770\" data-end=\"2801\">\n<p data-start=\"2772\" data-end=\"2801\"><strong data-start=\"2772\" data-end=\"2795\">Producci\u00f3n interior<\/strong>: Alta<\/p>\n<\/li>\n<li data-start=\"2802\" data-end=\"2837\">\n<p data-start=\"2804\" data-end=\"2837\"><strong data-start=\"2804\" data-end=\"2827\">Producci\u00f3n exterior<\/strong>: Muy alta<\/p>\n<\/li>\n<li data-start=\"2838\" data-end=\"2857\">\n<p data-start=\"2840\" data-end=\"2857\"><strong data-start=\"2840\" data-end=\"2850\">Altura<\/strong>: Media<\/p>\n<\/li>\n<li data-start=\"2858\" data-end=\"2897\">\n<p data-start=\"2860\" data-end=\"2897\"><strong data-start=\"2860\" data-end=\"2874\">Estructura<\/strong>: Compacta y ramificada<\/p>\n<\/li>\n<li data-start=\"2898\" data-end=\"2939\">\n<p data-start=\"2900\" data-end=\"2939\"><strong data-start=\"2900\" data-end=\"2917\">Aroma y sabor<\/strong>: C\u00edtrico, lim\u00f3n, lima<\/p>\n<\/li>\n<li data-start=\"2940\" data-end=\"2986\">\n<p data-start=\"2942\" data-end=\"2986\"><strong data-start=\"2942\" data-end=\"2952\">Efecto<\/strong>: Energ\u00e9tico, euf\u00f3rico y relajante<\/p>\n<\/li>\n<li data-start=\"2987\" data-end=\"3021\">\n<p data-start=\"2989\" data-end=\"3021\"><strong data-start=\"2989\" data-end=\"3014\">Dificultad de cultivo<\/strong>: Media<\/p>\n<\/li>\n<li data-start=\"3022\" data-end=\"3076\">\n<p data-start=\"3024\" data-end=\"3076\"><strong data-start=\"3024\" data-end=\"3049\">T\u00e9cnicas recomendadas<\/strong>: SCROG, SOG, LST, tutorado<\/p>\n<\/li>\n<li data-start=\"3077\" data-end=\"3145\">\n<p data-start=\"3079\" data-end=\"3145\"><strong data-start=\"3079\" data-end=\"3098\">Uso recomendado<\/strong>: Consumo recreativo, inspirador y extracciones<\/p>\n<\/li>\n<li data-start=\"3146\" data-end=\"3191\">\n<p data-start=\"3148\" data-end=\"3191\"><strong data-start=\"3148\" data-end=\"3172\">Formatos disponibles<\/strong>: 1, 3 y 5 semillas<\/p>\n<\/li>\n<\/ul>\n<hr data-start=\"3193\" data-end=\"3196\" \/>\n<h3 data-start=\"3198\" data-end=\"3228\">Preguntas frecuentes (FAQ)<\/h3>\n<p data-start=\"3230\" data-end=\"3394\"><strong data-start=\"3230\" data-end=\"3266\">\u00bfEs adecuada para principiantes?<\/strong><br data-start=\"3266\" data-end=\"3269\" \/>S\u00ed, <strong data-start=\"3273\" data-end=\"3292\">Lemon Bean Fast<\/strong> es f\u00e1cil de cultivar y tiene una floraci\u00f3n r\u00e1pida, lo que la hace perfecta para cultivadores novatos.<\/p>\n<p data-start=\"3396\" data-end=\"3584\"><strong data-start=\"3396\" data-end=\"3432\">\u00bfQu\u00e9 destaca de Lemon Bean Fast?<\/strong><br data-start=\"3432\" data-end=\"3435\" \/>Su sabor fresco y c\u00edtrico, junto con su r\u00e1pido tiempo de floraci\u00f3n y efectos equilibrados. Es ideal para mantenerte activo y creativo durante el d\u00eda.<\/p>\n<p data-start=\"3586\" data-end=\"3762\"><strong data-start=\"3586\" data-end=\"3616\">\u00bfCu\u00e1nto tarda en florecer?<\/strong><br data-start=\"3616\" data-end=\"3619\" \/>En interior, <strong data-start=\"3632\" data-end=\"3651\">Lemon Bean Fast<\/strong> florece en 50-55 d\u00edas. En exterior, la cosecha se realiza entre finales de septiembre y principios de octubre.<\/p>\n<p data-start=\"3764\" data-end=\"3889\"><strong data-start=\"3764\" data-end=\"3796\">\u00bfEs buena para extracciones?<\/strong><br data-start=\"3796\" data-end=\"3799\" \/>S\u00ed, su alta producci\u00f3n de resina la hace ideal para concentrados como rosin, BHO o hach\u00eds.<\/p>\n<p data-start=\"3891\" data-end=\"4028\"><strong data-start=\"3891\" data-end=\"3927\">\u00bfCu\u00e1ndo debo cortar en exterior?<\/strong><br data-start=\"3927\" data-end=\"3930\" \/>En el Hemisferio Norte, la cosecha se realiza entre finales de septiembre y principios de octubre.<\/p>\n","protected":false},"excerpt":{"rendered":"<p>Lemon Bean Fast fem. de Advanced Seeds combina floraci\u00f3n acelerada con un perfil terpeno c\u00edtrico a lim\u00f3n y sutiles notas cremosas. Planta vigorosa, compacta y muy resinosa, con alta productividad y gran resistencia, ideal para adelantar cosechas y climas de veranos cortos. Estabilidad feminizada para resultados consistentes en interior y exterior. Disponible en 1, 3+1, 5+2, 25 y 100 semillas.<\/p>\n","protected":false},"featured_media":19090,"comment_status":"open","ping_status":"closed","template":"","meta":{"_bst_post_transparent":"","_bst_post_title":"","_bst_post_layout":"","_bst_post_sidebar_id":"","_bst_post_content_style":"","_bst_post_vertical_padding":"","_bst_post_feature":"","_bst_post_feature_position":"","_bst_post_header":false,"_bst_post_footer":false},"pwb-brand":[198],"product_brand":[],"product_cat":[69],"product_tag":[],"class_list":{"0":"post-31365","1":"product","2":"type-product","3":"status-publish","4":"has-post-thumbnail","6":"pwb-brand-advanced-seeds","7":"product_cat-feminizadas","9":"first","10":"instock","11":"sale","12":"taxable","13":"shipping-taxable","14":"purchasable","15":"product-type-variable","16":"entry","17":"content-bg","18":"loop-entry"},"brands":[{"id":198,"name":"Advanced Seeds","slug":"advanced-seeds"}],"_links":{"self":[{"href":"https:\/\/puregrowshop.com\/fr\/wp-json\/wp\/v2\/product\/31365","targetHints":{"allow":["GET"]}}],"collection":[{"href":"https:\/\/puregrowshop.com\/fr\/wp-json\/wp\/v2\/product"}],"about":[{"href":"https:\/\/puregrowshop.com\/fr\/wp-json\/wp\/v2\/types\/product"}],"replies":[{"embeddable":true,"href":"https:\/\/puregrowshop.com\/fr\/wp-json\/wp\/v2\/comments?post=31365"}],"wp:featuredmedia":[{"embeddable":true,"href":"https:\/\/puregrowshop.com\/fr\/wp-json\/wp\/v2\/media\/19090"}],"wp:attachment":[{"href":"https:\/\/puregrowshop.com\/fr\/wp-json\/wp\/v2\/media?parent=31365"}],"wp:term":[{"taxonomy":"pwb-brand","embeddable":true,"href":"https:\/\/puregrowshop.com\/fr\/wp-json\/wp\/v2\/pwb-brand?post=31365"},{"taxonomy":"product_brand","embeddable":true,"href":"https:\/\/puregrowshop.com\/fr\/wp-json\/wp\/v2\/product_brand?post=31365"},{"taxonomy":"product_cat","embeddable":true,"href":"https:\/\/puregrowshop.com\/fr\/wp-json\/wp\/v2\/product_cat?post=31365"},{"taxonomy":"product_tag","embeddable":true,"href":"https:\/\/puregrowshop.com\/fr\/wp-json\/wp\/v2\/product_tag?post=31365"}],"curies":[{"name":"wp","href":"https:\/\/api.w.org\/{rel}","templated":true}]}}