{"id":31364,"date":"2025-10-07T13:00:00","date_gmt":"2025-10-07T13:00:00","guid":{"rendered":"https:\/\/puregrowshop.com\/?post_type=product&#038;p=31364"},"modified":"2025-11-21T11:01:14","modified_gmt":"2025-11-21T11:01:14","slug":"lemon-bean-fem-advanced-seeds","status":"publish","type":"product","link":"https:\/\/puregrowshop.com\/fr\/lemon-bean-fem-advanced-seeds\/","title":{"rendered":"Lemon Bean fem. Advanced Seeds"},"content":{"rendered":"<p>Gorilla Blue es una de las cepas de Advanced Seeds m\u00e1s conocidas. Esta variedad feminizada fotodependiente, producto de la mezcla entre la potente Gorilla Glue y la sabrosa Blueberry, fusiona lo mejor de dos mundos: una enorme potencia con un delicioso sabor a fruta. Si quieres una variedad que no solo brinde una producci\u00f3n elevada, sino tambi\u00e9n un perfil de sabor y aroma distintivo, deber\u00edas considerar a Gorilla Blue.<\/p>\n<p>Gorilla Blue se caracteriza por su habilidad para generar abundante resina, lo que la hace una opci\u00f3n ideal para quienes gustan de hacer extracciones como hach\u00eds, BHO o rosin. Su fragancia es una combinaci\u00f3n de frutas rojas y un matiz terroso, que es propio de la Gorilla Glue, lo cual se transforma en una aut\u00e9ntica delicia para los sentidos.<\/p>\n<p>Respecto a los efectos, esta cepa proporciona una mezcla ideal de relajaci\u00f3n y euforia. Proporciona un aumento de energ\u00eda al comienzo, lo cual es perfecto para estimular la creatividad o mejorar el estado de \u00e1nimo. Luego, la relajaci\u00f3n del cuerpo se hace con el control de ti sin ser aplastante, lo que hace que sea una opci\u00f3n perfecta para disfrutar a lo largo del d\u00eda o al final de un largo d\u00eda.<\/p>\n<p>Su capacidad de ser cultivada en m\u00faltiples contextos es uno de los rasgos que distingue a Gorilla Blue de otras variedades. Es capaz de soportar condiciones clim\u00e1ticas variadas y tiene resistencia a las plagas. A pesar de que se siente a gusto en climas templados o mediterr\u00e1neos, tiene la posibilidad de ser cultivada exitosamente en interiores, donde se adapta apropiadamente a m\u00e9todos como SOG y SCROG. Su capacidad para resistir cambios de temperatura y la sencillez a la hora de trabajarla la convierten en ideal tanto para los cultivadores novatos como para los m\u00e1s experimentados.<\/p>\n<h3 data-start=\"2228\" data-end=\"2259\">Caracter\u00edsticas principales<\/h3>\n<ul data-start=\"2261\" data-end=\"2638\">\n<li data-start=\"2261\" data-end=\"2310\">\n<p data-start=\"2263\" data-end=\"2310\"><strong data-start=\"2263\" data-end=\"2275\">Gen\u00e9tica<\/strong>: H\u00edbrido con predominancia \u00edndica.<\/p>\n<\/li>\n<li data-start=\"2311\" data-end=\"2358\">\n<p data-start=\"2313\" data-end=\"2358\"><strong data-start=\"2313\" data-end=\"2321\">Tipo<\/strong>: Semilla feminizada fotodependiente.<\/p>\n<\/li>\n<li data-start=\"2359\" data-end=\"2399\">\n<p data-start=\"2361\" data-end=\"2399\"><strong data-start=\"2361\" data-end=\"2386\">Floraci\u00f3n en interior<\/strong>: 55-60 d\u00edas.<\/p>\n<\/li>\n<li data-start=\"2400\" data-end=\"2470\">\n<p data-start=\"2402\" data-end=\"2470\"><strong data-start=\"2402\" data-end=\"2422\">Cosecha exterior<\/strong>: Finales de septiembre a principios de octubre.<\/p>\n<\/li>\n<li data-start=\"2471\" data-end=\"2494\">\n<p data-start=\"2473\" data-end=\"2494\"><strong data-start=\"2473\" data-end=\"2487\">Producci\u00f3n<\/strong>: Alta.<\/p>\n<\/li>\n<li data-start=\"2495\" data-end=\"2564\">\n<p data-start=\"2497\" data-end=\"2564\"><strong data-start=\"2497\" data-end=\"2507\">Efecto<\/strong>: Euf\u00f3rico al principio, seguido de una relajaci\u00f3n suave.<\/p>\n<\/li>\n<li data-start=\"2565\" data-end=\"2638\">\n<p data-start=\"2567\" data-end=\"2638\"><strong data-start=\"2567\" data-end=\"2584\">Aroma y sabor<\/strong>: Frutos rojos, dulce, con toques terrosos y gaseosos.<\/p>\n<\/li>\n<\/ul>\n<p data-start=\"2640\" data-end=\"2852\"><strong data-start=\"2640\" data-end=\"2656\">Gorilla Blue<\/strong> es ideal para quienes buscan una variedad potente, con un perfil de sabor delicioso y una alta producci\u00f3n de resina, perfecta para hacer extracciones o disfrutar de un buen momento de relajaci\u00f3n.<\/p>\n<hr data-start=\"2854\" data-end=\"2857\" \/>\n<h3 data-start=\"2859\" data-end=\"2874\">Propiedades<\/h3>\n<p data-start=\"2876\" data-end=\"3197\"><strong data-start=\"2876\" data-end=\"2901\">Sabor de Gorilla Blue<\/strong><br data-start=\"2901\" data-end=\"2904\" \/>El sabor de <strong data-start=\"2916\" data-end=\"2932\">Gorilla Blue<\/strong> es una mezcla deliciosa de frutos rojos, con un toque dulce y afrutado que recuerda a las mejores berries. Al mismo tiempo, ofrece un fondo terroso y gaseoso, que le da un toque \u00fanico. Cada calada es refrescante y sabrosa, ideal para quienes buscan algo diferente.<\/p>\n<p data-start=\"3199\" data-end=\"3542\"><strong data-start=\"3199\" data-end=\"3210\">Efectos<\/strong><br data-start=\"3210\" data-end=\"3213\" \/>Los efectos de <strong data-start=\"3228\" data-end=\"3244\">Gorilla Blue<\/strong> comienzan con una oleada euf\u00f3rica que mejora el estado de \u00e1nimo y da un toque de energ\u00eda. A medida que pasa el tiempo, la relajaci\u00f3n corporal se apodera de ti, sin dejarte pesado. Es una opci\u00f3n perfecta para disfrutar durante el d\u00eda, pero tambi\u00e9n funciona muy bien al final del d\u00eda para relajarte.<\/p>\n<hr data-start=\"3544\" data-end=\"3547\" \/>\n<h3 data-start=\"3549\" data-end=\"3583\">Cultivo en interior y exterior<\/h3>\n<p data-start=\"3585\" data-end=\"3926\"><strong data-start=\"3585\" data-end=\"3597\">Interior<\/strong><br data-start=\"3597\" data-end=\"3600\" \/>En cultivo de interior, <strong data-start=\"3624\" data-end=\"3640\">Gorilla Blue<\/strong> responde muy bien a t\u00e9cnicas como SCROG, SOG y LST, gracias a su estructura ramificada. Con un tiempo de floraci\u00f3n de 55-60 d\u00edas, es perfecta para quienes buscan una cosecha r\u00e1pida y abundante. Debido a su fuerte aroma, es recomendable usar filtros de carb\u00f3n para controlar los olores.<\/p>\n<p data-start=\"3928\" data-end=\"4257\"><strong data-start=\"3928\" data-end=\"3940\">Exterior<\/strong><br data-start=\"3940\" data-end=\"3943\" \/>En exterior, <strong data-start=\"3956\" data-end=\"3972\">Gorilla Blue<\/strong> se adapta bien a climas templados y mediterr\u00e1neos. Es resistente a plagas y soporta bien las variaciones de temperatura. La cosecha se realiza entre finales de septiembre y principios de octubre, y puedes esperar una producci\u00f3n de alta calidad y resina, ideal para hacer extracciones.<\/p>\n<hr data-start=\"4259\" data-end=\"4262\" \/>\n<h3 data-start=\"4264\" data-end=\"4297\">Ficha t\u00e9cnica de Gorilla Blue<\/h3>\n<ul data-start=\"4299\" data-end=\"4984\">\n<li data-start=\"4299\" data-end=\"4326\">\n<p data-start=\"4301\" data-end=\"4326\"><strong data-start=\"4301\" data-end=\"4310\">Banco<\/strong>: Advanced Seeds<\/p>\n<\/li>\n<li data-start=\"4327\" data-end=\"4378\">\n<p data-start=\"4329\" data-end=\"4378\"><strong data-start=\"4329\" data-end=\"4348\">Tipo de semilla<\/strong>: Feminizada (fotodependiente)<\/p>\n<\/li>\n<li data-start=\"4379\" data-end=\"4427\">\n<p data-start=\"4381\" data-end=\"4427\"><strong data-start=\"4381\" data-end=\"4393\">Gen\u00e9tica<\/strong>: H\u00edbrido con predominancia \u00edndica<\/p>\n<\/li>\n<li data-start=\"4428\" data-end=\"4443\">\n<p data-start=\"4430\" data-end=\"4443\"><strong data-start=\"4430\" data-end=\"4437\">THC<\/strong>: Alto<\/p>\n<\/li>\n<li data-start=\"4444\" data-end=\"4459\">\n<p data-start=\"4446\" data-end=\"4459\"><strong data-start=\"4446\" data-end=\"4453\">CBD<\/strong>: Bajo<\/p>\n<\/li>\n<li data-start=\"4460\" data-end=\"4499\">\n<p data-start=\"4462\" data-end=\"4499\"><strong data-start=\"4462\" data-end=\"4487\">Floraci\u00f3n en interior<\/strong>: 55-60 d\u00edas<\/p>\n<\/li>\n<li data-start=\"4500\" data-end=\"4569\">\n<p data-start=\"4502\" data-end=\"4569\"><strong data-start=\"4502\" data-end=\"4522\">Cosecha exterior<\/strong>: Finales de septiembre a principios de octubre<\/p>\n<\/li>\n<li data-start=\"4570\" data-end=\"4601\">\n<p data-start=\"4572\" data-end=\"4601\"><strong data-start=\"4572\" data-end=\"4595\">Producci\u00f3n interior<\/strong>: Alta<\/p>\n<\/li>\n<li data-start=\"4602\" data-end=\"4637\">\n<p data-start=\"4604\" data-end=\"4637\"><strong data-start=\"4604\" data-end=\"4627\">Producci\u00f3n exterior<\/strong>: Muy alta<\/p>\n<\/li>\n<li data-start=\"4638\" data-end=\"4657\">\n<p data-start=\"4640\" data-end=\"4657\"><strong data-start=\"4640\" data-end=\"4650\">Altura<\/strong>: Media<\/p>\n<\/li>\n<li data-start=\"4658\" data-end=\"4697\">\n<p data-start=\"4660\" data-end=\"4697\"><strong data-start=\"4660\" data-end=\"4674\">Estructura<\/strong>: Compacta y ramificada<\/p>\n<\/li>\n<li data-start=\"4698\" data-end=\"4756\">\n<p data-start=\"4700\" data-end=\"4756\"><strong data-start=\"4700\" data-end=\"4717\">Aroma y sabor<\/strong>: Frutos rojos, dulce, terroso, gaseoso<\/p>\n<\/li>\n<li data-start=\"4757\" data-end=\"4791\">\n<p data-start=\"4759\" data-end=\"4791\"><strong data-start=\"4759\" data-end=\"4769\">Efecto<\/strong>: Euf\u00f3rico y relajante<\/p>\n<\/li>\n<li data-start=\"4792\" data-end=\"4826\">\n<p data-start=\"4794\" data-end=\"4826\"><strong data-start=\"4794\" data-end=\"4819\">Dificultad de cultivo<\/strong>: Media<\/p>\n<\/li>\n<li data-start=\"4827\" data-end=\"4881\">\n<p data-start=\"4829\" data-end=\"4881\"><strong data-start=\"4829\" data-end=\"4854\">T\u00e9cnicas recomendadas<\/strong>: SCROG, SOG, LST, tutorado<\/p>\n<\/li>\n<li data-start=\"4882\" data-end=\"4938\">\n<p data-start=\"4884\" data-end=\"4938\"><strong data-start=\"4884\" data-end=\"4903\">Uso recomendado<\/strong>: Extracciones y consumo recreativo<\/p>\n<\/li>\n<li data-start=\"4939\" data-end=\"4984\">\n<p data-start=\"4941\" data-end=\"4984\"><strong data-start=\"4941\" data-end=\"4965\">Formatos disponibles<\/strong>: 1, 3 y 5 semillas<\/p>\n<\/li>\n<\/ul>\n<hr data-start=\"4986\" data-end=\"4989\" \/>\n<h3 data-start=\"4991\" data-end=\"5021\">Preguntas frecuentes (FAQ)<\/h3>\n<p data-start=\"5023\" data-end=\"5237\"><strong data-start=\"5023\" data-end=\"5059\">\u00bfEs adecuada para principiantes?<\/strong><br data-start=\"5059\" data-end=\"5062\" \/>S\u00ed, <strong data-start=\"5066\" data-end=\"5082\">Gorilla Blue<\/strong> es relativamente f\u00e1cil de cultivar. Su resistencia a plagas y su capacidad para tolerar distintas condiciones la hacen adecuada para cultivadores novatos.<\/p>\n<p data-start=\"5239\" data-end=\"5525\"><strong data-start=\"5239\" data-end=\"5272\">\u00bfQu\u00e9 destaca de Gorilla Blue?<\/strong><br data-start=\"5272\" data-end=\"5275\" \/>Su mezcla \u00fanica de sabores afrutados y terrosos, junto con su alta producci\u00f3n de resina, la hacen ideal para quienes disfrutan de las extracciones. Adem\u00e1s, su versatilidad en el cultivo y su resistencia a plagas la convierten en una opci\u00f3n confiable.<\/p>\n<p data-start=\"5527\" data-end=\"5690\"><strong data-start=\"5527\" data-end=\"5557\">\u00bfCu\u00e1nto tarda en florecer?<\/strong><br data-start=\"5557\" data-end=\"5560\" \/>En interior, <strong data-start=\"5573\" data-end=\"5589\">Gorilla Blue<\/strong> florece en 55-60 d\u00edas, y en exterior se cosecha entre finales de septiembre y principios de octubre.<\/p>\n<p data-start=\"5692\" data-end=\"5830\"><strong data-start=\"5692\" data-end=\"5724\">\u00bfEs buena para extracciones?<\/strong><br data-start=\"5724\" data-end=\"5727\" \/>S\u00ed, su alta producci\u00f3n de resina la hace excelente para realizar concentrados como rosin, BHO o hach\u00eds.<\/p>\n<p data-start=\"5832\" data-end=\"5969\"><strong data-start=\"5832\" data-end=\"5868\">\u00bfCu\u00e1ndo debo cortar en exterior?<\/strong><br data-start=\"5868\" data-end=\"5871\" \/>En el Hemisferio Norte, la cosecha se realiza entre finales de septiembre y principios de octubre.<\/p>\n<hr data-start=\"5971\" data-end=\"5974\" \/>\n<h3 data-start=\"5976\" data-end=\"6019\">\u00bfQu\u00e9 hace a <strong data-start=\"5992\" data-end=\"6008\">Gorilla Blue<\/strong> diferente?<\/h3>\n<p data-start=\"6021\" data-end=\"6418\">Lo que realmente hace que <strong data-start=\"6047\" data-end=\"6063\">Gorilla Blue<\/strong> se destaque es su <strong data-start=\"6082\" data-end=\"6097\">resistencia<\/strong> y <strong data-start=\"6100\" data-end=\"6117\">adaptabilidad<\/strong>. No solo produce una buena cantidad de resina, sino que es m\u00e1s resistente a plagas y soporta mejor las variaciones de temperatura que otras variedades. Esto la convierte en una opci\u00f3n ideal tanto para cultivadores novatos como experimentados que buscan una planta f\u00e1cil de manejar sin perder calidad.<\/p>\n","protected":false},"excerpt":{"rendered":"<p>Lemon Bean fem. de Advanced Seeds destaca por su perfil terp\u00e9nico intensamente c\u00edtrico, con notas frescas a lim\u00f3n, y un crecimiento vigoroso y estable. F\u00e1cil de cultivar en interior y exterior, ofrece floraci\u00f3n r\u00e1pida, estructura bien ramificada y cogollos densos y muy resinosos, ideales tambi\u00e9n para extracciones. Alta productividad y homogeneidad planta a planta, garantizando resultados consistentes y arom\u00e1ticos.<\/p>\n<p>Disponible en formatos de 1 a 100 semillas para adaptarse a cualquier proyecto de cultivo.<\/p>\n","protected":false},"featured_media":19080,"comment_status":"open","ping_status":"closed","template":"","meta":{"_bst_post_transparent":"","_bst_post_title":"","_bst_post_layout":"","_bst_post_sidebar_id":"","_bst_post_content_style":"","_bst_post_vertical_padding":"","_bst_post_feature":"","_bst_post_feature_position":"","_bst_post_header":false,"_bst_post_footer":false},"pwb-brand":[198],"product_brand":[],"product_cat":[69],"product_tag":[],"class_list":{"0":"post-31364","1":"product","2":"type-product","3":"status-publish","4":"has-post-thumbnail","6":"pwb-brand-advanced-seeds","7":"product_cat-feminizadas","9":"first","10":"instock","11":"sale","12":"taxable","13":"shipping-taxable","14":"purchasable","15":"product-type-variable","16":"entry","17":"content-bg","18":"loop-entry"},"brands":[{"id":198,"name":"Advanced Seeds","slug":"advanced-seeds"}],"_links":{"self":[{"href":"https:\/\/puregrowshop.com\/fr\/wp-json\/wp\/v2\/product\/31364","targetHints":{"allow":["GET"]}}],"collection":[{"href":"https:\/\/puregrowshop.com\/fr\/wp-json\/wp\/v2\/product"}],"about":[{"href":"https:\/\/puregrowshop.com\/fr\/wp-json\/wp\/v2\/types\/product"}],"replies":[{"embeddable":true,"href":"https:\/\/puregrowshop.com\/fr\/wp-json\/wp\/v2\/comments?post=31364"}],"wp:featuredmedia":[{"embeddable":true,"href":"https:\/\/puregrowshop.com\/fr\/wp-json\/wp\/v2\/media\/19080"}],"wp:attachment":[{"href":"https:\/\/puregrowshop.com\/fr\/wp-json\/wp\/v2\/media?parent=31364"}],"wp:term":[{"taxonomy":"pwb-brand","embeddable":true,"href":"https:\/\/puregrowshop.com\/fr\/wp-json\/wp\/v2\/pwb-brand?post=31364"},{"taxonomy":"product_brand","embeddable":true,"href":"https:\/\/puregrowshop.com\/fr\/wp-json\/wp\/v2\/product_brand?post=31364"},{"taxonomy":"product_cat","embeddable":true,"href":"https:\/\/puregrowshop.com\/fr\/wp-json\/wp\/v2\/product_cat?post=31364"},{"taxonomy":"product_tag","embeddable":true,"href":"https:\/\/puregrowshop.com\/fr\/wp-json\/wp\/v2\/product_tag?post=31364"}],"curies":[{"name":"wp","href":"https:\/\/api.w.org\/{rel}","templated":true}]}}