{"id":31363,"date":"2025-10-07T13:00:00","date_gmt":"2025-10-07T13:00:00","guid":{"rendered":"https:\/\/puregrowshop.com\/?post_type=product&#038;p=31363"},"modified":"2025-11-21T11:01:14","modified_gmt":"2025-11-21T11:01:14","slug":"gorilla-blue-fem-advanced-seeds","status":"publish","type":"product","link":"https:\/\/puregrowshop.com\/fr\/gorilla-blue-fem-advanced-seeds\/","title":{"rendered":"Gorilla Blue fem. Advanced Seeds"},"content":{"rendered":"<p>Gorilla Glue #4 x DJ Short Blueberry.<br \/>Est\u00e1s ante un h\u00edbrido que no puedes dejar pasar. Por un lado, tenemos la gen\u00e9tica de Gorilla Glue #4 que recibe su nombre del poder de \u201cpegar\u201d que tienen sus tricomas en las tijeras al momento de cortar. Fue Marrdog quien rescat\u00f3 este hibrido cultivando varios fenotipos, siendo el n\u00famero 4 el mejor de ellos. Ha obtenido a lo largo de su historia varios galardones, entre los que destacan los primeros lugares en la Copa Cann\u00e1bica de Michigan y Los \u00c1ngeles en 2014 as\u00ed como la Copa a nivel Mundial High Times de Jamaica. Es considerada por muchos como una cepa m\u00e9dica capaz de aliviar el dolor al mismo tiempo que relaja, de ah\u00ed que se considere tambi\u00e9n que el nombre recuerde a que \u201cdeja pegado\u201d literalmente al sof\u00e1.<\/p>\n<p>Por otro lado tenemos la DJ Short Blueberry, nombre que le viene del famoso DJ Short que busc\u00f3 una robusta gen\u00e9tica de Blueberry a lo largo de un espectacular viaje por Am\u00e9rica Central y el sudeste de Asia. Encontr\u00f3 as\u00ed una variedad con un incre\u00edble sabor a bayas y un efecto sedante sencillamente \u00fanico.<\/p>\n<p>Resultado de estas dos gen\u00e9ticas hemos creado nuestra Gorilla Blue, un h\u00edbrido que combina las mejores virtudes de ambas por lo que tendr\u00e1s en tus manos unos cogollos enormes y compactos cubiertos de una resina tan pegajosa que te dejar\u00e1 perplejo. Un aroma y sabor a bayas y con un efecto relajante \u00fanico.<\/p>\n","protected":false},"excerpt":{"rendered":"<p>Gorilla Blue fem. de Advanced Seeds combina la potencia de Gorilla Glue #4 con la dulzura de Blueberry para ofrecer cogollos densos y extremadamente resinosos. Aromas intensos a frutos del bosque con notas terrosas y di\u00e9sel, y un efecto potente y duradero. Floraci\u00f3n r\u00e1pida (aprox. 60\u201365 d\u00edas) y rendimientos elevados en interior y exterior, con plantas vigorosas y f\u00e1ciles de manejar. Ideal para quienes buscan calidad, producci\u00f3n y resina en una gen\u00e9tica feminizada. Disponible en m\u00faltiples formatos de semillas.<\/p>\n","protected":false},"featured_media":18581,"comment_status":"open","ping_status":"closed","template":"","meta":{"_bst_post_transparent":"","_bst_post_title":"","_bst_post_layout":"","_bst_post_sidebar_id":"","_bst_post_content_style":"","_bst_post_vertical_padding":"","_bst_post_feature":"","_bst_post_feature_position":"","_bst_post_header":false,"_bst_post_footer":false},"pwb-brand":[198],"product_brand":[],"product_cat":[69],"product_tag":[],"class_list":{"0":"post-31363","1":"product","2":"type-product","3":"status-publish","4":"has-post-thumbnail","6":"pwb-brand-advanced-seeds","7":"product_cat-feminizadas","9":"first","10":"instock","11":"sale","12":"taxable","13":"shipping-taxable","14":"purchasable","15":"product-type-variable","16":"entry","17":"content-bg","18":"loop-entry"},"brands":[{"id":198,"name":"Advanced Seeds","slug":"advanced-seeds"}],"_links":{"self":[{"href":"https:\/\/puregrowshop.com\/fr\/wp-json\/wp\/v2\/product\/31363","targetHints":{"allow":["GET"]}}],"collection":[{"href":"https:\/\/puregrowshop.com\/fr\/wp-json\/wp\/v2\/product"}],"about":[{"href":"https:\/\/puregrowshop.com\/fr\/wp-json\/wp\/v2\/types\/product"}],"replies":[{"embeddable":true,"href":"https:\/\/puregrowshop.com\/fr\/wp-json\/wp\/v2\/comments?post=31363"}],"wp:featuredmedia":[{"embeddable":true,"href":"https:\/\/puregrowshop.com\/fr\/wp-json\/wp\/v2\/media\/18581"}],"wp:attachment":[{"href":"https:\/\/puregrowshop.com\/fr\/wp-json\/wp\/v2\/media?parent=31363"}],"wp:term":[{"taxonomy":"pwb-brand","embeddable":true,"href":"https:\/\/puregrowshop.com\/fr\/wp-json\/wp\/v2\/pwb-brand?post=31363"},{"taxonomy":"product_brand","embeddable":true,"href":"https:\/\/puregrowshop.com\/fr\/wp-json\/wp\/v2\/product_brand?post=31363"},{"taxonomy":"product_cat","embeddable":true,"href":"https:\/\/puregrowshop.com\/fr\/wp-json\/wp\/v2\/product_cat?post=31363"},{"taxonomy":"product_tag","embeddable":true,"href":"https:\/\/puregrowshop.com\/fr\/wp-json\/wp\/v2\/product_tag?post=31363"}],"curies":[{"name":"wp","href":"https:\/\/api.w.org\/{rel}","templated":true}]}}