{"id":31336,"date":"2025-10-07T12:59:42","date_gmt":"2025-10-07T12:59:42","guid":{"rendered":"https:\/\/puregrowshop.com\/?post_type=product&#038;p=31336"},"modified":"2025-11-21T11:01:14","modified_gmt":"2025-11-21T11:01:14","slug":"garlicane-fem-advanced-seeds","status":"publish","type":"product","link":"https:\/\/puregrowshop.com\/fr\/garlicane-fem-advanced-seeds\/","title":{"rendered":"Garlicane fem. Advanced Seeds"},"content":{"rendered":"<p>Garlicane, de Advanced Seeds, es una variedad feminizada fotodependiente que fusiona lo mejor de dos variedades: la fuerza de la Garlic Cookies y la delicadeza de la Tropicana Cookies. Esta cepa es ideal para aquellos que desean una planta que se adapta bien a diferentes entornos de cultivo, efectos potentes y un sabor singular.<\/p>\n<p>Lo primero que percibir\u00e1s de Garlicane es su aroma extraordinario. Como su nombre lo se\u00f1ala, tiene un acento de ajo y hierbas que lo distingue, mezclado con una base afrutada que le confiere un perfil arom\u00e1tico muy caracter\u00edstico. El gusto tambi\u00e9n sigue esa misma tendencia, con trazos especiados y terrosos, as\u00ed como un retrogusto de fruta y dulzura; esto la vuelve exclusiva para los que disfrutan de sabores complejos y potentes.<\/p>\n<p>Respecto a los efectos, Garlicane es una variedad potente que brinda un aumento inicial de energ\u00eda, seguido de una profunda relajaci\u00f3n que te envuelve sin hacerte sentir pesado. Perfecto para esos momentos en los que deseas un efecto simult\u00e1neamente tranquilo y activo. Es una alternativa ideal para gozar durante el d\u00eda, ya sea en actividades grupales o mientras descansas despu\u00e9s de un d\u00eda ajetreado.<\/p>\n<p>Garlicane es una variedad resistente y sencilla de cultivar, con un periodo de floraci\u00f3n interior de 60-65 d\u00edas. Adem\u00e1s, tiene un sabor fuerte y efectos marcados. Su estructura compacta y ramificada la hace adecuada para m\u00e9todos como SCROG y SOG, lo cual te permitir\u00e1 optimizar su producci\u00f3n de cogollos s\u00f3lidos y ricos en resina. Es perfecto para quienes son cultivadores novatos y tambi\u00e9n para los que tienen experiencia.<\/p>\n<h3 data-start=\"1681\" data-end=\"1712\">Caracter\u00edsticas principales<\/h3>\n<ul data-start=\"1714\" data-end=\"2077\">\n<li data-start=\"1714\" data-end=\"1763\">\n<p data-start=\"1716\" data-end=\"1763\"><strong data-start=\"1716\" data-end=\"1728\">Gen\u00e9tica<\/strong>: H\u00edbrido con predominancia \u00edndica.<\/p>\n<\/li>\n<li data-start=\"1764\" data-end=\"1811\">\n<p data-start=\"1766\" data-end=\"1811\"><strong data-start=\"1766\" data-end=\"1774\">Tipo<\/strong>: Semilla feminizada fotodependiente.<\/p>\n<\/li>\n<li data-start=\"1812\" data-end=\"1852\">\n<p data-start=\"1814\" data-end=\"1852\"><strong data-start=\"1814\" data-end=\"1839\">Floraci\u00f3n en interior<\/strong>: 60\u201365 d\u00edas.<\/p>\n<\/li>\n<li data-start=\"1853\" data-end=\"1923\">\n<p data-start=\"1855\" data-end=\"1923\"><strong data-start=\"1855\" data-end=\"1875\">Cosecha exterior<\/strong>: Finales de septiembre a principios de octubre.<\/p>\n<\/li>\n<li data-start=\"1924\" data-end=\"1947\">\n<p data-start=\"1926\" data-end=\"1947\"><strong data-start=\"1926\" data-end=\"1940\">Producci\u00f3n<\/strong>: Alta.<\/p>\n<\/li>\n<li data-start=\"1948\" data-end=\"2022\">\n<p data-start=\"1950\" data-end=\"2022\"><strong data-start=\"1950\" data-end=\"1960\">Efecto<\/strong>: Energ\u00e9tico al principio, seguido de una relajaci\u00f3n profunda.<\/p>\n<\/li>\n<li data-start=\"2023\" data-end=\"2077\">\n<p data-start=\"2025\" data-end=\"2077\"><strong data-start=\"2025\" data-end=\"2042\">Aroma y sabor<\/strong>: Ajo, hierbas, terroso y afrutado.<\/p>\n<\/li>\n<\/ul>\n<p data-start=\"2079\" data-end=\"2264\"><strong data-start=\"2079\" data-end=\"2092\">Garlicane<\/strong> es perfecta para quienes buscan una planta con un perfil de sabor fuerte, una alta producci\u00f3n de resina y efectos equilibrados que permiten disfrutarla a lo largo del d\u00eda.<\/p>\n<hr data-start=\"2266\" data-end=\"2269\" \/>\n<h3 data-start=\"2271\" data-end=\"2286\">Propiedades<\/h3>\n<p data-start=\"2288\" data-end=\"2576\"><strong data-start=\"2288\" data-end=\"2310\">Sabor de Garlicane<\/strong><br data-start=\"2310\" data-end=\"2313\" \/>El sabor de <strong data-start=\"2325\" data-end=\"2338\">Garlicane<\/strong> es inconfundible. Con su mezcla de notas de ajo, hierbas y toques terrosos, tiene una personalidad \u00fanica. El retrogusto afrutado y dulce hace que sea una experiencia compleja y sabrosa, ideal para quienes buscan algo diferente y potente.<\/p>\n<p data-start=\"2578\" data-end=\"2946\"><strong data-start=\"2578\" data-end=\"2589\">Efectos<\/strong><br data-start=\"2589\" data-end=\"2592\" \/>Los efectos de <strong data-start=\"2607\" data-end=\"2620\">Garlicane<\/strong> comienzan con una euforia energizante que te hace sentir activo y de buen humor, para luego suavizarse en una relajaci\u00f3n profunda. No te dejar\u00e1 completamente sedado, sino que te permitir\u00e1 disfrutar de un estado de calma, pero sin perder la energ\u00eda. Perfecta para actividades sociales o para relajarte despu\u00e9s de un largo d\u00eda.<\/p>\n<hr data-start=\"2948\" data-end=\"2951\" \/>\n<h3 data-start=\"2953\" data-end=\"2987\">Cultivo en interior y exterior<\/h3>\n<p data-start=\"2989\" data-end=\"3367\"><strong data-start=\"2989\" data-end=\"3001\">Interior<\/strong><br data-start=\"3001\" data-end=\"3004\" \/>En cultivo interior, <strong data-start=\"3025\" data-end=\"3038\">Garlicane<\/strong> se adapta muy bien a t\u00e9cnicas como SCROG y SOG, gracias a su estructura ramificada. Su floraci\u00f3n r\u00e1pida (60-65 d\u00edas) y su producci\u00f3n abundante de resina la hacen una opci\u00f3n perfecta para cultivadores que buscan resultados r\u00e1pidos. Dado su aroma intenso, es recomendable usar filtros de carb\u00f3n para mantener el olor bajo control.<\/p>\n<p data-start=\"3369\" data-end=\"3760\"><strong data-start=\"3369\" data-end=\"3381\">Exterior<\/strong><br data-start=\"3381\" data-end=\"3384\" \/>En exterior, <strong data-start=\"3397\" data-end=\"3410\">Garlicane<\/strong> se desarrolla bien en climas templados y mediterr\u00e1neos. La cosecha se realiza entre finales de septiembre y principios de octubre, y su resistencia a plagas la convierte en una opci\u00f3n confiable para cultivadores con menos experiencia. Produce una gran cantidad de cogollos densos y resinosos, perfectos para aquellos interesados en las extracciones.<\/p>\n<hr data-start=\"3762\" data-end=\"3765\" \/>\n<h3 data-start=\"3767\" data-end=\"3797\">Ficha t\u00e9cnica de Garlicane<\/h3>\n<ul data-start=\"3799\" data-end=\"4481\">\n<li data-start=\"3799\" data-end=\"3826\">\n<p data-start=\"3801\" data-end=\"3826\"><strong data-start=\"3801\" data-end=\"3810\">Banco<\/strong>: Advanced Seeds<\/p>\n<\/li>\n<li data-start=\"3827\" data-end=\"3878\">\n<p data-start=\"3829\" data-end=\"3878\"><strong data-start=\"3829\" data-end=\"3848\">Tipo de semilla<\/strong>: Feminizada (fotodependiente)<\/p>\n<\/li>\n<li data-start=\"3879\" data-end=\"3927\">\n<p data-start=\"3881\" data-end=\"3927\"><strong data-start=\"3881\" data-end=\"3893\">Gen\u00e9tica<\/strong>: H\u00edbrido con predominancia \u00edndica<\/p>\n<\/li>\n<li data-start=\"3928\" data-end=\"3943\">\n<p data-start=\"3930\" data-end=\"3943\"><strong data-start=\"3930\" data-end=\"3937\">THC<\/strong>: Alto<\/p>\n<\/li>\n<li data-start=\"3944\" data-end=\"3959\">\n<p data-start=\"3946\" data-end=\"3959\"><strong data-start=\"3946\" data-end=\"3953\">CBD<\/strong>: Bajo<\/p>\n<\/li>\n<li data-start=\"3960\" data-end=\"3999\">\n<p data-start=\"3962\" data-end=\"3999\"><strong data-start=\"3962\" data-end=\"3987\">Floraci\u00f3n en interior<\/strong>: 60\u201365 d\u00edas<\/p>\n<\/li>\n<li data-start=\"4000\" data-end=\"4069\">\n<p data-start=\"4002\" data-end=\"4069\"><strong data-start=\"4002\" data-end=\"4022\">Cosecha exterior<\/strong>: Finales de septiembre a principios de octubre<\/p>\n<\/li>\n<li data-start=\"4070\" data-end=\"4101\">\n<p data-start=\"4072\" data-end=\"4101\"><strong data-start=\"4072\" data-end=\"4095\">Producci\u00f3n interior<\/strong>: Alta<\/p>\n<\/li>\n<li data-start=\"4102\" data-end=\"4137\">\n<p data-start=\"4104\" data-end=\"4137\"><strong data-start=\"4104\" data-end=\"4127\">Producci\u00f3n exterior<\/strong>: Muy alta<\/p>\n<\/li>\n<li data-start=\"4138\" data-end=\"4157\">\n<p data-start=\"4140\" data-end=\"4157\"><strong data-start=\"4140\" data-end=\"4150\">Altura<\/strong>: Media<\/p>\n<\/li>\n<li data-start=\"4158\" data-end=\"4197\">\n<p data-start=\"4160\" data-end=\"4197\"><strong data-start=\"4160\" data-end=\"4174\">Estructura<\/strong>: Compacta y ramificada<\/p>\n<\/li>\n<li data-start=\"4198\" data-end=\"4251\">\n<p data-start=\"4200\" data-end=\"4251\"><strong data-start=\"4200\" data-end=\"4217\">Aroma y sabor<\/strong>: Ajo, hierbas, terroso y afrutado<\/p>\n<\/li>\n<li data-start=\"4252\" data-end=\"4288\">\n<p data-start=\"4254\" data-end=\"4288\"><strong data-start=\"4254\" data-end=\"4264\">Efecto<\/strong>: Energ\u00e9tico y relajante<\/p>\n<\/li>\n<li data-start=\"4289\" data-end=\"4323\">\n<p data-start=\"4291\" data-end=\"4323\"><strong data-start=\"4291\" data-end=\"4316\">Dificultad de cultivo<\/strong>: Media<\/p>\n<\/li>\n<li data-start=\"4324\" data-end=\"4378\">\n<p data-start=\"4326\" data-end=\"4378\"><strong data-start=\"4326\" data-end=\"4351\">T\u00e9cnicas recomendadas<\/strong>: SCROG, SOG, LST, tutorado<\/p>\n<\/li>\n<li data-start=\"4379\" data-end=\"4435\">\n<p data-start=\"4381\" data-end=\"4435\"><strong data-start=\"4381\" data-end=\"4400\">Uso recomendado<\/strong>: Extracciones y consumo recreativo<\/p>\n<\/li>\n<li data-start=\"4436\" data-end=\"4481\">\n<p data-start=\"4438\" data-end=\"4481\"><strong data-start=\"4438\" data-end=\"4462\">Formatos disponibles<\/strong>: 1, 3 y 5 semillas<\/p>\n<\/li>\n<\/ul>\n<hr data-start=\"4483\" data-end=\"4486\" \/>\n<h3 data-start=\"4488\" data-end=\"4518\">Preguntas frecuentes (FAQ)<\/h3>\n<p data-start=\"4520\" data-end=\"4744\"><strong data-start=\"4520\" data-end=\"4556\">\u00bfEs adecuada para principiantes?<\/strong><br data-start=\"4556\" data-end=\"4559\" \/>S\u00ed, <strong data-start=\"4563\" data-end=\"4576\">Garlicane<\/strong> es relativamente f\u00e1cil de cultivar. Su resistencia a plagas y su capacidad para adaptarse a diferentes condiciones la hacen una buena opci\u00f3n para cultivadores novatos.<\/p>\n<p data-start=\"4746\" data-end=\"4923\"><strong data-start=\"4746\" data-end=\"4776\">\u00bfQu\u00e9 destaca de Garlicane?<\/strong><br data-start=\"4776\" data-end=\"4779\" \/>Su sabor \u00fanico a ajo, combinado con un efecto equilibrado que ofrece energ\u00eda seguida de relajaci\u00f3n. Es ideal para quienes buscan algo diferente.<\/p>\n<p data-start=\"4925\" data-end=\"5095\"><strong data-start=\"4925\" data-end=\"4955\">\u00bfCu\u00e1nto tarda en florecer?<\/strong><br data-start=\"4955\" data-end=\"4958\" \/>En interior, <strong data-start=\"4971\" data-end=\"4984\">Garlicane<\/strong> florece en 60-65 d\u00edas. En exterior, la cosecha se realiza entre finales de septiembre y principios de octubre.<\/p>\n<p data-start=\"5097\" data-end=\"5254\"><strong data-start=\"5097\" data-end=\"5129\">\u00bfEs buena para extracciones?<\/strong><br data-start=\"5129\" data-end=\"5132\" \/>S\u00ed, su alta producci\u00f3n de resina la convierte en una excelente opci\u00f3n para realizar concentrados como rosin, BHO o hach\u00eds.<\/p>\n<p data-start=\"5256\" data-end=\"5393\"><strong data-start=\"5256\" data-end=\"5292\">\u00bfCu\u00e1ndo debo cortar en exterior?<\/strong><br data-start=\"5292\" data-end=\"5295\" \/>En el Hemisferio Norte, la cosecha se realiza entre finales de septiembre y principios de octubre.<\/p>\n<p data-start=\"5256\" data-end=\"5393\">\u00a0<\/p>\n<hr data-start=\"5395\" data-end=\"5398\" \/>\n<p data-start=\"5400\" data-end=\"5610\" data-is-last-node=\"\" data-is-only-node=\"\"><strong data-start=\"5400\" data-end=\"5413\">Garlicane<\/strong> es una variedad \u00fanica, con un perfil de sabor inconfundible y efectos equilibrados. Si buscas una planta resistente, f\u00e1cil de cultivar y con un sabor potente, esta es una opci\u00f3n excelente para ti.<\/p>\n","protected":false},"excerpt":{"rendered":"<p>Garlicane fem. de Advanced Seeds es una gen\u00e9tica feminizada de \u00e9lite, con un perfil terp\u00e9nico intenso que combina notas a ajo, especias y matices cremosos. Destaca por su vigor, uniformidad y alta producci\u00f3n de flores densas y muy resinosas, ideal para amantes de aromas diferenciados y resultados consistentes. Opci\u00f3n fiable para colecciones exigentes. Disponible en 1, 3 + 1, 5 + 2, 25 y 100 semillas.<\/p>\n","protected":false},"featured_media":31005,"comment_status":"open","ping_status":"closed","template":"","meta":{"_bst_post_transparent":"","_bst_post_title":"","_bst_post_layout":"","_bst_post_sidebar_id":"","_bst_post_content_style":"","_bst_post_vertical_padding":"","_bst_post_feature":"","_bst_post_feature_position":"","_bst_post_header":false,"_bst_post_footer":false},"pwb-brand":[198],"product_brand":[],"product_cat":[69],"product_tag":[],"class_list":{"0":"post-31336","1":"product","2":"type-product","3":"status-publish","4":"has-post-thumbnail","6":"pwb-brand-advanced-seeds","7":"product_cat-feminizadas","9":"first","10":"instock","11":"sale","12":"taxable","13":"shipping-taxable","14":"purchasable","15":"product-type-variable","16":"entry","17":"content-bg","18":"loop-entry"},"brands":[{"id":198,"name":"Advanced Seeds","slug":"advanced-seeds"}],"_links":{"self":[{"href":"https:\/\/puregrowshop.com\/fr\/wp-json\/wp\/v2\/product\/31336","targetHints":{"allow":["GET"]}}],"collection":[{"href":"https:\/\/puregrowshop.com\/fr\/wp-json\/wp\/v2\/product"}],"about":[{"href":"https:\/\/puregrowshop.com\/fr\/wp-json\/wp\/v2\/types\/product"}],"replies":[{"embeddable":true,"href":"https:\/\/puregrowshop.com\/fr\/wp-json\/wp\/v2\/comments?post=31336"}],"wp:featuredmedia":[{"embeddable":true,"href":"https:\/\/puregrowshop.com\/fr\/wp-json\/wp\/v2\/media\/31005"}],"wp:attachment":[{"href":"https:\/\/puregrowshop.com\/fr\/wp-json\/wp\/v2\/media?parent=31336"}],"wp:term":[{"taxonomy":"pwb-brand","embeddable":true,"href":"https:\/\/puregrowshop.com\/fr\/wp-json\/wp\/v2\/pwb-brand?post=31336"},{"taxonomy":"product_brand","embeddable":true,"href":"https:\/\/puregrowshop.com\/fr\/wp-json\/wp\/v2\/product_brand?post=31336"},{"taxonomy":"product_cat","embeddable":true,"href":"https:\/\/puregrowshop.com\/fr\/wp-json\/wp\/v2\/product_cat?post=31336"},{"taxonomy":"product_tag","embeddable":true,"href":"https:\/\/puregrowshop.com\/fr\/wp-json\/wp\/v2\/product_tag?post=31336"}],"curies":[{"name":"wp","href":"https:\/\/api.w.org\/{rel}","templated":true}]}}