{"id":31335,"date":"2025-10-07T12:59:42","date_gmt":"2025-10-07T12:59:42","guid":{"rendered":"https:\/\/puregrowshop.com\/?post_type=product&#038;p=31335"},"modified":"2025-11-21T11:01:14","modified_gmt":"2025-11-21T11:01:14","slug":"forbidden-fruit-cake-fem-advanced-seeds","status":"publish","type":"product","link":"https:\/\/puregrowshop.com\/fr\/forbidden-fruit-cake-fem-advanced-seeds\/","title":{"rendered":"Forbidden Fruit Cake fem. Advanced Seeds"},"content":{"rendered":"<p data-start=\"217\" data-end=\"520\"><strong data-start=\"217\" data-end=\"241\">Forbidden Fruit Cake<\/strong> de <strong data-start=\"245\" data-end=\"263\">Advanced Seeds<\/strong> es una variedad feminizada fotodependiente que combina dos potentes cepas: <strong data-start=\"339\" data-end=\"358\">Forbidden Fruit<\/strong> y <strong data-start=\"361\" data-end=\"377\">Wedding Cake<\/strong>. El resultado es una planta que ofrece una experiencia de sabor \u00fanica y unos efectos equilibrados que te har\u00e1n querer repetir una y otra vez.<\/p>\n<p data-start=\"522\" data-end=\"930\">El aroma de <strong data-start=\"534\" data-end=\"558\">Forbidden Fruit Cake<\/strong> es una mezcla de frutas tropicales dulces con un toque de vainilla y un leve fondo terroso. Su sabor sigue esa misma l\u00ednea, con notas afrutadas intensas que se complementan perfectamente con una suave cremosidad y un toque sutil de especias. Cada calada es una experiencia deliciosa y envolvente, perfecta para quienes disfrutan de un perfil de sabor complejo y afrutado.<\/p>\n<p data-start=\"932\" data-end=\"1290\">Los efectos de <strong data-start=\"947\" data-end=\"971\">Forbidden Fruit Cake<\/strong> te ofrecen una combinaci\u00f3n perfecta de euforia y relajaci\u00f3n. Comienza con una sensaci\u00f3n alegre y creativa, que poco a poco se suaviza en una relajaci\u00f3n profunda que te dejar\u00e1 tranquilo y sin estr\u00e9s, pero sin sensaci\u00f3n de pesadez. Es ideal para disfrutar despu\u00e9s de un d\u00eda largo o durante momentos de relajaci\u00f3n social.<\/p>\n<p data-start=\"1292\" data-end=\"1611\">Adem\u00e1s de su incre\u00edble sabor y efectos, <strong data-start=\"1332\" data-end=\"1356\">Forbidden Fruit Cake<\/strong> es f\u00e1cil de cultivar, con una floraci\u00f3n de 60-65 d\u00edas en interior. Su estructura compacta y ramificada la hace adecuada para t\u00e9cnicas como SCROG o SOG, y su resistencia a plagas la convierte en una excelente opci\u00f3n para cultivadores de todos los niveles.<\/p>\n<h3 data-start=\"1613\" data-end=\"1644\">Caracter\u00edsticas principales<\/h3>\n<ul data-start=\"1646\" data-end=\"2037\">\n<li data-start=\"1646\" data-end=\"1695\">\n<p data-start=\"1648\" data-end=\"1695\"><strong data-start=\"1648\" data-end=\"1660\">Gen\u00e9tica<\/strong>: H\u00edbrido con predominancia \u00edndica.<\/p>\n<\/li>\n<li data-start=\"1696\" data-end=\"1743\">\n<p data-start=\"1698\" data-end=\"1743\"><strong data-start=\"1698\" data-end=\"1706\">Tipo<\/strong>: Semilla feminizada fotodependiente.<\/p>\n<\/li>\n<li data-start=\"1744\" data-end=\"1784\">\n<p data-start=\"1746\" data-end=\"1784\"><strong data-start=\"1746\" data-end=\"1771\">Floraci\u00f3n en interior<\/strong>: 60\u201365 d\u00edas.<\/p>\n<\/li>\n<li data-start=\"1785\" data-end=\"1855\">\n<p data-start=\"1787\" data-end=\"1855\"><strong data-start=\"1787\" data-end=\"1807\">Cosecha exterior<\/strong>: Finales de septiembre a principios de octubre.<\/p>\n<\/li>\n<li data-start=\"1856\" data-end=\"1879\">\n<p data-start=\"1858\" data-end=\"1879\"><strong data-start=\"1858\" data-end=\"1872\">Producci\u00f3n<\/strong>: Alta.<\/p>\n<\/li>\n<li data-start=\"1880\" data-end=\"1952\">\n<p data-start=\"1882\" data-end=\"1952\"><strong data-start=\"1882\" data-end=\"1892\">Efecto<\/strong>: Euf\u00f3rico al principio, seguido de una relajaci\u00f3n profunda.<\/p>\n<\/li>\n<li data-start=\"1953\" data-end=\"2037\">\n<p data-start=\"1955\" data-end=\"2037\"><strong data-start=\"1955\" data-end=\"1972\">Aroma y sabor<\/strong>: Frutas tropicales dulces, vainilla, toques terrosos y cremosos.<\/p>\n<\/li>\n<\/ul>\n<p data-start=\"2039\" data-end=\"2214\"><strong data-start=\"2039\" data-end=\"2063\">Forbidden Fruit Cake<\/strong> es perfecta para quienes buscan una planta sabrosa, con efectos equilibrados y f\u00e1ciles de cultivar, ideal para disfrutar en cualquier momento del d\u00eda.<\/p>\n<hr data-start=\"2216\" data-end=\"2219\" \/>\n<h3 data-start=\"2221\" data-end=\"2236\">Propiedades<\/h3>\n<p data-start=\"2238\" data-end=\"2580\"><strong data-start=\"2238\" data-end=\"2271\">Sabor de Forbidden Fruit Cake<\/strong><br data-start=\"2271\" data-end=\"2274\" \/>El sabor de <strong data-start=\"2286\" data-end=\"2310\">Forbidden Fruit Cake<\/strong> es una combinaci\u00f3n deliciosa de frutas tropicales, vainilla y un toque cremoso que la hace \u00fanica. Cada calada es una mezcla de dulzura afrutada con una suavidad cremosa que se siente como un postre. Perfecta para quienes buscan una experiencia de sabor rica y compleja.<\/p>\n<p data-start=\"2582\" data-end=\"2915\"><strong data-start=\"2582\" data-end=\"2593\">Efectos<\/strong><br data-start=\"2593\" data-end=\"2596\" \/>Los efectos de <strong data-start=\"2611\" data-end=\"2635\">Forbidden Fruit Cake<\/strong> comienzan con una euforia suave que te mejora el \u00e1nimo y te da un toque creativo. Luego, esa energ\u00eda se suaviza y se transforma en una relajaci\u00f3n profunda, dej\u00e1ndote tranquilo y sin preocupaciones. Es ideal para disfrutar de forma social o para relajarte despu\u00e9s de un largo d\u00eda.<\/p>\n<hr data-start=\"2917\" data-end=\"2920\" \/>\n<h3 data-start=\"2922\" data-end=\"2956\">Cultivo en interior y exterior<\/h3>\n<p data-start=\"2958\" data-end=\"3314\"><strong data-start=\"2958\" data-end=\"2970\">Interior<\/strong><br data-start=\"2970\" data-end=\"2973\" \/>En cultivo interior, <strong data-start=\"2994\" data-end=\"3018\">Forbidden Fruit Cake<\/strong> es f\u00e1cil de manejar y se adapta muy bien a t\u00e9cnicas como SCROG o SOG. Su floraci\u00f3n de 60-65 d\u00edas te permitir\u00e1 obtener resultados r\u00e1pidos sin comprometer la calidad. Adem\u00e1s, su aroma afrutado puede ser intenso, por lo que te recomendamos usar filtros de carb\u00f3n para mantener el olor bajo control.<\/p>\n<p data-start=\"3316\" data-end=\"3676\"><strong data-start=\"3316\" data-end=\"3328\">Exterior<\/strong><br data-start=\"3328\" data-end=\"3331\" \/>En exterior, <strong data-start=\"3344\" data-end=\"3368\">Forbidden Fruit Cake<\/strong> se adapta bien a climas templados y mediterr\u00e1neos. La cosecha se realiza entre finales de septiembre y principios de octubre, y su resistencia la hace apta para cultivadores con menos experiencia. La planta crece robusta y produce cogollos densos y resinosos, perfectos para disfrutar de su sabor y efectos.<\/p>\n<hr data-start=\"3678\" data-end=\"3681\" \/>\n<h3 data-start=\"3683\" data-end=\"3724\">Ficha t\u00e9cnica de Forbidden Fruit Cake<\/h3>\n<ul data-start=\"3726\" data-end=\"4421\">\n<li data-start=\"3726\" data-end=\"3753\">\n<p data-start=\"3728\" data-end=\"3753\"><strong data-start=\"3728\" data-end=\"3737\">Banco<\/strong>: Advanced Seeds<\/p>\n<\/li>\n<li data-start=\"3754\" data-end=\"3805\">\n<p data-start=\"3756\" data-end=\"3805\"><strong data-start=\"3756\" data-end=\"3775\">Tipo de semilla<\/strong>: Feminizada (fotodependiente)<\/p>\n<\/li>\n<li data-start=\"3806\" data-end=\"3854\">\n<p data-start=\"3808\" data-end=\"3854\"><strong data-start=\"3808\" data-end=\"3820\">Gen\u00e9tica<\/strong>: H\u00edbrido con predominancia \u00edndica<\/p>\n<\/li>\n<li data-start=\"3855\" data-end=\"3870\">\n<p data-start=\"3857\" data-end=\"3870\"><strong data-start=\"3857\" data-end=\"3864\">THC<\/strong>: Alto<\/p>\n<\/li>\n<li data-start=\"3871\" data-end=\"3886\">\n<p data-start=\"3873\" data-end=\"3886\"><strong data-start=\"3873\" data-end=\"3880\">CBD<\/strong>: Bajo<\/p>\n<\/li>\n<li data-start=\"3887\" data-end=\"3926\">\n<p data-start=\"3889\" data-end=\"3926\"><strong data-start=\"3889\" data-end=\"3914\">Floraci\u00f3n en interior<\/strong>: 60\u201365 d\u00edas<\/p>\n<\/li>\n<li data-start=\"3927\" data-end=\"3996\">\n<p data-start=\"3929\" data-end=\"3996\"><strong data-start=\"3929\" data-end=\"3949\">Cosecha exterior<\/strong>: Finales de septiembre a principios de octubre<\/p>\n<\/li>\n<li data-start=\"3997\" data-end=\"4028\">\n<p data-start=\"3999\" data-end=\"4028\"><strong data-start=\"3999\" data-end=\"4022\">Producci\u00f3n interior<\/strong>: Alta<\/p>\n<\/li>\n<li data-start=\"4029\" data-end=\"4064\">\n<p data-start=\"4031\" data-end=\"4064\"><strong data-start=\"4031\" data-end=\"4054\">Producci\u00f3n exterior<\/strong>: Muy alta<\/p>\n<\/li>\n<li data-start=\"4065\" data-end=\"4084\">\n<p data-start=\"4067\" data-end=\"4084\"><strong data-start=\"4067\" data-end=\"4077\">Altura<\/strong>: Media<\/p>\n<\/li>\n<li data-start=\"4085\" data-end=\"4124\">\n<p data-start=\"4087\" data-end=\"4124\"><strong data-start=\"4087\" data-end=\"4101\">Estructura<\/strong>: Compacta y ramificada<\/p>\n<\/li>\n<li data-start=\"4125\" data-end=\"4196\">\n<p data-start=\"4127\" data-end=\"4196\"><strong data-start=\"4127\" data-end=\"4144\">Aroma y sabor<\/strong>: Dulce, afrutado, con toques de vainilla y cremosos<\/p>\n<\/li>\n<li data-start=\"4197\" data-end=\"4231\">\n<p data-start=\"4199\" data-end=\"4231\"><strong data-start=\"4199\" data-end=\"4209\">Efecto<\/strong>: Euf\u00f3rico y relajante<\/p>\n<\/li>\n<li data-start=\"4232\" data-end=\"4266\">\n<p data-start=\"4234\" data-end=\"4266\"><strong data-start=\"4234\" data-end=\"4259\">Dificultad de cultivo<\/strong>: Media<\/p>\n<\/li>\n<li data-start=\"4267\" data-end=\"4321\">\n<p data-start=\"4269\" data-end=\"4321\"><strong data-start=\"4269\" data-end=\"4294\">T\u00e9cnicas recomendadas<\/strong>: SCROG, SOG, LST, tutorado<\/p>\n<\/li>\n<li data-start=\"4322\" data-end=\"4375\">\n<p data-start=\"4324\" data-end=\"4375\"><strong data-start=\"4324\" data-end=\"4343\">Uso recomendado<\/strong>: Consumo recreativo y relajante<\/p>\n<\/li>\n<li data-start=\"4376\" data-end=\"4421\">\n<p data-start=\"4378\" data-end=\"4421\"><strong data-start=\"4378\" data-end=\"4402\">Formatos disponibles<\/strong>: 1, 3 y 5 semillas<\/p>\n<\/li>\n<\/ul>\n<hr data-start=\"4423\" data-end=\"4426\" \/>\n<h3 data-start=\"4428\" data-end=\"4458\">Preguntas frecuentes (FAQ)<\/h3>\n<p data-start=\"4460\" data-end=\"4692\"><strong data-start=\"4460\" data-end=\"4496\">\u00bfEs adecuada para principiantes?<\/strong><br data-start=\"4496\" data-end=\"4499\" \/>S\u00ed, <strong data-start=\"4503\" data-end=\"4527\">Forbidden Fruit Cake<\/strong> es f\u00e1cil de cultivar, con una floraci\u00f3n r\u00e1pida y buena resistencia a plagas. Es perfecta para cultivadores novatos que buscan una planta sabrosa y f\u00e1cil de manejar.<\/p>\n<p data-start=\"4694\" data-end=\"4881\"><strong data-start=\"4694\" data-end=\"4735\">\u00bfQu\u00e9 destaca de Forbidden Fruit Cake?<\/strong><br data-start=\"4735\" data-end=\"4738\" \/>Su perfil de sabor \u00fanico, con una mezcla de frutas tropicales y vainilla, junto con sus efectos equilibrados que combinan euforia y relajaci\u00f3n.<\/p>\n<p data-start=\"4883\" data-end=\"5054\"><strong data-start=\"4883\" data-end=\"4913\">\u00bfCu\u00e1nto tarda en florecer?<\/strong><br data-start=\"4913\" data-end=\"4916\" \/>En interior, <strong data-start=\"4929\" data-end=\"4953\">Forbidden Fruit Cake<\/strong> florece en 60\u201365 d\u00edas, y en exterior se cosecha entre finales de septiembre y principios de octubre.<\/p>\n<p data-start=\"5056\" data-end=\"5190\"><strong data-start=\"5056\" data-end=\"5088\">\u00bfEs buena para extracciones?<\/strong><br data-start=\"5088\" data-end=\"5091\" \/>S\u00ed, su alta producci\u00f3n de resina la hace ideal para realizar concentrados como rosin, BHO o hach\u00eds.<\/p>\n<p data-start=\"5192\" data-end=\"5329\"><strong data-start=\"5192\" data-end=\"5228\">\u00bfCu\u00e1ndo debo cortar en exterior?<\/strong><br data-start=\"5228\" data-end=\"5231\" \/>En el Hemisferio Norte, la cosecha se realiza entre finales de septiembre y principios de octubre.<\/p>\n","protected":false},"excerpt":{"rendered":"<p>Forbidden Fruit Cake fem. de Advanced Seeds destaca por un perfil arom\u00e1tico exquisito: frutas tropicales, c\u00edtricos y notas cremosas de pastel, con terpenos muy marcados. Ofrece alta potencia con un efecto placentero y relajante. Variedad feminizada de floraci\u00f3n r\u00e1pida, vigorosa y f\u00e1cil de cultivar, con estructura compacta, buena ramificaci\u00f3n y excelente relaci\u00f3n flor\/hoja. Produce cosechas abundantes de cogollos densos y extremadamente resinosos, ideales para interior y exterior y perfectos para quienes buscan sabor, rendimiento y calidad.<\/p>\n","protected":false},"featured_media":19030,"comment_status":"open","ping_status":"closed","template":"","meta":{"_bst_post_transparent":"","_bst_post_title":"","_bst_post_layout":"","_bst_post_sidebar_id":"","_bst_post_content_style":"","_bst_post_vertical_padding":"","_bst_post_feature":"","_bst_post_feature_position":"","_bst_post_header":false,"_bst_post_footer":false},"pwb-brand":[198],"product_brand":[],"product_cat":[69],"product_tag":[],"class_list":{"0":"post-31335","1":"product","2":"type-product","3":"status-publish","4":"has-post-thumbnail","6":"pwb-brand-advanced-seeds","7":"product_cat-feminizadas","9":"first","10":"instock","11":"sale","12":"taxable","13":"shipping-taxable","14":"purchasable","15":"product-type-variable","16":"entry","17":"content-bg","18":"loop-entry"},"brands":[{"id":198,"name":"Advanced Seeds","slug":"advanced-seeds"}],"_links":{"self":[{"href":"https:\/\/puregrowshop.com\/fr\/wp-json\/wp\/v2\/product\/31335","targetHints":{"allow":["GET"]}}],"collection":[{"href":"https:\/\/puregrowshop.com\/fr\/wp-json\/wp\/v2\/product"}],"about":[{"href":"https:\/\/puregrowshop.com\/fr\/wp-json\/wp\/v2\/types\/product"}],"replies":[{"embeddable":true,"href":"https:\/\/puregrowshop.com\/fr\/wp-json\/wp\/v2\/comments?post=31335"}],"wp:featuredmedia":[{"embeddable":true,"href":"https:\/\/puregrowshop.com\/fr\/wp-json\/wp\/v2\/media\/19030"}],"wp:attachment":[{"href":"https:\/\/puregrowshop.com\/fr\/wp-json\/wp\/v2\/media?parent=31335"}],"wp:term":[{"taxonomy":"pwb-brand","embeddable":true,"href":"https:\/\/puregrowshop.com\/fr\/wp-json\/wp\/v2\/pwb-brand?post=31335"},{"taxonomy":"product_brand","embeddable":true,"href":"https:\/\/puregrowshop.com\/fr\/wp-json\/wp\/v2\/product_brand?post=31335"},{"taxonomy":"product_cat","embeddable":true,"href":"https:\/\/puregrowshop.com\/fr\/wp-json\/wp\/v2\/product_cat?post=31335"},{"taxonomy":"product_tag","embeddable":true,"href":"https:\/\/puregrowshop.com\/fr\/wp-json\/wp\/v2\/product_tag?post=31335"}],"curies":[{"name":"wp","href":"https:\/\/api.w.org\/{rel}","templated":true}]}}