{"id":31334,"date":"2025-10-07T12:59:41","date_gmt":"2025-10-07T12:59:41","guid":{"rendered":"https:\/\/puregrowshop.com\/?post_type=product&#038;p=31334"},"modified":"2025-11-21T11:01:14","modified_gmt":"2025-11-21T11:01:14","slug":"fire-dog-advanced-seeds","status":"publish","type":"product","link":"https:\/\/puregrowshop.com\/fr\/fire-dog-advanced-seeds\/","title":{"rendered":"Fire DOG Advanced Seeds"},"content":{"rendered":"<p>Fire DOG, de Advanced Seeds, es una cepa feminizada que depende de la luz y que se distingue por su potente gen\u00e9tica y por su extraordinario perfil en t\u00e9rminos de sabor. Esta cepa es el producto de la combinaci\u00f3n de Chemdawg, que tiene un efecto potente, con SFV OG, que tiene un sabor delicioso; as\u00ed se produce una planta que mezcla lo mejor de ambos mundos: efectos intensos y un sabor que te dejar\u00e1 sin palabras.<\/p>\n<p>Lo primero que percibir\u00e1s de Fire DOG es su fragancia: una combinaci\u00f3n de gas, tierra y un matiz afrutado, que se mezcla con un fondo especiado muy distintivo. Cuando la fumas, el sabor sigue en la misma l\u00ednea: una base terrosa y un toque de pino que te lleva a un entorno natural y profundo. El retrogusto es algo dulce y afrutado, lo cual deja una sensaci\u00f3n placentera en el paladar.<\/p>\n<p>En t\u00e9rminos de efectos, Fire DOG es una variedad potente que empieza con un subid\u00f3n cerebral, lo cual te har\u00e1 sentirte alegre y lleno de energ\u00eda. Con el tiempo, esos efectos se atenuar\u00e1n y te envolver\u00e1n en una profunda relajaci\u00f3n corporal que no te har\u00e1 sentir pesado, lo cual la hace una alternativa estupenda para aquellos que buscan gozar de un buen momento sin perder la motivaci\u00f3n.<\/p>\n<p>Fire DOG tambi\u00e9n es f\u00e1cil de cultivar: florece en interiores entre 55 y 60 d\u00edas. Su estructura s\u00f3lida y ramificada la hace apta para m\u00e9todos como SOG o SCROG, lo que posibilita optimizar su producci\u00f3n de cogollos densos y ricos en resina. Es una variedad que se adapta a climas variados y es resistente, lo que la hace perfecta para agricultores tanto principiantes como con m\u00e1s experiencia.<\/p>\n<h3 data-start=\"1723\" data-end=\"1754\">Caracter\u00edsticas principales<\/h3>\n<ul data-start=\"1756\" data-end=\"2135\">\n<li data-start=\"1756\" data-end=\"1805\">\n<p data-start=\"1758\" data-end=\"1805\"><strong data-start=\"1758\" data-end=\"1770\">Gen\u00e9tica<\/strong>: H\u00edbrido con predominancia \u00edndica.<\/p>\n<\/li>\n<li data-start=\"1806\" data-end=\"1853\">\n<p data-start=\"1808\" data-end=\"1853\"><strong data-start=\"1808\" data-end=\"1816\">Tipo<\/strong>: Semilla feminizada fotodependiente.<\/p>\n<\/li>\n<li data-start=\"1854\" data-end=\"1894\">\n<p data-start=\"1856\" data-end=\"1894\"><strong data-start=\"1856\" data-end=\"1881\">Floraci\u00f3n en interior<\/strong>: 55\u201360 d\u00edas.<\/p>\n<\/li>\n<li data-start=\"1895\" data-end=\"1965\">\n<p data-start=\"1897\" data-end=\"1965\"><strong data-start=\"1897\" data-end=\"1917\">Cosecha exterior<\/strong>: Finales de septiembre a principios de octubre.<\/p>\n<\/li>\n<li data-start=\"1966\" data-end=\"1989\">\n<p data-start=\"1968\" data-end=\"1989\"><strong data-start=\"1968\" data-end=\"1982\">Producci\u00f3n<\/strong>: Alta.<\/p>\n<\/li>\n<li data-start=\"1990\" data-end=\"2062\">\n<p data-start=\"1992\" data-end=\"2062\"><strong data-start=\"1992\" data-end=\"2002\">Efecto<\/strong>: Energ\u00e9tico y euf\u00f3rico, seguido de una relajaci\u00f3n profunda.<\/p>\n<\/li>\n<li data-start=\"2063\" data-end=\"2135\">\n<p data-start=\"2065\" data-end=\"2135\"><strong data-start=\"2065\" data-end=\"2082\">Aroma y sabor<\/strong>: Gas, tierra, pino, y un toque afrutado y especiado.<\/p>\n<\/li>\n<\/ul>\n<p data-start=\"2137\" data-end=\"2282\"><strong data-start=\"2137\" data-end=\"2149\">Fire DOG<\/strong> es ideal para quienes buscan una variedad sabrosa con efectos intensos y equilibrados, adem\u00e1s de ser f\u00e1cil de cultivar y resistente.<\/p>\n<hr data-start=\"2284\" data-end=\"2287\" \/>\n<h3 data-start=\"2289\" data-end=\"2304\">Propiedades<\/h3>\n<p data-start=\"2306\" data-end=\"2668\"><strong data-start=\"2306\" data-end=\"2327\">Sabor de Fire DOG<\/strong><br data-start=\"2327\" data-end=\"2330\" \/>El sabor de <strong data-start=\"2342\" data-end=\"2354\">Fire DOG<\/strong> es \u00fanico, con una base terrosa y un toque de pino que te recuerda a la naturaleza. A lo largo de la calada, tambi\u00e9n sentir\u00e1s un regusto afrutado y ligeramente dulce que hace que cada calada sea interesante y compleja. Si te gustan las cepas con un perfil de sabor profundo y terroso, esta es una excelente opci\u00f3n.<\/p>\n<p data-start=\"2670\" data-end=\"3058\"><strong data-start=\"2670\" data-end=\"2681\">Efectos<\/strong><br data-start=\"2681\" data-end=\"2684\" \/>Los efectos de <strong data-start=\"2699\" data-end=\"2711\">Fire DOG<\/strong> empiezan con un subid\u00f3n euf\u00f3rico y energizante que te pone de buen humor y te da un impulso creativo. Con el paso del tiempo, la relajaci\u00f3n f\u00edsica entra en juego, dej\u00e1ndote tranquilo y sin estr\u00e9s. Es una variedad que te permite disfrutar sin quedarte inm\u00f3vil, lo que la hace perfecta para actividades sociales o para relajarte sin perder energ\u00eda.<\/p>\n<hr data-start=\"3060\" data-end=\"3063\" \/>\n<h3 data-start=\"3065\" data-end=\"3099\">Cultivo en interior y exterior<\/h3>\n<p data-start=\"3101\" data-end=\"3425\"><strong data-start=\"3101\" data-end=\"3113\">Interior<\/strong><br data-start=\"3113\" data-end=\"3116\" \/>En cultivo interior, <strong data-start=\"3137\" data-end=\"3149\">Fire DOG<\/strong> responde muy bien a t\u00e9cnicas como SCROG o SOG gracias a su estructura robusta. Su floraci\u00f3n de 55-60 d\u00edas te da resultados r\u00e1pidos, con cogollos densos y llenos de resina. Debido a su fuerte aroma, es recomendable usar filtros de carb\u00f3n para controlar la intensidad del olor.<\/p>\n<p data-start=\"3427\" data-end=\"3791\"><strong data-start=\"3427\" data-end=\"3439\">Exterior<\/strong><br data-start=\"3439\" data-end=\"3442\" \/>En cultivo exterior, <strong data-start=\"3463\" data-end=\"3475\">Fire DOG<\/strong> se adapta bien a climas templados y mediterr\u00e1neos. La cosecha se realiza entre finales de septiembre y principios de octubre, y puedes esperar una producci\u00f3n abundante de cogollos resinosos y de gran calidad. Su resistencia la convierte en una opci\u00f3n excelente para cultivadores de todos los niveles de experiencia.<\/p>\n<hr data-start=\"3793\" data-end=\"3796\" \/>\n<h3 data-start=\"3798\" data-end=\"3827\">Ficha t\u00e9cnica de Fire DOG<\/h3>\n<ul data-start=\"3829\" data-end=\"4553\">\n<li data-start=\"3829\" data-end=\"3856\">\n<p data-start=\"3831\" data-end=\"3856\"><strong data-start=\"3831\" data-end=\"3840\">Banco<\/strong>: Advanced Seeds<\/p>\n<\/li>\n<li data-start=\"3857\" data-end=\"3908\">\n<p data-start=\"3859\" data-end=\"3908\"><strong data-start=\"3859\" data-end=\"3878\">Tipo de semilla<\/strong>: Feminizada (fotodependiente)<\/p>\n<\/li>\n<li data-start=\"3909\" data-end=\"3957\">\n<p data-start=\"3911\" data-end=\"3957\"><strong data-start=\"3911\" data-end=\"3923\">Gen\u00e9tica<\/strong>: H\u00edbrido con predominancia \u00edndica<\/p>\n<\/li>\n<li data-start=\"3958\" data-end=\"3973\">\n<p data-start=\"3960\" data-end=\"3973\"><strong data-start=\"3960\" data-end=\"3967\">THC<\/strong>: Alto<\/p>\n<\/li>\n<li data-start=\"3974\" data-end=\"3989\">\n<p data-start=\"3976\" data-end=\"3989\"><strong data-start=\"3976\" data-end=\"3983\">CBD<\/strong>: Bajo<\/p>\n<\/li>\n<li data-start=\"3990\" data-end=\"4029\">\n<p data-start=\"3992\" data-end=\"4029\"><strong data-start=\"3992\" data-end=\"4017\">Floraci\u00f3n en interior<\/strong>: 55\u201360 d\u00edas<\/p>\n<\/li>\n<li data-start=\"4030\" data-end=\"4099\">\n<p data-start=\"4032\" data-end=\"4099\"><strong data-start=\"4032\" data-end=\"4052\">Cosecha exterior<\/strong>: Finales de septiembre a principios de octubre<\/p>\n<\/li>\n<li data-start=\"4100\" data-end=\"4131\">\n<p data-start=\"4102\" data-end=\"4131\"><strong data-start=\"4102\" data-end=\"4125\">Producci\u00f3n interior<\/strong>: Alta<\/p>\n<\/li>\n<li data-start=\"4132\" data-end=\"4167\">\n<p data-start=\"4134\" data-end=\"4167\"><strong data-start=\"4134\" data-end=\"4157\">Producci\u00f3n exterior<\/strong>: Muy alta<\/p>\n<\/li>\n<li data-start=\"4168\" data-end=\"4187\">\n<p data-start=\"4170\" data-end=\"4187\"><strong data-start=\"4170\" data-end=\"4180\">Altura<\/strong>: Media<\/p>\n<\/li>\n<li data-start=\"4188\" data-end=\"4227\">\n<p data-start=\"4190\" data-end=\"4227\"><strong data-start=\"4190\" data-end=\"4204\">Estructura<\/strong>: Compacta y ramificada<\/p>\n<\/li>\n<li data-start=\"4228\" data-end=\"4288\">\n<p data-start=\"4230\" data-end=\"4288\"><strong data-start=\"4230\" data-end=\"4247\">Aroma y sabor<\/strong>: Gas, tierra, pino, afrutado y especiado<\/p>\n<\/li>\n<li data-start=\"4289\" data-end=\"4355\">\n<p data-start=\"4291\" data-end=\"4355\"><strong data-start=\"4291\" data-end=\"4301\">Efecto<\/strong>: Energ\u00e9tico, euf\u00f3rico, seguido de relajaci\u00f3n profunda<\/p>\n<\/li>\n<li data-start=\"4356\" data-end=\"4390\">\n<p data-start=\"4358\" data-end=\"4390\"><strong data-start=\"4358\" data-end=\"4383\">Dificultad de cultivo<\/strong>: Media<\/p>\n<\/li>\n<li data-start=\"4391\" data-end=\"4445\">\n<p data-start=\"4393\" data-end=\"4445\"><strong data-start=\"4393\" data-end=\"4418\">T\u00e9cnicas recomendadas<\/strong>: SCROG, SOG, LST, tutorado<\/p>\n<\/li>\n<li data-start=\"4446\" data-end=\"4507\">\n<p data-start=\"4448\" data-end=\"4507\"><strong data-start=\"4448\" data-end=\"4467\">Uso recomendado<\/strong>: Consumo recreativo, social y relajante<\/p>\n<\/li>\n<li data-start=\"4508\" data-end=\"4553\">\n<p data-start=\"4510\" data-end=\"4553\"><strong data-start=\"4510\" data-end=\"4534\">Formatos disponibles<\/strong>: 1, 3 y 5 semillas<\/p>\n<\/li>\n<\/ul>\n<hr data-start=\"4555\" data-end=\"4558\" \/>\n<h3 data-start=\"4560\" data-end=\"4590\">Preguntas frecuentes (FAQ)<\/h3>\n<p data-start=\"4592\" data-end=\"4768\"><strong data-start=\"4592\" data-end=\"4628\">\u00bfEs adecuada para principiantes?<\/strong><br data-start=\"4628\" data-end=\"4631\" \/>S\u00ed, <strong data-start=\"4635\" data-end=\"4647\">Fire DOG<\/strong> es una variedad resistente, f\u00e1cil de cultivar y con una floraci\u00f3n r\u00e1pida, lo que la hace apta para cultivadores novatos.<\/p>\n<p data-start=\"4770\" data-end=\"4904\"><strong data-start=\"4770\" data-end=\"4799\">\u00bfQu\u00e9 destaca de Fire DOG?<\/strong><br data-start=\"4799\" data-end=\"4802\" \/>Su sabor \u00fanico, con notas de gas y pino, y sus efectos equilibrados que combinan euforia y relajaci\u00f3n.<\/p>\n<p data-start=\"4906\" data-end=\"5065\"><strong data-start=\"4906\" data-end=\"4936\">\u00bfCu\u00e1nto tarda en florecer?<\/strong><br data-start=\"4936\" data-end=\"4939\" \/>En interior, <strong data-start=\"4952\" data-end=\"4964\">Fire DOG<\/strong> florece en 55\u201360 d\u00edas, y en exterior se cosecha entre finales de septiembre y principios de octubre.<\/p>\n<p data-start=\"5067\" data-end=\"5215\"><strong data-start=\"5067\" data-end=\"5099\">\u00bfEs buena para extracciones?<\/strong><br data-start=\"5099\" data-end=\"5102\" \/>S\u00ed, su alta producci\u00f3n de resina la convierte en una excelente opci\u00f3n para concentrados como rosin, BHO o hach\u00eds.<\/p>\n<p data-start=\"5217\" data-end=\"5354\"><strong data-start=\"5217\" data-end=\"5253\">\u00bfCu\u00e1ndo debo cortar en exterior?<\/strong><br data-start=\"5253\" data-end=\"5256\" \/>En el Hemisferio Norte, la cosecha se realiza entre finales de septiembre y principios de octubre.<\/p>\n<p data-start=\"5217\" data-end=\"5354\">\u00a0<\/p>\n<hr data-start=\"5356\" data-end=\"5359\" \/>\n<p data-start=\"5361\" data-end=\"5654\" data-is-last-node=\"\" data-is-only-node=\"\"><strong data-start=\"5361\" data-end=\"5373\">Fire DOG<\/strong> es una opci\u00f3n incre\u00edblemente sabrosa, con efectos equilibrados que ofrecen euforia seguida de relajaci\u00f3n. Es resistente, f\u00e1cil de cultivar y perfecta tanto para quienes buscan una experiencia de sabor \u00fanica como para quienes disfrutan de una variedad potente y de alta producci\u00f3n.<\/p>\n","protected":false},"excerpt":{"rendered":"<p>Fire DOG de Advanced Seeds aporta gen\u00e9tica feminizada de alto rendimiento y gran estabilidad, con potencia arom\u00e1tica marcada y notable producci\u00f3n de resina. Dise\u00f1ada para resultados consistentes y de calidad profesional, destaca por su vigor, resistencia y perfil terp\u00e9nico intenso. Disponible en 1 Semilla, 3 + 1 Semillas, 5 + 2 Semillas, 25 Semillas y 100 Semillas.<\/p>\n","protected":false},"featured_media":18982,"comment_status":"open","ping_status":"closed","template":"","meta":{"_bst_post_transparent":"","_bst_post_title":"","_bst_post_layout":"","_bst_post_sidebar_id":"","_bst_post_content_style":"","_bst_post_vertical_padding":"","_bst_post_feature":"","_bst_post_feature_position":"","_bst_post_header":false,"_bst_post_footer":false},"pwb-brand":[198],"product_brand":[],"product_cat":[69],"product_tag":[],"class_list":{"0":"post-31334","1":"product","2":"type-product","3":"status-publish","4":"has-post-thumbnail","6":"pwb-brand-advanced-seeds","7":"product_cat-feminizadas","9":"first","10":"instock","11":"sale","12":"taxable","13":"shipping-taxable","14":"purchasable","15":"product-type-variable","16":"entry","17":"content-bg","18":"loop-entry"},"brands":[{"id":198,"name":"Advanced Seeds","slug":"advanced-seeds"}],"_links":{"self":[{"href":"https:\/\/puregrowshop.com\/fr\/wp-json\/wp\/v2\/product\/31334","targetHints":{"allow":["GET"]}}],"collection":[{"href":"https:\/\/puregrowshop.com\/fr\/wp-json\/wp\/v2\/product"}],"about":[{"href":"https:\/\/puregrowshop.com\/fr\/wp-json\/wp\/v2\/types\/product"}],"replies":[{"embeddable":true,"href":"https:\/\/puregrowshop.com\/fr\/wp-json\/wp\/v2\/comments?post=31334"}],"wp:featuredmedia":[{"embeddable":true,"href":"https:\/\/puregrowshop.com\/fr\/wp-json\/wp\/v2\/media\/18982"}],"wp:attachment":[{"href":"https:\/\/puregrowshop.com\/fr\/wp-json\/wp\/v2\/media?parent=31334"}],"wp:term":[{"taxonomy":"pwb-brand","embeddable":true,"href":"https:\/\/puregrowshop.com\/fr\/wp-json\/wp\/v2\/pwb-brand?post=31334"},{"taxonomy":"product_brand","embeddable":true,"href":"https:\/\/puregrowshop.com\/fr\/wp-json\/wp\/v2\/product_brand?post=31334"},{"taxonomy":"product_cat","embeddable":true,"href":"https:\/\/puregrowshop.com\/fr\/wp-json\/wp\/v2\/product_cat?post=31334"},{"taxonomy":"product_tag","embeddable":true,"href":"https:\/\/puregrowshop.com\/fr\/wp-json\/wp\/v2\/product_tag?post=31334"}],"curies":[{"name":"wp","href":"https:\/\/api.w.org\/{rel}","templated":true}]}}