{"id":31333,"date":"2025-10-07T12:59:41","date_gmt":"2025-10-07T12:59:41","guid":{"rendered":"https:\/\/puregrowshop.com\/?post_type=product&#038;p=31333"},"modified":"2025-12-07T17:31:16","modified_gmt":"2025-12-07T17:31:16","slug":"female-mix-fem-advanced-seeds","status":"publish","type":"product","link":"https:\/\/puregrowshop.com\/fr\/female-mix-fem-advanced-seeds\/","title":{"rendered":"Female Mix fem. Advanced Seeds"},"content":{"rendered":"<p data-start=\"166\" data-end=\"690\"><strong data-start=\"166\" data-end=\"180\">Female Mix<\/strong> de <strong data-start=\"184\" data-end=\"202\">Advanced Seeds<\/strong> es una excelente opci\u00f3n para cultivadores que buscan variedad, calidad y facilidad. Esta mezcla de semillas feminizadas est\u00e1 dise\u00f1ada para ofrecerte diferentes tipos de gen\u00e9ticas en cada paquete, lo que te da la oportunidad de experimentar con una variedad de perfiles de sabor, efectos y aromas sin complicaciones. Cada semilla est\u00e1 garantizada para ser feminizada, lo que significa que no tendr\u00e1s que preocuparte por plantas macho y podr\u00e1s maximizar tu cosecha con plantas productivas. Adem\u00e1s, estas semillas son ideales tanto para cultivadores novatos como para expertos, ya que su facilidad de cultivo permite obtener resultados impresionantes en poco tiempo. Tambi\u00e9n puedes complementar tu colecci\u00f3n con <a href=\"https:\/\/puregrowshop.com\/semillas-de-marihuana\/autoflorecientes\/semillas-autos-a-granel\/\">semillas autom\u00e1ticas a granel de calidad<\/a>, que te permitir\u00e1n disfrutar de cosechas r\u00e1pidas y optimizadas. Con esta combinaci\u00f3n, tendr\u00e1s la oportunidad de diversificar a\u00fan m\u00e1s tus cultivos y experimentar con diferentes m\u00e9todos de cultivo.<\/p>\n<p data-start=\"692\" data-end=\"1069\">Con <strong data-start=\"696\" data-end=\"710\">Female Mix<\/strong>, recibir\u00e1s una selecci\u00f3n de variedades populares de <strong data-start=\"763\" data-end=\"781\">Advanced Seeds<\/strong>, que pueden incluir gen\u00e9tica de tipo <strong data-start=\"819\" data-end=\"829\">sativa<\/strong>, <strong data-start=\"831\" data-end=\"841\">\u00edndica<\/strong> o h\u00edbridas. Esto te permitir\u00e1 probar distintas cepas, todas con caracter\u00edsticas \u00fanicas, y experimentar con los efectos que van desde euf\u00f3ricos y energizantes hasta relajantes y sedantes, dependiendo de la gen\u00e9tica que te toque.<\/p>\n<p data-start=\"1071\" data-end=\"1516\">Adem\u00e1s de la variedad que ofrece, <strong data-start=\"1105\" data-end=\"1119\">Female Mix<\/strong> es f\u00e1cil de cultivar. Como todas las semillas son feminizadas, no tienes que hacer selecciones para evitar plantas masculinas, lo que simplifica mucho el proceso de cultivo. La floraci\u00f3n en interior de estas cepas oscila entre los 55 y 65 d\u00edas, dependiendo de la gen\u00e9tica que te toque. Tambi\u00e9n es ideal para cultivadores que buscan obtener buenas cosechas sin complicarse con demasiados detalles.<\/p>\n<h3 data-start=\"1518\" data-end=\"1549\">Caracter\u00edsticas principales<\/h3>\n<ul data-start=\"1551\" data-end=\"1993\">\n<li data-start=\"1551\" data-end=\"1595\">\n<p data-start=\"1553\" data-end=\"1595\"><strong data-start=\"1553\" data-end=\"1565\">Gen\u00e9tica<\/strong>: Mezcla de cepas feminizadas.<\/p>\n<\/li>\n<li data-start=\"1596\" data-end=\"1646\">\n<p data-start=\"1598\" data-end=\"1646\"><strong data-start=\"1598\" data-end=\"1606\">Tipo<\/strong>: Semillas feminizadas fotodependientes.<\/p>\n<\/li>\n<li data-start=\"1647\" data-end=\"1716\">\n<p data-start=\"1649\" data-end=\"1716\"><strong data-start=\"1649\" data-end=\"1674\">Floraci\u00f3n en interior<\/strong>: 55\u201365 d\u00edas (dependiendo de la gen\u00e9tica).<\/p>\n<\/li>\n<li data-start=\"1717\" data-end=\"1787\">\n<p data-start=\"1719\" data-end=\"1787\"><strong data-start=\"1719\" data-end=\"1739\">Cosecha exterior<\/strong>: Finales de septiembre a principios de octubre.<\/p>\n<\/li>\n<li data-start=\"1788\" data-end=\"1811\">\n<p data-start=\"1790\" data-end=\"1811\"><strong data-start=\"1790\" data-end=\"1804\">Producci\u00f3n<\/strong>: Alta.<\/p>\n<\/li>\n<li data-start=\"1812\" data-end=\"1890\">\n<p data-start=\"1814\" data-end=\"1890\"><strong data-start=\"1814\" data-end=\"1824\">Efecto<\/strong>: Var\u00eda seg\u00fan la gen\u00e9tica (euf\u00f3rico, relajante, energ\u00e9tico, etc.).<\/p>\n<\/li>\n<li data-start=\"1891\" data-end=\"1993\">\n<p data-start=\"1893\" data-end=\"1993\"><strong data-start=\"1893\" data-end=\"1910\">Aroma y sabor<\/strong>: Var\u00eda seg\u00fan la gen\u00e9tica (puede incluir afrutados, terrosos, dulces o especiados).<\/p>\n<\/li>\n<\/ul>\n<p data-start=\"1995\" data-end=\"2211\"><strong data-start=\"1995\" data-end=\"2009\">Female Mix<\/strong> es perfecta para quienes quieren experimentar con varias variedades sin tener que comprar diferentes paquetes, y para cultivadores que prefieren la simplicidad de trabajar solo con plantas feminizadas.<\/p>\n<hr data-start=\"2213\" data-end=\"2216\" \/>\n<h3 data-start=\"2218\" data-end=\"2233\">Propiedades<\/h3>\n<p data-start=\"2235\" data-end=\"2602\"><strong data-start=\"2235\" data-end=\"2258\">Sabor de Female Mix<\/strong><br data-start=\"2258\" data-end=\"2261\" \/>El sabor de <strong data-start=\"2273\" data-end=\"2287\">Female Mix<\/strong> var\u00eda dependiendo de la gen\u00e9tica de las semillas que te toque. Puedes encontrar notas dulces y afrutadas, terrosas y especiadas, o incluso toques c\u00edtricos y florales. Esta mezcla te ofrece una experiencia variada en cada planta, lo que la hace ideal para quienes buscan sabores complejos y una experiencia diversa.<\/p>\n<p data-start=\"2604\" data-end=\"2925\"><strong data-start=\"2604\" data-end=\"2615\">Efectos<\/strong><br data-start=\"2615\" data-end=\"2618\" \/>Los efectos tambi\u00e9n pueden variar entre las plantas de la mezcla. Algunas pueden ofrecerte un subid\u00f3n euf\u00f3rico y energ\u00e9tico, mientras que otras te proporcionar\u00e1n una relajaci\u00f3n profunda y tranquila. Es una excelente opci\u00f3n si buscas una experiencia variada, adaptada a tus necesidades o actividades del d\u00eda.<\/p>\n<hr data-start=\"2927\" data-end=\"2930\" \/>\n<h3 data-start=\"2932\" data-end=\"2966\">Cultivo en interior y exterior<\/h3>\n<p data-start=\"2968\" data-end=\"3422\"><strong data-start=\"2968\" data-end=\"2980\">Interior<\/strong><br data-start=\"2980\" data-end=\"2983\" \/>En cultivo interior, <strong data-start=\"3004\" data-end=\"3018\">Female Mix<\/strong> es f\u00e1cil de manejar debido a que todas las semillas son feminizadas. Dependiendo de las cepas que te toquen, la floraci\u00f3n se realizar\u00e1 en 55-65 d\u00edas. T\u00e9cnicas como SCROG o SOG pueden ayudar a maximizar la producci\u00f3n de cada planta. Tambi\u00e9n es recomendable controlar la temperatura y humedad de manera adecuada para obtener los mejores resultados, ya que algunas cepas pueden ser m\u00e1s sensibles que otras.<\/p>\n<p data-start=\"3424\" data-end=\"3758\"><strong data-start=\"3424\" data-end=\"3436\">Exterior<\/strong><br data-start=\"3436\" data-end=\"3439\" \/>En exterior, <strong data-start=\"3452\" data-end=\"3466\">Female Mix<\/strong> se adapta bien a climas templados y mediterr\u00e1neos. La cosecha se realiza entre finales de septiembre y principios de octubre, y la mezcla te proporcionar\u00e1 plantas con diferentes caracter\u00edsticas de crecimiento, lo que puede ofrecer una cosecha variada en cuanto a tama\u00f1o, rendimiento y sabor.<\/p>\n<hr data-start=\"3760\" data-end=\"3763\" \/>\n<h3 data-start=\"3765\" data-end=\"3796\">Ficha t\u00e9cnica de Female Mix<\/h3>\n<ul data-start=\"3798\" data-end=\"4561\">\n<li data-start=\"3798\" data-end=\"3825\">\n<p data-start=\"3800\" data-end=\"3825\"><strong data-start=\"3800\" data-end=\"3809\">Banco<\/strong>: Advanced Seeds<\/p>\n<\/li>\n<li data-start=\"3826\" data-end=\"3877\">\n<p data-start=\"3828\" data-end=\"3877\"><strong data-start=\"3828\" data-end=\"3847\">Tipo de semilla<\/strong>: Feminizada (fotodependiente)<\/p>\n<\/li>\n<li data-start=\"3878\" data-end=\"3921\">\n<p data-start=\"3880\" data-end=\"3921\"><strong data-start=\"3880\" data-end=\"3892\">Gen\u00e9tica<\/strong>: Mezcla de cepas feminizadas<\/p>\n<\/li>\n<li data-start=\"3922\" data-end=\"3956\">\n<p data-start=\"3924\" data-end=\"3956\"><strong data-start=\"3924\" data-end=\"3931\">THC<\/strong>: Var\u00eda seg\u00fan la gen\u00e9tica<\/p>\n<\/li>\n<li data-start=\"3957\" data-end=\"3991\">\n<p data-start=\"3959\" data-end=\"3991\"><strong data-start=\"3959\" data-end=\"3966\">CBD<\/strong>: Var\u00eda seg\u00fan la gen\u00e9tica<\/p>\n<\/li>\n<li data-start=\"3992\" data-end=\"4060\">\n<p data-start=\"3994\" data-end=\"4060\"><strong data-start=\"3994\" data-end=\"4019\">Floraci\u00f3n en interior<\/strong>: 55\u201365 d\u00edas (dependiendo de la gen\u00e9tica)<\/p>\n<\/li>\n<li data-start=\"4061\" data-end=\"4130\">\n<p data-start=\"4063\" data-end=\"4130\"><strong data-start=\"4063\" data-end=\"4083\">Cosecha exterior<\/strong>: Finales de septiembre a principios de octubre<\/p>\n<\/li>\n<li data-start=\"4131\" data-end=\"4162\">\n<p data-start=\"4133\" data-end=\"4162\"><strong data-start=\"4133\" data-end=\"4156\">Producci\u00f3n interior<\/strong>: Alta<\/p>\n<\/li>\n<li data-start=\"4163\" data-end=\"4194\">\n<p data-start=\"4165\" data-end=\"4194\"><strong data-start=\"4165\" data-end=\"4188\">Producci\u00f3n exterior<\/strong>: Alta<\/p>\n<\/li>\n<li data-start=\"4195\" data-end=\"4214\">\n<p data-start=\"4197\" data-end=\"4214\"><strong data-start=\"4197\" data-end=\"4207\">Altura<\/strong>: Media<\/p>\n<\/li>\n<li data-start=\"4215\" data-end=\"4256\">\n<p data-start=\"4217\" data-end=\"4256\"><strong data-start=\"4217\" data-end=\"4231\">Estructura<\/strong>: Var\u00eda seg\u00fan la gen\u00e9tica<\/p>\n<\/li>\n<li data-start=\"4257\" data-end=\"4339\">\n<p data-start=\"4259\" data-end=\"4339\"><strong data-start=\"4259\" data-end=\"4276\">Aroma y sabor<\/strong>: Var\u00eda seg\u00fan la gen\u00e9tica (afrutado, terroso, dulce, especiado)<\/p>\n<\/li>\n<li data-start=\"4340\" data-end=\"4393\">\n<p data-start=\"4342\" data-end=\"4393\"><strong data-start=\"4342\" data-end=\"4352\">Efecto<\/strong>: Var\u00eda (euf\u00f3rico, energ\u00e9tico, relajante)<\/p>\n<\/li>\n<li data-start=\"4394\" data-end=\"4428\">\n<p data-start=\"4396\" data-end=\"4428\"><strong data-start=\"4396\" data-end=\"4421\">Dificultad de cultivo<\/strong>: Media<\/p>\n<\/li>\n<li data-start=\"4429\" data-end=\"4473\">\n<p data-start=\"4431\" data-end=\"4473\"><strong data-start=\"4431\" data-end=\"4456\">T\u00e9cnicas recomendadas<\/strong>: SCROG, SOG, LST<\/p>\n<\/li>\n<li data-start=\"4474\" data-end=\"4515\">\n<p data-start=\"4476\" data-end=\"4515\"><strong data-start=\"4476\" data-end=\"4495\">Uso recomendado<\/strong>: Consumo recreativo<\/p>\n<\/li>\n<li data-start=\"4516\" data-end=\"4561\">\n<p data-start=\"4518\" data-end=\"4561\"><strong data-start=\"4518\" data-end=\"4542\">Formatos disponibles<\/strong>: 1, 3 y 5 semillas<\/p>\n<\/li>\n<\/ul>\n<hr data-start=\"4563\" data-end=\"4566\" \/>\n<h3 data-start=\"4568\" data-end=\"4598\">Preguntas frecuentes (FAQ)<\/h3>\n<p data-start=\"4600\" data-end=\"4840\"><strong data-start=\"4600\" data-end=\"4636\">\u00bfEs adecuada para principiantes?<\/strong><br data-start=\"4636\" data-end=\"4639\" \/>S\u00ed, <strong data-start=\"4643\" data-end=\"4657\">Female Mix<\/strong> es perfecta para principiantes. Al ser una mezcla de semillas feminizadas, no tienes que preocuparte por plantas masculinas, y puedes disfrutar de un cultivo sencillo y gratificante.<\/p>\n<p data-start=\"4842\" data-end=\"5130\"><strong data-start=\"4842\" data-end=\"4873\">\u00bfQu\u00e9 destaca de Female Mix?<\/strong><br data-start=\"4873\" data-end=\"4876\" \/>La principal ventaja de <strong data-start=\"4900\" data-end=\"4914\">Female Mix<\/strong> es la variedad. Te permite experimentar con diferentes cepas, todas feminizadas, sin tener que comprar varios paquetes de semillas. Adem\u00e1s, es f\u00e1cil de cultivar, con una floraci\u00f3n r\u00e1pida y resultados satisfactorios.<\/p>\n<p data-start=\"5132\" data-end=\"5354\"><strong data-start=\"5132\" data-end=\"5162\">\u00bfCu\u00e1nto tarda en florecer?<\/strong><br data-start=\"5162\" data-end=\"5165\" \/>La floraci\u00f3n en interior de <strong data-start=\"5193\" data-end=\"5207\">Female Mix<\/strong> oscila entre los 55 y 65 d\u00edas, dependiendo de la gen\u00e9tica. En exterior, la cosecha se realiza entre finales de septiembre y principios de octubre.<\/p>\n<p data-start=\"5356\" data-end=\"5560\"><strong data-start=\"5356\" data-end=\"5388\">\u00bfEs buena para extracciones?<\/strong><br data-start=\"5388\" data-end=\"5391\" \/>S\u00ed, algunas de las cepas en la mezcla son perfectas para hacer extracciones debido a su alta producci\u00f3n de resina. Esto depender\u00e1 de la gen\u00e9tica espec\u00edfica que te toque.<\/p>\n<p data-start=\"5562\" data-end=\"5699\"><strong data-start=\"5562\" data-end=\"5598\">\u00bfCu\u00e1ndo debo cortar en exterior?<\/strong><br data-start=\"5598\" data-end=\"5601\" \/>En el Hemisferio Norte, la cosecha se realiza entre finales de septiembre y principios de octubre.<\/p>\n","protected":false},"excerpt":{"rendered":"<p>Female Mix fem. de Advanced Seeds re\u00fane una selecci\u00f3n curada de gen\u00e9ticas feminizadas para quienes buscan variedad y consistencia en un solo pack. Garantiza plantas hembra con perfiles arom\u00e1ticos y sabores diversos, ideales para explorar fenotipos destacados de la marca con fiabilidad. Perfecto para ampliar tu colecci\u00f3n o probar nuevas l\u00edneas con calidad asegurada, disponible en formatos de 10, 25 y 100 semillas. Una opci\u00f3n vers\u00e1til y profesional para quienes valoran diversidad y desempe\u00f1o.<\/p>\n","protected":false},"featured_media":18577,"comment_status":"open","ping_status":"closed","template":"","meta":{"_bst_post_transparent":"","_bst_post_title":"","_bst_post_layout":"","_bst_post_sidebar_id":"","_bst_post_content_style":"","_bst_post_vertical_padding":"","_bst_post_feature":"","_bst_post_feature_position":"","_bst_post_header":false,"_bst_post_footer":false},"pwb-brand":[198],"product_brand":[],"product_cat":[69],"product_tag":[],"class_list":{"0":"post-31333","1":"product","2":"type-product","3":"status-publish","4":"has-post-thumbnail","6":"pwb-brand-advanced-seeds","7":"product_cat-feminizadas","9":"first","10":"instock","11":"sale","12":"taxable","13":"shipping-taxable","14":"purchasable","15":"product-type-variable","16":"entry","17":"content-bg","18":"loop-entry"},"brands":[{"id":198,"name":"Advanced Seeds","slug":"advanced-seeds"}],"_links":{"self":[{"href":"https:\/\/puregrowshop.com\/fr\/wp-json\/wp\/v2\/product\/31333","targetHints":{"allow":["GET"]}}],"collection":[{"href":"https:\/\/puregrowshop.com\/fr\/wp-json\/wp\/v2\/product"}],"about":[{"href":"https:\/\/puregrowshop.com\/fr\/wp-json\/wp\/v2\/types\/product"}],"replies":[{"embeddable":true,"href":"https:\/\/puregrowshop.com\/fr\/wp-json\/wp\/v2\/comments?post=31333"}],"wp:featuredmedia":[{"embeddable":true,"href":"https:\/\/puregrowshop.com\/fr\/wp-json\/wp\/v2\/media\/18577"}],"wp:attachment":[{"href":"https:\/\/puregrowshop.com\/fr\/wp-json\/wp\/v2\/media?parent=31333"}],"wp:term":[{"taxonomy":"pwb-brand","embeddable":true,"href":"https:\/\/puregrowshop.com\/fr\/wp-json\/wp\/v2\/pwb-brand?post=31333"},{"taxonomy":"product_brand","embeddable":true,"href":"https:\/\/puregrowshop.com\/fr\/wp-json\/wp\/v2\/product_brand?post=31333"},{"taxonomy":"product_cat","embeddable":true,"href":"https:\/\/puregrowshop.com\/fr\/wp-json\/wp\/v2\/product_cat?post=31333"},{"taxonomy":"product_tag","embeddable":true,"href":"https:\/\/puregrowshop.com\/fr\/wp-json\/wp\/v2\/product_tag?post=31333"}],"curies":[{"name":"wp","href":"https:\/\/api.w.org\/{rel}","templated":true}]}}